{"id":9882,"date":"2024-10-21T11:00:57","date_gmt":"2024-10-21T09:01:59","guid":{"rendered":"https:\/\/chat-board.dk\/?post_type=product&#038;p=9882"},"modified":"2026-03-23T10:46:11","modified_gmt":"2026-03-23T08:46:11","slug":"sprinter","status":"publish","type":"product","link":"https:\/\/chat-board.dk\/fr\/sprinter\/","title":{"rendered":"SPRINTER"},"content":{"rendered":"<p>Sprinter est le nouveau tableau mobile en verre de la gamme CHAT BOARD. Agile et autonome, d&#8217;une puissance athl\u00e9tique \u00e0 la fois dans sa forme et dans ses performances, il offre une solution tout-en-un parfaitement \u00e9quilibr\u00e9e, id\u00e9ale pour les environnements o\u00f9 la flexibilit\u00e9 est essentielle, qu&#8217;ils soient professionnels, cr\u00e9atifs ou \u00e9ducatifs.<\/p>\n<p>D\u2019un design agr\u00e9ablement \u00e9pur\u00e9, Sprinter mixe les textures de verre aux couleurs de l&#8217;acier l\u00e9g\u00e8rement poudr\u00e9 avec une offre de trois compositions de couleurs coordonn\u00e9es qui se pr\u00eatent parfaitement aux espaces professionnels.<\/p>\n<p>Sprinter a \u00e9t\u00e9 d\u00e9lib\u00e9r\u00e9ment cr\u00e9\u00e9 dans un mod\u00e8le unique qui n\u00e9cessite un espace au sol tr\u00e8s limit\u00e9 tout en offrant une grande surface d&#8217;\u00e9criture. Il repose sur un cadre en acier en forme de tr\u00e9pied l\u00e9ger, mais solide et stable, accord\u00e9 avec un tableau en verre magn\u00e9tique qui r\u00e9v\u00e8le la couleur de la structure.<\/p>\n<p>Les unit\u00e9s sont livr\u00e9es \u00e0 plat et facilement assemblables sur site, r\u00e9duisant ainsi \u00e0 la fois les frais d&#8217;exp\u00e9dition et l&#8217;impact environnemental.<\/p>\n","protected":false},"excerpt":{"rendered":"<p>Sprinter fusionne les textures monochromes de verre et d&#8217;acier dans une solution mobile agile et parfaitement \u00e9quilibr\u00e9e.<\/p>\n","protected":false},"featured_media":9801,"comment_status":"open","ping_status":"closed","template":"","meta":{"_acf_changed":false},"product_brand":[],"product_cat":[102],"product_tag":[],"class_list":{"0":"post-9882","1":"product","2":"type-product","3":"status-publish","4":"has-post-thumbnail","6":"product_cat-les-mobiles","8":"first","9":"instock","10":"shipping-taxable","11":"product-type-simple"},"acf":[],"yoast_head":"<!-- This site is optimized with the Yoast SEO plugin v25.3.1 - https:\/\/yoast.com\/wordpress\/plugins\/seo\/ -->\n<title>SPRINTER - CHAT BOARD<\/title>\n<meta name=\"robots\" content=\"index, follow, max-snippet:-1, max-image-preview:large, max-video-preview:-1\" \/>\n<link rel=\"canonical\" href=\"https:\/\/chat-board.dk\/fr\/sprinter\/\" \/>\n<meta property=\"og:locale\" content=\"fr_FR\" \/>\n<meta property=\"og:type\" content=\"article\" \/>\n<meta property=\"og:title\" content=\"SPRINTER - CHAT BOARD\" \/>\n<meta property=\"og:description\" content=\"Sprinter fusionne les textures monochromes de verre et d&#039;acier dans une solution mobile agile et parfaitement \u00e9quilibr\u00e9e.\" \/>\n<meta property=\"og:url\" content=\"https:\/\/chat-board.dk\/fr\/sprinter\/\" \/>\n<meta property=\"og:site_name\" content=\"CHAT BOARD\" \/>\n<meta property=\"article:modified_time\" content=\"2026-03-23T08:46:11+00:00\" \/>\n<meta property=\"og:image\" content=\"https:\/\/chat-board.dk\/wp-content\/uploads\/2024\/10\/CHAT-BOARD-Sprinter-ambient-1-portrait-scaled.jpg\" \/>\n\t<meta property=\"og:image:width\" content=\"1706\" \/>\n\t<meta property=\"og:image:height\" content=\"2560\" \/>\n\t<meta property=\"og:image:type\" content=\"image\/jpeg\" \/>\n<meta name=\"twitter:card\" content=\"summary_large_image\" \/>\n<meta name=\"twitter:label1\" content=\"Est. reading time\" \/>\n\t<meta name=\"twitter:data1\" content=\"1 minute\" \/>\n<script type=\"application\/ld+json\" class=\"yoast-schema-graph\">{\"@context\":\"https:\/\/schema.org\",\"@graph\":[{\"@type\":\"WebPage\",\"@id\":\"https:\/\/chat-board.dk\/fr\/sprinter\/\",\"url\":\"https:\/\/chat-board.dk\/fr\/sprinter\/\",\"name\":\"SPRINTER - CHAT BOARD\",\"isPartOf\":{\"@id\":\"https:\/\/chat-board.dk\/fr\/#website\"},\"primaryImageOfPage\":{\"@id\":\"https:\/\/chat-board.dk\/fr\/sprinter\/#primaryimage\"},\"image\":{\"@id\":\"https:\/\/chat-board.dk\/fr\/sprinter\/#primaryimage\"},\"thumbnailUrl\":\"https:\/\/chat-board.dk\/wp-content\/uploads\/2024\/10\/CHAT-BOARD-Sprinter-ambient-1-portrait-scaled.jpg\",\"datePublished\":\"2024-10-21T09:01:59+00:00\",\"dateModified\":\"2026-03-23T08:46:11+00:00\",\"breadcrumb\":{\"@id\":\"https:\/\/chat-board.dk\/fr\/sprinter\/#breadcrumb\"},\"inLanguage\":\"fr-FR\",\"potentialAction\":[{\"@type\":\"ReadAction\",\"target\":[\"https:\/\/chat-board.dk\/fr\/sprinter\/\"]}]},{\"@type\":\"ImageObject\",\"inLanguage\":\"fr-FR\",\"@id\":\"https:\/\/chat-board.dk\/fr\/sprinter\/#primaryimage\",\"url\":\"https:\/\/chat-board.dk\/wp-content\/uploads\/2024\/10\/CHAT-BOARD-Sprinter-ambient-1-portrait-scaled.jpg\",\"contentUrl\":\"https:\/\/chat-board.dk\/wp-content\/uploads\/2024\/10\/CHAT-BOARD-Sprinter-ambient-1-portrait-scaled.jpg\",\"width\":1706,\"height\":2560,\"caption\":\"fritst\u00e5ende whiteboard\"},{\"@type\":\"BreadcrumbList\",\"@id\":\"https:\/\/chat-board.dk\/fr\/sprinter\/#breadcrumb\",\"itemListElement\":[{\"@type\":\"ListItem\",\"position\":1,\"name\":\"Home\",\"item\":\"https:\/\/chat-board.dk\/fr\/\"},{\"@type\":\"ListItem\",\"position\":2,\"name\":\"Produits\",\"item\":\"https:\/\/chat-board.dk\/fr\/produits\/\"},{\"@type\":\"ListItem\",\"position\":3,\"name\":\"SPRINTER\"}]},{\"@type\":\"WebSite\",\"@id\":\"https:\/\/chat-board.dk\/fr\/#website\",\"url\":\"https:\/\/chat-board.dk\/fr\/\",\"name\":\"CHAT BOARD\",\"description\":\"\",\"potentialAction\":[{\"@type\":\"SearchAction\",\"target\":{\"@type\":\"EntryPoint\",\"urlTemplate\":\"https:\/\/chat-board.dk\/fr\/?s={search_term_string}\"},\"query-input\":{\"@type\":\"PropertyValueSpecification\",\"valueRequired\":true,\"valueName\":\"search_term_string\"}}],\"inLanguage\":\"fr-FR\"}]}<\/script>\n<!-- \/ Yoast SEO plugin. -->","yoast_head_json":{"title":"SPRINTER - CHAT BOARD","robots":{"index":"index","follow":"follow","max-snippet":"max-snippet:-1","max-image-preview":"max-image-preview:large","max-video-preview":"max-video-preview:-1"},"canonical":"https:\/\/chat-board.dk\/fr\/sprinter\/","og_locale":"fr_FR","og_type":"article","og_title":"SPRINTER - CHAT BOARD","og_description":"Sprinter fusionne les textures monochromes de verre et d'acier dans une solution mobile agile et parfaitement \u00e9quilibr\u00e9e.","og_url":"https:\/\/chat-board.dk\/fr\/sprinter\/","og_site_name":"CHAT BOARD","article_modified_time":"2026-03-23T08:46:11+00:00","og_image":[{"width":1706,"height":2560,"url":"https:\/\/chat-board.dk\/wp-content\/uploads\/2024\/10\/CHAT-BOARD-Sprinter-ambient-1-portrait-scaled.jpg","type":"image\/jpeg"}],"twitter_card":"summary_large_image","twitter_misc":{"Est. reading time":"1 minute"},"schema":{"@context":"https:\/\/schema.org","@graph":[{"@type":"WebPage","@id":"https:\/\/chat-board.dk\/fr\/sprinter\/","url":"https:\/\/chat-board.dk\/fr\/sprinter\/","name":"SPRINTER - CHAT BOARD","isPartOf":{"@id":"https:\/\/chat-board.dk\/fr\/#website"},"primaryImageOfPage":{"@id":"https:\/\/chat-board.dk\/fr\/sprinter\/#primaryimage"},"image":{"@id":"https:\/\/chat-board.dk\/fr\/sprinter\/#primaryimage"},"thumbnailUrl":"https:\/\/chat-board.dk\/wp-content\/uploads\/2024\/10\/CHAT-BOARD-Sprinter-ambient-1-portrait-scaled.jpg","datePublished":"2024-10-21T09:01:59+00:00","dateModified":"2026-03-23T08:46:11+00:00","breadcrumb":{"@id":"https:\/\/chat-board.dk\/fr\/sprinter\/#breadcrumb"},"inLanguage":"fr-FR","potentialAction":[{"@type":"ReadAction","target":["https:\/\/chat-board.dk\/fr\/sprinter\/"]}]},{"@type":"ImageObject","inLanguage":"fr-FR","@id":"https:\/\/chat-board.dk\/fr\/sprinter\/#primaryimage","url":"https:\/\/chat-board.dk\/wp-content\/uploads\/2024\/10\/CHAT-BOARD-Sprinter-ambient-1-portrait-scaled.jpg","contentUrl":"https:\/\/chat-board.dk\/wp-content\/uploads\/2024\/10\/CHAT-BOARD-Sprinter-ambient-1-portrait-scaled.jpg","width":1706,"height":2560,"caption":"fritst\u00e5ende whiteboard"},{"@type":"BreadcrumbList","@id":"https:\/\/chat-board.dk\/fr\/sprinter\/#breadcrumb","itemListElement":[{"@type":"ListItem","position":1,"name":"Home","item":"https:\/\/chat-board.dk\/fr\/"},{"@type":"ListItem","position":2,"name":"Produits","item":"https:\/\/chat-board.dk\/fr\/produits\/"},{"@type":"ListItem","position":3,"name":"SPRINTER"}]},{"@type":"WebSite","@id":"https:\/\/chat-board.dk\/fr\/#website","url":"https:\/\/chat-board.dk\/fr\/","name":"CHAT BOARD","description":"","potentialAction":[{"@type":"SearchAction","target":{"@type":"EntryPoint","urlTemplate":"https:\/\/chat-board.dk\/fr\/?s={search_term_string}"},"query-input":{"@type":"PropertyValueSpecification","valueRequired":true,"valueName":"search_term_string"}}],"inLanguage":"fr-FR"}]}},"_links":{"self":[{"href":"https:\/\/chat-board.dk\/fr\/wp-json\/wp\/v2\/product\/9882","targetHints":{"allow":["GET"]}}],"collection":[{"href":"https:\/\/chat-board.dk\/fr\/wp-json\/wp\/v2\/product"}],"about":[{"href":"https:\/\/chat-board.dk\/fr\/wp-json\/wp\/v2\/types\/product"}],"replies":[{"embeddable":true,"href":"https:\/\/chat-board.dk\/fr\/wp-json\/wp\/v2\/comments?post=9882"}],"wp:featuredmedia":[{"embeddable":true,"href":"https:\/\/chat-board.dk\/fr\/wp-json\/wp\/v2\/media\/9801"}],"wp:attachment":[{"href":"https:\/\/chat-board.dk\/fr\/wp-json\/wp\/v2\/media?parent=9882"}],"wp:term":[{"taxonomy":"product_brand","embeddable":true,"href":"https:\/\/chat-board.dk\/fr\/wp-json\/wp\/v2\/product_brand?post=9882"},{"taxonomy":"product_cat","embeddable":true,"href":"https:\/\/chat-board.dk\/fr\/wp-json\/wp\/v2\/product_cat?post=9882"},{"taxonomy":"product_tag","embeddable":true,"href":"https:\/\/chat-board.dk\/fr\/wp-json\/wp\/v2\/product_tag?post=9882"}],"curies":[{"name":"wp","href":"https:\/\/api.w.org\/{rel}","templated":true}]}}