{"id":9415,"date":"2023-11-09T16:30:01","date_gmt":"2023-11-09T14:36:26","guid":{"rendered":"https:\/\/chat-board.dk\/?post_type=product&#038;p=9415"},"modified":"2026-03-20T12:04:49","modified_gmt":"2026-03-20T10:04:49","slug":"dynamic-flex-wall","status":"publish","type":"product","link":"https:\/\/chat-board.dk\/fr\/dynamic-flex-wall\/","title":{"rendered":"DYNAMIC FLEX WALL"},"content":{"rendered":"<p>CHAT BOARD<sup>\u00ae<\/sup> Dynamic Flex Wall est une extension naturelle de la collection Dynamic. Elle se pr\u00e9sente sous forme d\u2019ajout mural compl\u00e9mentaire de la gamme polyvalente de produits cr\u00e9\u00e9e par Claus Jakobsen.<\/p>\n<p>Construit autour d\u2018une structure assortie et avec un langage conceptuel reconnaissable, le nouvel ajout \u00e0 la gamme Dynamic s\u2019adapte parfaitement aux appareils mobiles autonomes de la collection Dynamic. Dynamic Flex Wall fonctionne \u00e9galement comme une souscollection ind\u00e9pendante et dispose de sa propre gamme de nouvelles solutions de panneaux muraux.<\/p>\n<p>Pionnier dans sa cat\u00e9gorie, le Dynamic Flex Wall offre non seulement une alternative \u00e9l\u00e9gante au panneau mural habituel, mais ce produit innovant offre \u00e9galement la possibilit\u00e9 d\u2018actualiser des panneaux d\u00e9j\u00e0 acquis en les dotant d\u2018un magnifique cadre en ch\u00eane agr\u00e9able au toucher, permettant ainsi de changer compl\u00e8tement l\u2018aspect d\u2018un tableau existant de mani\u00e8re simple et sans difficult\u00e9.<\/p>\n<p>Flexible de par son nom et de par sa nature, Dynamic Flex Wall r\u00e9pond parfaitement aux besoins du pass\u00e9, du pr\u00e9sent et de l\u2018avenir gr\u00e2ce \u00e0 sa capacit\u00e9 int\u00e9gr\u00e9e \u00e0 renouveler continuellement le contenu en fonction des changements d\u2018humeur et des circonstances. Que vous souhaitiez changer la couleur ou la finition du panneau, ou simplement modifier l\u2018orientation du montage, Dynamic Flex Wall offre une grande flexibilit\u00e9 \u00e0 bien des \u00e9gards.<\/p>\n<p>Les cadres en bois et les panneaux sont vendus s\u00e9par\u00e9ment, ce qui vous permet de choisir entre une solution compl\u00e8te et un r\u00e9trofit optimal.<\/p>\n","protected":false},"excerpt":{"rendered":"<p><span style=\"font-family: arial, helvetica neue, helvetica, sans-serif;\">CHAT BOARD<\/span><sup>\u00ae<\/sup> Dynamic Flex Wall pr\u00e9sente une extension \u00e9l\u00e9gamment encadr\u00e9e de la collection Dynamic dans une version murale compl\u00e9mentaire, magnifiquement r\u00e9alis\u00e9e en bois de ch\u00eane touchable.<\/p>\n","protected":false},"featured_media":9396,"comment_status":"open","ping_status":"closed","template":"","meta":{"_acf_changed":false},"product_brand":[],"product_cat":[94],"product_tag":[],"class_list":{"0":"post-9415","1":"product","2":"type-product","3":"status-publish","4":"has-post-thumbnail","6":"product_cat-les-mureaux","7":"designer-claus-brandt-jakobsen-fr","9":"first","10":"instock","11":"shipping-taxable","12":"product-type-simple"},"acf":[],"yoast_head":"<!-- This site is optimized with the Yoast SEO plugin v25.3.1 - https:\/\/yoast.com\/wordpress\/plugins\/seo\/ -->\n<title>DYNAMIC FLEX WALL - CHAT BOARD<\/title>\n<meta name=\"robots\" content=\"index, follow, max-snippet:-1, max-image-preview:large, max-video-preview:-1\" \/>\n<link rel=\"canonical\" href=\"https:\/\/chat-board.dk\/fr\/dynamic-flex-wall\/\" \/>\n<meta property=\"og:locale\" content=\"fr_FR\" \/>\n<meta property=\"og:type\" content=\"article\" \/>\n<meta property=\"og:title\" content=\"DYNAMIC FLEX WALL - CHAT BOARD\" \/>\n<meta property=\"og:description\" content=\"CHAT BOARD\u00ae Dynamic Flex Wall pr\u00e9sente une extension \u00e9l\u00e9gamment encadr\u00e9e de la collection Dynamic dans une version murale compl\u00e9mentaire, magnifiquement r\u00e9alis\u00e9e en bois de ch\u00eane touchable.\" \/>\n<meta property=\"og:url\" content=\"https:\/\/chat-board.dk\/fr\/dynamic-flex-wall\/\" \/>\n<meta property=\"og:site_name\" content=\"CHAT BOARD\" \/>\n<meta property=\"article:modified_time\" content=\"2026-03-20T10:04:49+00:00\" \/>\n<meta property=\"og:image\" content=\"https:\/\/chat-board.dk\/wp-content\/uploads\/2023\/11\/CHAT-BOARD-DYNAMIC_Flex_Wall_am_gallery-1-scaled.jpg\" \/>\n\t<meta property=\"og:image:width\" content=\"1706\" \/>\n\t<meta property=\"og:image:height\" content=\"2560\" \/>\n\t<meta property=\"og:image:type\" content=\"image\/jpeg\" \/>\n<meta name=\"twitter:card\" content=\"summary_large_image\" \/>\n<meta name=\"twitter:label1\" content=\"Est. reading time\" \/>\n\t<meta name=\"twitter:data1\" content=\"2 minutes\" \/>\n<script type=\"application\/ld+json\" class=\"yoast-schema-graph\">{\"@context\":\"https:\/\/schema.org\",\"@graph\":[{\"@type\":\"WebPage\",\"@id\":\"https:\/\/chat-board.dk\/fr\/dynamic-flex-wall\/\",\"url\":\"https:\/\/chat-board.dk\/fr\/dynamic-flex-wall\/\",\"name\":\"DYNAMIC FLEX WALL - CHAT BOARD\",\"isPartOf\":{\"@id\":\"https:\/\/chat-board.dk\/fr\/#website\"},\"primaryImageOfPage\":{\"@id\":\"https:\/\/chat-board.dk\/fr\/dynamic-flex-wall\/#primaryimage\"},\"image\":{\"@id\":\"https:\/\/chat-board.dk\/fr\/dynamic-flex-wall\/#primaryimage\"},\"thumbnailUrl\":\"https:\/\/chat-board.dk\/wp-content\/uploads\/2023\/11\/CHAT-BOARD-DYNAMIC_Flex_Wall_am_gallery-1-scaled.jpg\",\"datePublished\":\"2023-11-09T14:36:26+00:00\",\"dateModified\":\"2026-03-20T10:04:49+00:00\",\"breadcrumb\":{\"@id\":\"https:\/\/chat-board.dk\/fr\/dynamic-flex-wall\/#breadcrumb\"},\"inLanguage\":\"fr-FR\",\"potentialAction\":[{\"@type\":\"ReadAction\",\"target\":[\"https:\/\/chat-board.dk\/fr\/dynamic-flex-wall\/\"]}]},{\"@type\":\"ImageObject\",\"inLanguage\":\"fr-FR\",\"@id\":\"https:\/\/chat-board.dk\/fr\/dynamic-flex-wall\/#primaryimage\",\"url\":\"https:\/\/chat-board.dk\/wp-content\/uploads\/2023\/11\/CHAT-BOARD-DYNAMIC_Flex_Wall_am_gallery-1-scaled.jpg\",\"contentUrl\":\"https:\/\/chat-board.dk\/wp-content\/uploads\/2023\/11\/CHAT-BOARD-DYNAMIC_Flex_Wall_am_gallery-1-scaled.jpg\",\"width\":1706,\"height\":2560,\"caption\":\"CHAT BOARD Dynamic Flex Wall in Classic Sand and BuzziFelt Anthracite\"},{\"@type\":\"BreadcrumbList\",\"@id\":\"https:\/\/chat-board.dk\/fr\/dynamic-flex-wall\/#breadcrumb\",\"itemListElement\":[{\"@type\":\"ListItem\",\"position\":1,\"name\":\"Home\",\"item\":\"https:\/\/chat-board.dk\/fr\/\"},{\"@type\":\"ListItem\",\"position\":2,\"name\":\"Produits\",\"item\":\"https:\/\/chat-board.dk\/fr\/produits\/\"},{\"@type\":\"ListItem\",\"position\":3,\"name\":\"DYNAMIC FLEX WALL\"}]},{\"@type\":\"WebSite\",\"@id\":\"https:\/\/chat-board.dk\/fr\/#website\",\"url\":\"https:\/\/chat-board.dk\/fr\/\",\"name\":\"CHAT BOARD\",\"description\":\"\",\"potentialAction\":[{\"@type\":\"SearchAction\",\"target\":{\"@type\":\"EntryPoint\",\"urlTemplate\":\"https:\/\/chat-board.dk\/fr\/?s={search_term_string}\"},\"query-input\":{\"@type\":\"PropertyValueSpecification\",\"valueRequired\":true,\"valueName\":\"search_term_string\"}}],\"inLanguage\":\"fr-FR\"}]}<\/script>\n<!-- \/ Yoast SEO plugin. -->","yoast_head_json":{"title":"DYNAMIC FLEX WALL - CHAT BOARD","robots":{"index":"index","follow":"follow","max-snippet":"max-snippet:-1","max-image-preview":"max-image-preview:large","max-video-preview":"max-video-preview:-1"},"canonical":"https:\/\/chat-board.dk\/fr\/dynamic-flex-wall\/","og_locale":"fr_FR","og_type":"article","og_title":"DYNAMIC FLEX WALL - CHAT BOARD","og_description":"CHAT BOARD\u00ae Dynamic Flex Wall pr\u00e9sente une extension \u00e9l\u00e9gamment encadr\u00e9e de la collection Dynamic dans une version murale compl\u00e9mentaire, magnifiquement r\u00e9alis\u00e9e en bois de ch\u00eane touchable.","og_url":"https:\/\/chat-board.dk\/fr\/dynamic-flex-wall\/","og_site_name":"CHAT BOARD","article_modified_time":"2026-03-20T10:04:49+00:00","og_image":[{"width":1706,"height":2560,"url":"https:\/\/chat-board.dk\/wp-content\/uploads\/2023\/11\/CHAT-BOARD-DYNAMIC_Flex_Wall_am_gallery-1-scaled.jpg","type":"image\/jpeg"}],"twitter_card":"summary_large_image","twitter_misc":{"Est. reading time":"2 minutes"},"schema":{"@context":"https:\/\/schema.org","@graph":[{"@type":"WebPage","@id":"https:\/\/chat-board.dk\/fr\/dynamic-flex-wall\/","url":"https:\/\/chat-board.dk\/fr\/dynamic-flex-wall\/","name":"DYNAMIC FLEX WALL - CHAT BOARD","isPartOf":{"@id":"https:\/\/chat-board.dk\/fr\/#website"},"primaryImageOfPage":{"@id":"https:\/\/chat-board.dk\/fr\/dynamic-flex-wall\/#primaryimage"},"image":{"@id":"https:\/\/chat-board.dk\/fr\/dynamic-flex-wall\/#primaryimage"},"thumbnailUrl":"https:\/\/chat-board.dk\/wp-content\/uploads\/2023\/11\/CHAT-BOARD-DYNAMIC_Flex_Wall_am_gallery-1-scaled.jpg","datePublished":"2023-11-09T14:36:26+00:00","dateModified":"2026-03-20T10:04:49+00:00","breadcrumb":{"@id":"https:\/\/chat-board.dk\/fr\/dynamic-flex-wall\/#breadcrumb"},"inLanguage":"fr-FR","potentialAction":[{"@type":"ReadAction","target":["https:\/\/chat-board.dk\/fr\/dynamic-flex-wall\/"]}]},{"@type":"ImageObject","inLanguage":"fr-FR","@id":"https:\/\/chat-board.dk\/fr\/dynamic-flex-wall\/#primaryimage","url":"https:\/\/chat-board.dk\/wp-content\/uploads\/2023\/11\/CHAT-BOARD-DYNAMIC_Flex_Wall_am_gallery-1-scaled.jpg","contentUrl":"https:\/\/chat-board.dk\/wp-content\/uploads\/2023\/11\/CHAT-BOARD-DYNAMIC_Flex_Wall_am_gallery-1-scaled.jpg","width":1706,"height":2560,"caption":"CHAT BOARD Dynamic Flex Wall in Classic Sand and BuzziFelt Anthracite"},{"@type":"BreadcrumbList","@id":"https:\/\/chat-board.dk\/fr\/dynamic-flex-wall\/#breadcrumb","itemListElement":[{"@type":"ListItem","position":1,"name":"Home","item":"https:\/\/chat-board.dk\/fr\/"},{"@type":"ListItem","position":2,"name":"Produits","item":"https:\/\/chat-board.dk\/fr\/produits\/"},{"@type":"ListItem","position":3,"name":"DYNAMIC FLEX WALL"}]},{"@type":"WebSite","@id":"https:\/\/chat-board.dk\/fr\/#website","url":"https:\/\/chat-board.dk\/fr\/","name":"CHAT BOARD","description":"","potentialAction":[{"@type":"SearchAction","target":{"@type":"EntryPoint","urlTemplate":"https:\/\/chat-board.dk\/fr\/?s={search_term_string}"},"query-input":{"@type":"PropertyValueSpecification","valueRequired":true,"valueName":"search_term_string"}}],"inLanguage":"fr-FR"}]}},"_links":{"self":[{"href":"https:\/\/chat-board.dk\/fr\/wp-json\/wp\/v2\/product\/9415","targetHints":{"allow":["GET"]}}],"collection":[{"href":"https:\/\/chat-board.dk\/fr\/wp-json\/wp\/v2\/product"}],"about":[{"href":"https:\/\/chat-board.dk\/fr\/wp-json\/wp\/v2\/types\/product"}],"replies":[{"embeddable":true,"href":"https:\/\/chat-board.dk\/fr\/wp-json\/wp\/v2\/comments?post=9415"}],"wp:featuredmedia":[{"embeddable":true,"href":"https:\/\/chat-board.dk\/fr\/wp-json\/wp\/v2\/media\/9396"}],"wp:attachment":[{"href":"https:\/\/chat-board.dk\/fr\/wp-json\/wp\/v2\/media?parent=9415"}],"wp:term":[{"taxonomy":"product_brand","embeddable":true,"href":"https:\/\/chat-board.dk\/fr\/wp-json\/wp\/v2\/product_brand?post=9415"},{"taxonomy":"product_cat","embeddable":true,"href":"https:\/\/chat-board.dk\/fr\/wp-json\/wp\/v2\/product_cat?post=9415"},{"taxonomy":"product_tag","embeddable":true,"href":"https:\/\/chat-board.dk\/fr\/wp-json\/wp\/v2\/product_tag?post=9415"}],"curies":[{"name":"wp","href":"https:\/\/api.w.org\/{rel}","templated":true}]}}