{"id":8833,"date":"2023-03-30T12:55:06","date_gmt":"2023-03-30T10:58:49","guid":{"rendered":"https:\/\/chat-board.dk\/?post_type=product&#038;p=8833"},"modified":"2026-03-23T10:44:33","modified_gmt":"2026-03-23T08:44:33","slug":"orbit","status":"publish","type":"product","link":"https:\/\/chat-board.dk\/fr\/orbit\/","title":{"rendered":"ORBIT"},"content":{"rendered":"<p>CHAT BOARD\u00ae Orbit est une r\u00e9interpr\u00e9tation ludique et l\u00e9g\u00e8rement informelle du tableau en verre magn\u00e9tique. Sa g\u00e9om\u00e9trie caract\u00e9ristique, en forme de cercle parfait, constitue un point de d\u00e9part id\u00e9al pour faire preuve de cr\u00e9ativit\u00e9 et cr\u00e9er des compositions murales amusantes et fonctionnelles, tant dans un cadre professionnel que domestique.<\/p>\n<p>CHAT BOARD\u00ae Orbit est disponible dans six coloris p\u00e9tillants, qui viennent compl\u00e9menter son blanc immacul\u00e9. Avec trois formats diff\u00e9rents, la collection vous offre d\u2019innombrables possibilit\u00e9s de cr\u00e9er des combinaisons pour personnaliser votre espace \u00e0 l\u2019infini.<\/p>\n","protected":false},"excerpt":{"rendered":"<p>CHAT BOARD\u00ae Orbit est une r\u00e9interpr\u00e9tation ludique et l\u00e9g\u00e8rement informelle du tableau en verre magn\u00e9tique.<\/p>\n","protected":false},"featured_media":8498,"comment_status":"open","ping_status":"closed","template":"","meta":{"_acf_changed":false},"product_brand":[],"product_cat":[94],"product_tag":[],"class_list":{"0":"post-8833","1":"product","2":"type-product","3":"status-publish","4":"has-post-thumbnail","6":"product_cat-les-mureaux","8":"first","9":"instock","10":"shipping-taxable","11":"product-type-simple"},"acf":[],"yoast_head":"<!-- This site is optimized with the Yoast SEO plugin v25.3.1 - https:\/\/yoast.com\/wordpress\/plugins\/seo\/ -->\n<title>ORBIT - CHAT BOARD<\/title>\n<meta name=\"robots\" content=\"index, follow, max-snippet:-1, max-image-preview:large, max-video-preview:-1\" \/>\n<link rel=\"canonical\" href=\"https:\/\/chat-board.dk\/fr\/orbit\/\" \/>\n<meta property=\"og:locale\" content=\"fr_FR\" \/>\n<meta property=\"og:type\" content=\"article\" \/>\n<meta property=\"og:title\" content=\"ORBIT - CHAT BOARD\" \/>\n<meta property=\"og:description\" content=\"CHAT BOARD\u00ae Orbit est une r\u00e9interpr\u00e9tation ludique et l\u00e9g\u00e8rement informelle du tableau en verre magn\u00e9tique.\" \/>\n<meta property=\"og:url\" content=\"https:\/\/chat-board.dk\/fr\/orbit\/\" \/>\n<meta property=\"og:site_name\" content=\"CHAT BOARD\" \/>\n<meta property=\"article:modified_time\" content=\"2026-03-23T08:44:33+00:00\" \/>\n<meta property=\"og:image\" content=\"https:\/\/chat-board.dk\/wp-content\/uploads\/2023\/02\/CHAT-BOARD-Orbit-Pure-White-Stone-Ink-interior-2023-portrait.jpg\" \/>\n\t<meta property=\"og:image:width\" content=\"1563\" \/>\n\t<meta property=\"og:image:height\" content=\"2188\" \/>\n\t<meta property=\"og:image:type\" content=\"image\/jpeg\" \/>\n<meta name=\"twitter:card\" content=\"summary_large_image\" \/>\n<meta name=\"twitter:label1\" content=\"Est. reading time\" \/>\n\t<meta name=\"twitter:data1\" content=\"1 minute\" \/>\n<script type=\"application\/ld+json\" class=\"yoast-schema-graph\">{\"@context\":\"https:\/\/schema.org\",\"@graph\":[{\"@type\":\"WebPage\",\"@id\":\"https:\/\/chat-board.dk\/fr\/orbit\/\",\"url\":\"https:\/\/chat-board.dk\/fr\/orbit\/\",\"name\":\"ORBIT - CHAT BOARD\",\"isPartOf\":{\"@id\":\"https:\/\/chat-board.dk\/fr\/#website\"},\"primaryImageOfPage\":{\"@id\":\"https:\/\/chat-board.dk\/fr\/orbit\/#primaryimage\"},\"image\":{\"@id\":\"https:\/\/chat-board.dk\/fr\/orbit\/#primaryimage\"},\"thumbnailUrl\":\"https:\/\/chat-board.dk\/wp-content\/uploads\/2023\/02\/CHAT-BOARD-Orbit-Pure-White-Stone-Ink-interior-2023-portrait.jpg\",\"datePublished\":\"2023-03-30T10:58:49+00:00\",\"dateModified\":\"2026-03-23T08:44:33+00:00\",\"breadcrumb\":{\"@id\":\"https:\/\/chat-board.dk\/fr\/orbit\/#breadcrumb\"},\"inLanguage\":\"fr-FR\",\"potentialAction\":[{\"@type\":\"ReadAction\",\"target\":[\"https:\/\/chat-board.dk\/fr\/orbit\/\"]}]},{\"@type\":\"ImageObject\",\"inLanguage\":\"fr-FR\",\"@id\":\"https:\/\/chat-board.dk\/fr\/orbit\/#primaryimage\",\"url\":\"https:\/\/chat-board.dk\/wp-content\/uploads\/2023\/02\/CHAT-BOARD-Orbit-Pure-White-Stone-Ink-interior-2023-portrait.jpg\",\"contentUrl\":\"https:\/\/chat-board.dk\/wp-content\/uploads\/2023\/02\/CHAT-BOARD-Orbit-Pure-White-Stone-Ink-interior-2023-portrait.jpg\",\"width\":1563,\"height\":2188,\"caption\":\"Whiteboard\"},{\"@type\":\"BreadcrumbList\",\"@id\":\"https:\/\/chat-board.dk\/fr\/orbit\/#breadcrumb\",\"itemListElement\":[{\"@type\":\"ListItem\",\"position\":1,\"name\":\"Home\",\"item\":\"https:\/\/chat-board.dk\/fr\/\"},{\"@type\":\"ListItem\",\"position\":2,\"name\":\"Produits\",\"item\":\"https:\/\/chat-board.dk\/fr\/produits\/\"},{\"@type\":\"ListItem\",\"position\":3,\"name\":\"ORBIT\"}]},{\"@type\":\"WebSite\",\"@id\":\"https:\/\/chat-board.dk\/fr\/#website\",\"url\":\"https:\/\/chat-board.dk\/fr\/\",\"name\":\"CHAT BOARD\",\"description\":\"\",\"potentialAction\":[{\"@type\":\"SearchAction\",\"target\":{\"@type\":\"EntryPoint\",\"urlTemplate\":\"https:\/\/chat-board.dk\/fr\/?s={search_term_string}\"},\"query-input\":{\"@type\":\"PropertyValueSpecification\",\"valueRequired\":true,\"valueName\":\"search_term_string\"}}],\"inLanguage\":\"fr-FR\"}]}<\/script>\n<!-- \/ Yoast SEO plugin. -->","yoast_head_json":{"title":"ORBIT - CHAT BOARD","robots":{"index":"index","follow":"follow","max-snippet":"max-snippet:-1","max-image-preview":"max-image-preview:large","max-video-preview":"max-video-preview:-1"},"canonical":"https:\/\/chat-board.dk\/fr\/orbit\/","og_locale":"fr_FR","og_type":"article","og_title":"ORBIT - CHAT BOARD","og_description":"CHAT BOARD\u00ae Orbit est une r\u00e9interpr\u00e9tation ludique et l\u00e9g\u00e8rement informelle du tableau en verre magn\u00e9tique.","og_url":"https:\/\/chat-board.dk\/fr\/orbit\/","og_site_name":"CHAT BOARD","article_modified_time":"2026-03-23T08:44:33+00:00","og_image":[{"width":1563,"height":2188,"url":"https:\/\/chat-board.dk\/wp-content\/uploads\/2023\/02\/CHAT-BOARD-Orbit-Pure-White-Stone-Ink-interior-2023-portrait.jpg","type":"image\/jpeg"}],"twitter_card":"summary_large_image","twitter_misc":{"Est. reading time":"1 minute"},"schema":{"@context":"https:\/\/schema.org","@graph":[{"@type":"WebPage","@id":"https:\/\/chat-board.dk\/fr\/orbit\/","url":"https:\/\/chat-board.dk\/fr\/orbit\/","name":"ORBIT - CHAT BOARD","isPartOf":{"@id":"https:\/\/chat-board.dk\/fr\/#website"},"primaryImageOfPage":{"@id":"https:\/\/chat-board.dk\/fr\/orbit\/#primaryimage"},"image":{"@id":"https:\/\/chat-board.dk\/fr\/orbit\/#primaryimage"},"thumbnailUrl":"https:\/\/chat-board.dk\/wp-content\/uploads\/2023\/02\/CHAT-BOARD-Orbit-Pure-White-Stone-Ink-interior-2023-portrait.jpg","datePublished":"2023-03-30T10:58:49+00:00","dateModified":"2026-03-23T08:44:33+00:00","breadcrumb":{"@id":"https:\/\/chat-board.dk\/fr\/orbit\/#breadcrumb"},"inLanguage":"fr-FR","potentialAction":[{"@type":"ReadAction","target":["https:\/\/chat-board.dk\/fr\/orbit\/"]}]},{"@type":"ImageObject","inLanguage":"fr-FR","@id":"https:\/\/chat-board.dk\/fr\/orbit\/#primaryimage","url":"https:\/\/chat-board.dk\/wp-content\/uploads\/2023\/02\/CHAT-BOARD-Orbit-Pure-White-Stone-Ink-interior-2023-portrait.jpg","contentUrl":"https:\/\/chat-board.dk\/wp-content\/uploads\/2023\/02\/CHAT-BOARD-Orbit-Pure-White-Stone-Ink-interior-2023-portrait.jpg","width":1563,"height":2188,"caption":"Whiteboard"},{"@type":"BreadcrumbList","@id":"https:\/\/chat-board.dk\/fr\/orbit\/#breadcrumb","itemListElement":[{"@type":"ListItem","position":1,"name":"Home","item":"https:\/\/chat-board.dk\/fr\/"},{"@type":"ListItem","position":2,"name":"Produits","item":"https:\/\/chat-board.dk\/fr\/produits\/"},{"@type":"ListItem","position":3,"name":"ORBIT"}]},{"@type":"WebSite","@id":"https:\/\/chat-board.dk\/fr\/#website","url":"https:\/\/chat-board.dk\/fr\/","name":"CHAT BOARD","description":"","potentialAction":[{"@type":"SearchAction","target":{"@type":"EntryPoint","urlTemplate":"https:\/\/chat-board.dk\/fr\/?s={search_term_string}"},"query-input":{"@type":"PropertyValueSpecification","valueRequired":true,"valueName":"search_term_string"}}],"inLanguage":"fr-FR"}]}},"_links":{"self":[{"href":"https:\/\/chat-board.dk\/fr\/wp-json\/wp\/v2\/product\/8833","targetHints":{"allow":["GET"]}}],"collection":[{"href":"https:\/\/chat-board.dk\/fr\/wp-json\/wp\/v2\/product"}],"about":[{"href":"https:\/\/chat-board.dk\/fr\/wp-json\/wp\/v2\/types\/product"}],"replies":[{"embeddable":true,"href":"https:\/\/chat-board.dk\/fr\/wp-json\/wp\/v2\/comments?post=8833"}],"wp:featuredmedia":[{"embeddable":true,"href":"https:\/\/chat-board.dk\/fr\/wp-json\/wp\/v2\/media\/8498"}],"wp:attachment":[{"href":"https:\/\/chat-board.dk\/fr\/wp-json\/wp\/v2\/media?parent=8833"}],"wp:term":[{"taxonomy":"product_brand","embeddable":true,"href":"https:\/\/chat-board.dk\/fr\/wp-json\/wp\/v2\/product_brand?post=8833"},{"taxonomy":"product_cat","embeddable":true,"href":"https:\/\/chat-board.dk\/fr\/wp-json\/wp\/v2\/product_cat?post=8833"},{"taxonomy":"product_tag","embeddable":true,"href":"https:\/\/chat-board.dk\/fr\/wp-json\/wp\/v2\/product_tag?post=8833"}],"curies":[{"name":"wp","href":"https:\/\/api.w.org\/{rel}","templated":true}]}}