{"id":8334,"date":"2023-01-25T14:43:46","date_gmt":"2023-01-25T13:51:03","guid":{"rendered":"https:\/\/chat-board.dk\/product\/disco\/"},"modified":"2024-11-11T13:26:23","modified_gmt":"2024-11-11T11:26:23","slug":"disco-2","status":"publish","type":"product","link":"https:\/\/chat-board.dk\/fr\/disco\/","title":{"rendered":"DISC\u00d8"},"content":{"rendered":"<p>La nouvelle collection CHAT BOARD\u00ae DISC\u00d8 [<strong>di\u00b7<\/strong>skow] propose une vision nouvelle et l\u00e9g\u00e8rement diff\u00e9rente des accessoires traditionnels du tableau en verre. Sculpt\u00e9s pour \u00e9pouser au mieux la main, la douce chaleur du bois et la forme douce du disque vous feront aimer effacer et manipuler votre tableau.<\/p>\n<p>La brosse magn\u00e9tique DISC\u00d8 accompagn\u00e9 de son marqueur CHAT BOARD\u00ae et d\u2019une \u00e9l\u00e9gante suite de cinq aimants DISC\u00d8, arborent le m\u00eame design discret mais ind\u00e9niablement efficace.<\/p>\n<p>Laissez-vous porter par la fi\u00e8vre du nouveau DISC\u00d8 et laissez le groove choisir pour vous l\u2019un de nos produits CHAT BOARD\u00ae.<\/p>\n<p>DISC\u00d8 est fabriqu\u00e9 en ch\u00eane massif, et il est disponible en teinte naturelle et en noir, tous deux avec une finition laqu\u00e9e mate agr\u00e9able au toucher.<\/p>\n<p>Pour une ambiance parfaite, nous vous recommandons le set complet DISC\u00d8 compos\u00e9 d\u2019une brosse et de 5 aimants. Le tout est \u00e9galement disponible \u00e0 l\u2019achat \u00e0 l\u2019unit\u00e9, et les aimants par lot de 10 pi\u00e8ces.<\/p>\n","protected":false},"excerpt":{"rendered":"<p>La nouvelle collection CHAT BOARD\u00ae DISC\u00d8 [<strong>di\u00b7<\/strong>skow] propose une vision nouvelle et l\u00e9g\u00e8rement diff\u00e9rente des accessoires traditionnels du tableau en verre.<\/p>\n","protected":false},"featured_media":8282,"comment_status":"open","ping_status":"closed","template":"","meta":{"_acf_changed":false},"product_brand":[],"product_cat":[113],"product_tag":[],"class_list":{"0":"post-8334","1":"product","2":"type-product","3":"status-publish","4":"has-post-thumbnail","6":"product_cat-les-accessoires","7":"designer-claus-brandt-jakobsen-fr","9":"first","10":"instock","11":"shipping-taxable","12":"product-type-simple"},"acf":[],"yoast_head":"<!-- This site is optimized with the Yoast SEO plugin v25.3.1 - https:\/\/yoast.com\/wordpress\/plugins\/seo\/ -->\n<title>DISC\u00d8 - CHAT BOARD<\/title>\n<meta name=\"robots\" content=\"index, follow, max-snippet:-1, max-image-preview:large, max-video-preview:-1\" \/>\n<link rel=\"canonical\" href=\"https:\/\/chat-board.dk\/fr\/disco\/\" \/>\n<meta property=\"og:locale\" content=\"fr_FR\" \/>\n<meta property=\"og:type\" content=\"article\" \/>\n<meta property=\"og:title\" content=\"DISC\u00d8 - CHAT BOARD\" \/>\n<meta property=\"og:description\" content=\"La nouvelle collection CHAT BOARD\u00ae DISC\u00d8 [di\u00b7skow] propose une vision nouvelle et l\u00e9g\u00e8rement diff\u00e9rente des accessoires traditionnels du tableau en verre.\" \/>\n<meta property=\"og:url\" content=\"https:\/\/chat-board.dk\/fr\/disco\/\" \/>\n<meta property=\"og:site_name\" content=\"CHAT BOARD\" \/>\n<meta property=\"article:modified_time\" content=\"2024-11-11T11:26:23+00:00\" \/>\n<meta property=\"og:image\" content=\"https:\/\/chat-board.dk\/wp-content\/uploads\/2023\/01\/CHAT-BOARD-DISCO-natural-oak-closeup-portrait.png\" \/>\n\t<meta property=\"og:image:width\" content=\"1442\" \/>\n\t<meta property=\"og:image:height\" content=\"2018\" \/>\n\t<meta property=\"og:image:type\" content=\"image\/png\" \/>\n<meta name=\"twitter:card\" content=\"summary_large_image\" \/>\n<meta name=\"twitter:label1\" content=\"Est. reading time\" \/>\n\t<meta name=\"twitter:data1\" content=\"1 minute\" \/>\n<script type=\"application\/ld+json\" class=\"yoast-schema-graph\">{\"@context\":\"https:\/\/schema.org\",\"@graph\":[{\"@type\":\"WebPage\",\"@id\":\"https:\/\/chat-board.dk\/fr\/disco\/\",\"url\":\"https:\/\/chat-board.dk\/fr\/disco\/\",\"name\":\"DISC\u00d8 - CHAT BOARD\",\"isPartOf\":{\"@id\":\"https:\/\/chat-board.dk\/fr\/#website\"},\"primaryImageOfPage\":{\"@id\":\"https:\/\/chat-board.dk\/fr\/disco\/#primaryimage\"},\"image\":{\"@id\":\"https:\/\/chat-board.dk\/fr\/disco\/#primaryimage\"},\"thumbnailUrl\":\"https:\/\/chat-board.dk\/wp-content\/uploads\/2023\/01\/CHAT-BOARD-DISCO-natural-oak-closeup-portrait.png\",\"datePublished\":\"2023-01-25T13:51:03+00:00\",\"dateModified\":\"2024-11-11T11:26:23+00:00\",\"breadcrumb\":{\"@id\":\"https:\/\/chat-board.dk\/fr\/disco\/#breadcrumb\"},\"inLanguage\":\"fr-FR\",\"potentialAction\":[{\"@type\":\"ReadAction\",\"target\":[\"https:\/\/chat-board.dk\/fr\/disco\/\"]}]},{\"@type\":\"ImageObject\",\"inLanguage\":\"fr-FR\",\"@id\":\"https:\/\/chat-board.dk\/fr\/disco\/#primaryimage\",\"url\":\"https:\/\/chat-board.dk\/wp-content\/uploads\/2023\/01\/CHAT-BOARD-DISCO-natural-oak-closeup-portrait.png\",\"contentUrl\":\"https:\/\/chat-board.dk\/wp-content\/uploads\/2023\/01\/CHAT-BOARD-DISCO-natural-oak-closeup-portrait.png\",\"width\":1442,\"height\":2018,\"caption\":\"CHAT BOARD DISC\u00d8 Eraser and magnets in natural oak closeup\"},{\"@type\":\"BreadcrumbList\",\"@id\":\"https:\/\/chat-board.dk\/fr\/disco\/#breadcrumb\",\"itemListElement\":[{\"@type\":\"ListItem\",\"position\":1,\"name\":\"Home\",\"item\":\"https:\/\/chat-board.dk\/fr\/\"},{\"@type\":\"ListItem\",\"position\":2,\"name\":\"Produits\",\"item\":\"https:\/\/chat-board.dk\/fr\/produits\/\"},{\"@type\":\"ListItem\",\"position\":3,\"name\":\"DISC\u00d8\"}]},{\"@type\":\"WebSite\",\"@id\":\"https:\/\/chat-board.dk\/fr\/#website\",\"url\":\"https:\/\/chat-board.dk\/fr\/\",\"name\":\"CHAT BOARD\",\"description\":\"\",\"potentialAction\":[{\"@type\":\"SearchAction\",\"target\":{\"@type\":\"EntryPoint\",\"urlTemplate\":\"https:\/\/chat-board.dk\/fr\/?s={search_term_string}\"},\"query-input\":{\"@type\":\"PropertyValueSpecification\",\"valueRequired\":true,\"valueName\":\"search_term_string\"}}],\"inLanguage\":\"fr-FR\"}]}<\/script>\n<!-- \/ Yoast SEO plugin. -->","yoast_head_json":{"title":"DISC\u00d8 - CHAT BOARD","robots":{"index":"index","follow":"follow","max-snippet":"max-snippet:-1","max-image-preview":"max-image-preview:large","max-video-preview":"max-video-preview:-1"},"canonical":"https:\/\/chat-board.dk\/fr\/disco\/","og_locale":"fr_FR","og_type":"article","og_title":"DISC\u00d8 - CHAT BOARD","og_description":"La nouvelle collection CHAT BOARD\u00ae DISC\u00d8 [di\u00b7skow] propose une vision nouvelle et l\u00e9g\u00e8rement diff\u00e9rente des accessoires traditionnels du tableau en verre.","og_url":"https:\/\/chat-board.dk\/fr\/disco\/","og_site_name":"CHAT BOARD","article_modified_time":"2024-11-11T11:26:23+00:00","og_image":[{"width":1442,"height":2018,"url":"https:\/\/chat-board.dk\/wp-content\/uploads\/2023\/01\/CHAT-BOARD-DISCO-natural-oak-closeup-portrait.png","type":"image\/png"}],"twitter_card":"summary_large_image","twitter_misc":{"Est. reading time":"1 minute"},"schema":{"@context":"https:\/\/schema.org","@graph":[{"@type":"WebPage","@id":"https:\/\/chat-board.dk\/fr\/disco\/","url":"https:\/\/chat-board.dk\/fr\/disco\/","name":"DISC\u00d8 - CHAT BOARD","isPartOf":{"@id":"https:\/\/chat-board.dk\/fr\/#website"},"primaryImageOfPage":{"@id":"https:\/\/chat-board.dk\/fr\/disco\/#primaryimage"},"image":{"@id":"https:\/\/chat-board.dk\/fr\/disco\/#primaryimage"},"thumbnailUrl":"https:\/\/chat-board.dk\/wp-content\/uploads\/2023\/01\/CHAT-BOARD-DISCO-natural-oak-closeup-portrait.png","datePublished":"2023-01-25T13:51:03+00:00","dateModified":"2024-11-11T11:26:23+00:00","breadcrumb":{"@id":"https:\/\/chat-board.dk\/fr\/disco\/#breadcrumb"},"inLanguage":"fr-FR","potentialAction":[{"@type":"ReadAction","target":["https:\/\/chat-board.dk\/fr\/disco\/"]}]},{"@type":"ImageObject","inLanguage":"fr-FR","@id":"https:\/\/chat-board.dk\/fr\/disco\/#primaryimage","url":"https:\/\/chat-board.dk\/wp-content\/uploads\/2023\/01\/CHAT-BOARD-DISCO-natural-oak-closeup-portrait.png","contentUrl":"https:\/\/chat-board.dk\/wp-content\/uploads\/2023\/01\/CHAT-BOARD-DISCO-natural-oak-closeup-portrait.png","width":1442,"height":2018,"caption":"CHAT BOARD DISC\u00d8 Eraser and magnets in natural oak closeup"},{"@type":"BreadcrumbList","@id":"https:\/\/chat-board.dk\/fr\/disco\/#breadcrumb","itemListElement":[{"@type":"ListItem","position":1,"name":"Home","item":"https:\/\/chat-board.dk\/fr\/"},{"@type":"ListItem","position":2,"name":"Produits","item":"https:\/\/chat-board.dk\/fr\/produits\/"},{"@type":"ListItem","position":3,"name":"DISC\u00d8"}]},{"@type":"WebSite","@id":"https:\/\/chat-board.dk\/fr\/#website","url":"https:\/\/chat-board.dk\/fr\/","name":"CHAT BOARD","description":"","potentialAction":[{"@type":"SearchAction","target":{"@type":"EntryPoint","urlTemplate":"https:\/\/chat-board.dk\/fr\/?s={search_term_string}"},"query-input":{"@type":"PropertyValueSpecification","valueRequired":true,"valueName":"search_term_string"}}],"inLanguage":"fr-FR"}]}},"_links":{"self":[{"href":"https:\/\/chat-board.dk\/fr\/wp-json\/wp\/v2\/product\/8334","targetHints":{"allow":["GET"]}}],"collection":[{"href":"https:\/\/chat-board.dk\/fr\/wp-json\/wp\/v2\/product"}],"about":[{"href":"https:\/\/chat-board.dk\/fr\/wp-json\/wp\/v2\/types\/product"}],"replies":[{"embeddable":true,"href":"https:\/\/chat-board.dk\/fr\/wp-json\/wp\/v2\/comments?post=8334"}],"wp:featuredmedia":[{"embeddable":true,"href":"https:\/\/chat-board.dk\/fr\/wp-json\/wp\/v2\/media\/8282"}],"wp:attachment":[{"href":"https:\/\/chat-board.dk\/fr\/wp-json\/wp\/v2\/media?parent=8334"}],"wp:term":[{"taxonomy":"product_brand","embeddable":true,"href":"https:\/\/chat-board.dk\/fr\/wp-json\/wp\/v2\/product_brand?post=8334"},{"taxonomy":"product_cat","embeddable":true,"href":"https:\/\/chat-board.dk\/fr\/wp-json\/wp\/v2\/product_cat?post=8334"},{"taxonomy":"product_tag","embeddable":true,"href":"https:\/\/chat-board.dk\/fr\/wp-json\/wp\/v2\/product_tag?post=8334"}],"curies":[{"name":"wp","href":"https:\/\/api.w.org\/{rel}","templated":true}]}}