{"id":8251,"date":"2023-01-12T16:23:22","date_gmt":"2023-01-13T07:28:56","guid":{"rendered":"https:\/\/chat-board.dk\/product\/classic-crafted-keeper\/"},"modified":"2024-11-19T14:02:09","modified_gmt":"2024-11-19T12:02:09","slug":"classic-crafted-keeper-2","status":"publish","type":"product","link":"https:\/\/chat-board.dk\/fr\/classic-crafted-keeper\/","title":{"rendered":"CLASSIC CRAFTED KEEPER"},"content":{"rendered":"<p>Compl\u00e9tez votre produit CHAT BOARD\u00ae avec le Classic Crafted Keeper, un porte-stylo magn\u00e9tique de forme exquise en placage de ch\u00eane. Enti\u00e8rement flexible et facilement attach\u00e9 et d\u00e9tach\u00e9, il peut \u00eatre plac\u00e9 sur n&#8217;importe quelle surface magn\u00e9tique CHAT BOARD\u00ae et d\u00e9plac\u00e9 selon l&#8217;humeur et les circonstances.<\/p>\n","protected":false},"excerpt":{"rendered":"<p>Compl\u00e9tez votre produit CHAT BOARD\u00ae avec le Classic Crafted Keeper, un porte-stylo magn\u00e9tique de forme exquise en placage de bois.<\/p>\n","protected":false},"featured_media":8186,"comment_status":"open","ping_status":"closed","template":"","meta":{"_acf_changed":false},"product_brand":[],"product_cat":[113],"product_tag":[],"class_list":{"0":"post-8251","1":"product","2":"type-product","3":"status-publish","4":"has-post-thumbnail","6":"product_cat-les-accessoires","7":"designer-claus-brandt-jakobsen-fr","9":"first","10":"instock","11":"shipping-taxable","12":"product-type-simple"},"acf":[],"yoast_head":"<!-- This site is optimized with the Yoast SEO plugin v25.3.1 - https:\/\/yoast.com\/wordpress\/plugins\/seo\/ -->\n<title>CLASSIC CRAFTED KEEPER - CHAT BOARD<\/title>\n<meta name=\"robots\" content=\"index, follow, max-snippet:-1, max-image-preview:large, max-video-preview:-1\" \/>\n<link rel=\"canonical\" href=\"https:\/\/chat-board.dk\/fr\/classic-crafted-keeper\/\" \/>\n<meta property=\"og:locale\" content=\"fr_FR\" \/>\n<meta property=\"og:type\" content=\"article\" \/>\n<meta property=\"og:title\" content=\"CLASSIC CRAFTED KEEPER - CHAT BOARD\" \/>\n<meta property=\"og:description\" content=\"Compl\u00e9tez votre produit CHAT BOARD\u00ae avec le Classic Crafted Keeper, un porte-stylo magn\u00e9tique de forme exquise en placage de bois.\" \/>\n<meta property=\"og:url\" content=\"https:\/\/chat-board.dk\/fr\/classic-crafted-keeper\/\" \/>\n<meta property=\"og:site_name\" content=\"CHAT BOARD\" \/>\n<meta property=\"article:modified_time\" content=\"2024-11-19T12:02:09+00:00\" \/>\n<meta property=\"og:image\" content=\"https:\/\/chat-board.dk\/wp-content\/uploads\/2023\/01\/CHAT-BOARD-Classic-Crafted-Pure-White-with-Keeper-detail-frontal-view-scaled.jpg\" \/>\n\t<meta property=\"og:image:width\" content=\"1829\" \/>\n\t<meta property=\"og:image:height\" content=\"2560\" \/>\n\t<meta property=\"og:image:type\" content=\"image\/jpeg\" \/>\n<meta name=\"twitter:card\" content=\"summary_large_image\" \/>\n<meta name=\"twitter:label1\" content=\"Est. reading time\" \/>\n\t<meta name=\"twitter:data1\" content=\"1 minute\" \/>\n<script type=\"application\/ld+json\" class=\"yoast-schema-graph\">{\"@context\":\"https:\/\/schema.org\",\"@graph\":[{\"@type\":\"WebPage\",\"@id\":\"https:\/\/chat-board.dk\/fr\/classic-crafted-keeper\/\",\"url\":\"https:\/\/chat-board.dk\/fr\/classic-crafted-keeper\/\",\"name\":\"CLASSIC CRAFTED KEEPER - CHAT BOARD\",\"isPartOf\":{\"@id\":\"https:\/\/chat-board.dk\/fr\/#website\"},\"primaryImageOfPage\":{\"@id\":\"https:\/\/chat-board.dk\/fr\/classic-crafted-keeper\/#primaryimage\"},\"image\":{\"@id\":\"https:\/\/chat-board.dk\/fr\/classic-crafted-keeper\/#primaryimage\"},\"thumbnailUrl\":\"https:\/\/chat-board.dk\/wp-content\/uploads\/2023\/01\/CHAT-BOARD-Classic-Crafted-Pure-White-with-Keeper-detail-frontal-view-scaled.jpg\",\"datePublished\":\"2023-01-13T07:28:56+00:00\",\"dateModified\":\"2024-11-19T12:02:09+00:00\",\"breadcrumb\":{\"@id\":\"https:\/\/chat-board.dk\/fr\/classic-crafted-keeper\/#breadcrumb\"},\"inLanguage\":\"fr-FR\",\"potentialAction\":[{\"@type\":\"ReadAction\",\"target\":[\"https:\/\/chat-board.dk\/fr\/classic-crafted-keeper\/\"]}]},{\"@type\":\"ImageObject\",\"inLanguage\":\"fr-FR\",\"@id\":\"https:\/\/chat-board.dk\/fr\/classic-crafted-keeper\/#primaryimage\",\"url\":\"https:\/\/chat-board.dk\/wp-content\/uploads\/2023\/01\/CHAT-BOARD-Classic-Crafted-Pure-White-with-Keeper-detail-frontal-view-scaled.jpg\",\"contentUrl\":\"https:\/\/chat-board.dk\/wp-content\/uploads\/2023\/01\/CHAT-BOARD-Classic-Crafted-Pure-White-with-Keeper-detail-frontal-view-scaled.jpg\",\"width\":1829,\"height\":2560,\"caption\":\"CHAT BOARD Classic Crafted Keeper on Pure White glass\"},{\"@type\":\"BreadcrumbList\",\"@id\":\"https:\/\/chat-board.dk\/fr\/classic-crafted-keeper\/#breadcrumb\",\"itemListElement\":[{\"@type\":\"ListItem\",\"position\":1,\"name\":\"Home\",\"item\":\"https:\/\/chat-board.dk\/fr\/\"},{\"@type\":\"ListItem\",\"position\":2,\"name\":\"Produits\",\"item\":\"https:\/\/chat-board.dk\/fr\/produits\/\"},{\"@type\":\"ListItem\",\"position\":3,\"name\":\"CLASSIC CRAFTED KEEPER\"}]},{\"@type\":\"WebSite\",\"@id\":\"https:\/\/chat-board.dk\/fr\/#website\",\"url\":\"https:\/\/chat-board.dk\/fr\/\",\"name\":\"CHAT BOARD\",\"description\":\"\",\"potentialAction\":[{\"@type\":\"SearchAction\",\"target\":{\"@type\":\"EntryPoint\",\"urlTemplate\":\"https:\/\/chat-board.dk\/fr\/?s={search_term_string}\"},\"query-input\":{\"@type\":\"PropertyValueSpecification\",\"valueRequired\":true,\"valueName\":\"search_term_string\"}}],\"inLanguage\":\"fr-FR\"}]}<\/script>\n<!-- \/ Yoast SEO plugin. -->","yoast_head_json":{"title":"CLASSIC CRAFTED KEEPER - CHAT BOARD","robots":{"index":"index","follow":"follow","max-snippet":"max-snippet:-1","max-image-preview":"max-image-preview:large","max-video-preview":"max-video-preview:-1"},"canonical":"https:\/\/chat-board.dk\/fr\/classic-crafted-keeper\/","og_locale":"fr_FR","og_type":"article","og_title":"CLASSIC CRAFTED KEEPER - CHAT BOARD","og_description":"Compl\u00e9tez votre produit CHAT BOARD\u00ae avec le Classic Crafted Keeper, un porte-stylo magn\u00e9tique de forme exquise en placage de bois.","og_url":"https:\/\/chat-board.dk\/fr\/classic-crafted-keeper\/","og_site_name":"CHAT BOARD","article_modified_time":"2024-11-19T12:02:09+00:00","og_image":[{"width":1829,"height":2560,"url":"https:\/\/chat-board.dk\/wp-content\/uploads\/2023\/01\/CHAT-BOARD-Classic-Crafted-Pure-White-with-Keeper-detail-frontal-view-scaled.jpg","type":"image\/jpeg"}],"twitter_card":"summary_large_image","twitter_misc":{"Est. reading time":"1 minute"},"schema":{"@context":"https:\/\/schema.org","@graph":[{"@type":"WebPage","@id":"https:\/\/chat-board.dk\/fr\/classic-crafted-keeper\/","url":"https:\/\/chat-board.dk\/fr\/classic-crafted-keeper\/","name":"CLASSIC CRAFTED KEEPER - CHAT BOARD","isPartOf":{"@id":"https:\/\/chat-board.dk\/fr\/#website"},"primaryImageOfPage":{"@id":"https:\/\/chat-board.dk\/fr\/classic-crafted-keeper\/#primaryimage"},"image":{"@id":"https:\/\/chat-board.dk\/fr\/classic-crafted-keeper\/#primaryimage"},"thumbnailUrl":"https:\/\/chat-board.dk\/wp-content\/uploads\/2023\/01\/CHAT-BOARD-Classic-Crafted-Pure-White-with-Keeper-detail-frontal-view-scaled.jpg","datePublished":"2023-01-13T07:28:56+00:00","dateModified":"2024-11-19T12:02:09+00:00","breadcrumb":{"@id":"https:\/\/chat-board.dk\/fr\/classic-crafted-keeper\/#breadcrumb"},"inLanguage":"fr-FR","potentialAction":[{"@type":"ReadAction","target":["https:\/\/chat-board.dk\/fr\/classic-crafted-keeper\/"]}]},{"@type":"ImageObject","inLanguage":"fr-FR","@id":"https:\/\/chat-board.dk\/fr\/classic-crafted-keeper\/#primaryimage","url":"https:\/\/chat-board.dk\/wp-content\/uploads\/2023\/01\/CHAT-BOARD-Classic-Crafted-Pure-White-with-Keeper-detail-frontal-view-scaled.jpg","contentUrl":"https:\/\/chat-board.dk\/wp-content\/uploads\/2023\/01\/CHAT-BOARD-Classic-Crafted-Pure-White-with-Keeper-detail-frontal-view-scaled.jpg","width":1829,"height":2560,"caption":"CHAT BOARD Classic Crafted Keeper on Pure White glass"},{"@type":"BreadcrumbList","@id":"https:\/\/chat-board.dk\/fr\/classic-crafted-keeper\/#breadcrumb","itemListElement":[{"@type":"ListItem","position":1,"name":"Home","item":"https:\/\/chat-board.dk\/fr\/"},{"@type":"ListItem","position":2,"name":"Produits","item":"https:\/\/chat-board.dk\/fr\/produits\/"},{"@type":"ListItem","position":3,"name":"CLASSIC CRAFTED KEEPER"}]},{"@type":"WebSite","@id":"https:\/\/chat-board.dk\/fr\/#website","url":"https:\/\/chat-board.dk\/fr\/","name":"CHAT BOARD","description":"","potentialAction":[{"@type":"SearchAction","target":{"@type":"EntryPoint","urlTemplate":"https:\/\/chat-board.dk\/fr\/?s={search_term_string}"},"query-input":{"@type":"PropertyValueSpecification","valueRequired":true,"valueName":"search_term_string"}}],"inLanguage":"fr-FR"}]}},"_links":{"self":[{"href":"https:\/\/chat-board.dk\/fr\/wp-json\/wp\/v2\/product\/8251","targetHints":{"allow":["GET"]}}],"collection":[{"href":"https:\/\/chat-board.dk\/fr\/wp-json\/wp\/v2\/product"}],"about":[{"href":"https:\/\/chat-board.dk\/fr\/wp-json\/wp\/v2\/types\/product"}],"replies":[{"embeddable":true,"href":"https:\/\/chat-board.dk\/fr\/wp-json\/wp\/v2\/comments?post=8251"}],"wp:featuredmedia":[{"embeddable":true,"href":"https:\/\/chat-board.dk\/fr\/wp-json\/wp\/v2\/media\/8186"}],"wp:attachment":[{"href":"https:\/\/chat-board.dk\/fr\/wp-json\/wp\/v2\/media?parent=8251"}],"wp:term":[{"taxonomy":"product_brand","embeddable":true,"href":"https:\/\/chat-board.dk\/fr\/wp-json\/wp\/v2\/product_brand?post=8251"},{"taxonomy":"product_cat","embeddable":true,"href":"https:\/\/chat-board.dk\/fr\/wp-json\/wp\/v2\/product_cat?post=8251"},{"taxonomy":"product_tag","embeddable":true,"href":"https:\/\/chat-board.dk\/fr\/wp-json\/wp\/v2\/product_tag?post=8251"}],"curies":[{"name":"wp","href":"https:\/\/api.w.org\/{rel}","templated":true}]}}