{"id":7597,"date":"2022-06-10T13:47:20","date_gmt":"2022-06-13T12:06:44","guid":{"rendered":"https:\/\/chat-board.dk\/?post_type=product&#038;p=7597"},"modified":"2026-03-20T12:31:02","modified_gmt":"2026-03-20T10:31:02","slug":"dynamic","status":"publish","type":"product","link":"https:\/\/chat-board.dk\/fr\/dynamic\/","title":{"rendered":"DYNAMIC"},"content":{"rendered":"<p>Cr\u00e9\u00e9 par Claus Brandt-Jakobsen, <strong>CHAT BOARD\u00ae Dynamic<\/strong> associe les am\u00e9nagements essentiels de l&#8217;espace de travail et les meubles \u00e0 part enti\u00e8re dans un design ing\u00e9nieux, d\u00e9velopp\u00e9 pour donner des dimensions flexibles, fluides et multifonctionnelles aux espaces professionnels, \u00e9ducatifs et cr\u00e9atifs.<\/p>\n","protected":false},"excerpt":{"rendered":"<p>Cr\u00e9\u00e9 par Claus Brandt-Jakobsen, <strong>CHAT BOARD\u00ae Dynamic<\/strong> associe les am\u00e9nagements essentiels de l&#8217;espace de travail et les meubles \u00e0 part enti\u00e8re dans un design ing\u00e9nieux, d\u00e9velopp\u00e9 pour donner des dimensions flexibles, fluides et multifonctionnelles aux espaces professionnels, \u00e9ducatifs et cr\u00e9atifs.<\/p>\n","protected":false},"featured_media":7607,"comment_status":"open","ping_status":"closed","template":"woocommerce\/single-product-dynamic-collection.php","meta":{"_acf_changed":false},"product_brand":[],"product_cat":[102],"product_tag":[],"class_list":{"0":"post-7597","1":"product","2":"type-product","3":"status-publish","4":"has-post-thumbnail","6":"product_cat-les-mobiles","7":"designer-claus-brandt-jakobsen-fr","9":"first","10":"instock","11":"shipping-taxable","12":"product-type-simple"},"acf":[],"yoast_head":"<!-- This site is optimized with the Yoast SEO plugin v25.3.1 - https:\/\/yoast.com\/wordpress\/plugins\/seo\/ -->\n<title>DYNAMIC - CHAT BOARD<\/title>\n<meta name=\"robots\" content=\"index, follow, max-snippet:-1, max-image-preview:large, max-video-preview:-1\" \/>\n<link rel=\"canonical\" href=\"https:\/\/chat-board.dk\/fr\/dynamic\/\" \/>\n<meta property=\"og:locale\" content=\"fr_FR\" \/>\n<meta property=\"og:type\" content=\"article\" \/>\n<meta property=\"og:title\" content=\"DYNAMIC - CHAT BOARD\" \/>\n<meta property=\"og:description\" content=\"Cr\u00e9\u00e9 par Claus Brandt-Jakobsen, CHAT BOARD\u00ae Dynamic associe les am\u00e9nagements essentiels de l&#039;espace de travail et les meubles \u00e0 part enti\u00e8re dans un design ing\u00e9nieux, d\u00e9velopp\u00e9 pour donner des dimensions flexibles, fluides et multifonctionnelles aux espaces professionnels, \u00e9ducatifs et cr\u00e9atifs.\" \/>\n<meta property=\"og:url\" content=\"https:\/\/chat-board.dk\/fr\/dynamic\/\" \/>\n<meta property=\"og:site_name\" content=\"CHAT BOARD\" \/>\n<meta property=\"article:modified_time\" content=\"2026-03-20T10:31:02+00:00\" \/>\n<meta property=\"og:image\" content=\"https:\/\/chat-board.dk\/wp-content\/uploads\/2022\/06\/CHAT-BOARD-Dynamic-Wood-Acoustic-Oak-Black-closeup-e1655194602575.jpg\" \/>\n\t<meta property=\"og:image:width\" content=\"1039\" \/>\n\t<meta property=\"og:image:height\" content=\"1559\" \/>\n\t<meta property=\"og:image:type\" content=\"image\/jpeg\" \/>\n<meta name=\"twitter:card\" content=\"summary_large_image\" \/>\n<meta name=\"twitter:label1\" content=\"Est. reading time\" \/>\n\t<meta name=\"twitter:data1\" content=\"1 minute\" \/>\n<script type=\"application\/ld+json\" class=\"yoast-schema-graph\">{\"@context\":\"https:\/\/schema.org\",\"@graph\":[{\"@type\":\"WebPage\",\"@id\":\"https:\/\/chat-board.dk\/fr\/dynamic\/\",\"url\":\"https:\/\/chat-board.dk\/fr\/dynamic\/\",\"name\":\"DYNAMIC - CHAT BOARD\",\"isPartOf\":{\"@id\":\"https:\/\/chat-board.dk\/fr\/#website\"},\"primaryImageOfPage\":{\"@id\":\"https:\/\/chat-board.dk\/fr\/dynamic\/#primaryimage\"},\"image\":{\"@id\":\"https:\/\/chat-board.dk\/fr\/dynamic\/#primaryimage\"},\"thumbnailUrl\":\"https:\/\/chat-board.dk\/wp-content\/uploads\/2022\/06\/CHAT-BOARD-Dynamic-Wood-Acoustic-Oak-Black-closeup-e1655194602575.jpg\",\"datePublished\":\"2022-06-13T12:06:44+00:00\",\"dateModified\":\"2026-03-20T10:31:02+00:00\",\"breadcrumb\":{\"@id\":\"https:\/\/chat-board.dk\/fr\/dynamic\/#breadcrumb\"},\"inLanguage\":\"fr-FR\",\"potentialAction\":[{\"@type\":\"ReadAction\",\"target\":[\"https:\/\/chat-board.dk\/fr\/dynamic\/\"]}]},{\"@type\":\"ImageObject\",\"inLanguage\":\"fr-FR\",\"@id\":\"https:\/\/chat-board.dk\/fr\/dynamic\/#primaryimage\",\"url\":\"https:\/\/chat-board.dk\/wp-content\/uploads\/2022\/06\/CHAT-BOARD-Dynamic-Wood-Acoustic-Oak-Black-closeup-e1655194602575.jpg\",\"contentUrl\":\"https:\/\/chat-board.dk\/wp-content\/uploads\/2022\/06\/CHAT-BOARD-Dynamic-Wood-Acoustic-Oak-Black-closeup-e1655194602575.jpg\",\"width\":1039,\"height\":1559,\"caption\":\"CHAT BOARD Dynamic Wood Acoustic Full Coverage and Shelf, oak frame and Black glass\"},{\"@type\":\"BreadcrumbList\",\"@id\":\"https:\/\/chat-board.dk\/fr\/dynamic\/#breadcrumb\",\"itemListElement\":[{\"@type\":\"ListItem\",\"position\":1,\"name\":\"Home\",\"item\":\"https:\/\/chat-board.dk\/fr\/\"},{\"@type\":\"ListItem\",\"position\":2,\"name\":\"Produits\",\"item\":\"https:\/\/chat-board.dk\/fr\/produits\/\"},{\"@type\":\"ListItem\",\"position\":3,\"name\":\"DYNAMIC\"}]},{\"@type\":\"WebSite\",\"@id\":\"https:\/\/chat-board.dk\/fr\/#website\",\"url\":\"https:\/\/chat-board.dk\/fr\/\",\"name\":\"CHAT BOARD\",\"description\":\"\",\"potentialAction\":[{\"@type\":\"SearchAction\",\"target\":{\"@type\":\"EntryPoint\",\"urlTemplate\":\"https:\/\/chat-board.dk\/fr\/?s={search_term_string}\"},\"query-input\":{\"@type\":\"PropertyValueSpecification\",\"valueRequired\":true,\"valueName\":\"search_term_string\"}}],\"inLanguage\":\"fr-FR\"}]}<\/script>\n<!-- \/ Yoast SEO plugin. -->","yoast_head_json":{"title":"DYNAMIC - CHAT BOARD","robots":{"index":"index","follow":"follow","max-snippet":"max-snippet:-1","max-image-preview":"max-image-preview:large","max-video-preview":"max-video-preview:-1"},"canonical":"https:\/\/chat-board.dk\/fr\/dynamic\/","og_locale":"fr_FR","og_type":"article","og_title":"DYNAMIC - CHAT BOARD","og_description":"Cr\u00e9\u00e9 par Claus Brandt-Jakobsen, CHAT BOARD\u00ae Dynamic associe les am\u00e9nagements essentiels de l'espace de travail et les meubles \u00e0 part enti\u00e8re dans un design ing\u00e9nieux, d\u00e9velopp\u00e9 pour donner des dimensions flexibles, fluides et multifonctionnelles aux espaces professionnels, \u00e9ducatifs et cr\u00e9atifs.","og_url":"https:\/\/chat-board.dk\/fr\/dynamic\/","og_site_name":"CHAT BOARD","article_modified_time":"2026-03-20T10:31:02+00:00","og_image":[{"width":1039,"height":1559,"url":"https:\/\/chat-board.dk\/wp-content\/uploads\/2022\/06\/CHAT-BOARD-Dynamic-Wood-Acoustic-Oak-Black-closeup-e1655194602575.jpg","type":"image\/jpeg"}],"twitter_card":"summary_large_image","twitter_misc":{"Est. reading time":"1 minute"},"schema":{"@context":"https:\/\/schema.org","@graph":[{"@type":"WebPage","@id":"https:\/\/chat-board.dk\/fr\/dynamic\/","url":"https:\/\/chat-board.dk\/fr\/dynamic\/","name":"DYNAMIC - CHAT BOARD","isPartOf":{"@id":"https:\/\/chat-board.dk\/fr\/#website"},"primaryImageOfPage":{"@id":"https:\/\/chat-board.dk\/fr\/dynamic\/#primaryimage"},"image":{"@id":"https:\/\/chat-board.dk\/fr\/dynamic\/#primaryimage"},"thumbnailUrl":"https:\/\/chat-board.dk\/wp-content\/uploads\/2022\/06\/CHAT-BOARD-Dynamic-Wood-Acoustic-Oak-Black-closeup-e1655194602575.jpg","datePublished":"2022-06-13T12:06:44+00:00","dateModified":"2026-03-20T10:31:02+00:00","breadcrumb":{"@id":"https:\/\/chat-board.dk\/fr\/dynamic\/#breadcrumb"},"inLanguage":"fr-FR","potentialAction":[{"@type":"ReadAction","target":["https:\/\/chat-board.dk\/fr\/dynamic\/"]}]},{"@type":"ImageObject","inLanguage":"fr-FR","@id":"https:\/\/chat-board.dk\/fr\/dynamic\/#primaryimage","url":"https:\/\/chat-board.dk\/wp-content\/uploads\/2022\/06\/CHAT-BOARD-Dynamic-Wood-Acoustic-Oak-Black-closeup-e1655194602575.jpg","contentUrl":"https:\/\/chat-board.dk\/wp-content\/uploads\/2022\/06\/CHAT-BOARD-Dynamic-Wood-Acoustic-Oak-Black-closeup-e1655194602575.jpg","width":1039,"height":1559,"caption":"CHAT BOARD Dynamic Wood Acoustic Full Coverage and Shelf, oak frame and Black glass"},{"@type":"BreadcrumbList","@id":"https:\/\/chat-board.dk\/fr\/dynamic\/#breadcrumb","itemListElement":[{"@type":"ListItem","position":1,"name":"Home","item":"https:\/\/chat-board.dk\/fr\/"},{"@type":"ListItem","position":2,"name":"Produits","item":"https:\/\/chat-board.dk\/fr\/produits\/"},{"@type":"ListItem","position":3,"name":"DYNAMIC"}]},{"@type":"WebSite","@id":"https:\/\/chat-board.dk\/fr\/#website","url":"https:\/\/chat-board.dk\/fr\/","name":"CHAT BOARD","description":"","potentialAction":[{"@type":"SearchAction","target":{"@type":"EntryPoint","urlTemplate":"https:\/\/chat-board.dk\/fr\/?s={search_term_string}"},"query-input":{"@type":"PropertyValueSpecification","valueRequired":true,"valueName":"search_term_string"}}],"inLanguage":"fr-FR"}]}},"_links":{"self":[{"href":"https:\/\/chat-board.dk\/fr\/wp-json\/wp\/v2\/product\/7597","targetHints":{"allow":["GET"]}}],"collection":[{"href":"https:\/\/chat-board.dk\/fr\/wp-json\/wp\/v2\/product"}],"about":[{"href":"https:\/\/chat-board.dk\/fr\/wp-json\/wp\/v2\/types\/product"}],"replies":[{"embeddable":true,"href":"https:\/\/chat-board.dk\/fr\/wp-json\/wp\/v2\/comments?post=7597"}],"wp:featuredmedia":[{"embeddable":true,"href":"https:\/\/chat-board.dk\/fr\/wp-json\/wp\/v2\/media\/7607"}],"wp:attachment":[{"href":"https:\/\/chat-board.dk\/fr\/wp-json\/wp\/v2\/media?parent=7597"}],"wp:term":[{"taxonomy":"product_brand","embeddable":true,"href":"https:\/\/chat-board.dk\/fr\/wp-json\/wp\/v2\/product_brand?post=7597"},{"taxonomy":"product_cat","embeddable":true,"href":"https:\/\/chat-board.dk\/fr\/wp-json\/wp\/v2\/product_cat?post=7597"},{"taxonomy":"product_tag","embeddable":true,"href":"https:\/\/chat-board.dk\/fr\/wp-json\/wp\/v2\/product_tag?post=7597"}],"curies":[{"name":"wp","href":"https:\/\/api.w.org\/{rel}","templated":true}]}}