{"id":6135,"date":"2021-09-22T15:14:18","date_gmt":"2021-09-22T13:52:10","guid":{"rendered":"https:\/\/chat-board.dk\/product\/classic-crafted\/"},"modified":"2026-03-20T12:07:38","modified_gmt":"2026-03-20T10:07:38","slug":"classic-crafted-fr","status":"publish","type":"product","link":"https:\/\/chat-board.dk\/fr\/classic-crafted-fr\/","title":{"rendered":"CLASSIC CRAFTED"},"content":{"rendered":"<p>Classic Crafted de CHAT BOARD\u00ae apporte une toute nouvelle \u00e2me \u00e0 son parent bienaim\u00e9, Classic. Alliant la chaleur douce et naturelle du placage de bois \u00e0 notre iconique surface en verre profil\u00e9e, Classic Crafted \u00e9l\u00e8ve \u00e9l\u00e9gamment le fonctionnel au niveau du vraiment d\u00e9sirable. Les quatre pi\u00e8ces magnifiquement \u00e9quilibr\u00e9es sont toutes finies \u00e0 la main et faites sur mesure pour s\u2019associer parfaitement aux autres panneaux muraux de la collection CHAT BOARD, offrant des possibilit\u00e9s infinies de cr\u00e9er des surfaces murales interactives soigneusement compos\u00e9es, aussi belles qu\u2019utiles.<\/p>\n<p>La juxtaposition de textures contrast\u00e9es, qui se compl\u00e8te mutuellement, apporte une dynamique esth\u00e9tique et une d\u00e9finition nouvelle au tableau Classic, sans pour autant lui enlever sa fonction cl\u00e9 d\u2019outil indispensable \u00e0 la cr\u00e9ation et \u00e0 la communication.<\/p>\n<p>Compl\u00e9tez votre composition Classic Crafted avec le Classic Crafted Keeper, avec un porte-accessoires magn\u00e9tique de forme d\u00e9licate, qui rappelle les panneaux en bois du panneau Classic Crafted. Enti\u00e8rement flexible et facile \u00e0 fixer, il peut \u00eatre plac\u00e9 sur le panneau et le verre et d\u00e9plac\u00e9 selon l\u2019humeur et les circonstances.<\/p>\n","protected":false},"excerpt":{"rendered":"<p>Classic Crafted de CHAT BOARD<span class=\"s1\"><sup>\u00ae<\/sup><\/span> apporte une toute nouvelle dimension \u00e0 son pr\u00e9d\u00e9cesseur, Classic, mariant la chaleur douce et naturelle du placage en bois avec notre surface en verre profil\u00e9e dans une unit\u00e9 coh\u00e9sive.<\/p>\n<p>&nbsp;<\/p>\n","protected":false},"featured_media":8692,"comment_status":"open","ping_status":"closed","template":"","meta":{"_acf_changed":false},"product_brand":[],"product_cat":[94],"product_tag":[],"class_list":{"0":"post-6135","1":"product","2":"type-product","3":"status-publish","4":"has-post-thumbnail","6":"product_cat-les-mureaux","7":"designer-claus-brandt-jakobsen-fr","9":"first","10":"instock","11":"shipping-taxable","12":"product-type-simple"},"acf":[],"yoast_head":"<!-- This site is optimized with the Yoast SEO plugin v25.3.1 - https:\/\/yoast.com\/wordpress\/plugins\/seo\/ -->\n<title>CLASSIC CRAFTED - CHAT BOARD<\/title>\n<meta name=\"robots\" content=\"index, follow, max-snippet:-1, max-image-preview:large, max-video-preview:-1\" \/>\n<link rel=\"canonical\" href=\"https:\/\/chat-board.dk\/fr\/classic-crafted-fr\/\" \/>\n<meta property=\"og:locale\" content=\"fr_FR\" \/>\n<meta property=\"og:type\" content=\"article\" \/>\n<meta property=\"og:title\" content=\"CLASSIC CRAFTED - CHAT BOARD\" \/>\n<meta property=\"og:description\" content=\"Classic Crafted de CHAT BOARD\u00ae apporte une toute nouvelle dimension \u00e0 son pr\u00e9d\u00e9cesseur, Classic, mariant la chaleur douce et naturelle du placage en bois avec notre surface en verre profil\u00e9e dans une unit\u00e9 coh\u00e9sive.  &nbsp;\" \/>\n<meta property=\"og:url\" content=\"https:\/\/chat-board.dk\/fr\/classic-crafted-fr\/\" \/>\n<meta property=\"og:site_name\" content=\"CHAT BOARD\" \/>\n<meta property=\"article:modified_time\" content=\"2026-03-20T10:07:38+00:00\" \/>\n<meta property=\"og:image\" content=\"https:\/\/chat-board.dk\/wp-content\/uploads\/2021\/09\/CHAT-BOARD-Classic-Crafted-Black-Sand-interior-1-2023-portrait-x15.jpg\" \/>\n\t<meta property=\"og:image:width\" content=\"1458\" \/>\n\t<meta property=\"og:image:height\" content=\"2188\" \/>\n\t<meta property=\"og:image:type\" content=\"image\/jpeg\" \/>\n<meta name=\"twitter:card\" content=\"summary_large_image\" \/>\n<meta name=\"twitter:label1\" content=\"Est. reading time\" \/>\n\t<meta name=\"twitter:data1\" content=\"1 minute\" \/>\n<script type=\"application\/ld+json\" class=\"yoast-schema-graph\">{\"@context\":\"https:\/\/schema.org\",\"@graph\":[{\"@type\":\"WebPage\",\"@id\":\"https:\/\/chat-board.dk\/fr\/classic-crafted-fr\/\",\"url\":\"https:\/\/chat-board.dk\/fr\/classic-crafted-fr\/\",\"name\":\"CLASSIC CRAFTED - CHAT BOARD\",\"isPartOf\":{\"@id\":\"https:\/\/chat-board.dk\/fr\/#website\"},\"primaryImageOfPage\":{\"@id\":\"https:\/\/chat-board.dk\/fr\/classic-crafted-fr\/#primaryimage\"},\"image\":{\"@id\":\"https:\/\/chat-board.dk\/fr\/classic-crafted-fr\/#primaryimage\"},\"thumbnailUrl\":\"https:\/\/chat-board.dk\/wp-content\/uploads\/2021\/09\/CHAT-BOARD-Classic-Crafted-Black-Sand-interior-1-2023-portrait-x15.jpg\",\"datePublished\":\"2021-09-22T13:52:10+00:00\",\"dateModified\":\"2026-03-20T10:07:38+00:00\",\"breadcrumb\":{\"@id\":\"https:\/\/chat-board.dk\/fr\/classic-crafted-fr\/#breadcrumb\"},\"inLanguage\":\"fr-FR\",\"potentialAction\":[{\"@type\":\"ReadAction\",\"target\":[\"https:\/\/chat-board.dk\/fr\/classic-crafted-fr\/\"]}]},{\"@type\":\"ImageObject\",\"inLanguage\":\"fr-FR\",\"@id\":\"https:\/\/chat-board.dk\/fr\/classic-crafted-fr\/#primaryimage\",\"url\":\"https:\/\/chat-board.dk\/wp-content\/uploads\/2021\/09\/CHAT-BOARD-Classic-Crafted-Black-Sand-interior-1-2023-portrait-x15.jpg\",\"contentUrl\":\"https:\/\/chat-board.dk\/wp-content\/uploads\/2021\/09\/CHAT-BOARD-Classic-Crafted-Black-Sand-interior-1-2023-portrait-x15.jpg\",\"width\":1458,\"height\":2188,\"caption\":\"CHAT-BOARD-Classic-Crafted\"},{\"@type\":\"BreadcrumbList\",\"@id\":\"https:\/\/chat-board.dk\/fr\/classic-crafted-fr\/#breadcrumb\",\"itemListElement\":[{\"@type\":\"ListItem\",\"position\":1,\"name\":\"Home\",\"item\":\"https:\/\/chat-board.dk\/fr\/\"},{\"@type\":\"ListItem\",\"position\":2,\"name\":\"Produits\",\"item\":\"https:\/\/chat-board.dk\/fr\/produits\/\"},{\"@type\":\"ListItem\",\"position\":3,\"name\":\"CLASSIC CRAFTED\"}]},{\"@type\":\"WebSite\",\"@id\":\"https:\/\/chat-board.dk\/fr\/#website\",\"url\":\"https:\/\/chat-board.dk\/fr\/\",\"name\":\"CHAT BOARD\",\"description\":\"\",\"potentialAction\":[{\"@type\":\"SearchAction\",\"target\":{\"@type\":\"EntryPoint\",\"urlTemplate\":\"https:\/\/chat-board.dk\/fr\/?s={search_term_string}\"},\"query-input\":{\"@type\":\"PropertyValueSpecification\",\"valueRequired\":true,\"valueName\":\"search_term_string\"}}],\"inLanguage\":\"fr-FR\"}]}<\/script>\n<!-- \/ Yoast SEO plugin. -->","yoast_head_json":{"title":"CLASSIC CRAFTED - CHAT BOARD","robots":{"index":"index","follow":"follow","max-snippet":"max-snippet:-1","max-image-preview":"max-image-preview:large","max-video-preview":"max-video-preview:-1"},"canonical":"https:\/\/chat-board.dk\/fr\/classic-crafted-fr\/","og_locale":"fr_FR","og_type":"article","og_title":"CLASSIC CRAFTED - CHAT BOARD","og_description":"Classic Crafted de CHAT BOARD\u00ae apporte une toute nouvelle dimension \u00e0 son pr\u00e9d\u00e9cesseur, Classic, mariant la chaleur douce et naturelle du placage en bois avec notre surface en verre profil\u00e9e dans une unit\u00e9 coh\u00e9sive.  &nbsp;","og_url":"https:\/\/chat-board.dk\/fr\/classic-crafted-fr\/","og_site_name":"CHAT BOARD","article_modified_time":"2026-03-20T10:07:38+00:00","og_image":[{"width":1458,"height":2188,"url":"https:\/\/chat-board.dk\/wp-content\/uploads\/2021\/09\/CHAT-BOARD-Classic-Crafted-Black-Sand-interior-1-2023-portrait-x15.jpg","type":"image\/jpeg"}],"twitter_card":"summary_large_image","twitter_misc":{"Est. reading time":"1 minute"},"schema":{"@context":"https:\/\/schema.org","@graph":[{"@type":"WebPage","@id":"https:\/\/chat-board.dk\/fr\/classic-crafted-fr\/","url":"https:\/\/chat-board.dk\/fr\/classic-crafted-fr\/","name":"CLASSIC CRAFTED - CHAT BOARD","isPartOf":{"@id":"https:\/\/chat-board.dk\/fr\/#website"},"primaryImageOfPage":{"@id":"https:\/\/chat-board.dk\/fr\/classic-crafted-fr\/#primaryimage"},"image":{"@id":"https:\/\/chat-board.dk\/fr\/classic-crafted-fr\/#primaryimage"},"thumbnailUrl":"https:\/\/chat-board.dk\/wp-content\/uploads\/2021\/09\/CHAT-BOARD-Classic-Crafted-Black-Sand-interior-1-2023-portrait-x15.jpg","datePublished":"2021-09-22T13:52:10+00:00","dateModified":"2026-03-20T10:07:38+00:00","breadcrumb":{"@id":"https:\/\/chat-board.dk\/fr\/classic-crafted-fr\/#breadcrumb"},"inLanguage":"fr-FR","potentialAction":[{"@type":"ReadAction","target":["https:\/\/chat-board.dk\/fr\/classic-crafted-fr\/"]}]},{"@type":"ImageObject","inLanguage":"fr-FR","@id":"https:\/\/chat-board.dk\/fr\/classic-crafted-fr\/#primaryimage","url":"https:\/\/chat-board.dk\/wp-content\/uploads\/2021\/09\/CHAT-BOARD-Classic-Crafted-Black-Sand-interior-1-2023-portrait-x15.jpg","contentUrl":"https:\/\/chat-board.dk\/wp-content\/uploads\/2021\/09\/CHAT-BOARD-Classic-Crafted-Black-Sand-interior-1-2023-portrait-x15.jpg","width":1458,"height":2188,"caption":"CHAT-BOARD-Classic-Crafted"},{"@type":"BreadcrumbList","@id":"https:\/\/chat-board.dk\/fr\/classic-crafted-fr\/#breadcrumb","itemListElement":[{"@type":"ListItem","position":1,"name":"Home","item":"https:\/\/chat-board.dk\/fr\/"},{"@type":"ListItem","position":2,"name":"Produits","item":"https:\/\/chat-board.dk\/fr\/produits\/"},{"@type":"ListItem","position":3,"name":"CLASSIC CRAFTED"}]},{"@type":"WebSite","@id":"https:\/\/chat-board.dk\/fr\/#website","url":"https:\/\/chat-board.dk\/fr\/","name":"CHAT BOARD","description":"","potentialAction":[{"@type":"SearchAction","target":{"@type":"EntryPoint","urlTemplate":"https:\/\/chat-board.dk\/fr\/?s={search_term_string}"},"query-input":{"@type":"PropertyValueSpecification","valueRequired":true,"valueName":"search_term_string"}}],"inLanguage":"fr-FR"}]}},"_links":{"self":[{"href":"https:\/\/chat-board.dk\/fr\/wp-json\/wp\/v2\/product\/6135","targetHints":{"allow":["GET"]}}],"collection":[{"href":"https:\/\/chat-board.dk\/fr\/wp-json\/wp\/v2\/product"}],"about":[{"href":"https:\/\/chat-board.dk\/fr\/wp-json\/wp\/v2\/types\/product"}],"replies":[{"embeddable":true,"href":"https:\/\/chat-board.dk\/fr\/wp-json\/wp\/v2\/comments?post=6135"}],"wp:featuredmedia":[{"embeddable":true,"href":"https:\/\/chat-board.dk\/fr\/wp-json\/wp\/v2\/media\/8692"}],"wp:attachment":[{"href":"https:\/\/chat-board.dk\/fr\/wp-json\/wp\/v2\/media?parent=6135"}],"wp:term":[{"taxonomy":"product_brand","embeddable":true,"href":"https:\/\/chat-board.dk\/fr\/wp-json\/wp\/v2\/product_brand?post=6135"},{"taxonomy":"product_cat","embeddable":true,"href":"https:\/\/chat-board.dk\/fr\/wp-json\/wp\/v2\/product_cat?post=6135"},{"taxonomy":"product_tag","embeddable":true,"href":"https:\/\/chat-board.dk\/fr\/wp-json\/wp\/v2\/product_tag?post=6135"}],"curies":[{"name":"wp","href":"https:\/\/api.w.org\/{rel}","templated":true}]}}