{"id":4788,"date":"2021-04-16T10:55:57","date_gmt":"2021-04-16T08:56:00","guid":{"rendered":"http:\/\/clients.rubystudio.dk\/chatboard\/?post_type=product&#038;p=4788"},"modified":"2026-03-20T12:34:10","modified_gmt":"2026-03-20T10:34:10","slug":"squad-solid-fr","status":"publish","type":"product","link":"https:\/\/chat-board.dk\/fr\/squad-solid-fr\/","title":{"rendered":"SQUAD Solid"},"content":{"rendered":"<p>Gr\u00e2ce au mod\u00e8le SQUAD Solid de CHAT BOARD\u00ae, nous avons port\u00e9 la collection SQUAD \u00e0 un niveau sup\u00e9rieur en termes d\u2019accessibilit\u00e9 et de facilit\u00e9. En \u00e9liminant le superflu, nous avons ramen\u00e9 le design \u00e0 l\u2019essentiel pour le faire r\u00e9appara\u00eetre dans une collection de r\u00e9f\u00e9rence de pi\u00e8ces \u00e9pur\u00e9es et enti\u00e8rement concentr\u00e9es sur leur fonction primordiale : \u00eatre le point de d\u00e9part id\u00e9al pour l\u2019expression cr\u00e9ative et l\u2019interaction.<\/p>\n<p>SQUAD Solid a \u00e9t\u00e9 cr\u00e9\u00e9 sur la base de l\u2019\u00e9chelle 1:1 des designs originaux et r\u00e9incarn\u00e9 uniquement dans des formes \u00e9pur\u00e9es avec une approche esth\u00e9tique forte et minimaliste. B\u00e9n\u00e9ficiant des m\u00eames qualit\u00e9s et atouts que leurs \u00e9quivalents, les deux pi\u00e8ces qui se compl\u00e8tent mutuellement unissent leurs forces au coeur de cette collection de mod\u00e8les flexibles, tous cr\u00e9\u00e9s pour se connecter et se s\u00e9parer \u00e0 volont\u00e9.<\/p>\n<p>Les mod\u00e8les SQUAD Solid sont livr\u00e9s \u00e0 plat et sont faciles \u00e0 assembler sur site, r\u00e9duisant \u00e0 la fois les frais d\u2019exp\u00e9dition et l\u2019impact environnemental.<\/p>\n","protected":false},"excerpt":{"rendered":"<p>Deux pi\u00e8ces \u00e9pur\u00e9es et compl\u00e9mentaires unissent leurs forces dans la collection CHAT BOARD\u00ae SQUAD Solid de mod\u00e8les flexibles et autoportantes, toutes cr\u00e9\u00e9es pour se connecter et se s\u00e9parer \u00e0 volont\u00e9.<\/p>\n","protected":false},"featured_media":6013,"comment_status":"open","ping_status":"closed","template":"","meta":{"_acf_changed":false},"product_brand":[],"product_cat":[102],"product_tag":[],"class_list":{"0":"post-4788","1":"product","2":"type-product","3":"status-publish","4":"has-post-thumbnail","6":"product_cat-les-mobiles","7":"designer-rumrum-fr","9":"first","10":"instock","11":"shipping-taxable","12":"product-type-simple"},"acf":[],"yoast_head":"<!-- This site is optimized with the Yoast SEO plugin v25.3.1 - https:\/\/yoast.com\/wordpress\/plugins\/seo\/ -->\n<title>SQUAD Solid - CHAT BOARD<\/title>\n<meta name=\"robots\" content=\"index, follow, max-snippet:-1, max-image-preview:large, max-video-preview:-1\" \/>\n<link rel=\"canonical\" href=\"https:\/\/chat-board.dk\/fr\/squad-solid-fr\/\" \/>\n<meta property=\"og:locale\" content=\"fr_FR\" \/>\n<meta property=\"og:type\" content=\"article\" \/>\n<meta property=\"og:title\" content=\"SQUAD Solid - CHAT BOARD\" \/>\n<meta property=\"og:description\" content=\"Deux pi\u00e8ces \u00e9pur\u00e9es et compl\u00e9mentaires unissent leurs forces dans la collection CHAT BOARD\u00ae SQUAD Solid de mod\u00e8les flexibles et autoportantes, toutes cr\u00e9\u00e9es pour se connecter et se s\u00e9parer \u00e0 volont\u00e9.\" \/>\n<meta property=\"og:url\" content=\"https:\/\/chat-board.dk\/fr\/squad-solid-fr\/\" \/>\n<meta property=\"og:site_name\" content=\"CHAT BOARD\" \/>\n<meta property=\"article:modified_time\" content=\"2026-03-20T10:34:10+00:00\" \/>\n<meta property=\"og:image\" content=\"https:\/\/chat-board.dk\/wp-content\/uploads\/2021\/04\/CHAT-BOARD-SQUAD-Solid-Teacher-Petal-conference-gallery-scaled.jpg\" \/>\n\t<meta property=\"og:image:width\" content=\"1707\" \/>\n\t<meta property=\"og:image:height\" content=\"2560\" \/>\n\t<meta property=\"og:image:type\" content=\"image\/jpeg\" \/>\n<meta name=\"twitter:card\" content=\"summary_large_image\" \/>\n<meta name=\"twitter:label1\" content=\"Est. reading time\" \/>\n\t<meta name=\"twitter:data1\" content=\"1 minute\" \/>\n<script type=\"application\/ld+json\" class=\"yoast-schema-graph\">{\"@context\":\"https:\/\/schema.org\",\"@graph\":[{\"@type\":\"WebPage\",\"@id\":\"https:\/\/chat-board.dk\/fr\/squad-solid-fr\/\",\"url\":\"https:\/\/chat-board.dk\/fr\/squad-solid-fr\/\",\"name\":\"SQUAD Solid - CHAT BOARD\",\"isPartOf\":{\"@id\":\"https:\/\/chat-board.dk\/fr\/#website\"},\"primaryImageOfPage\":{\"@id\":\"https:\/\/chat-board.dk\/fr\/squad-solid-fr\/#primaryimage\"},\"image\":{\"@id\":\"https:\/\/chat-board.dk\/fr\/squad-solid-fr\/#primaryimage\"},\"thumbnailUrl\":\"https:\/\/chat-board.dk\/wp-content\/uploads\/2021\/04\/CHAT-BOARD-SQUAD-Solid-Teacher-Petal-conference-gallery-scaled.jpg\",\"datePublished\":\"2021-04-16T08:56:00+00:00\",\"dateModified\":\"2026-03-20T10:34:10+00:00\",\"breadcrumb\":{\"@id\":\"https:\/\/chat-board.dk\/fr\/squad-solid-fr\/#breadcrumb\"},\"inLanguage\":\"fr-FR\",\"potentialAction\":[{\"@type\":\"ReadAction\",\"target\":[\"https:\/\/chat-board.dk\/fr\/squad-solid-fr\/\"]}]},{\"@type\":\"ImageObject\",\"inLanguage\":\"fr-FR\",\"@id\":\"https:\/\/chat-board.dk\/fr\/squad-solid-fr\/#primaryimage\",\"url\":\"https:\/\/chat-board.dk\/wp-content\/uploads\/2021\/04\/CHAT-BOARD-SQUAD-Solid-Teacher-Petal-conference-gallery-scaled.jpg\",\"contentUrl\":\"https:\/\/chat-board.dk\/wp-content\/uploads\/2021\/04\/CHAT-BOARD-SQUAD-Solid-Teacher-Petal-conference-gallery-scaled.jpg\",\"width\":1707,\"height\":2560,\"caption\":\"CHAT BOARD SQUAD Solid Teacher in white and Petal\"},{\"@type\":\"BreadcrumbList\",\"@id\":\"https:\/\/chat-board.dk\/fr\/squad-solid-fr\/#breadcrumb\",\"itemListElement\":[{\"@type\":\"ListItem\",\"position\":1,\"name\":\"Home\",\"item\":\"https:\/\/chat-board.dk\/fr\/\"},{\"@type\":\"ListItem\",\"position\":2,\"name\":\"Produits\",\"item\":\"https:\/\/chat-board.dk\/fr\/produits\/\"},{\"@type\":\"ListItem\",\"position\":3,\"name\":\"SQUAD Solid\"}]},{\"@type\":\"WebSite\",\"@id\":\"https:\/\/chat-board.dk\/fr\/#website\",\"url\":\"https:\/\/chat-board.dk\/fr\/\",\"name\":\"CHAT BOARD\",\"description\":\"\",\"potentialAction\":[{\"@type\":\"SearchAction\",\"target\":{\"@type\":\"EntryPoint\",\"urlTemplate\":\"https:\/\/chat-board.dk\/fr\/?s={search_term_string}\"},\"query-input\":{\"@type\":\"PropertyValueSpecification\",\"valueRequired\":true,\"valueName\":\"search_term_string\"}}],\"inLanguage\":\"fr-FR\"}]}<\/script>\n<!-- \/ Yoast SEO plugin. -->","yoast_head_json":{"title":"SQUAD Solid - CHAT BOARD","robots":{"index":"index","follow":"follow","max-snippet":"max-snippet:-1","max-image-preview":"max-image-preview:large","max-video-preview":"max-video-preview:-1"},"canonical":"https:\/\/chat-board.dk\/fr\/squad-solid-fr\/","og_locale":"fr_FR","og_type":"article","og_title":"SQUAD Solid - CHAT BOARD","og_description":"Deux pi\u00e8ces \u00e9pur\u00e9es et compl\u00e9mentaires unissent leurs forces dans la collection CHAT BOARD\u00ae SQUAD Solid de mod\u00e8les flexibles et autoportantes, toutes cr\u00e9\u00e9es pour se connecter et se s\u00e9parer \u00e0 volont\u00e9.","og_url":"https:\/\/chat-board.dk\/fr\/squad-solid-fr\/","og_site_name":"CHAT BOARD","article_modified_time":"2026-03-20T10:34:10+00:00","og_image":[{"width":1707,"height":2560,"url":"https:\/\/chat-board.dk\/wp-content\/uploads\/2021\/04\/CHAT-BOARD-SQUAD-Solid-Teacher-Petal-conference-gallery-scaled.jpg","type":"image\/jpeg"}],"twitter_card":"summary_large_image","twitter_misc":{"Est. reading time":"1 minute"},"schema":{"@context":"https:\/\/schema.org","@graph":[{"@type":"WebPage","@id":"https:\/\/chat-board.dk\/fr\/squad-solid-fr\/","url":"https:\/\/chat-board.dk\/fr\/squad-solid-fr\/","name":"SQUAD Solid - CHAT BOARD","isPartOf":{"@id":"https:\/\/chat-board.dk\/fr\/#website"},"primaryImageOfPage":{"@id":"https:\/\/chat-board.dk\/fr\/squad-solid-fr\/#primaryimage"},"image":{"@id":"https:\/\/chat-board.dk\/fr\/squad-solid-fr\/#primaryimage"},"thumbnailUrl":"https:\/\/chat-board.dk\/wp-content\/uploads\/2021\/04\/CHAT-BOARD-SQUAD-Solid-Teacher-Petal-conference-gallery-scaled.jpg","datePublished":"2021-04-16T08:56:00+00:00","dateModified":"2026-03-20T10:34:10+00:00","breadcrumb":{"@id":"https:\/\/chat-board.dk\/fr\/squad-solid-fr\/#breadcrumb"},"inLanguage":"fr-FR","potentialAction":[{"@type":"ReadAction","target":["https:\/\/chat-board.dk\/fr\/squad-solid-fr\/"]}]},{"@type":"ImageObject","inLanguage":"fr-FR","@id":"https:\/\/chat-board.dk\/fr\/squad-solid-fr\/#primaryimage","url":"https:\/\/chat-board.dk\/wp-content\/uploads\/2021\/04\/CHAT-BOARD-SQUAD-Solid-Teacher-Petal-conference-gallery-scaled.jpg","contentUrl":"https:\/\/chat-board.dk\/wp-content\/uploads\/2021\/04\/CHAT-BOARD-SQUAD-Solid-Teacher-Petal-conference-gallery-scaled.jpg","width":1707,"height":2560,"caption":"CHAT BOARD SQUAD Solid Teacher in white and Petal"},{"@type":"BreadcrumbList","@id":"https:\/\/chat-board.dk\/fr\/squad-solid-fr\/#breadcrumb","itemListElement":[{"@type":"ListItem","position":1,"name":"Home","item":"https:\/\/chat-board.dk\/fr\/"},{"@type":"ListItem","position":2,"name":"Produits","item":"https:\/\/chat-board.dk\/fr\/produits\/"},{"@type":"ListItem","position":3,"name":"SQUAD Solid"}]},{"@type":"WebSite","@id":"https:\/\/chat-board.dk\/fr\/#website","url":"https:\/\/chat-board.dk\/fr\/","name":"CHAT BOARD","description":"","potentialAction":[{"@type":"SearchAction","target":{"@type":"EntryPoint","urlTemplate":"https:\/\/chat-board.dk\/fr\/?s={search_term_string}"},"query-input":{"@type":"PropertyValueSpecification","valueRequired":true,"valueName":"search_term_string"}}],"inLanguage":"fr-FR"}]}},"_links":{"self":[{"href":"https:\/\/chat-board.dk\/fr\/wp-json\/wp\/v2\/product\/4788","targetHints":{"allow":["GET"]}}],"collection":[{"href":"https:\/\/chat-board.dk\/fr\/wp-json\/wp\/v2\/product"}],"about":[{"href":"https:\/\/chat-board.dk\/fr\/wp-json\/wp\/v2\/types\/product"}],"replies":[{"embeddable":true,"href":"https:\/\/chat-board.dk\/fr\/wp-json\/wp\/v2\/comments?post=4788"}],"wp:featuredmedia":[{"embeddable":true,"href":"https:\/\/chat-board.dk\/fr\/wp-json\/wp\/v2\/media\/6013"}],"wp:attachment":[{"href":"https:\/\/chat-board.dk\/fr\/wp-json\/wp\/v2\/media?parent=4788"}],"wp:term":[{"taxonomy":"product_brand","embeddable":true,"href":"https:\/\/chat-board.dk\/fr\/wp-json\/wp\/v2\/product_brand?post=4788"},{"taxonomy":"product_cat","embeddable":true,"href":"https:\/\/chat-board.dk\/fr\/wp-json\/wp\/v2\/product_cat?post=4788"},{"taxonomy":"product_tag","embeddable":true,"href":"https:\/\/chat-board.dk\/fr\/wp-json\/wp\/v2\/product_tag?post=4788"}],"curies":[{"name":"wp","href":"https:\/\/api.w.org\/{rel}","templated":true}]}}