{"id":3028,"date":"2021-02-15T12:04:10","date_gmt":"2021-02-15T10:04:10","guid":{"rendered":"http:\/\/clients.rubystudio.dk\/chatboard\/product\/move-acoustic-fr\/"},"modified":"2026-03-20T12:36:47","modified_gmt":"2026-03-20T10:36:47","slug":"move-acoustic","status":"publish","type":"product","link":"https:\/\/chat-board.dk\/fr\/move-acoustic\/","title":{"rendered":"MOVE ACOUSTIC"},"content":{"rendered":"<p>Le CHAT BOARD<sup>\u00ae<\/sup> Move Acoustic associe parfaitement le panneau en verre magn\u00e9tique inscriptible \u00e0 un panneau acoustique de classe A pour en faire une cloison mobile de s\u00e9paration. La surface est rev\u00eatue du tissu Remix Screen ou Relate Screen de Kvadrat. Le ch\u00e2ssis unique en forme de croix est \u00ab empilable \u00bb et permet ainsi de ranger plusieurs unit\u00e9s avec un tr\u00e8s faible encombrement. Move Acoustic marie le style et la substance, sans compromis.<\/p>\n<p>La surface en verre inscriptible constitue la toile de fond id\u00e9ale pour des sessions de brainstorming fluides et devient le lieu de rencontre \u00e9vident pour \u00e9changer des id\u00e9es et des informations dans la salle de r\u00e9union, le bureau ou la salle de classe, tandis que le panneau acoustique tr\u00e8s efficace maintient l\u2019\u00e9quilibre visuel et auditif de vos \u00e9changes.<\/p>\n<p>Move Acoustic a \u00e9t\u00e9 sp\u00e9cialement d\u00e9velopp\u00e9 pour offrir une flexibilit\u00e9 de tous ces param\u00e8tres. Cette version plus grande est donc disponible avec diff\u00e9rentes finitions qui permettent de combiner la fonctionnalit\u00e9 aux solutions individuelles adapt\u00e9es \u00e0 chaque lieu de travail.<\/p>\n","protected":false},"excerpt":{"rendered":"<p>Le CHAT BOARD<sup>\u00ae<\/sup> CHAT BOARD\u00ae Move Acoustic associe parfaitement le panneau en verre magn\u00e9tique inscriptible \u00e0 un panneau acoustique de classe A pour en faire une cloison mobile de s\u00e9paration.<\/p>\n","protected":false},"featured_media":7800,"comment_status":"open","ping_status":"closed","template":"","meta":{"_acf_changed":false},"product_brand":[],"product_cat":[102],"product_tag":[],"class_list":{"0":"post-3028","1":"product","2":"type-product","3":"status-publish","4":"has-post-thumbnail","6":"product_cat-les-mobiles","7":"designer-arde-design-studio-fr","9":"first","10":"instock","11":"shipping-taxable","12":"product-type-simple"},"acf":[],"yoast_head":"<!-- This site is optimized with the Yoast SEO plugin v25.3.1 - https:\/\/yoast.com\/wordpress\/plugins\/seo\/ -->\n<title>MOVE ACOUSTIC - CHAT BOARD<\/title>\n<meta name=\"robots\" content=\"index, follow, max-snippet:-1, max-image-preview:large, max-video-preview:-1\" \/>\n<link rel=\"canonical\" href=\"https:\/\/chat-board.dk\/fr\/move-acoustic\/\" \/>\n<meta property=\"og:locale\" content=\"fr_FR\" \/>\n<meta property=\"og:type\" content=\"article\" \/>\n<meta property=\"og:title\" content=\"MOVE ACOUSTIC - CHAT BOARD\" \/>\n<meta property=\"og:description\" content=\"Le CHAT BOARD\u00ae CHAT BOARD\u00ae Move Acoustic associe parfaitement le panneau en verre magn\u00e9tique inscriptible \u00e0 un panneau acoustique de classe A pour en faire une cloison mobile de s\u00e9paration.\" \/>\n<meta property=\"og:url\" content=\"https:\/\/chat-board.dk\/fr\/move-acoustic\/\" \/>\n<meta property=\"og:site_name\" content=\"CHAT BOARD\" \/>\n<meta property=\"article:modified_time\" content=\"2026-03-20T10:36:47+00:00\" \/>\n<meta property=\"og:image\" content=\"https:\/\/chat-board.dk\/wp-content\/uploads\/2021\/02\/CHAT-BOARD-Move-Acoustic-acoustic-room-dividers-open-office-gallery.jpg\" \/>\n\t<meta property=\"og:image:width\" content=\"1589\" \/>\n\t<meta property=\"og:image:height\" content=\"2384\" \/>\n\t<meta property=\"og:image:type\" content=\"image\/jpeg\" \/>\n<meta name=\"twitter:card\" content=\"summary_large_image\" \/>\n<meta name=\"twitter:label1\" content=\"Est. reading time\" \/>\n\t<meta name=\"twitter:data1\" content=\"1 minute\" \/>\n<script type=\"application\/ld+json\" class=\"yoast-schema-graph\">{\"@context\":\"https:\/\/schema.org\",\"@graph\":[{\"@type\":\"WebPage\",\"@id\":\"https:\/\/chat-board.dk\/fr\/move-acoustic\/\",\"url\":\"https:\/\/chat-board.dk\/fr\/move-acoustic\/\",\"name\":\"MOVE ACOUSTIC - CHAT BOARD\",\"isPartOf\":{\"@id\":\"https:\/\/chat-board.dk\/fr\/#website\"},\"primaryImageOfPage\":{\"@id\":\"https:\/\/chat-board.dk\/fr\/move-acoustic\/#primaryimage\"},\"image\":{\"@id\":\"https:\/\/chat-board.dk\/fr\/move-acoustic\/#primaryimage\"},\"thumbnailUrl\":\"https:\/\/chat-board.dk\/wp-content\/uploads\/2021\/02\/CHAT-BOARD-Move-Acoustic-acoustic-room-dividers-open-office-gallery.jpg\",\"datePublished\":\"2021-02-15T10:04:10+00:00\",\"dateModified\":\"2026-03-20T10:36:47+00:00\",\"breadcrumb\":{\"@id\":\"https:\/\/chat-board.dk\/fr\/move-acoustic\/#breadcrumb\"},\"inLanguage\":\"fr-FR\",\"potentialAction\":[{\"@type\":\"ReadAction\",\"target\":[\"https:\/\/chat-board.dk\/fr\/move-acoustic\/\"]}]},{\"@type\":\"ImageObject\",\"inLanguage\":\"fr-FR\",\"@id\":\"https:\/\/chat-board.dk\/fr\/move-acoustic\/#primaryimage\",\"url\":\"https:\/\/chat-board.dk\/wp-content\/uploads\/2021\/02\/CHAT-BOARD-Move-Acoustic-acoustic-room-dividers-open-office-gallery.jpg\",\"contentUrl\":\"https:\/\/chat-board.dk\/wp-content\/uploads\/2021\/02\/CHAT-BOARD-Move-Acoustic-acoustic-room-dividers-open-office-gallery.jpg\",\"width\":1589,\"height\":2384,\"caption\":\"CHAT BOARD Move Acoustic ambient space\"},{\"@type\":\"BreadcrumbList\",\"@id\":\"https:\/\/chat-board.dk\/fr\/move-acoustic\/#breadcrumb\",\"itemListElement\":[{\"@type\":\"ListItem\",\"position\":1,\"name\":\"Home\",\"item\":\"https:\/\/chat-board.dk\/fr\/\"},{\"@type\":\"ListItem\",\"position\":2,\"name\":\"Produits\",\"item\":\"https:\/\/chat-board.dk\/fr\/produits\/\"},{\"@type\":\"ListItem\",\"position\":3,\"name\":\"MOVE ACOUSTIC\"}]},{\"@type\":\"WebSite\",\"@id\":\"https:\/\/chat-board.dk\/fr\/#website\",\"url\":\"https:\/\/chat-board.dk\/fr\/\",\"name\":\"CHAT BOARD\",\"description\":\"\",\"potentialAction\":[{\"@type\":\"SearchAction\",\"target\":{\"@type\":\"EntryPoint\",\"urlTemplate\":\"https:\/\/chat-board.dk\/fr\/?s={search_term_string}\"},\"query-input\":{\"@type\":\"PropertyValueSpecification\",\"valueRequired\":true,\"valueName\":\"search_term_string\"}}],\"inLanguage\":\"fr-FR\"}]}<\/script>\n<!-- \/ Yoast SEO plugin. -->","yoast_head_json":{"title":"MOVE ACOUSTIC - CHAT BOARD","robots":{"index":"index","follow":"follow","max-snippet":"max-snippet:-1","max-image-preview":"max-image-preview:large","max-video-preview":"max-video-preview:-1"},"canonical":"https:\/\/chat-board.dk\/fr\/move-acoustic\/","og_locale":"fr_FR","og_type":"article","og_title":"MOVE ACOUSTIC - CHAT BOARD","og_description":"Le CHAT BOARD\u00ae CHAT BOARD\u00ae Move Acoustic associe parfaitement le panneau en verre magn\u00e9tique inscriptible \u00e0 un panneau acoustique de classe A pour en faire une cloison mobile de s\u00e9paration.","og_url":"https:\/\/chat-board.dk\/fr\/move-acoustic\/","og_site_name":"CHAT BOARD","article_modified_time":"2026-03-20T10:36:47+00:00","og_image":[{"width":1589,"height":2384,"url":"https:\/\/chat-board.dk\/wp-content\/uploads\/2021\/02\/CHAT-BOARD-Move-Acoustic-acoustic-room-dividers-open-office-gallery.jpg","type":"image\/jpeg"}],"twitter_card":"summary_large_image","twitter_misc":{"Est. reading time":"1 minute"},"schema":{"@context":"https:\/\/schema.org","@graph":[{"@type":"WebPage","@id":"https:\/\/chat-board.dk\/fr\/move-acoustic\/","url":"https:\/\/chat-board.dk\/fr\/move-acoustic\/","name":"MOVE ACOUSTIC - CHAT BOARD","isPartOf":{"@id":"https:\/\/chat-board.dk\/fr\/#website"},"primaryImageOfPage":{"@id":"https:\/\/chat-board.dk\/fr\/move-acoustic\/#primaryimage"},"image":{"@id":"https:\/\/chat-board.dk\/fr\/move-acoustic\/#primaryimage"},"thumbnailUrl":"https:\/\/chat-board.dk\/wp-content\/uploads\/2021\/02\/CHAT-BOARD-Move-Acoustic-acoustic-room-dividers-open-office-gallery.jpg","datePublished":"2021-02-15T10:04:10+00:00","dateModified":"2026-03-20T10:36:47+00:00","breadcrumb":{"@id":"https:\/\/chat-board.dk\/fr\/move-acoustic\/#breadcrumb"},"inLanguage":"fr-FR","potentialAction":[{"@type":"ReadAction","target":["https:\/\/chat-board.dk\/fr\/move-acoustic\/"]}]},{"@type":"ImageObject","inLanguage":"fr-FR","@id":"https:\/\/chat-board.dk\/fr\/move-acoustic\/#primaryimage","url":"https:\/\/chat-board.dk\/wp-content\/uploads\/2021\/02\/CHAT-BOARD-Move-Acoustic-acoustic-room-dividers-open-office-gallery.jpg","contentUrl":"https:\/\/chat-board.dk\/wp-content\/uploads\/2021\/02\/CHAT-BOARD-Move-Acoustic-acoustic-room-dividers-open-office-gallery.jpg","width":1589,"height":2384,"caption":"CHAT BOARD Move Acoustic ambient space"},{"@type":"BreadcrumbList","@id":"https:\/\/chat-board.dk\/fr\/move-acoustic\/#breadcrumb","itemListElement":[{"@type":"ListItem","position":1,"name":"Home","item":"https:\/\/chat-board.dk\/fr\/"},{"@type":"ListItem","position":2,"name":"Produits","item":"https:\/\/chat-board.dk\/fr\/produits\/"},{"@type":"ListItem","position":3,"name":"MOVE ACOUSTIC"}]},{"@type":"WebSite","@id":"https:\/\/chat-board.dk\/fr\/#website","url":"https:\/\/chat-board.dk\/fr\/","name":"CHAT BOARD","description":"","potentialAction":[{"@type":"SearchAction","target":{"@type":"EntryPoint","urlTemplate":"https:\/\/chat-board.dk\/fr\/?s={search_term_string}"},"query-input":{"@type":"PropertyValueSpecification","valueRequired":true,"valueName":"search_term_string"}}],"inLanguage":"fr-FR"}]}},"_links":{"self":[{"href":"https:\/\/chat-board.dk\/fr\/wp-json\/wp\/v2\/product\/3028","targetHints":{"allow":["GET"]}}],"collection":[{"href":"https:\/\/chat-board.dk\/fr\/wp-json\/wp\/v2\/product"}],"about":[{"href":"https:\/\/chat-board.dk\/fr\/wp-json\/wp\/v2\/types\/product"}],"replies":[{"embeddable":true,"href":"https:\/\/chat-board.dk\/fr\/wp-json\/wp\/v2\/comments?post=3028"}],"wp:featuredmedia":[{"embeddable":true,"href":"https:\/\/chat-board.dk\/fr\/wp-json\/wp\/v2\/media\/7800"}],"wp:attachment":[{"href":"https:\/\/chat-board.dk\/fr\/wp-json\/wp\/v2\/media?parent=3028"}],"wp:term":[{"taxonomy":"product_brand","embeddable":true,"href":"https:\/\/chat-board.dk\/fr\/wp-json\/wp\/v2\/product_brand?post=3028"},{"taxonomy":"product_cat","embeddable":true,"href":"https:\/\/chat-board.dk\/fr\/wp-json\/wp\/v2\/product_cat?post=3028"},{"taxonomy":"product_tag","embeddable":true,"href":"https:\/\/chat-board.dk\/fr\/wp-json\/wp\/v2\/product_tag?post=3028"}],"curies":[{"name":"wp","href":"https:\/\/api.w.org\/{rel}","templated":true}]}}