{"id":2898,"date":"2020-10-14T16:19:50","date_gmt":"2020-10-14T14:19:50","guid":{"rendered":"http:\/\/clients.rubystudio.dk\/chatboard\/product\/storageunit-fr\/"},"modified":"2026-03-20T12:37:52","modified_gmt":"2026-03-20T10:37:52","slug":"storage-unit","status":"publish","type":"product","link":"https:\/\/chat-board.dk\/fr\/storage-unit\/","title":{"rendered":"STORAGE UNIT"},"content":{"rendered":"<p>Le CHAT BOARD\u00ae Storage Unit dans le design intemporel et \u00e9l\u00e9gant de l\u2019ARDE design studio est un espace de rangement fonctionnel avec deux compartiments pour vos accessoires CHAT BOARD\u00ae. Il est disponible dans deux versions dont l\u2019une est toujours parfaitement adapt\u00e9e \u00e0 nos tableaux. La solution id\u00e9ale pour l\u2019organisation et le rangement de stylos, \u00e9ponges de nettoyage et aimants suppl\u00e9mentaires.<\/p>\n<p>CHAT BOARD\u00ae Storage Unit est fabriqu\u00e9 en moulage par injection ABS et \u00e0 partir d\u2019acier avec rev\u00eatement en poudre ; il offre ainsi une longue dur\u00e9e de vie \u00e9gale \u00e0 sa fonctionnalit\u00e9.<\/p>\n","protected":false},"excerpt":{"rendered":"<p>Le CHAT BOARD\u00ae Storage Unit est un espace de rangement fonctionnel pour vos accessoires CHAT BOARD\u00ae.<\/p>\n","protected":false},"featured_media":2038,"comment_status":"open","ping_status":"closed","template":"","meta":{"_acf_changed":false},"product_brand":[],"product_cat":[113],"product_tag":[],"class_list":{"0":"post-2898","1":"product","2":"type-product","3":"status-publish","4":"has-post-thumbnail","6":"product_cat-les-accessoires","7":"designer-arde-design-studio-fr","9":"first","10":"instock","11":"shipping-taxable","12":"product-type-simple"},"acf":[],"yoast_head":"<!-- This site is optimized with the Yoast SEO plugin v25.3.1 - https:\/\/yoast.com\/wordpress\/plugins\/seo\/ -->\n<title>STORAGE UNIT - CHAT BOARD<\/title>\n<meta name=\"robots\" content=\"index, follow, max-snippet:-1, max-image-preview:large, max-video-preview:-1\" \/>\n<link rel=\"canonical\" href=\"https:\/\/chat-board.dk\/fr\/storage-unit\/\" \/>\n<meta property=\"og:locale\" content=\"fr_FR\" \/>\n<meta property=\"og:type\" content=\"article\" \/>\n<meta property=\"og:title\" content=\"STORAGE UNIT - CHAT BOARD\" \/>\n<meta property=\"og:description\" content=\"Le CHAT BOARD\u00ae Storage Unit est un espace de rangement fonctionnel pour vos accessoires CHAT BOARD\u00ae.\" \/>\n<meta property=\"og:url\" content=\"https:\/\/chat-board.dk\/fr\/storage-unit\/\" \/>\n<meta property=\"og:site_name\" content=\"CHAT BOARD\" \/>\n<meta property=\"article:modified_time\" content=\"2026-03-20T10:37:52+00:00\" \/>\n<meta property=\"og:image\" content=\"https:\/\/chat-board.dk\/wp-content\/uploads\/2020\/10\/CHAT-BOARD-Storage-Unit-Magnetic-Black-with-pens-1-e1605014673669.jpg\" \/>\n\t<meta property=\"og:image:width\" content=\"800\" \/>\n\t<meta property=\"og:image:height\" content=\"1200\" \/>\n\t<meta property=\"og:image:type\" content=\"image\/jpeg\" \/>\n<meta name=\"twitter:card\" content=\"summary_large_image\" \/>\n<meta name=\"twitter:label1\" content=\"Est. reading time\" \/>\n\t<meta name=\"twitter:data1\" content=\"1 minute\" \/>\n<script type=\"application\/ld+json\" class=\"yoast-schema-graph\">{\"@context\":\"https:\/\/schema.org\",\"@graph\":[{\"@type\":\"WebPage\",\"@id\":\"https:\/\/chat-board.dk\/fr\/storage-unit\/\",\"url\":\"https:\/\/chat-board.dk\/fr\/storage-unit\/\",\"name\":\"STORAGE UNIT - CHAT BOARD\",\"isPartOf\":{\"@id\":\"https:\/\/chat-board.dk\/fr\/#website\"},\"primaryImageOfPage\":{\"@id\":\"https:\/\/chat-board.dk\/fr\/storage-unit\/#primaryimage\"},\"image\":{\"@id\":\"https:\/\/chat-board.dk\/fr\/storage-unit\/#primaryimage\"},\"thumbnailUrl\":\"https:\/\/chat-board.dk\/wp-content\/uploads\/2020\/10\/CHAT-BOARD-Storage-Unit-Magnetic-Black-with-pens-1-e1605014673669.jpg\",\"datePublished\":\"2020-10-14T14:19:50+00:00\",\"dateModified\":\"2026-03-20T10:37:52+00:00\",\"breadcrumb\":{\"@id\":\"https:\/\/chat-board.dk\/fr\/storage-unit\/#breadcrumb\"},\"inLanguage\":\"fr-FR\",\"potentialAction\":[{\"@type\":\"ReadAction\",\"target\":[\"https:\/\/chat-board.dk\/fr\/storage-unit\/\"]}]},{\"@type\":\"ImageObject\",\"inLanguage\":\"fr-FR\",\"@id\":\"https:\/\/chat-board.dk\/fr\/storage-unit\/#primaryimage\",\"url\":\"https:\/\/chat-board.dk\/wp-content\/uploads\/2020\/10\/CHAT-BOARD-Storage-Unit-Magnetic-Black-with-pens-1-e1605014673669.jpg\",\"contentUrl\":\"https:\/\/chat-board.dk\/wp-content\/uploads\/2020\/10\/CHAT-BOARD-Storage-Unit-Magnetic-Black-with-pens-1-e1605014673669.jpg\",\"width\":800,\"height\":1200},{\"@type\":\"BreadcrumbList\",\"@id\":\"https:\/\/chat-board.dk\/fr\/storage-unit\/#breadcrumb\",\"itemListElement\":[{\"@type\":\"ListItem\",\"position\":1,\"name\":\"Home\",\"item\":\"https:\/\/chat-board.dk\/fr\/\"},{\"@type\":\"ListItem\",\"position\":2,\"name\":\"Produits\",\"item\":\"https:\/\/chat-board.dk\/fr\/produits\/\"},{\"@type\":\"ListItem\",\"position\":3,\"name\":\"STORAGE UNIT\"}]},{\"@type\":\"WebSite\",\"@id\":\"https:\/\/chat-board.dk\/fr\/#website\",\"url\":\"https:\/\/chat-board.dk\/fr\/\",\"name\":\"CHAT BOARD\",\"description\":\"\",\"potentialAction\":[{\"@type\":\"SearchAction\",\"target\":{\"@type\":\"EntryPoint\",\"urlTemplate\":\"https:\/\/chat-board.dk\/fr\/?s={search_term_string}\"},\"query-input\":{\"@type\":\"PropertyValueSpecification\",\"valueRequired\":true,\"valueName\":\"search_term_string\"}}],\"inLanguage\":\"fr-FR\"}]}<\/script>\n<!-- \/ Yoast SEO plugin. -->","yoast_head_json":{"title":"STORAGE UNIT - CHAT BOARD","robots":{"index":"index","follow":"follow","max-snippet":"max-snippet:-1","max-image-preview":"max-image-preview:large","max-video-preview":"max-video-preview:-1"},"canonical":"https:\/\/chat-board.dk\/fr\/storage-unit\/","og_locale":"fr_FR","og_type":"article","og_title":"STORAGE UNIT - CHAT BOARD","og_description":"Le CHAT BOARD\u00ae Storage Unit est un espace de rangement fonctionnel pour vos accessoires CHAT BOARD\u00ae.","og_url":"https:\/\/chat-board.dk\/fr\/storage-unit\/","og_site_name":"CHAT BOARD","article_modified_time":"2026-03-20T10:37:52+00:00","og_image":[{"width":800,"height":1200,"url":"https:\/\/chat-board.dk\/wp-content\/uploads\/2020\/10\/CHAT-BOARD-Storage-Unit-Magnetic-Black-with-pens-1-e1605014673669.jpg","type":"image\/jpeg"}],"twitter_card":"summary_large_image","twitter_misc":{"Est. reading time":"1 minute"},"schema":{"@context":"https:\/\/schema.org","@graph":[{"@type":"WebPage","@id":"https:\/\/chat-board.dk\/fr\/storage-unit\/","url":"https:\/\/chat-board.dk\/fr\/storage-unit\/","name":"STORAGE UNIT - CHAT BOARD","isPartOf":{"@id":"https:\/\/chat-board.dk\/fr\/#website"},"primaryImageOfPage":{"@id":"https:\/\/chat-board.dk\/fr\/storage-unit\/#primaryimage"},"image":{"@id":"https:\/\/chat-board.dk\/fr\/storage-unit\/#primaryimage"},"thumbnailUrl":"https:\/\/chat-board.dk\/wp-content\/uploads\/2020\/10\/CHAT-BOARD-Storage-Unit-Magnetic-Black-with-pens-1-e1605014673669.jpg","datePublished":"2020-10-14T14:19:50+00:00","dateModified":"2026-03-20T10:37:52+00:00","breadcrumb":{"@id":"https:\/\/chat-board.dk\/fr\/storage-unit\/#breadcrumb"},"inLanguage":"fr-FR","potentialAction":[{"@type":"ReadAction","target":["https:\/\/chat-board.dk\/fr\/storage-unit\/"]}]},{"@type":"ImageObject","inLanguage":"fr-FR","@id":"https:\/\/chat-board.dk\/fr\/storage-unit\/#primaryimage","url":"https:\/\/chat-board.dk\/wp-content\/uploads\/2020\/10\/CHAT-BOARD-Storage-Unit-Magnetic-Black-with-pens-1-e1605014673669.jpg","contentUrl":"https:\/\/chat-board.dk\/wp-content\/uploads\/2020\/10\/CHAT-BOARD-Storage-Unit-Magnetic-Black-with-pens-1-e1605014673669.jpg","width":800,"height":1200},{"@type":"BreadcrumbList","@id":"https:\/\/chat-board.dk\/fr\/storage-unit\/#breadcrumb","itemListElement":[{"@type":"ListItem","position":1,"name":"Home","item":"https:\/\/chat-board.dk\/fr\/"},{"@type":"ListItem","position":2,"name":"Produits","item":"https:\/\/chat-board.dk\/fr\/produits\/"},{"@type":"ListItem","position":3,"name":"STORAGE UNIT"}]},{"@type":"WebSite","@id":"https:\/\/chat-board.dk\/fr\/#website","url":"https:\/\/chat-board.dk\/fr\/","name":"CHAT BOARD","description":"","potentialAction":[{"@type":"SearchAction","target":{"@type":"EntryPoint","urlTemplate":"https:\/\/chat-board.dk\/fr\/?s={search_term_string}"},"query-input":{"@type":"PropertyValueSpecification","valueRequired":true,"valueName":"search_term_string"}}],"inLanguage":"fr-FR"}]}},"_links":{"self":[{"href":"https:\/\/chat-board.dk\/fr\/wp-json\/wp\/v2\/product\/2898","targetHints":{"allow":["GET"]}}],"collection":[{"href":"https:\/\/chat-board.dk\/fr\/wp-json\/wp\/v2\/product"}],"about":[{"href":"https:\/\/chat-board.dk\/fr\/wp-json\/wp\/v2\/types\/product"}],"replies":[{"embeddable":true,"href":"https:\/\/chat-board.dk\/fr\/wp-json\/wp\/v2\/comments?post=2898"}],"wp:featuredmedia":[{"embeddable":true,"href":"https:\/\/chat-board.dk\/fr\/wp-json\/wp\/v2\/media\/2038"}],"wp:attachment":[{"href":"https:\/\/chat-board.dk\/fr\/wp-json\/wp\/v2\/media?parent=2898"}],"wp:term":[{"taxonomy":"product_brand","embeddable":true,"href":"https:\/\/chat-board.dk\/fr\/wp-json\/wp\/v2\/product_brand?post=2898"},{"taxonomy":"product_cat","embeddable":true,"href":"https:\/\/chat-board.dk\/fr\/wp-json\/wp\/v2\/product_cat?post=2898"},{"taxonomy":"product_tag","embeddable":true,"href":"https:\/\/chat-board.dk\/fr\/wp-json\/wp\/v2\/product_tag?post=2898"}],"curies":[{"name":"wp","href":"https:\/\/api.w.org\/{rel}","templated":true}]}}