{"id":2893,"date":"2020-10-14T16:17:24","date_gmt":"2020-10-14T14:17:24","guid":{"rendered":"http:\/\/clients.rubystudio.dk\/chatboard\/product\/squad-fr\/"},"modified":"2026-03-20T12:32:35","modified_gmt":"2026-03-20T10:32:35","slug":"squad-fr","status":"publish","type":"product","link":"https:\/\/chat-board.dk\/fr\/squad-fr\/","title":{"rendered":"SQUAD"},"content":{"rendered":"<p>Au dessin harmonieux, fid\u00e8le \u00e0 la tradition Scandinave, alliant parfaitement design et fonction, les divers CHAT BOARD\u00ae SQUAD offrent ce qu\u2019il y a de meilleur en termes de fonctionnalit\u00e9s intuitives et esth\u00e9tiques, sans compromis, avec un design sobre, chic et contemporain, cr\u00e9e par le studio RUMRUM, renomm\u00e9 concepteur et<br \/>\nSpace Planner Su\u00e9dois. La collection capsule de trois produits est compos\u00e9e de deux versions sur pied et d\u2019un s\u00e9parateur de table\/bureau autoportant, tous accompagn\u00e9 d\u2019\u00e9l\u00e9ments de rangements ; les SQUAD Collectors.<\/p>\n<p>Le design est d\u00e9lib\u00e9r\u00e9ment sobre et minimaliste. Les structures l\u00e9g\u00e8res, en acier peintes par poudrage, servent de ch\u00e2ssis \u00e9l\u00e9gants et multifonctionnels pour les surfaces d\u2019\u00e9criture en verre magn\u00e9tique sur la face de toutes les versions SQUAD. Ces derni\u00e8res sont \u00e0 la fois contrast\u00e9es et accentu\u00e9es par des panneaux en acier perfor\u00e9s, int\u00e9gr\u00e9s au ch\u00e2ssis en acier, affichant un design graphique clairement g\u00e9om\u00e9trique. Dans la gamme SQUAD, toutes les formes ont une fonctionnalit\u00e9 et un but pr\u00e9cis. Les \u00ab Collectors \u00bb<br \/>\noffrent de petits espaces de rangement faciles \u00e0 fixer et indispensables pour les stylos et autres objets personnels, tout en cr\u00e9ant un effet vertical additionnel, propre \u00e0 chaque utilisateur.<\/p>\n<p>Con\u00e7us et fabriqu\u00e9s en Scandinavie, les produits SQUAD sont \u00e0 assembler sur place et livr\u00e9s en conditionnements \u00e0 plats, r\u00e9duisant ainsi les co\u00fbts de transport et l\u2018impact environnemental.<\/p>\n","protected":false},"excerpt":{"rendered":"<p>CHAT BOARD\u00ae SQUAD offrent ce qu\u2019il y a de meilleur en termes de fonctionnalit\u00e9s intuitives et esth\u00e9tiques, sans compromis, dans une collection capsule d&#8217;\u00e9crans sur pied et de s\u00e9paration pour bureaux, tous accompagn\u00e9 d\u2019\u00e9l\u00e9ments de rangements.<\/p>\n","protected":false},"featured_media":5555,"comment_status":"open","ping_status":"closed","template":"","meta":{"_acf_changed":false},"product_brand":[],"product_cat":[102],"product_tag":[],"class_list":{"0":"post-2893","1":"product","2":"type-product","3":"status-publish","4":"has-post-thumbnail","6":"product_cat-les-mobiles","7":"designer-rumrum-fr","9":"first","10":"instock","11":"shipping-taxable","12":"product-type-simple"},"acf":[],"yoast_head":"<!-- This site is optimized with the Yoast SEO plugin v25.3.1 - https:\/\/yoast.com\/wordpress\/plugins\/seo\/ -->\n<title>SQUAD - CHAT BOARD<\/title>\n<meta name=\"robots\" content=\"index, follow, max-snippet:-1, max-image-preview:large, max-video-preview:-1\" \/>\n<link rel=\"canonical\" href=\"https:\/\/chat-board.dk\/fr\/squad-fr\/\" \/>\n<meta property=\"og:locale\" content=\"fr_FR\" \/>\n<meta property=\"og:type\" content=\"article\" \/>\n<meta property=\"og:title\" content=\"SQUAD - CHAT BOARD\" \/>\n<meta property=\"og:description\" content=\"CHAT BOARD\u00ae SQUAD offrent ce qu\u2019il y a de meilleur en termes de fonctionnalit\u00e9s intuitives et esth\u00e9tiques, sans compromis, dans une collection capsule d&#039;\u00e9crans sur pied et de s\u00e9paration pour bureaux, tous accompagn\u00e9 d\u2019\u00e9l\u00e9ments de rangements.\" \/>\n<meta property=\"og:url\" content=\"https:\/\/chat-board.dk\/fr\/squad-fr\/\" \/>\n<meta property=\"og:site_name\" content=\"CHAT BOARD\" \/>\n<meta property=\"article:modified_time\" content=\"2026-03-20T10:32:35+00:00\" \/>\n<meta property=\"og:image\" content=\"https:\/\/chat-board.dk\/wp-content\/uploads\/2020\/10\/CHAT-BOARD-SQUAD-Runner-conference-room-gallery-scaled.jpg\" \/>\n\t<meta property=\"og:image:width\" content=\"1706\" \/>\n\t<meta property=\"og:image:height\" content=\"2560\" \/>\n\t<meta property=\"og:image:type\" content=\"image\/jpeg\" \/>\n<meta name=\"twitter:card\" content=\"summary_large_image\" \/>\n<meta name=\"twitter:label1\" content=\"Est. reading time\" \/>\n\t<meta name=\"twitter:data1\" content=\"2 minutes\" \/>\n<script type=\"application\/ld+json\" class=\"yoast-schema-graph\">{\"@context\":\"https:\/\/schema.org\",\"@graph\":[{\"@type\":\"WebPage\",\"@id\":\"https:\/\/chat-board.dk\/fr\/squad-fr\/\",\"url\":\"https:\/\/chat-board.dk\/fr\/squad-fr\/\",\"name\":\"SQUAD - CHAT BOARD\",\"isPartOf\":{\"@id\":\"https:\/\/chat-board.dk\/fr\/#website\"},\"primaryImageOfPage\":{\"@id\":\"https:\/\/chat-board.dk\/fr\/squad-fr\/#primaryimage\"},\"image\":{\"@id\":\"https:\/\/chat-board.dk\/fr\/squad-fr\/#primaryimage\"},\"thumbnailUrl\":\"https:\/\/chat-board.dk\/wp-content\/uploads\/2020\/10\/CHAT-BOARD-SQUAD-Runner-conference-room-gallery-scaled.jpg\",\"datePublished\":\"2020-10-14T14:17:24+00:00\",\"dateModified\":\"2026-03-20T10:32:35+00:00\",\"breadcrumb\":{\"@id\":\"https:\/\/chat-board.dk\/fr\/squad-fr\/#breadcrumb\"},\"inLanguage\":\"fr-FR\",\"potentialAction\":[{\"@type\":\"ReadAction\",\"target\":[\"https:\/\/chat-board.dk\/fr\/squad-fr\/\"]}]},{\"@type\":\"ImageObject\",\"inLanguage\":\"fr-FR\",\"@id\":\"https:\/\/chat-board.dk\/fr\/squad-fr\/#primaryimage\",\"url\":\"https:\/\/chat-board.dk\/wp-content\/uploads\/2020\/10\/CHAT-BOARD-SQUAD-Runner-conference-room-gallery-scaled.jpg\",\"contentUrl\":\"https:\/\/chat-board.dk\/wp-content\/uploads\/2020\/10\/CHAT-BOARD-SQUAD-Runner-conference-room-gallery-scaled.jpg\",\"width\":1706,\"height\":2560,\"caption\":\"CHAT BOARD SQUAD, two Runner units\"},{\"@type\":\"BreadcrumbList\",\"@id\":\"https:\/\/chat-board.dk\/fr\/squad-fr\/#breadcrumb\",\"itemListElement\":[{\"@type\":\"ListItem\",\"position\":1,\"name\":\"Home\",\"item\":\"https:\/\/chat-board.dk\/fr\/\"},{\"@type\":\"ListItem\",\"position\":2,\"name\":\"Produits\",\"item\":\"https:\/\/chat-board.dk\/fr\/produits\/\"},{\"@type\":\"ListItem\",\"position\":3,\"name\":\"SQUAD\"}]},{\"@type\":\"WebSite\",\"@id\":\"https:\/\/chat-board.dk\/fr\/#website\",\"url\":\"https:\/\/chat-board.dk\/fr\/\",\"name\":\"CHAT BOARD\",\"description\":\"\",\"potentialAction\":[{\"@type\":\"SearchAction\",\"target\":{\"@type\":\"EntryPoint\",\"urlTemplate\":\"https:\/\/chat-board.dk\/fr\/?s={search_term_string}\"},\"query-input\":{\"@type\":\"PropertyValueSpecification\",\"valueRequired\":true,\"valueName\":\"search_term_string\"}}],\"inLanguage\":\"fr-FR\"}]}<\/script>\n<!-- \/ Yoast SEO plugin. -->","yoast_head_json":{"title":"SQUAD - CHAT BOARD","robots":{"index":"index","follow":"follow","max-snippet":"max-snippet:-1","max-image-preview":"max-image-preview:large","max-video-preview":"max-video-preview:-1"},"canonical":"https:\/\/chat-board.dk\/fr\/squad-fr\/","og_locale":"fr_FR","og_type":"article","og_title":"SQUAD - CHAT BOARD","og_description":"CHAT BOARD\u00ae SQUAD offrent ce qu\u2019il y a de meilleur en termes de fonctionnalit\u00e9s intuitives et esth\u00e9tiques, sans compromis, dans une collection capsule d'\u00e9crans sur pied et de s\u00e9paration pour bureaux, tous accompagn\u00e9 d\u2019\u00e9l\u00e9ments de rangements.","og_url":"https:\/\/chat-board.dk\/fr\/squad-fr\/","og_site_name":"CHAT BOARD","article_modified_time":"2026-03-20T10:32:35+00:00","og_image":[{"width":1706,"height":2560,"url":"https:\/\/chat-board.dk\/wp-content\/uploads\/2020\/10\/CHAT-BOARD-SQUAD-Runner-conference-room-gallery-scaled.jpg","type":"image\/jpeg"}],"twitter_card":"summary_large_image","twitter_misc":{"Est. reading time":"2 minutes"},"schema":{"@context":"https:\/\/schema.org","@graph":[{"@type":"WebPage","@id":"https:\/\/chat-board.dk\/fr\/squad-fr\/","url":"https:\/\/chat-board.dk\/fr\/squad-fr\/","name":"SQUAD - CHAT BOARD","isPartOf":{"@id":"https:\/\/chat-board.dk\/fr\/#website"},"primaryImageOfPage":{"@id":"https:\/\/chat-board.dk\/fr\/squad-fr\/#primaryimage"},"image":{"@id":"https:\/\/chat-board.dk\/fr\/squad-fr\/#primaryimage"},"thumbnailUrl":"https:\/\/chat-board.dk\/wp-content\/uploads\/2020\/10\/CHAT-BOARD-SQUAD-Runner-conference-room-gallery-scaled.jpg","datePublished":"2020-10-14T14:17:24+00:00","dateModified":"2026-03-20T10:32:35+00:00","breadcrumb":{"@id":"https:\/\/chat-board.dk\/fr\/squad-fr\/#breadcrumb"},"inLanguage":"fr-FR","potentialAction":[{"@type":"ReadAction","target":["https:\/\/chat-board.dk\/fr\/squad-fr\/"]}]},{"@type":"ImageObject","inLanguage":"fr-FR","@id":"https:\/\/chat-board.dk\/fr\/squad-fr\/#primaryimage","url":"https:\/\/chat-board.dk\/wp-content\/uploads\/2020\/10\/CHAT-BOARD-SQUAD-Runner-conference-room-gallery-scaled.jpg","contentUrl":"https:\/\/chat-board.dk\/wp-content\/uploads\/2020\/10\/CHAT-BOARD-SQUAD-Runner-conference-room-gallery-scaled.jpg","width":1706,"height":2560,"caption":"CHAT BOARD SQUAD, two Runner units"},{"@type":"BreadcrumbList","@id":"https:\/\/chat-board.dk\/fr\/squad-fr\/#breadcrumb","itemListElement":[{"@type":"ListItem","position":1,"name":"Home","item":"https:\/\/chat-board.dk\/fr\/"},{"@type":"ListItem","position":2,"name":"Produits","item":"https:\/\/chat-board.dk\/fr\/produits\/"},{"@type":"ListItem","position":3,"name":"SQUAD"}]},{"@type":"WebSite","@id":"https:\/\/chat-board.dk\/fr\/#website","url":"https:\/\/chat-board.dk\/fr\/","name":"CHAT BOARD","description":"","potentialAction":[{"@type":"SearchAction","target":{"@type":"EntryPoint","urlTemplate":"https:\/\/chat-board.dk\/fr\/?s={search_term_string}"},"query-input":{"@type":"PropertyValueSpecification","valueRequired":true,"valueName":"search_term_string"}}],"inLanguage":"fr-FR"}]}},"_links":{"self":[{"href":"https:\/\/chat-board.dk\/fr\/wp-json\/wp\/v2\/product\/2893","targetHints":{"allow":["GET"]}}],"collection":[{"href":"https:\/\/chat-board.dk\/fr\/wp-json\/wp\/v2\/product"}],"about":[{"href":"https:\/\/chat-board.dk\/fr\/wp-json\/wp\/v2\/types\/product"}],"replies":[{"embeddable":true,"href":"https:\/\/chat-board.dk\/fr\/wp-json\/wp\/v2\/comments?post=2893"}],"wp:featuredmedia":[{"embeddable":true,"href":"https:\/\/chat-board.dk\/fr\/wp-json\/wp\/v2\/media\/5555"}],"wp:attachment":[{"href":"https:\/\/chat-board.dk\/fr\/wp-json\/wp\/v2\/media?parent=2893"}],"wp:term":[{"taxonomy":"product_brand","embeddable":true,"href":"https:\/\/chat-board.dk\/fr\/wp-json\/wp\/v2\/product_brand?post=2893"},{"taxonomy":"product_cat","embeddable":true,"href":"https:\/\/chat-board.dk\/fr\/wp-json\/wp\/v2\/product_cat?post=2893"},{"taxonomy":"product_tag","embeddable":true,"href":"https:\/\/chat-board.dk\/fr\/wp-json\/wp\/v2\/product_tag?post=2893"}],"curies":[{"name":"wp","href":"https:\/\/api.w.org\/{rel}","templated":true}]}}