{"id":2892,"date":"2020-10-14T15:41:51","date_gmt":"2020-10-14T13:41:51","guid":{"rendered":"http:\/\/clients.rubystudio.dk\/chatboard\/product\/mobile-fr\/"},"modified":"2026-03-23T10:13:33","modified_gmt":"2026-03-23T08:13:33","slug":"mobile","status":"publish","type":"product","link":"https:\/\/chat-board.dk\/fr\/mobile-fr\/","title":{"rendered":"MOBILE"},"content":{"rendered":"<p>CHAT BOARD\u00ae Mobile est la solution multifonction id\u00e9ale pour le travail quotidien en mouvement. Le design ing\u00e9nieux, la construction robuste et le ch\u00e2ssis ultra-stable, mais cependant mobile, rendent le renversement quasiment impossible. Vous conservez ainsi beaucoup de place pour les id\u00e9es cr\u00e9atives et les processus.<\/p>\n<p>En plus du panneau en verre magn\u00e9tique inscriptible typique sur la face avant, le panneau Mobile peut aussi \u00eatre \u00e9quip\u00e9 sur la face arri\u00e8re d\u2018un panneau BuzziFelt insonorisant ou d\u2019un panneau en verre magn\u00e9tique suppl\u00e9mentaire.<\/p>\n","protected":false},"excerpt":{"rendered":"<p>CHAT BOARD\u00ae Mobile est la solution multifonction et ultra-stable, id\u00e9ale pour le travail quotidien en mouvement.<\/p>\n","protected":false},"featured_media":9293,"comment_status":"open","ping_status":"closed","template":"","meta":{"_acf_changed":false},"product_brand":[],"product_cat":[102],"product_tag":[],"class_list":{"0":"post-2892","1":"product","2":"type-product","3":"status-publish","4":"has-post-thumbnail","6":"product_cat-les-mobiles","8":"first","9":"instock","10":"shipping-taxable","11":"product-type-simple"},"acf":[],"yoast_head":"<!-- This site is optimized with the Yoast SEO plugin v25.3.1 - https:\/\/yoast.com\/wordpress\/plugins\/seo\/ -->\n<title>MOBILE - CHAT BOARD<\/title>\n<meta name=\"robots\" content=\"index, follow, max-snippet:-1, max-image-preview:large, max-video-preview:-1\" \/>\n<link rel=\"canonical\" href=\"https:\/\/chat-board.dk\/fr\/mobile-fr\/\" \/>\n<meta property=\"og:locale\" content=\"fr_FR\" \/>\n<meta property=\"og:type\" content=\"article\" \/>\n<meta property=\"og:title\" content=\"MOBILE - CHAT BOARD\" \/>\n<meta property=\"og:description\" content=\"CHAT BOARD\u00ae Mobile est la solution multifonction et ultra-stable, id\u00e9ale pour le travail quotidien en mouvement.\" \/>\n<meta property=\"og:url\" content=\"https:\/\/chat-board.dk\/fr\/mobile-fr\/\" \/>\n<meta property=\"og:site_name\" content=\"CHAT BOARD\" \/>\n<meta property=\"article:modified_time\" content=\"2026-03-23T08:13:33+00:00\" \/>\n<meta property=\"og:image\" content=\"https:\/\/chat-board.dk\/wp-content\/uploads\/2023\/09\/CHAT-BOARD-Mobile-Conference-B-Black-portrait-scaled.jpg\" \/>\n\t<meta property=\"og:image:width\" content=\"1706\" \/>\n\t<meta property=\"og:image:height\" content=\"2560\" \/>\n\t<meta property=\"og:image:type\" content=\"image\/jpeg\" \/>\n<meta name=\"twitter:card\" content=\"summary_large_image\" \/>\n<meta name=\"twitter:label1\" content=\"Est. reading time\" \/>\n\t<meta name=\"twitter:data1\" content=\"1 minute\" \/>\n<script type=\"application\/ld+json\" class=\"yoast-schema-graph\">{\"@context\":\"https:\/\/schema.org\",\"@graph\":[{\"@type\":\"WebPage\",\"@id\":\"https:\/\/chat-board.dk\/fr\/mobile-fr\/\",\"url\":\"https:\/\/chat-board.dk\/fr\/mobile-fr\/\",\"name\":\"MOBILE - CHAT BOARD\",\"isPartOf\":{\"@id\":\"https:\/\/chat-board.dk\/fr\/#website\"},\"primaryImageOfPage\":{\"@id\":\"https:\/\/chat-board.dk\/fr\/mobile-fr\/#primaryimage\"},\"image\":{\"@id\":\"https:\/\/chat-board.dk\/fr\/mobile-fr\/#primaryimage\"},\"thumbnailUrl\":\"https:\/\/chat-board.dk\/wp-content\/uploads\/2023\/09\/CHAT-BOARD-Mobile-Conference-B-Black-portrait-scaled.jpg\",\"datePublished\":\"2020-10-14T13:41:51+00:00\",\"dateModified\":\"2026-03-23T08:13:33+00:00\",\"breadcrumb\":{\"@id\":\"https:\/\/chat-board.dk\/fr\/mobile-fr\/#breadcrumb\"},\"inLanguage\":\"fr-FR\",\"potentialAction\":[{\"@type\":\"ReadAction\",\"target\":[\"https:\/\/chat-board.dk\/fr\/mobile-fr\/\"]}]},{\"@type\":\"ImageObject\",\"inLanguage\":\"fr-FR\",\"@id\":\"https:\/\/chat-board.dk\/fr\/mobile-fr\/#primaryimage\",\"url\":\"https:\/\/chat-board.dk\/wp-content\/uploads\/2023\/09\/CHAT-BOARD-Mobile-Conference-B-Black-portrait-scaled.jpg\",\"contentUrl\":\"https:\/\/chat-board.dk\/wp-content\/uploads\/2023\/09\/CHAT-BOARD-Mobile-Conference-B-Black-portrait-scaled.jpg\",\"width\":1706,\"height\":2560,\"caption\":\"CHAT BOARD Mobile in Black with Black glass in interior\"},{\"@type\":\"BreadcrumbList\",\"@id\":\"https:\/\/chat-board.dk\/fr\/mobile-fr\/#breadcrumb\",\"itemListElement\":[{\"@type\":\"ListItem\",\"position\":1,\"name\":\"Home\",\"item\":\"https:\/\/chat-board.dk\/fr\/\"},{\"@type\":\"ListItem\",\"position\":2,\"name\":\"Produits\",\"item\":\"https:\/\/chat-board.dk\/fr\/produits\/\"},{\"@type\":\"ListItem\",\"position\":3,\"name\":\"MOBILE\"}]},{\"@type\":\"WebSite\",\"@id\":\"https:\/\/chat-board.dk\/fr\/#website\",\"url\":\"https:\/\/chat-board.dk\/fr\/\",\"name\":\"CHAT BOARD\",\"description\":\"\",\"potentialAction\":[{\"@type\":\"SearchAction\",\"target\":{\"@type\":\"EntryPoint\",\"urlTemplate\":\"https:\/\/chat-board.dk\/fr\/?s={search_term_string}\"},\"query-input\":{\"@type\":\"PropertyValueSpecification\",\"valueRequired\":true,\"valueName\":\"search_term_string\"}}],\"inLanguage\":\"fr-FR\"}]}<\/script>\n<!-- \/ Yoast SEO plugin. -->","yoast_head_json":{"title":"MOBILE - CHAT BOARD","robots":{"index":"index","follow":"follow","max-snippet":"max-snippet:-1","max-image-preview":"max-image-preview:large","max-video-preview":"max-video-preview:-1"},"canonical":"https:\/\/chat-board.dk\/fr\/mobile-fr\/","og_locale":"fr_FR","og_type":"article","og_title":"MOBILE - CHAT BOARD","og_description":"CHAT BOARD\u00ae Mobile est la solution multifonction et ultra-stable, id\u00e9ale pour le travail quotidien en mouvement.","og_url":"https:\/\/chat-board.dk\/fr\/mobile-fr\/","og_site_name":"CHAT BOARD","article_modified_time":"2026-03-23T08:13:33+00:00","og_image":[{"width":1706,"height":2560,"url":"https:\/\/chat-board.dk\/wp-content\/uploads\/2023\/09\/CHAT-BOARD-Mobile-Conference-B-Black-portrait-scaled.jpg","type":"image\/jpeg"}],"twitter_card":"summary_large_image","twitter_misc":{"Est. reading time":"1 minute"},"schema":{"@context":"https:\/\/schema.org","@graph":[{"@type":"WebPage","@id":"https:\/\/chat-board.dk\/fr\/mobile-fr\/","url":"https:\/\/chat-board.dk\/fr\/mobile-fr\/","name":"MOBILE - CHAT BOARD","isPartOf":{"@id":"https:\/\/chat-board.dk\/fr\/#website"},"primaryImageOfPage":{"@id":"https:\/\/chat-board.dk\/fr\/mobile-fr\/#primaryimage"},"image":{"@id":"https:\/\/chat-board.dk\/fr\/mobile-fr\/#primaryimage"},"thumbnailUrl":"https:\/\/chat-board.dk\/wp-content\/uploads\/2023\/09\/CHAT-BOARD-Mobile-Conference-B-Black-portrait-scaled.jpg","datePublished":"2020-10-14T13:41:51+00:00","dateModified":"2026-03-23T08:13:33+00:00","breadcrumb":{"@id":"https:\/\/chat-board.dk\/fr\/mobile-fr\/#breadcrumb"},"inLanguage":"fr-FR","potentialAction":[{"@type":"ReadAction","target":["https:\/\/chat-board.dk\/fr\/mobile-fr\/"]}]},{"@type":"ImageObject","inLanguage":"fr-FR","@id":"https:\/\/chat-board.dk\/fr\/mobile-fr\/#primaryimage","url":"https:\/\/chat-board.dk\/wp-content\/uploads\/2023\/09\/CHAT-BOARD-Mobile-Conference-B-Black-portrait-scaled.jpg","contentUrl":"https:\/\/chat-board.dk\/wp-content\/uploads\/2023\/09\/CHAT-BOARD-Mobile-Conference-B-Black-portrait-scaled.jpg","width":1706,"height":2560,"caption":"CHAT BOARD Mobile in Black with Black glass in interior"},{"@type":"BreadcrumbList","@id":"https:\/\/chat-board.dk\/fr\/mobile-fr\/#breadcrumb","itemListElement":[{"@type":"ListItem","position":1,"name":"Home","item":"https:\/\/chat-board.dk\/fr\/"},{"@type":"ListItem","position":2,"name":"Produits","item":"https:\/\/chat-board.dk\/fr\/produits\/"},{"@type":"ListItem","position":3,"name":"MOBILE"}]},{"@type":"WebSite","@id":"https:\/\/chat-board.dk\/fr\/#website","url":"https:\/\/chat-board.dk\/fr\/","name":"CHAT BOARD","description":"","potentialAction":[{"@type":"SearchAction","target":{"@type":"EntryPoint","urlTemplate":"https:\/\/chat-board.dk\/fr\/?s={search_term_string}"},"query-input":{"@type":"PropertyValueSpecification","valueRequired":true,"valueName":"search_term_string"}}],"inLanguage":"fr-FR"}]}},"_links":{"self":[{"href":"https:\/\/chat-board.dk\/fr\/wp-json\/wp\/v2\/product\/2892","targetHints":{"allow":["GET"]}}],"collection":[{"href":"https:\/\/chat-board.dk\/fr\/wp-json\/wp\/v2\/product"}],"about":[{"href":"https:\/\/chat-board.dk\/fr\/wp-json\/wp\/v2\/types\/product"}],"replies":[{"embeddable":true,"href":"https:\/\/chat-board.dk\/fr\/wp-json\/wp\/v2\/comments?post=2892"}],"wp:featuredmedia":[{"embeddable":true,"href":"https:\/\/chat-board.dk\/fr\/wp-json\/wp\/v2\/media\/9293"}],"wp:attachment":[{"href":"https:\/\/chat-board.dk\/fr\/wp-json\/wp\/v2\/media?parent=2892"}],"wp:term":[{"taxonomy":"product_brand","embeddable":true,"href":"https:\/\/chat-board.dk\/fr\/wp-json\/wp\/v2\/product_brand?post=2892"},{"taxonomy":"product_cat","embeddable":true,"href":"https:\/\/chat-board.dk\/fr\/wp-json\/wp\/v2\/product_cat?post=2892"},{"taxonomy":"product_tag","embeddable":true,"href":"https:\/\/chat-board.dk\/fr\/wp-json\/wp\/v2\/product_tag?post=2892"}],"curies":[{"name":"wp","href":"https:\/\/api.w.org\/{rel}","templated":true}]}}