{"id":2838,"date":"2020-10-14T15:40:05","date_gmt":"2020-10-14T13:40:05","guid":{"rendered":"http:\/\/clients.rubystudio.dk\/chatboard\/product\/buzzifelt-fr\/"},"modified":"2026-03-20T12:23:28","modified_gmt":"2026-03-20T10:23:28","slug":"buzzifelt-fr","status":"publish","type":"product","link":"https:\/\/chat-board.dk\/fr\/buzzifelt-fr\/","title":{"rendered":"BUZZIFELT"},"content":{"rendered":"<p>CHAT BOARD\u00ae BuzziFelt est notre tableau d\u2019affichage mural magn\u00e9tique, avec rev\u00eatement en feutre. Il est compos\u00e9 \u00e0 100 % de feutre de 6 mm d\u2019\u00e9paisseur en PET recycl\u00e9 et il vient ainsi parfaitement compl\u00e9ter nos panneaux muraux en verre.<\/p>\n<p>En association avec le CHAT BOARD\u00ae Classic, par exemple, ces panneaux \u00e0 rev\u00eatement en feutre peuvent transformer chaque mur de bureau en une surface ultra-fonctionnelle, multi-structur\u00e9e et dynamique.<\/p>\n","protected":false},"excerpt":{"rendered":"<p>CHAT BOARD\u00ae BuzziFelt est notre tableau d&#8217;affichage magn\u00e9tique et insonorisant et le compagnon id\u00e9al de toutes nos panneaux en verre.<\/p>\n","protected":false},"featured_media":10057,"comment_status":"open","ping_status":"closed","template":"","meta":{"_acf_changed":false},"product_brand":[],"product_cat":[94],"product_tag":[],"class_list":{"0":"post-2838","1":"product","2":"type-product","3":"status-publish","4":"has-post-thumbnail","6":"product_cat-les-mureaux","8":"first","9":"instock","10":"shipping-taxable","11":"product-type-simple"},"acf":[],"yoast_head":"<!-- This site is optimized with the Yoast SEO plugin v25.3.1 - https:\/\/yoast.com\/wordpress\/plugins\/seo\/ -->\n<title>BUZZIFELT - CHAT BOARD<\/title>\n<meta name=\"robots\" content=\"index, follow, max-snippet:-1, max-image-preview:large, max-video-preview:-1\" \/>\n<link rel=\"canonical\" href=\"https:\/\/chat-board.dk\/fr\/buzzifelt-fr\/\" \/>\n<meta property=\"og:locale\" content=\"fr_FR\" \/>\n<meta property=\"og:type\" content=\"article\" \/>\n<meta property=\"og:title\" content=\"BUZZIFELT - CHAT BOARD\" \/>\n<meta property=\"og:description\" content=\"CHAT BOARD\u00ae BuzziFelt est notre tableau d&#039;affichage magn\u00e9tique et insonorisant et le compagnon id\u00e9al de toutes nos panneaux en verre.\" \/>\n<meta property=\"og:url\" content=\"https:\/\/chat-board.dk\/fr\/buzzifelt-fr\/\" \/>\n<meta property=\"og:site_name\" content=\"CHAT BOARD\" \/>\n<meta property=\"article:modified_time\" content=\"2026-03-20T10:23:28+00:00\" \/>\n<meta property=\"og:image\" content=\"https:\/\/chat-board.dk\/wp-content\/uploads\/2024\/10\/CHAT-BOARD-BuzziFelt-20x100-close-up-683x1024.jpg\" \/>\n\t<meta property=\"og:image:width\" content=\"683\" \/>\n\t<meta property=\"og:image:height\" content=\"1024\" \/>\n\t<meta property=\"og:image:type\" content=\"image\/jpeg\" \/>\n<meta name=\"twitter:card\" content=\"summary_large_image\" \/>\n<meta name=\"twitter:label1\" content=\"Est. reading time\" \/>\n\t<meta name=\"twitter:data1\" content=\"1 minute\" \/>\n<script type=\"application\/ld+json\" class=\"yoast-schema-graph\">{\"@context\":\"https:\/\/schema.org\",\"@graph\":[{\"@type\":\"WebPage\",\"@id\":\"https:\/\/chat-board.dk\/fr\/buzzifelt-fr\/\",\"url\":\"https:\/\/chat-board.dk\/fr\/buzzifelt-fr\/\",\"name\":\"BUZZIFELT - CHAT BOARD\",\"isPartOf\":{\"@id\":\"https:\/\/chat-board.dk\/fr\/#website\"},\"primaryImageOfPage\":{\"@id\":\"https:\/\/chat-board.dk\/fr\/buzzifelt-fr\/#primaryimage\"},\"image\":{\"@id\":\"https:\/\/chat-board.dk\/fr\/buzzifelt-fr\/#primaryimage\"},\"thumbnailUrl\":\"https:\/\/chat-board.dk\/wp-content\/uploads\/2024\/10\/CHAT-BOARD-BuzziFelt-20x100-close-up.jpg\",\"datePublished\":\"2020-10-14T13:40:05+00:00\",\"dateModified\":\"2026-03-20T10:23:28+00:00\",\"breadcrumb\":{\"@id\":\"https:\/\/chat-board.dk\/fr\/buzzifelt-fr\/#breadcrumb\"},\"inLanguage\":\"fr-FR\",\"potentialAction\":[{\"@type\":\"ReadAction\",\"target\":[\"https:\/\/chat-board.dk\/fr\/buzzifelt-fr\/\"]}]},{\"@type\":\"ImageObject\",\"inLanguage\":\"fr-FR\",\"@id\":\"https:\/\/chat-board.dk\/fr\/buzzifelt-fr\/#primaryimage\",\"url\":\"https:\/\/chat-board.dk\/wp-content\/uploads\/2024\/10\/CHAT-BOARD-BuzziFelt-20x100-close-up.jpg\",\"contentUrl\":\"https:\/\/chat-board.dk\/wp-content\/uploads\/2024\/10\/CHAT-BOARD-BuzziFelt-20x100-close-up.jpg\",\"width\":1568,\"height\":2351,\"caption\":\"filt opslagstavle\"},{\"@type\":\"BreadcrumbList\",\"@id\":\"https:\/\/chat-board.dk\/fr\/buzzifelt-fr\/#breadcrumb\",\"itemListElement\":[{\"@type\":\"ListItem\",\"position\":1,\"name\":\"Home\",\"item\":\"https:\/\/chat-board.dk\/fr\/\"},{\"@type\":\"ListItem\",\"position\":2,\"name\":\"Produits\",\"item\":\"https:\/\/chat-board.dk\/fr\/produits\/\"},{\"@type\":\"ListItem\",\"position\":3,\"name\":\"BUZZIFELT\"}]},{\"@type\":\"WebSite\",\"@id\":\"https:\/\/chat-board.dk\/fr\/#website\",\"url\":\"https:\/\/chat-board.dk\/fr\/\",\"name\":\"CHAT BOARD\",\"description\":\"\",\"potentialAction\":[{\"@type\":\"SearchAction\",\"target\":{\"@type\":\"EntryPoint\",\"urlTemplate\":\"https:\/\/chat-board.dk\/fr\/?s={search_term_string}\"},\"query-input\":{\"@type\":\"PropertyValueSpecification\",\"valueRequired\":true,\"valueName\":\"search_term_string\"}}],\"inLanguage\":\"fr-FR\"}]}<\/script>\n<!-- \/ Yoast SEO plugin. -->","yoast_head_json":{"title":"BUZZIFELT - CHAT BOARD","robots":{"index":"index","follow":"follow","max-snippet":"max-snippet:-1","max-image-preview":"max-image-preview:large","max-video-preview":"max-video-preview:-1"},"canonical":"https:\/\/chat-board.dk\/fr\/buzzifelt-fr\/","og_locale":"fr_FR","og_type":"article","og_title":"BUZZIFELT - CHAT BOARD","og_description":"CHAT BOARD\u00ae BuzziFelt est notre tableau d'affichage magn\u00e9tique et insonorisant et le compagnon id\u00e9al de toutes nos panneaux en verre.","og_url":"https:\/\/chat-board.dk\/fr\/buzzifelt-fr\/","og_site_name":"CHAT BOARD","article_modified_time":"2026-03-20T10:23:28+00:00","og_image":[{"width":683,"height":1024,"url":"https:\/\/chat-board.dk\/wp-content\/uploads\/2024\/10\/CHAT-BOARD-BuzziFelt-20x100-close-up-683x1024.jpg","type":"image\/jpeg"}],"twitter_card":"summary_large_image","twitter_misc":{"Est. reading time":"1 minute"},"schema":{"@context":"https:\/\/schema.org","@graph":[{"@type":"WebPage","@id":"https:\/\/chat-board.dk\/fr\/buzzifelt-fr\/","url":"https:\/\/chat-board.dk\/fr\/buzzifelt-fr\/","name":"BUZZIFELT - CHAT BOARD","isPartOf":{"@id":"https:\/\/chat-board.dk\/fr\/#website"},"primaryImageOfPage":{"@id":"https:\/\/chat-board.dk\/fr\/buzzifelt-fr\/#primaryimage"},"image":{"@id":"https:\/\/chat-board.dk\/fr\/buzzifelt-fr\/#primaryimage"},"thumbnailUrl":"https:\/\/chat-board.dk\/wp-content\/uploads\/2024\/10\/CHAT-BOARD-BuzziFelt-20x100-close-up.jpg","datePublished":"2020-10-14T13:40:05+00:00","dateModified":"2026-03-20T10:23:28+00:00","breadcrumb":{"@id":"https:\/\/chat-board.dk\/fr\/buzzifelt-fr\/#breadcrumb"},"inLanguage":"fr-FR","potentialAction":[{"@type":"ReadAction","target":["https:\/\/chat-board.dk\/fr\/buzzifelt-fr\/"]}]},{"@type":"ImageObject","inLanguage":"fr-FR","@id":"https:\/\/chat-board.dk\/fr\/buzzifelt-fr\/#primaryimage","url":"https:\/\/chat-board.dk\/wp-content\/uploads\/2024\/10\/CHAT-BOARD-BuzziFelt-20x100-close-up.jpg","contentUrl":"https:\/\/chat-board.dk\/wp-content\/uploads\/2024\/10\/CHAT-BOARD-BuzziFelt-20x100-close-up.jpg","width":1568,"height":2351,"caption":"filt opslagstavle"},{"@type":"BreadcrumbList","@id":"https:\/\/chat-board.dk\/fr\/buzzifelt-fr\/#breadcrumb","itemListElement":[{"@type":"ListItem","position":1,"name":"Home","item":"https:\/\/chat-board.dk\/fr\/"},{"@type":"ListItem","position":2,"name":"Produits","item":"https:\/\/chat-board.dk\/fr\/produits\/"},{"@type":"ListItem","position":3,"name":"BUZZIFELT"}]},{"@type":"WebSite","@id":"https:\/\/chat-board.dk\/fr\/#website","url":"https:\/\/chat-board.dk\/fr\/","name":"CHAT BOARD","description":"","potentialAction":[{"@type":"SearchAction","target":{"@type":"EntryPoint","urlTemplate":"https:\/\/chat-board.dk\/fr\/?s={search_term_string}"},"query-input":{"@type":"PropertyValueSpecification","valueRequired":true,"valueName":"search_term_string"}}],"inLanguage":"fr-FR"}]}},"_links":{"self":[{"href":"https:\/\/chat-board.dk\/fr\/wp-json\/wp\/v2\/product\/2838","targetHints":{"allow":["GET"]}}],"collection":[{"href":"https:\/\/chat-board.dk\/fr\/wp-json\/wp\/v2\/product"}],"about":[{"href":"https:\/\/chat-board.dk\/fr\/wp-json\/wp\/v2\/types\/product"}],"replies":[{"embeddable":true,"href":"https:\/\/chat-board.dk\/fr\/wp-json\/wp\/v2\/comments?post=2838"}],"wp:featuredmedia":[{"embeddable":true,"href":"https:\/\/chat-board.dk\/fr\/wp-json\/wp\/v2\/media\/10057"}],"wp:attachment":[{"href":"https:\/\/chat-board.dk\/fr\/wp-json\/wp\/v2\/media?parent=2838"}],"wp:term":[{"taxonomy":"product_brand","embeddable":true,"href":"https:\/\/chat-board.dk\/fr\/wp-json\/wp\/v2\/product_brand?post=2838"},{"taxonomy":"product_cat","embeddable":true,"href":"https:\/\/chat-board.dk\/fr\/wp-json\/wp\/v2\/product_cat?post=2838"},{"taxonomy":"product_tag","embeddable":true,"href":"https:\/\/chat-board.dk\/fr\/wp-json\/wp\/v2\/product_tag?post=2838"}],"curies":[{"name":"wp","href":"https:\/\/api.w.org\/{rel}","templated":true}]}}