{"id":2837,"date":"2020-10-14T15:41:03","date_gmt":"2020-10-14T13:41:03","guid":{"rendered":"http:\/\/clients.rubystudio.dk\/chatboard\/product\/elements-fr\/"},"modified":"2026-03-23T10:37:56","modified_gmt":"2026-03-23T08:37:56","slug":"elements-fr","status":"publish","type":"product","link":"https:\/\/chat-board.dk\/fr\/elements-fr\/","title":{"rendered":"ELEMENTS"},"content":{"rendered":"<p>CHAT BOARD\u00ae Elements offre les m\u00eames avantages et la m\u00eame qualit\u00e9 que nos tableaux en verre magn\u00e9tiques Classic, dans un design mis \u00e0 jour avec une finition des bords et des coins l\u00e9g\u00e8rement simplifi\u00e9e.<\/p>\n<p>La surface en verre fournit l&#8217;arri\u00e8re-plan id\u00e9ale pour visualiser et communiquer des id\u00e9es et des informations notamment dans le cadre de r\u00e9unions, de formations et de brainstorming.<\/p>\n","protected":false},"excerpt":{"rendered":"<p>CHAT BOARD\u00ae Elements fusionne parfaitement la qualit\u00e9 et la fonction dans un design \u00e9pur\u00e9 et fournit la toile de fond id\u00e9ale pour visualiser et communiquer des id\u00e9es notamment dans le cadre de r\u00e9unions, de formations et de brainstorming.<\/p>\n","protected":false},"featured_media":6513,"comment_status":"open","ping_status":"closed","template":"","meta":{"_acf_changed":false},"product_brand":[],"product_cat":[94],"product_tag":[],"class_list":{"0":"post-2837","1":"product","2":"type-product","3":"status-publish","4":"has-post-thumbnail","6":"product_cat-les-mureaux","8":"first","9":"instock","10":"shipping-taxable","11":"product-type-simple"},"acf":[],"yoast_head":"<!-- This site is optimized with the Yoast SEO plugin v25.3.1 - https:\/\/yoast.com\/wordpress\/plugins\/seo\/ -->\n<title>ELEMENTS - CHAT BOARD<\/title>\n<meta name=\"robots\" content=\"index, follow, max-snippet:-1, max-image-preview:large, max-video-preview:-1\" \/>\n<link rel=\"canonical\" href=\"https:\/\/chat-board.dk\/fr\/elements-fr\/\" \/>\n<meta property=\"og:locale\" content=\"fr_FR\" \/>\n<meta property=\"og:type\" content=\"article\" \/>\n<meta property=\"og:title\" content=\"ELEMENTS - CHAT BOARD\" \/>\n<meta property=\"og:description\" content=\"CHAT BOARD\u00ae Elements fusionne parfaitement la qualit\u00e9 et la fonction dans un design \u00e9pur\u00e9 et fournit la toile de fond id\u00e9ale pour visualiser et communiquer des id\u00e9es notamment dans le cadre de r\u00e9unions, de formations et de brainstorming.\" \/>\n<meta property=\"og:url\" content=\"https:\/\/chat-board.dk\/fr\/elements-fr\/\" \/>\n<meta property=\"og:site_name\" content=\"CHAT BOARD\" \/>\n<meta property=\"article:modified_time\" content=\"2026-03-23T08:37:56+00:00\" \/>\n<meta property=\"og:image\" content=\"https:\/\/chat-board.dk\/wp-content\/uploads\/2022\/01\/CHAT-BOARD-Elements-Pure-White-home-office-gallery-1.jpg\" \/>\n\t<meta property=\"og:image:width\" content=\"1777\" \/>\n\t<meta property=\"og:image:height\" content=\"2524\" \/>\n\t<meta property=\"og:image:type\" content=\"image\/jpeg\" \/>\n<meta name=\"twitter:card\" content=\"summary_large_image\" \/>\n<meta name=\"twitter:label1\" content=\"Est. reading time\" \/>\n\t<meta name=\"twitter:data1\" content=\"1 minute\" \/>\n<script type=\"application\/ld+json\" class=\"yoast-schema-graph\">{\"@context\":\"https:\/\/schema.org\",\"@graph\":[{\"@type\":\"WebPage\",\"@id\":\"https:\/\/chat-board.dk\/fr\/elements-fr\/\",\"url\":\"https:\/\/chat-board.dk\/fr\/elements-fr\/\",\"name\":\"ELEMENTS - CHAT BOARD\",\"isPartOf\":{\"@id\":\"https:\/\/chat-board.dk\/fr\/#website\"},\"primaryImageOfPage\":{\"@id\":\"https:\/\/chat-board.dk\/fr\/elements-fr\/#primaryimage\"},\"image\":{\"@id\":\"https:\/\/chat-board.dk\/fr\/elements-fr\/#primaryimage\"},\"thumbnailUrl\":\"https:\/\/chat-board.dk\/wp-content\/uploads\/2022\/01\/CHAT-BOARD-Elements-Pure-White-home-office-gallery-1.jpg\",\"datePublished\":\"2020-10-14T13:41:03+00:00\",\"dateModified\":\"2026-03-23T08:37:56+00:00\",\"breadcrumb\":{\"@id\":\"https:\/\/chat-board.dk\/fr\/elements-fr\/#breadcrumb\"},\"inLanguage\":\"fr-FR\",\"potentialAction\":[{\"@type\":\"ReadAction\",\"target\":[\"https:\/\/chat-board.dk\/fr\/elements-fr\/\"]}]},{\"@type\":\"ImageObject\",\"inLanguage\":\"fr-FR\",\"@id\":\"https:\/\/chat-board.dk\/fr\/elements-fr\/#primaryimage\",\"url\":\"https:\/\/chat-board.dk\/wp-content\/uploads\/2022\/01\/CHAT-BOARD-Elements-Pure-White-home-office-gallery-1.jpg\",\"contentUrl\":\"https:\/\/chat-board.dk\/wp-content\/uploads\/2022\/01\/CHAT-BOARD-Elements-Pure-White-home-office-gallery-1.jpg\",\"width\":1777,\"height\":2524,\"caption\":\"Magnetic Glass Whiteboard\"},{\"@type\":\"BreadcrumbList\",\"@id\":\"https:\/\/chat-board.dk\/fr\/elements-fr\/#breadcrumb\",\"itemListElement\":[{\"@type\":\"ListItem\",\"position\":1,\"name\":\"Home\",\"item\":\"https:\/\/chat-board.dk\/fr\/\"},{\"@type\":\"ListItem\",\"position\":2,\"name\":\"Produits\",\"item\":\"https:\/\/chat-board.dk\/fr\/produits\/\"},{\"@type\":\"ListItem\",\"position\":3,\"name\":\"ELEMENTS\"}]},{\"@type\":\"WebSite\",\"@id\":\"https:\/\/chat-board.dk\/fr\/#website\",\"url\":\"https:\/\/chat-board.dk\/fr\/\",\"name\":\"CHAT BOARD\",\"description\":\"\",\"potentialAction\":[{\"@type\":\"SearchAction\",\"target\":{\"@type\":\"EntryPoint\",\"urlTemplate\":\"https:\/\/chat-board.dk\/fr\/?s={search_term_string}\"},\"query-input\":{\"@type\":\"PropertyValueSpecification\",\"valueRequired\":true,\"valueName\":\"search_term_string\"}}],\"inLanguage\":\"fr-FR\"}]}<\/script>\n<!-- \/ Yoast SEO plugin. -->","yoast_head_json":{"title":"ELEMENTS - CHAT BOARD","robots":{"index":"index","follow":"follow","max-snippet":"max-snippet:-1","max-image-preview":"max-image-preview:large","max-video-preview":"max-video-preview:-1"},"canonical":"https:\/\/chat-board.dk\/fr\/elements-fr\/","og_locale":"fr_FR","og_type":"article","og_title":"ELEMENTS - CHAT BOARD","og_description":"CHAT BOARD\u00ae Elements fusionne parfaitement la qualit\u00e9 et la fonction dans un design \u00e9pur\u00e9 et fournit la toile de fond id\u00e9ale pour visualiser et communiquer des id\u00e9es notamment dans le cadre de r\u00e9unions, de formations et de brainstorming.","og_url":"https:\/\/chat-board.dk\/fr\/elements-fr\/","og_site_name":"CHAT BOARD","article_modified_time":"2026-03-23T08:37:56+00:00","og_image":[{"width":1777,"height":2524,"url":"https:\/\/chat-board.dk\/wp-content\/uploads\/2022\/01\/CHAT-BOARD-Elements-Pure-White-home-office-gallery-1.jpg","type":"image\/jpeg"}],"twitter_card":"summary_large_image","twitter_misc":{"Est. reading time":"1 minute"},"schema":{"@context":"https:\/\/schema.org","@graph":[{"@type":"WebPage","@id":"https:\/\/chat-board.dk\/fr\/elements-fr\/","url":"https:\/\/chat-board.dk\/fr\/elements-fr\/","name":"ELEMENTS - CHAT BOARD","isPartOf":{"@id":"https:\/\/chat-board.dk\/fr\/#website"},"primaryImageOfPage":{"@id":"https:\/\/chat-board.dk\/fr\/elements-fr\/#primaryimage"},"image":{"@id":"https:\/\/chat-board.dk\/fr\/elements-fr\/#primaryimage"},"thumbnailUrl":"https:\/\/chat-board.dk\/wp-content\/uploads\/2022\/01\/CHAT-BOARD-Elements-Pure-White-home-office-gallery-1.jpg","datePublished":"2020-10-14T13:41:03+00:00","dateModified":"2026-03-23T08:37:56+00:00","breadcrumb":{"@id":"https:\/\/chat-board.dk\/fr\/elements-fr\/#breadcrumb"},"inLanguage":"fr-FR","potentialAction":[{"@type":"ReadAction","target":["https:\/\/chat-board.dk\/fr\/elements-fr\/"]}]},{"@type":"ImageObject","inLanguage":"fr-FR","@id":"https:\/\/chat-board.dk\/fr\/elements-fr\/#primaryimage","url":"https:\/\/chat-board.dk\/wp-content\/uploads\/2022\/01\/CHAT-BOARD-Elements-Pure-White-home-office-gallery-1.jpg","contentUrl":"https:\/\/chat-board.dk\/wp-content\/uploads\/2022\/01\/CHAT-BOARD-Elements-Pure-White-home-office-gallery-1.jpg","width":1777,"height":2524,"caption":"Magnetic Glass Whiteboard"},{"@type":"BreadcrumbList","@id":"https:\/\/chat-board.dk\/fr\/elements-fr\/#breadcrumb","itemListElement":[{"@type":"ListItem","position":1,"name":"Home","item":"https:\/\/chat-board.dk\/fr\/"},{"@type":"ListItem","position":2,"name":"Produits","item":"https:\/\/chat-board.dk\/fr\/produits\/"},{"@type":"ListItem","position":3,"name":"ELEMENTS"}]},{"@type":"WebSite","@id":"https:\/\/chat-board.dk\/fr\/#website","url":"https:\/\/chat-board.dk\/fr\/","name":"CHAT BOARD","description":"","potentialAction":[{"@type":"SearchAction","target":{"@type":"EntryPoint","urlTemplate":"https:\/\/chat-board.dk\/fr\/?s={search_term_string}"},"query-input":{"@type":"PropertyValueSpecification","valueRequired":true,"valueName":"search_term_string"}}],"inLanguage":"fr-FR"}]}},"_links":{"self":[{"href":"https:\/\/chat-board.dk\/fr\/wp-json\/wp\/v2\/product\/2837","targetHints":{"allow":["GET"]}}],"collection":[{"href":"https:\/\/chat-board.dk\/fr\/wp-json\/wp\/v2\/product"}],"about":[{"href":"https:\/\/chat-board.dk\/fr\/wp-json\/wp\/v2\/types\/product"}],"replies":[{"embeddable":true,"href":"https:\/\/chat-board.dk\/fr\/wp-json\/wp\/v2\/comments?post=2837"}],"wp:featuredmedia":[{"embeddable":true,"href":"https:\/\/chat-board.dk\/fr\/wp-json\/wp\/v2\/media\/6513"}],"wp:attachment":[{"href":"https:\/\/chat-board.dk\/fr\/wp-json\/wp\/v2\/media?parent=2837"}],"wp:term":[{"taxonomy":"product_brand","embeddable":true,"href":"https:\/\/chat-board.dk\/fr\/wp-json\/wp\/v2\/product_brand?post=2837"},{"taxonomy":"product_cat","embeddable":true,"href":"https:\/\/chat-board.dk\/fr\/wp-json\/wp\/v2\/product_cat?post=2837"},{"taxonomy":"product_tag","embeddable":true,"href":"https:\/\/chat-board.dk\/fr\/wp-json\/wp\/v2\/product_tag?post=2837"}],"curies":[{"name":"wp","href":"https:\/\/api.w.org\/{rel}","templated":true}]}}