{"id":2836,"date":"2020-10-14T15:39:50","date_gmt":"2020-10-14T13:39:50","guid":{"rendered":"http:\/\/clients.rubystudio.dk\/chatboard\/product\/matt-fr\/"},"modified":"2026-03-23T10:35:59","modified_gmt":"2026-03-23T08:35:59","slug":"matt-fr","status":"publish","type":"product","link":"https:\/\/chat-board.dk\/fr\/matt-fr\/","title":{"rendered":"MATT"},"content":{"rendered":"<p>Tout comme son homologue brillant CHAT BOARD\u00ae Classic, le CHAT BOARD\u00ae Matt est l\u2019outil id\u00e9al pour pr\u00e9senter, \u00e9changer et communiquer des id\u00e9es et r\u00e9flexions cr\u00e9atives. Vous pouvez ainsi pr\u00e9senter des informations utiles dans tous les domaines imaginables ou m\u00eame \u00e0 la maison. Ce qui distingue cependant le mod\u00e8le Matt est sa surface mate \u00e9l\u00e9gante et \u00e0 la fois soyeuse qui r\u00e9duit les r\u00e9flexions ou l\u2019\u00e9blouissement.<\/p>\n<p>CHAT BOARD\u00ae Matt est facile \u00e0 nettoyer et \u00e0 entretenir et vous pourrez ainsi en profiter pendant de tr\u00e8s longues ann\u00e9es.<\/p>\n","protected":false},"excerpt":{"rendered":"<p>CHAT BOARD\u00ae Matt est l&#8217;\u00e9quivalent velout\u00e9 de notre planche Classic et un outil id\u00e9al pour pr\u00e9senter et communiquer tout en garantissant un minimum de r\u00e9flexion ou d&#8217;\u00e9blouissement.<\/p>\n","protected":false},"featured_media":8516,"comment_status":"closed","ping_status":"closed","template":"","meta":{"_acf_changed":false},"product_brand":[],"product_cat":[94],"product_tag":[],"class_list":{"0":"post-2836","1":"product","2":"type-product","3":"status-publish","4":"has-post-thumbnail","6":"product_cat-les-mureaux","8":"first","9":"instock","10":"shipping-taxable","11":"product-type-simple"},"acf":[],"yoast_head":"<!-- This site is optimized with the Yoast SEO plugin v25.3.1 - https:\/\/yoast.com\/wordpress\/plugins\/seo\/ -->\n<title>MATT - CHAT BOARD<\/title>\n<meta name=\"robots\" content=\"index, follow, max-snippet:-1, max-image-preview:large, max-video-preview:-1\" \/>\n<link rel=\"canonical\" href=\"https:\/\/chat-board.dk\/fr\/matt-fr\/\" \/>\n<meta property=\"og:locale\" content=\"fr_FR\" \/>\n<meta property=\"og:type\" content=\"article\" \/>\n<meta property=\"og:title\" content=\"MATT - CHAT BOARD\" \/>\n<meta property=\"og:description\" content=\"CHAT BOARD\u00ae Matt est l&#039;\u00e9quivalent velout\u00e9 de notre planche Classic et un outil id\u00e9al pour pr\u00e9senter et communiquer tout en garantissant un minimum de r\u00e9flexion ou d&#039;\u00e9blouissement.\" \/>\n<meta property=\"og:url\" content=\"https:\/\/chat-board.dk\/fr\/matt-fr\/\" \/>\n<meta property=\"og:site_name\" content=\"CHAT BOARD\" \/>\n<meta property=\"article:modified_time\" content=\"2026-03-23T08:35:59+00:00\" \/>\n<meta property=\"og:image\" content=\"https:\/\/chat-board.dk\/wp-content\/uploads\/2020\/10\/CHAT-BOARD-Matt-Surfaces-Black-interior-2023-gallery.jpg\" \/>\n\t<meta property=\"og:image:width\" content=\"1459\" \/>\n\t<meta property=\"og:image:height\" content=\"2188\" \/>\n\t<meta property=\"og:image:type\" content=\"image\/jpeg\" \/>\n<meta name=\"twitter:card\" content=\"summary_large_image\" \/>\n<meta name=\"twitter:label1\" content=\"Est. reading time\" \/>\n\t<meta name=\"twitter:data1\" content=\"1 minute\" \/>\n<script type=\"application\/ld+json\" class=\"yoast-schema-graph\">{\"@context\":\"https:\/\/schema.org\",\"@graph\":[{\"@type\":\"WebPage\",\"@id\":\"https:\/\/chat-board.dk\/fr\/matt-fr\/\",\"url\":\"https:\/\/chat-board.dk\/fr\/matt-fr\/\",\"name\":\"MATT - CHAT BOARD\",\"isPartOf\":{\"@id\":\"https:\/\/chat-board.dk\/fr\/#website\"},\"primaryImageOfPage\":{\"@id\":\"https:\/\/chat-board.dk\/fr\/matt-fr\/#primaryimage\"},\"image\":{\"@id\":\"https:\/\/chat-board.dk\/fr\/matt-fr\/#primaryimage\"},\"thumbnailUrl\":\"https:\/\/chat-board.dk\/wp-content\/uploads\/2020\/10\/CHAT-BOARD-Matt-Surfaces-Black-interior-2023-gallery.jpg\",\"datePublished\":\"2020-10-14T13:39:50+00:00\",\"dateModified\":\"2026-03-23T08:35:59+00:00\",\"breadcrumb\":{\"@id\":\"https:\/\/chat-board.dk\/fr\/matt-fr\/#breadcrumb\"},\"inLanguage\":\"fr-FR\",\"potentialAction\":[{\"@type\":\"ReadAction\",\"target\":[\"https:\/\/chat-board.dk\/fr\/matt-fr\/\"]}]},{\"@type\":\"ImageObject\",\"inLanguage\":\"fr-FR\",\"@id\":\"https:\/\/chat-board.dk\/fr\/matt-fr\/#primaryimage\",\"url\":\"https:\/\/chat-board.dk\/wp-content\/uploads\/2020\/10\/CHAT-BOARD-Matt-Surfaces-Black-interior-2023-gallery.jpg\",\"contentUrl\":\"https:\/\/chat-board.dk\/wp-content\/uploads\/2020\/10\/CHAT-BOARD-Matt-Surfaces-Black-interior-2023-gallery.jpg\",\"width\":1459,\"height\":2188,\"caption\":\"Matt whiteboard\"},{\"@type\":\"BreadcrumbList\",\"@id\":\"https:\/\/chat-board.dk\/fr\/matt-fr\/#breadcrumb\",\"itemListElement\":[{\"@type\":\"ListItem\",\"position\":1,\"name\":\"Home\",\"item\":\"https:\/\/chat-board.dk\/fr\/\"},{\"@type\":\"ListItem\",\"position\":2,\"name\":\"Produits\",\"item\":\"https:\/\/chat-board.dk\/fr\/produits\/\"},{\"@type\":\"ListItem\",\"position\":3,\"name\":\"MATT\"}]},{\"@type\":\"WebSite\",\"@id\":\"https:\/\/chat-board.dk\/fr\/#website\",\"url\":\"https:\/\/chat-board.dk\/fr\/\",\"name\":\"CHAT BOARD\",\"description\":\"\",\"potentialAction\":[{\"@type\":\"SearchAction\",\"target\":{\"@type\":\"EntryPoint\",\"urlTemplate\":\"https:\/\/chat-board.dk\/fr\/?s={search_term_string}\"},\"query-input\":{\"@type\":\"PropertyValueSpecification\",\"valueRequired\":true,\"valueName\":\"search_term_string\"}}],\"inLanguage\":\"fr-FR\"}]}<\/script>\n<!-- \/ Yoast SEO plugin. -->","yoast_head_json":{"title":"MATT - CHAT BOARD","robots":{"index":"index","follow":"follow","max-snippet":"max-snippet:-1","max-image-preview":"max-image-preview:large","max-video-preview":"max-video-preview:-1"},"canonical":"https:\/\/chat-board.dk\/fr\/matt-fr\/","og_locale":"fr_FR","og_type":"article","og_title":"MATT - CHAT BOARD","og_description":"CHAT BOARD\u00ae Matt est l'\u00e9quivalent velout\u00e9 de notre planche Classic et un outil id\u00e9al pour pr\u00e9senter et communiquer tout en garantissant un minimum de r\u00e9flexion ou d'\u00e9blouissement.","og_url":"https:\/\/chat-board.dk\/fr\/matt-fr\/","og_site_name":"CHAT BOARD","article_modified_time":"2026-03-23T08:35:59+00:00","og_image":[{"width":1459,"height":2188,"url":"https:\/\/chat-board.dk\/wp-content\/uploads\/2020\/10\/CHAT-BOARD-Matt-Surfaces-Black-interior-2023-gallery.jpg","type":"image\/jpeg"}],"twitter_card":"summary_large_image","twitter_misc":{"Est. reading time":"1 minute"},"schema":{"@context":"https:\/\/schema.org","@graph":[{"@type":"WebPage","@id":"https:\/\/chat-board.dk\/fr\/matt-fr\/","url":"https:\/\/chat-board.dk\/fr\/matt-fr\/","name":"MATT - CHAT BOARD","isPartOf":{"@id":"https:\/\/chat-board.dk\/fr\/#website"},"primaryImageOfPage":{"@id":"https:\/\/chat-board.dk\/fr\/matt-fr\/#primaryimage"},"image":{"@id":"https:\/\/chat-board.dk\/fr\/matt-fr\/#primaryimage"},"thumbnailUrl":"https:\/\/chat-board.dk\/wp-content\/uploads\/2020\/10\/CHAT-BOARD-Matt-Surfaces-Black-interior-2023-gallery.jpg","datePublished":"2020-10-14T13:39:50+00:00","dateModified":"2026-03-23T08:35:59+00:00","breadcrumb":{"@id":"https:\/\/chat-board.dk\/fr\/matt-fr\/#breadcrumb"},"inLanguage":"fr-FR","potentialAction":[{"@type":"ReadAction","target":["https:\/\/chat-board.dk\/fr\/matt-fr\/"]}]},{"@type":"ImageObject","inLanguage":"fr-FR","@id":"https:\/\/chat-board.dk\/fr\/matt-fr\/#primaryimage","url":"https:\/\/chat-board.dk\/wp-content\/uploads\/2020\/10\/CHAT-BOARD-Matt-Surfaces-Black-interior-2023-gallery.jpg","contentUrl":"https:\/\/chat-board.dk\/wp-content\/uploads\/2020\/10\/CHAT-BOARD-Matt-Surfaces-Black-interior-2023-gallery.jpg","width":1459,"height":2188,"caption":"Matt whiteboard"},{"@type":"BreadcrumbList","@id":"https:\/\/chat-board.dk\/fr\/matt-fr\/#breadcrumb","itemListElement":[{"@type":"ListItem","position":1,"name":"Home","item":"https:\/\/chat-board.dk\/fr\/"},{"@type":"ListItem","position":2,"name":"Produits","item":"https:\/\/chat-board.dk\/fr\/produits\/"},{"@type":"ListItem","position":3,"name":"MATT"}]},{"@type":"WebSite","@id":"https:\/\/chat-board.dk\/fr\/#website","url":"https:\/\/chat-board.dk\/fr\/","name":"CHAT BOARD","description":"","potentialAction":[{"@type":"SearchAction","target":{"@type":"EntryPoint","urlTemplate":"https:\/\/chat-board.dk\/fr\/?s={search_term_string}"},"query-input":{"@type":"PropertyValueSpecification","valueRequired":true,"valueName":"search_term_string"}}],"inLanguage":"fr-FR"}]}},"_links":{"self":[{"href":"https:\/\/chat-board.dk\/fr\/wp-json\/wp\/v2\/product\/2836","targetHints":{"allow":["GET"]}}],"collection":[{"href":"https:\/\/chat-board.dk\/fr\/wp-json\/wp\/v2\/product"}],"about":[{"href":"https:\/\/chat-board.dk\/fr\/wp-json\/wp\/v2\/types\/product"}],"replies":[{"embeddable":true,"href":"https:\/\/chat-board.dk\/fr\/wp-json\/wp\/v2\/comments?post=2836"}],"wp:featuredmedia":[{"embeddable":true,"href":"https:\/\/chat-board.dk\/fr\/wp-json\/wp\/v2\/media\/8516"}],"wp:attachment":[{"href":"https:\/\/chat-board.dk\/fr\/wp-json\/wp\/v2\/media?parent=2836"}],"wp:term":[{"taxonomy":"product_brand","embeddable":true,"href":"https:\/\/chat-board.dk\/fr\/wp-json\/wp\/v2\/product_brand?post=2836"},{"taxonomy":"product_cat","embeddable":true,"href":"https:\/\/chat-board.dk\/fr\/wp-json\/wp\/v2\/product_cat?post=2836"},{"taxonomy":"product_tag","embeddable":true,"href":"https:\/\/chat-board.dk\/fr\/wp-json\/wp\/v2\/product_tag?post=2836"}],"curies":[{"name":"wp","href":"https:\/\/api.w.org\/{rel}","templated":true}]}}