{"id":1226,"date":"2020-10-12T07:24:08","date_gmt":"2020-10-12T05:24:08","guid":{"rendered":"http:\/\/clients.rubystudio.dk\/chatboard\/product\/classic\/"},"modified":"2026-03-23T10:34:47","modified_gmt":"2026-03-23T08:34:47","slug":"classic-fr","status":"publish","type":"product","link":"https:\/\/chat-board.dk\/fr\/classic-fr\/","title":{"rendered":"CLASSIC"},"content":{"rendered":"<p class=\"p1\">CHAT BOARD<span class=\"s1\"><sup>\u00ae<\/sup><\/span> Classic inspire et promeut le dialogue cr\u00e9atif entre les personnes. Il a \u00e9t\u00e9 sp\u00e9cialement con\u00e7u pour d\u00e9velopper, visualiser, classer et \u00e9changer des id\u00e9es et des informations. Il offre le cadre parfait pour chaque bureau, salle de r\u00e9union ou de groupe. Son design est \u00e9l\u00e9gant, sobre et discret ; chaque \u00e9l\u00e9ment remplit une fonction claire, rien n\u2019est accessoire. La surface en verre lisse et magn\u00e9tique offre une exp\u00e9rience d\u2019\u00e9criture et de dessin incomparable.<\/p>\n<p class=\"p3\">CHAT BOARD<span class=\"s1\"><sup>\u00ae<\/sup><\/span> offre une qualit\u00e9 et une dur\u00e9e de vie unique. Il est par ailleurs facile \u00e0 nettoyer, a une longue dur\u00e9e de vie et constitue ainsi un parfait remplacement pour chaque tableau blanc.<\/p>\n","protected":false},"excerpt":{"rendered":"<p class=\"p1\">CHAT BOARD<span class=\"s1\"><sup>\u00ae<\/sup><\/span> Classic inspire et promeut le dialogue cr\u00e9atif entre les personnes. Il a \u00e9t\u00e9 sp\u00e9cialement con\u00e7u pour d\u00e9velopper, visualiser, classer et \u00e9changer des id\u00e9es et des informations.<\/p>\n","protected":false},"featured_media":6846,"comment_status":"closed","ping_status":"closed","template":"","meta":{"_acf_changed":false},"product_brand":[],"product_cat":[94],"product_tag":[],"class_list":{"0":"post-1226","1":"product","2":"type-product","3":"status-publish","4":"has-post-thumbnail","6":"product_cat-les-mureaux","8":"first","9":"instock","10":"shipping-taxable","11":"product-type-simple"},"acf":[],"yoast_head":"<!-- This site is optimized with the Yoast SEO plugin v25.3.1 - https:\/\/yoast.com\/wordpress\/plugins\/seo\/ -->\n<title>CLASSIC - CHAT BOARD<\/title>\n<meta name=\"robots\" content=\"index, follow, max-snippet:-1, max-image-preview:large, max-video-preview:-1\" \/>\n<link rel=\"canonical\" href=\"https:\/\/chat-board.dk\/fr\/classic-fr\/\" \/>\n<meta property=\"og:locale\" content=\"fr_FR\" \/>\n<meta property=\"og:type\" content=\"article\" \/>\n<meta property=\"og:title\" content=\"CLASSIC - CHAT BOARD\" \/>\n<meta property=\"og:description\" content=\"CHAT BOARD\u00ae Classic inspire et promeut le dialogue cr\u00e9atif entre les personnes. Il a \u00e9t\u00e9 sp\u00e9cialement con\u00e7u pour d\u00e9velopper, visualiser, classer et \u00e9changer des id\u00e9es et des informations.\" \/>\n<meta property=\"og:url\" content=\"https:\/\/chat-board.dk\/fr\/classic-fr\/\" \/>\n<meta property=\"og:site_name\" content=\"CHAT BOARD\" \/>\n<meta property=\"article:modified_time\" content=\"2026-03-23T08:34:47+00:00\" \/>\n<meta property=\"og:image\" content=\"https:\/\/chat-board.dk\/wp-content\/uploads\/2020\/10\/CHAT-BOARD-Classic-Matt-Sand-home-office-gallery-1-scaled.jpg\" \/>\n\t<meta property=\"og:image:width\" content=\"1706\" \/>\n\t<meta property=\"og:image:height\" content=\"2560\" \/>\n\t<meta property=\"og:image:type\" content=\"image\/jpeg\" \/>\n<meta name=\"twitter:card\" content=\"summary_large_image\" \/>\n<meta name=\"twitter:label1\" content=\"Est. reading time\" \/>\n\t<meta name=\"twitter:data1\" content=\"1 minute\" \/>\n<script type=\"application\/ld+json\" class=\"yoast-schema-graph\">{\"@context\":\"https:\/\/schema.org\",\"@graph\":[{\"@type\":\"WebPage\",\"@id\":\"https:\/\/chat-board.dk\/fr\/classic-fr\/\",\"url\":\"https:\/\/chat-board.dk\/fr\/classic-fr\/\",\"name\":\"CLASSIC - CHAT BOARD\",\"isPartOf\":{\"@id\":\"https:\/\/chat-board.dk\/fr\/#website\"},\"primaryImageOfPage\":{\"@id\":\"https:\/\/chat-board.dk\/fr\/classic-fr\/#primaryimage\"},\"image\":{\"@id\":\"https:\/\/chat-board.dk\/fr\/classic-fr\/#primaryimage\"},\"thumbnailUrl\":\"https:\/\/chat-board.dk\/wp-content\/uploads\/2020\/10\/CHAT-BOARD-Classic-Matt-Sand-home-office-gallery-1-scaled.jpg\",\"datePublished\":\"2020-10-12T05:24:08+00:00\",\"dateModified\":\"2026-03-23T08:34:47+00:00\",\"breadcrumb\":{\"@id\":\"https:\/\/chat-board.dk\/fr\/classic-fr\/#breadcrumb\"},\"inLanguage\":\"fr-FR\",\"potentialAction\":[{\"@type\":\"ReadAction\",\"target\":[\"https:\/\/chat-board.dk\/fr\/classic-fr\/\"]}]},{\"@type\":\"ImageObject\",\"inLanguage\":\"fr-FR\",\"@id\":\"https:\/\/chat-board.dk\/fr\/classic-fr\/#primaryimage\",\"url\":\"https:\/\/chat-board.dk\/wp-content\/uploads\/2020\/10\/CHAT-BOARD-Classic-Matt-Sand-home-office-gallery-1-scaled.jpg\",\"contentUrl\":\"https:\/\/chat-board.dk\/wp-content\/uploads\/2020\/10\/CHAT-BOARD-Classic-Matt-Sand-home-office-gallery-1-scaled.jpg\",\"width\":1706,\"height\":2560,\"caption\":\"magnetic glass whiteboard\"},{\"@type\":\"BreadcrumbList\",\"@id\":\"https:\/\/chat-board.dk\/fr\/classic-fr\/#breadcrumb\",\"itemListElement\":[{\"@type\":\"ListItem\",\"position\":1,\"name\":\"Home\",\"item\":\"https:\/\/chat-board.dk\/fr\/\"},{\"@type\":\"ListItem\",\"position\":2,\"name\":\"Produits\",\"item\":\"https:\/\/chat-board.dk\/fr\/produits\/\"},{\"@type\":\"ListItem\",\"position\":3,\"name\":\"CLASSIC\"}]},{\"@type\":\"WebSite\",\"@id\":\"https:\/\/chat-board.dk\/fr\/#website\",\"url\":\"https:\/\/chat-board.dk\/fr\/\",\"name\":\"CHAT BOARD\",\"description\":\"\",\"potentialAction\":[{\"@type\":\"SearchAction\",\"target\":{\"@type\":\"EntryPoint\",\"urlTemplate\":\"https:\/\/chat-board.dk\/fr\/?s={search_term_string}\"},\"query-input\":{\"@type\":\"PropertyValueSpecification\",\"valueRequired\":true,\"valueName\":\"search_term_string\"}}],\"inLanguage\":\"fr-FR\"}]}<\/script>\n<!-- \/ Yoast SEO plugin. -->","yoast_head_json":{"title":"CLASSIC - CHAT BOARD","robots":{"index":"index","follow":"follow","max-snippet":"max-snippet:-1","max-image-preview":"max-image-preview:large","max-video-preview":"max-video-preview:-1"},"canonical":"https:\/\/chat-board.dk\/fr\/classic-fr\/","og_locale":"fr_FR","og_type":"article","og_title":"CLASSIC - CHAT BOARD","og_description":"CHAT BOARD\u00ae Classic inspire et promeut le dialogue cr\u00e9atif entre les personnes. Il a \u00e9t\u00e9 sp\u00e9cialement con\u00e7u pour d\u00e9velopper, visualiser, classer et \u00e9changer des id\u00e9es et des informations.","og_url":"https:\/\/chat-board.dk\/fr\/classic-fr\/","og_site_name":"CHAT BOARD","article_modified_time":"2026-03-23T08:34:47+00:00","og_image":[{"width":1706,"height":2560,"url":"https:\/\/chat-board.dk\/wp-content\/uploads\/2020\/10\/CHAT-BOARD-Classic-Matt-Sand-home-office-gallery-1-scaled.jpg","type":"image\/jpeg"}],"twitter_card":"summary_large_image","twitter_misc":{"Est. reading time":"1 minute"},"schema":{"@context":"https:\/\/schema.org","@graph":[{"@type":"WebPage","@id":"https:\/\/chat-board.dk\/fr\/classic-fr\/","url":"https:\/\/chat-board.dk\/fr\/classic-fr\/","name":"CLASSIC - CHAT BOARD","isPartOf":{"@id":"https:\/\/chat-board.dk\/fr\/#website"},"primaryImageOfPage":{"@id":"https:\/\/chat-board.dk\/fr\/classic-fr\/#primaryimage"},"image":{"@id":"https:\/\/chat-board.dk\/fr\/classic-fr\/#primaryimage"},"thumbnailUrl":"https:\/\/chat-board.dk\/wp-content\/uploads\/2020\/10\/CHAT-BOARD-Classic-Matt-Sand-home-office-gallery-1-scaled.jpg","datePublished":"2020-10-12T05:24:08+00:00","dateModified":"2026-03-23T08:34:47+00:00","breadcrumb":{"@id":"https:\/\/chat-board.dk\/fr\/classic-fr\/#breadcrumb"},"inLanguage":"fr-FR","potentialAction":[{"@type":"ReadAction","target":["https:\/\/chat-board.dk\/fr\/classic-fr\/"]}]},{"@type":"ImageObject","inLanguage":"fr-FR","@id":"https:\/\/chat-board.dk\/fr\/classic-fr\/#primaryimage","url":"https:\/\/chat-board.dk\/wp-content\/uploads\/2020\/10\/CHAT-BOARD-Classic-Matt-Sand-home-office-gallery-1-scaled.jpg","contentUrl":"https:\/\/chat-board.dk\/wp-content\/uploads\/2020\/10\/CHAT-BOARD-Classic-Matt-Sand-home-office-gallery-1-scaled.jpg","width":1706,"height":2560,"caption":"magnetic glass whiteboard"},{"@type":"BreadcrumbList","@id":"https:\/\/chat-board.dk\/fr\/classic-fr\/#breadcrumb","itemListElement":[{"@type":"ListItem","position":1,"name":"Home","item":"https:\/\/chat-board.dk\/fr\/"},{"@type":"ListItem","position":2,"name":"Produits","item":"https:\/\/chat-board.dk\/fr\/produits\/"},{"@type":"ListItem","position":3,"name":"CLASSIC"}]},{"@type":"WebSite","@id":"https:\/\/chat-board.dk\/fr\/#website","url":"https:\/\/chat-board.dk\/fr\/","name":"CHAT BOARD","description":"","potentialAction":[{"@type":"SearchAction","target":{"@type":"EntryPoint","urlTemplate":"https:\/\/chat-board.dk\/fr\/?s={search_term_string}"},"query-input":{"@type":"PropertyValueSpecification","valueRequired":true,"valueName":"search_term_string"}}],"inLanguage":"fr-FR"}]}},"_links":{"self":[{"href":"https:\/\/chat-board.dk\/fr\/wp-json\/wp\/v2\/product\/1226","targetHints":{"allow":["GET"]}}],"collection":[{"href":"https:\/\/chat-board.dk\/fr\/wp-json\/wp\/v2\/product"}],"about":[{"href":"https:\/\/chat-board.dk\/fr\/wp-json\/wp\/v2\/types\/product"}],"replies":[{"embeddable":true,"href":"https:\/\/chat-board.dk\/fr\/wp-json\/wp\/v2\/comments?post=1226"}],"wp:featuredmedia":[{"embeddable":true,"href":"https:\/\/chat-board.dk\/fr\/wp-json\/wp\/v2\/media\/6846"}],"wp:attachment":[{"href":"https:\/\/chat-board.dk\/fr\/wp-json\/wp\/v2\/media?parent=1226"}],"wp:term":[{"taxonomy":"product_brand","embeddable":true,"href":"https:\/\/chat-board.dk\/fr\/wp-json\/wp\/v2\/product_brand?post=1226"},{"taxonomy":"product_cat","embeddable":true,"href":"https:\/\/chat-board.dk\/fr\/wp-json\/wp\/v2\/product_cat?post=1226"},{"taxonomy":"product_tag","embeddable":true,"href":"https:\/\/chat-board.dk\/fr\/wp-json\/wp\/v2\/product_tag?post=1226"}],"curies":[{"name":"wp","href":"https:\/\/api.w.org\/{rel}","templated":true}]}}