{"id":1203,"date":"2020-11-16T11:53:25","date_gmt":"2020-11-16T09:53:25","guid":{"rendered":"http:\/\/clients.rubystudio.dk\/chatboard\/product\/sur-mesure\/"},"modified":"2024-11-11T13:26:54","modified_gmt":"2024-11-11T11:26:54","slug":"sur-mesure","status":"publish","type":"product","link":"https:\/\/chat-board.dk\/fr\/sur-mesure-fr\/","title":{"rendered":"SUR MESURE"},"content":{"rendered":"<p>Le concept de \u00ab taille unique \u00bb ne s\u2019applique presque jamais, que ce soit \u00e0 titre priv\u00e9 ou professionnel, et la libert\u00e9 d\u2019adapter et de personnaliser les choses dont nous nous entourons afin qu\u2019elles s\u2019harmonisent avec nos routines et nos besoins individuels peut faire la diff\u00e9rence fondamentale entre bien et parfait.<\/p>\n<p>En nous concentrant continuellement sur l\u2019utilisateur individuel et le projet de conception, nous offrons une large gamme d\u2019options de personnalisation diff\u00e9rentes qui vous donnent la possibilit\u00e9 d\u2019adapter et de personnaliser votre produit CHAT BOARD\u00ae, cr\u00e9ant des solutions sur mesure qui correspondent parfaitement \u00e0 votre vision unique.<\/p>\n<p>Nous vous conseillons et vous guidons tout au long du processus de d\u00e9veloppement, et nous nous assurons ensemble que le r\u00e9sultat final est enti\u00e8rement conforme \u00e0 vos sp\u00e9cifications.<\/p>\n<p>Qu\u2019il s\u2019agisse d\u2019une coordination de couleurs sp\u00e9ciale, d\u2019une taille ou d\u2019une forme particuli\u00e8re, ou de solutions de design d\u2019int\u00e9rieur sp\u00e9cialement adapt\u00e9es et \u00e0 plus grande \u00e9chelle, notre \u00e9quipe de professionnels exp\u00e9riment\u00e9s g\u00e9rera votre projet avec le soin et l\u2019expertise qui nous ont assur\u00e9 un large \u00e9ventail de clients fid\u00e8les \u00e0 travers le monde.<\/p>\n<p>&nbsp;<\/p>\n<p>&nbsp;<\/p>\n","protected":false},"excerpt":{"rendered":"<p>Adaptez et personnalisez votre produit CHAT BOARD\u00ae pour cr\u00e9er des solutions sur mesure qui correspondent parfaitement \u00e0 votre vision unique.<\/p>\n","protected":false},"featured_media":8606,"comment_status":"open","ping_status":"closed","template":"","meta":{"_acf_changed":false},"product_brand":[],"product_cat":[110],"product_tag":[],"class_list":{"0":"post-1203","1":"product","2":"type-product","3":"status-publish","4":"has-post-thumbnail","6":"product_cat-les-personnalisations","8":"first","9":"instock","10":"shipping-taxable","11":"product-type-simple"},"acf":[],"yoast_head":"<!-- This site is optimized with the Yoast SEO plugin v25.3.1 - https:\/\/yoast.com\/wordpress\/plugins\/seo\/ -->\n<title>SUR MESURE - CHAT BOARD<\/title>\n<meta name=\"robots\" content=\"index, follow, max-snippet:-1, max-image-preview:large, max-video-preview:-1\" \/>\n<link rel=\"canonical\" href=\"https:\/\/chat-board.dk\/fr\/sur-mesure-fr\/\" \/>\n<meta property=\"og:locale\" content=\"fr_FR\" \/>\n<meta property=\"og:type\" content=\"article\" \/>\n<meta property=\"og:title\" content=\"SUR MESURE - CHAT BOARD\" \/>\n<meta property=\"og:description\" content=\"Adaptez et personnalisez votre produit CHAT BOARD\u00ae pour cr\u00e9er des solutions sur mesure qui correspondent parfaitement \u00e0 votre vision unique.\" \/>\n<meta property=\"og:url\" content=\"https:\/\/chat-board.dk\/fr\/sur-mesure-fr\/\" \/>\n<meta property=\"og:site_name\" content=\"CHAT BOARD\" \/>\n<meta property=\"article:modified_time\" content=\"2024-11-11T11:26:54+00:00\" \/>\n<meta property=\"og:image\" content=\"https:\/\/chat-board.dk\/wp-content\/uploads\/2020\/11\/CHAT-BOARD-customised-DissingWeitling.jpg\" \/>\n\t<meta property=\"og:image:width\" content=\"945\" \/>\n\t<meta property=\"og:image:height\" content=\"1341\" \/>\n\t<meta property=\"og:image:type\" content=\"image\/jpeg\" \/>\n<meta name=\"twitter:card\" content=\"summary_large_image\" \/>\n<meta name=\"twitter:label1\" content=\"Est. reading time\" \/>\n\t<meta name=\"twitter:data1\" content=\"1 minute\" \/>\n<script type=\"application\/ld+json\" class=\"yoast-schema-graph\">{\"@context\":\"https:\/\/schema.org\",\"@graph\":[{\"@type\":\"WebPage\",\"@id\":\"https:\/\/chat-board.dk\/fr\/sur-mesure-fr\/\",\"url\":\"https:\/\/chat-board.dk\/fr\/sur-mesure-fr\/\",\"name\":\"SUR MESURE - CHAT BOARD\",\"isPartOf\":{\"@id\":\"https:\/\/chat-board.dk\/fr\/#website\"},\"primaryImageOfPage\":{\"@id\":\"https:\/\/chat-board.dk\/fr\/sur-mesure-fr\/#primaryimage\"},\"image\":{\"@id\":\"https:\/\/chat-board.dk\/fr\/sur-mesure-fr\/#primaryimage\"},\"thumbnailUrl\":\"https:\/\/chat-board.dk\/wp-content\/uploads\/2020\/11\/CHAT-BOARD-customised-DissingWeitling.jpg\",\"datePublished\":\"2020-11-16T09:53:25+00:00\",\"dateModified\":\"2024-11-11T11:26:54+00:00\",\"breadcrumb\":{\"@id\":\"https:\/\/chat-board.dk\/fr\/sur-mesure-fr\/#breadcrumb\"},\"inLanguage\":\"fr-FR\",\"potentialAction\":[{\"@type\":\"ReadAction\",\"target\":[\"https:\/\/chat-board.dk\/fr\/sur-mesure-fr\/\"]}]},{\"@type\":\"ImageObject\",\"inLanguage\":\"fr-FR\",\"@id\":\"https:\/\/chat-board.dk\/fr\/sur-mesure-fr\/#primaryimage\",\"url\":\"https:\/\/chat-board.dk\/wp-content\/uploads\/2020\/11\/CHAT-BOARD-customised-DissingWeitling.jpg\",\"contentUrl\":\"https:\/\/chat-board.dk\/wp-content\/uploads\/2020\/11\/CHAT-BOARD-customised-DissingWeitling.jpg\",\"width\":945,\"height\":1341,\"caption\":\"CHAT BOARD Classic customised for Dissing + Weitling architects\"},{\"@type\":\"BreadcrumbList\",\"@id\":\"https:\/\/chat-board.dk\/fr\/sur-mesure-fr\/#breadcrumb\",\"itemListElement\":[{\"@type\":\"ListItem\",\"position\":1,\"name\":\"Home\",\"item\":\"https:\/\/chat-board.dk\/fr\/\"},{\"@type\":\"ListItem\",\"position\":2,\"name\":\"Produits\",\"item\":\"https:\/\/chat-board.dk\/fr\/produits\/\"},{\"@type\":\"ListItem\",\"position\":3,\"name\":\"SUR MESURE\"}]},{\"@type\":\"WebSite\",\"@id\":\"https:\/\/chat-board.dk\/fr\/#website\",\"url\":\"https:\/\/chat-board.dk\/fr\/\",\"name\":\"CHAT BOARD\",\"description\":\"\",\"potentialAction\":[{\"@type\":\"SearchAction\",\"target\":{\"@type\":\"EntryPoint\",\"urlTemplate\":\"https:\/\/chat-board.dk\/fr\/?s={search_term_string}\"},\"query-input\":{\"@type\":\"PropertyValueSpecification\",\"valueRequired\":true,\"valueName\":\"search_term_string\"}}],\"inLanguage\":\"fr-FR\"}]}<\/script>\n<!-- \/ Yoast SEO plugin. -->","yoast_head_json":{"title":"SUR MESURE - CHAT BOARD","robots":{"index":"index","follow":"follow","max-snippet":"max-snippet:-1","max-image-preview":"max-image-preview:large","max-video-preview":"max-video-preview:-1"},"canonical":"https:\/\/chat-board.dk\/fr\/sur-mesure-fr\/","og_locale":"fr_FR","og_type":"article","og_title":"SUR MESURE - CHAT BOARD","og_description":"Adaptez et personnalisez votre produit CHAT BOARD\u00ae pour cr\u00e9er des solutions sur mesure qui correspondent parfaitement \u00e0 votre vision unique.","og_url":"https:\/\/chat-board.dk\/fr\/sur-mesure-fr\/","og_site_name":"CHAT BOARD","article_modified_time":"2024-11-11T11:26:54+00:00","og_image":[{"width":945,"height":1341,"url":"https:\/\/chat-board.dk\/wp-content\/uploads\/2020\/11\/CHAT-BOARD-customised-DissingWeitling.jpg","type":"image\/jpeg"}],"twitter_card":"summary_large_image","twitter_misc":{"Est. reading time":"1 minute"},"schema":{"@context":"https:\/\/schema.org","@graph":[{"@type":"WebPage","@id":"https:\/\/chat-board.dk\/fr\/sur-mesure-fr\/","url":"https:\/\/chat-board.dk\/fr\/sur-mesure-fr\/","name":"SUR MESURE - CHAT BOARD","isPartOf":{"@id":"https:\/\/chat-board.dk\/fr\/#website"},"primaryImageOfPage":{"@id":"https:\/\/chat-board.dk\/fr\/sur-mesure-fr\/#primaryimage"},"image":{"@id":"https:\/\/chat-board.dk\/fr\/sur-mesure-fr\/#primaryimage"},"thumbnailUrl":"https:\/\/chat-board.dk\/wp-content\/uploads\/2020\/11\/CHAT-BOARD-customised-DissingWeitling.jpg","datePublished":"2020-11-16T09:53:25+00:00","dateModified":"2024-11-11T11:26:54+00:00","breadcrumb":{"@id":"https:\/\/chat-board.dk\/fr\/sur-mesure-fr\/#breadcrumb"},"inLanguage":"fr-FR","potentialAction":[{"@type":"ReadAction","target":["https:\/\/chat-board.dk\/fr\/sur-mesure-fr\/"]}]},{"@type":"ImageObject","inLanguage":"fr-FR","@id":"https:\/\/chat-board.dk\/fr\/sur-mesure-fr\/#primaryimage","url":"https:\/\/chat-board.dk\/wp-content\/uploads\/2020\/11\/CHAT-BOARD-customised-DissingWeitling.jpg","contentUrl":"https:\/\/chat-board.dk\/wp-content\/uploads\/2020\/11\/CHAT-BOARD-customised-DissingWeitling.jpg","width":945,"height":1341,"caption":"CHAT BOARD Classic customised for Dissing + Weitling architects"},{"@type":"BreadcrumbList","@id":"https:\/\/chat-board.dk\/fr\/sur-mesure-fr\/#breadcrumb","itemListElement":[{"@type":"ListItem","position":1,"name":"Home","item":"https:\/\/chat-board.dk\/fr\/"},{"@type":"ListItem","position":2,"name":"Produits","item":"https:\/\/chat-board.dk\/fr\/produits\/"},{"@type":"ListItem","position":3,"name":"SUR MESURE"}]},{"@type":"WebSite","@id":"https:\/\/chat-board.dk\/fr\/#website","url":"https:\/\/chat-board.dk\/fr\/","name":"CHAT BOARD","description":"","potentialAction":[{"@type":"SearchAction","target":{"@type":"EntryPoint","urlTemplate":"https:\/\/chat-board.dk\/fr\/?s={search_term_string}"},"query-input":{"@type":"PropertyValueSpecification","valueRequired":true,"valueName":"search_term_string"}}],"inLanguage":"fr-FR"}]}},"_links":{"self":[{"href":"https:\/\/chat-board.dk\/fr\/wp-json\/wp\/v2\/product\/1203","targetHints":{"allow":["GET"]}}],"collection":[{"href":"https:\/\/chat-board.dk\/fr\/wp-json\/wp\/v2\/product"}],"about":[{"href":"https:\/\/chat-board.dk\/fr\/wp-json\/wp\/v2\/types\/product"}],"replies":[{"embeddable":true,"href":"https:\/\/chat-board.dk\/fr\/wp-json\/wp\/v2\/comments?post=1203"}],"wp:featuredmedia":[{"embeddable":true,"href":"https:\/\/chat-board.dk\/fr\/wp-json\/wp\/v2\/media\/8606"}],"wp:attachment":[{"href":"https:\/\/chat-board.dk\/fr\/wp-json\/wp\/v2\/media?parent=1203"}],"wp:term":[{"taxonomy":"product_brand","embeddable":true,"href":"https:\/\/chat-board.dk\/fr\/wp-json\/wp\/v2\/product_brand?post=1203"},{"taxonomy":"product_cat","embeddable":true,"href":"https:\/\/chat-board.dk\/fr\/wp-json\/wp\/v2\/product_cat?post=1203"},{"taxonomy":"product_tag","embeddable":true,"href":"https:\/\/chat-board.dk\/fr\/wp-json\/wp\/v2\/product_tag?post=1203"}],"curies":[{"name":"wp","href":"https:\/\/api.w.org\/{rel}","templated":true}]}}