{"id":1163,"date":"2020-11-10T16:16:09","date_gmt":"2020-11-10T14:16:09","guid":{"rendered":"http:\/\/clients.rubystudio.dk\/chatboard\/product\/accessoires-essentiels\/"},"modified":"2026-03-20T12:39:28","modified_gmt":"2026-03-20T10:39:28","slug":"accessoires-essentiels-fr","status":"publish","type":"product","link":"https:\/\/chat-board.dk\/fr\/accessoires-essentiels-fr\/","title":{"rendered":"ACCESSOIRES ESSENTIELS"},"content":{"rendered":"<p>Nous proposons une large s\u00e9lection d\u2019accessoires \u00e9l\u00e9gants et fonctionnels, con\u00e7us pour \u00eatre utilis\u00e9s avec toute la gamme CHAT BOARD\u00ae, offrant la meilleure exp\u00e9rience utilisateur possible tout en sublimant chacun de nos produits.<\/p>\n<p>Tous nos marqueurs ont \u00e9t\u00e9 sp\u00e9cifiquement d\u00e9velopp\u00e9s pour une utilisation sur verre, assurant une lecture ais\u00e9e des messages et illustrations sur la surface lisse. Ceci, que vous utilisiez les marqueurs effa\u00e7ables \u00e0 sec qui fonctionnent mieux sur des couleurs claires ou bien, nos marqueurs type N\u00e9on, tr\u00e8s lisibles sur des couleurs plus fonc\u00e9es.<\/p>\n<p>Les aimants CHAT BOARD\u00ae sont tr\u00e8s puissants et sp\u00e9cifiquement d\u00e9velopp\u00e9s pour adh\u00e9rer \u00e0 travers le verre tout en \u00e9tant capables de maintenir jusqu\u2019\u00e0 15 feuilles de papier A4.<\/p>\n<p>Tirez le meilleur parti de votre produit CHAT BOARD\u00ae avec l\u2019un de nos kits de d\u00e9marrage, fournissant tout ce dont vous aurez besoin pour bien d\u00e9buter. Avec 9 combinaisons disponibles, chacune avec une s\u00e9lection unique de marqueurs, aimants et effaceurs, il y a toutes les possibilit\u00e9s de trouver l\u2019assortiment parfait pour l\u2019ensemble de vos besoins.<\/p>\n<p>NB :<\/p>\n<p>nous vous recommandons de toujours utiliser des marqueurs et des aimants CHAT BOARD\u00ae avec l\u2019ensemble de nos produits<\/p>\n","protected":false},"excerpt":{"rendered":"<p>Nous proposons une large s\u00e9lection d\u2019accessoires \u00e9l\u00e9gants et fonctionnels, con\u00e7us pour \u00eatre utilis\u00e9s avec toute la gamme CHAT BOARD\u00ae, offrant la meilleure exp\u00e9rience utilisateur possible tout en sublimant chacun de nos produits.<\/p>\n","protected":false},"featured_media":1164,"comment_status":"open","ping_status":"closed","template":"","meta":{"_acf_changed":false},"product_brand":[],"product_cat":[113],"product_tag":[],"class_list":{"0":"post-1163","1":"product","2":"type-product","3":"status-publish","4":"has-post-thumbnail","6":"product_cat-les-accessoires","8":"first","9":"instock","10":"shipping-taxable","11":"product-type-simple"},"acf":[],"yoast_head":"<!-- This site is optimized with the Yoast SEO plugin v25.3.1 - https:\/\/yoast.com\/wordpress\/plugins\/seo\/ -->\n<title>ACCESSOIRES ESSENTIELS - CHAT BOARD<\/title>\n<meta name=\"robots\" content=\"index, follow, max-snippet:-1, max-image-preview:large, max-video-preview:-1\" \/>\n<link rel=\"canonical\" href=\"https:\/\/chat-board.dk\/fr\/accessoires-essentiels-fr\/\" \/>\n<meta property=\"og:locale\" content=\"fr_FR\" \/>\n<meta property=\"og:type\" content=\"article\" \/>\n<meta property=\"og:title\" content=\"ACCESSOIRES ESSENTIELS - CHAT BOARD\" \/>\n<meta property=\"og:description\" content=\"Nous proposons une large s\u00e9lection d\u2019accessoires \u00e9l\u00e9gants et fonctionnels, con\u00e7us pour \u00eatre utilis\u00e9s avec toute la gamme CHAT BOARD\u00ae, offrant la meilleure exp\u00e9rience utilisateur possible tout en sublimant chacun de nos produits.\" \/>\n<meta property=\"og:url\" content=\"https:\/\/chat-board.dk\/fr\/accessoires-essentiels-fr\/\" \/>\n<meta property=\"og:site_name\" content=\"CHAT BOARD\" \/>\n<meta property=\"article:modified_time\" content=\"2026-03-20T10:39:28+00:00\" \/>\n<meta property=\"og:image\" content=\"https:\/\/chat-board.dk\/wp-content\/uploads\/2020\/11\/CHAT-BOARD-Woody-Black-stained-e1605018132180.jpg\" \/>\n\t<meta property=\"og:image:width\" content=\"914\" \/>\n\t<meta property=\"og:image:height\" content=\"1200\" \/>\n\t<meta property=\"og:image:type\" content=\"image\/jpeg\" \/>\n<meta name=\"twitter:card\" content=\"summary_large_image\" \/>\n<meta name=\"twitter:label1\" content=\"Est. reading time\" \/>\n\t<meta name=\"twitter:data1\" content=\"2 minutes\" \/>\n<script type=\"application\/ld+json\" class=\"yoast-schema-graph\">{\"@context\":\"https:\/\/schema.org\",\"@graph\":[{\"@type\":\"WebPage\",\"@id\":\"https:\/\/chat-board.dk\/fr\/accessoires-essentiels-fr\/\",\"url\":\"https:\/\/chat-board.dk\/fr\/accessoires-essentiels-fr\/\",\"name\":\"ACCESSOIRES ESSENTIELS - CHAT BOARD\",\"isPartOf\":{\"@id\":\"https:\/\/chat-board.dk\/fr\/#website\"},\"primaryImageOfPage\":{\"@id\":\"https:\/\/chat-board.dk\/fr\/accessoires-essentiels-fr\/#primaryimage\"},\"image\":{\"@id\":\"https:\/\/chat-board.dk\/fr\/accessoires-essentiels-fr\/#primaryimage\"},\"thumbnailUrl\":\"https:\/\/chat-board.dk\/wp-content\/uploads\/2020\/11\/CHAT-BOARD-Woody-Black-stained-e1605018132180.jpg\",\"datePublished\":\"2020-11-10T14:16:09+00:00\",\"dateModified\":\"2026-03-20T10:39:28+00:00\",\"breadcrumb\":{\"@id\":\"https:\/\/chat-board.dk\/fr\/accessoires-essentiels-fr\/#breadcrumb\"},\"inLanguage\":\"fr-FR\",\"potentialAction\":[{\"@type\":\"ReadAction\",\"target\":[\"https:\/\/chat-board.dk\/fr\/accessoires-essentiels-fr\/\"]}]},{\"@type\":\"ImageObject\",\"inLanguage\":\"fr-FR\",\"@id\":\"https:\/\/chat-board.dk\/fr\/accessoires-essentiels-fr\/#primaryimage\",\"url\":\"https:\/\/chat-board.dk\/wp-content\/uploads\/2020\/11\/CHAT-BOARD-Woody-Black-stained-e1605018132180.jpg\",\"contentUrl\":\"https:\/\/chat-board.dk\/wp-content\/uploads\/2020\/11\/CHAT-BOARD-Woody-Black-stained-e1605018132180.jpg\",\"width\":914,\"height\":1200,\"caption\":\"CHAT BOARD Woody Eraser and Magnets in black stained ash on Pure White Classic\"},{\"@type\":\"BreadcrumbList\",\"@id\":\"https:\/\/chat-board.dk\/fr\/accessoires-essentiels-fr\/#breadcrumb\",\"itemListElement\":[{\"@type\":\"ListItem\",\"position\":1,\"name\":\"Home\",\"item\":\"https:\/\/chat-board.dk\/fr\/\"},{\"@type\":\"ListItem\",\"position\":2,\"name\":\"Produits\",\"item\":\"https:\/\/chat-board.dk\/fr\/produits\/\"},{\"@type\":\"ListItem\",\"position\":3,\"name\":\"ACCESSOIRES ESSENTIELS\"}]},{\"@type\":\"WebSite\",\"@id\":\"https:\/\/chat-board.dk\/fr\/#website\",\"url\":\"https:\/\/chat-board.dk\/fr\/\",\"name\":\"CHAT BOARD\",\"description\":\"\",\"potentialAction\":[{\"@type\":\"SearchAction\",\"target\":{\"@type\":\"EntryPoint\",\"urlTemplate\":\"https:\/\/chat-board.dk\/fr\/?s={search_term_string}\"},\"query-input\":{\"@type\":\"PropertyValueSpecification\",\"valueRequired\":true,\"valueName\":\"search_term_string\"}}],\"inLanguage\":\"fr-FR\"}]}<\/script>\n<!-- \/ Yoast SEO plugin. -->","yoast_head_json":{"title":"ACCESSOIRES ESSENTIELS - CHAT BOARD","robots":{"index":"index","follow":"follow","max-snippet":"max-snippet:-1","max-image-preview":"max-image-preview:large","max-video-preview":"max-video-preview:-1"},"canonical":"https:\/\/chat-board.dk\/fr\/accessoires-essentiels-fr\/","og_locale":"fr_FR","og_type":"article","og_title":"ACCESSOIRES ESSENTIELS - CHAT BOARD","og_description":"Nous proposons une large s\u00e9lection d\u2019accessoires \u00e9l\u00e9gants et fonctionnels, con\u00e7us pour \u00eatre utilis\u00e9s avec toute la gamme CHAT BOARD\u00ae, offrant la meilleure exp\u00e9rience utilisateur possible tout en sublimant chacun de nos produits.","og_url":"https:\/\/chat-board.dk\/fr\/accessoires-essentiels-fr\/","og_site_name":"CHAT BOARD","article_modified_time":"2026-03-20T10:39:28+00:00","og_image":[{"width":914,"height":1200,"url":"https:\/\/chat-board.dk\/wp-content\/uploads\/2020\/11\/CHAT-BOARD-Woody-Black-stained-e1605018132180.jpg","type":"image\/jpeg"}],"twitter_card":"summary_large_image","twitter_misc":{"Est. reading time":"2 minutes"},"schema":{"@context":"https:\/\/schema.org","@graph":[{"@type":"WebPage","@id":"https:\/\/chat-board.dk\/fr\/accessoires-essentiels-fr\/","url":"https:\/\/chat-board.dk\/fr\/accessoires-essentiels-fr\/","name":"ACCESSOIRES ESSENTIELS - CHAT BOARD","isPartOf":{"@id":"https:\/\/chat-board.dk\/fr\/#website"},"primaryImageOfPage":{"@id":"https:\/\/chat-board.dk\/fr\/accessoires-essentiels-fr\/#primaryimage"},"image":{"@id":"https:\/\/chat-board.dk\/fr\/accessoires-essentiels-fr\/#primaryimage"},"thumbnailUrl":"https:\/\/chat-board.dk\/wp-content\/uploads\/2020\/11\/CHAT-BOARD-Woody-Black-stained-e1605018132180.jpg","datePublished":"2020-11-10T14:16:09+00:00","dateModified":"2026-03-20T10:39:28+00:00","breadcrumb":{"@id":"https:\/\/chat-board.dk\/fr\/accessoires-essentiels-fr\/#breadcrumb"},"inLanguage":"fr-FR","potentialAction":[{"@type":"ReadAction","target":["https:\/\/chat-board.dk\/fr\/accessoires-essentiels-fr\/"]}]},{"@type":"ImageObject","inLanguage":"fr-FR","@id":"https:\/\/chat-board.dk\/fr\/accessoires-essentiels-fr\/#primaryimage","url":"https:\/\/chat-board.dk\/wp-content\/uploads\/2020\/11\/CHAT-BOARD-Woody-Black-stained-e1605018132180.jpg","contentUrl":"https:\/\/chat-board.dk\/wp-content\/uploads\/2020\/11\/CHAT-BOARD-Woody-Black-stained-e1605018132180.jpg","width":914,"height":1200,"caption":"CHAT BOARD Woody Eraser and Magnets in black stained ash on Pure White Classic"},{"@type":"BreadcrumbList","@id":"https:\/\/chat-board.dk\/fr\/accessoires-essentiels-fr\/#breadcrumb","itemListElement":[{"@type":"ListItem","position":1,"name":"Home","item":"https:\/\/chat-board.dk\/fr\/"},{"@type":"ListItem","position":2,"name":"Produits","item":"https:\/\/chat-board.dk\/fr\/produits\/"},{"@type":"ListItem","position":3,"name":"ACCESSOIRES ESSENTIELS"}]},{"@type":"WebSite","@id":"https:\/\/chat-board.dk\/fr\/#website","url":"https:\/\/chat-board.dk\/fr\/","name":"CHAT BOARD","description":"","potentialAction":[{"@type":"SearchAction","target":{"@type":"EntryPoint","urlTemplate":"https:\/\/chat-board.dk\/fr\/?s={search_term_string}"},"query-input":{"@type":"PropertyValueSpecification","valueRequired":true,"valueName":"search_term_string"}}],"inLanguage":"fr-FR"}]}},"_links":{"self":[{"href":"https:\/\/chat-board.dk\/fr\/wp-json\/wp\/v2\/product\/1163","targetHints":{"allow":["GET"]}}],"collection":[{"href":"https:\/\/chat-board.dk\/fr\/wp-json\/wp\/v2\/product"}],"about":[{"href":"https:\/\/chat-board.dk\/fr\/wp-json\/wp\/v2\/types\/product"}],"replies":[{"embeddable":true,"href":"https:\/\/chat-board.dk\/fr\/wp-json\/wp\/v2\/comments?post=1163"}],"wp:featuredmedia":[{"embeddable":true,"href":"https:\/\/chat-board.dk\/fr\/wp-json\/wp\/v2\/media\/1164"}],"wp:attachment":[{"href":"https:\/\/chat-board.dk\/fr\/wp-json\/wp\/v2\/media?parent=1163"}],"wp:term":[{"taxonomy":"product_brand","embeddable":true,"href":"https:\/\/chat-board.dk\/fr\/wp-json\/wp\/v2\/product_brand?post=1163"},{"taxonomy":"product_cat","embeddable":true,"href":"https:\/\/chat-board.dk\/fr\/wp-json\/wp\/v2\/product_cat?post=1163"},{"taxonomy":"product_tag","embeddable":true,"href":"https:\/\/chat-board.dk\/fr\/wp-json\/wp\/v2\/product_tag?post=1163"}],"curies":[{"name":"wp","href":"https:\/\/api.w.org\/{rel}","templated":true}]}}