{"id":11573,"date":"2026-03-23T16:19:59","date_gmt":"2026-03-23T14:19:59","guid":{"rendered":"https:\/\/chat-board.dk\/?post_type=product&#038;p=11573"},"modified":"2026-04-20T09:47:29","modified_gmt":"2026-04-20T07:47:29","slug":"coach","status":"publish","type":"product","link":"https:\/\/chat-board.dk\/fr\/coach\/","title":{"rendered":"COACH"},"content":{"rendered":"<p style=\"text-align: left;\">Coach a\u00a0\u00a0rejoint\u00a0le terrain de jeu \u00a0des\u00a0tableaux\u00a0CHAT BOARD\u00ae\u00a0\u00a0mobiles et\u00a0flexibles . Mais loin de rester en retrait, COACH est l\u00e0 pour laisser sa marque. Incarnant pleinement les principes cl\u00e9s\u00a0de la forme et\u00a0des designs \u00e9pur\u00e9s,\u00a0aussi\u00a0attrayants visuellement\u00a0que\u00a0fiables, COACH se positionne comme une extension coh\u00e9rente de la collection des produits existants.<\/p>\n<p style=\"text-align: left;\">Le design \u00e9l\u00e9gant et \u00e9lanc\u00e9 est inspir\u00e9 d\u2019une silhouette reconnaissable de CHAT BOARD\u00ae ,\u00a0transform\u00e9e\u00a0en une r\u00e9incarnation monochrome parfaitement \u00e9quilibr\u00e9e \u00a0avec\u00a0un\u00a0verre\u00a0mont\u00e9\u00a0bord \u00e0 bord pour maximiser la surface d\u2019\u00e9criture.<\/p>\n<p style=\"text-align: left;\">Disponible en quatre teintes sophistiqu\u00e9es, COACH combine\u00a0les textures compl\u00e9mentaires du\u00a0verre lisse et\u00a0de l&#8217;acier enduit\u00a0d&#8217;une\u00a0poudre douce\u00a0pour\u00a0une\u00a0\u00a0mobilit\u00e9\u00a0 \u00e0 la fois\u00a0l\u00e9g\u00e8re\u00a0et robuste.<\/p>\n<p style=\"text-align: left;\">Les cadres en acier CHAT BOARD\u00ae du COACH sont rev\u00eatus d\u2019une poudre et sont \u00e9quip\u00e9s d\u2019un verre de s\u00e9curit\u00e9 tremp\u00e9 de 4 mm, conform\u00e9ment aux normes de qualit\u00e9 les plus \u00e9lev\u00e9es, finis avec des bords en C lisses et des coins \u00e0 rayon de 4 mm. Il est disponible en quatre coloris qui sont d\u00e9clin\u00e9s en 2 versions : une version standard avec verre brillant et une version avec verre mat. Pour les commandes de plus grandes quantit\u00e9s, des couleurs sur mesure peuvent \u00eatre fabriqu\u00e9es sur demande.<\/p>\n","protected":false},"excerpt":{"rendered":"<p>CHAT BOARD\u00ae Ambit propose une nouvelle approche du panneau magn\u00e9tique mural en verre dans un ovale \u00e9l\u00e9gant.<\/p>\n","protected":false},"featured_media":11505,"comment_status":"open","ping_status":"closed","template":"","meta":{"_acf_changed":false},"product_brand":[],"product_cat":[102],"product_tag":[],"class_list":{"0":"post-11573","1":"product","2":"type-product","3":"status-publish","4":"has-post-thumbnail","6":"product_cat-les-mobiles","7":"designer-rumrum-fr","9":"first","10":"instock","11":"shipping-taxable","12":"product-type-simple"},"acf":[],"yoast_head":"<!-- This site is optimized with the Yoast SEO plugin v25.3.1 - https:\/\/yoast.com\/wordpress\/plugins\/seo\/ -->\n<title>COACH - CHAT BOARD<\/title>\n<meta name=\"description\" content=\"COACH, tableau en verre magn\u00e9tique mobile. Design \u00e9pur\u00e9, surface maximale et collaboration flexible pour les environnements modernes.\" \/>\n<meta name=\"robots\" content=\"index, follow, max-snippet:-1, max-image-preview:large, max-video-preview:-1\" \/>\n<link rel=\"canonical\" href=\"https:\/\/chat-board.dk\/fr\/coach\/\" \/>\n<meta property=\"og:locale\" content=\"fr_FR\" \/>\n<meta property=\"og:type\" content=\"article\" \/>\n<meta property=\"og:title\" content=\"COACH - CHAT BOARD\" \/>\n<meta property=\"og:description\" content=\"COACH, tableau en verre magn\u00e9tique mobile. Design \u00e9pur\u00e9, surface maximale et collaboration flexible pour les environnements modernes.\" \/>\n<meta property=\"og:url\" content=\"https:\/\/chat-board.dk\/fr\/coach\/\" \/>\n<meta property=\"og:site_name\" content=\"CHAT BOARD\" \/>\n<meta property=\"article:modified_time\" content=\"2026-04-20T07:47:29+00:00\" \/>\n<meta property=\"og:image\" content=\"https:\/\/chat-board.dk\/wp-content\/uploads\/2026\/03\/Frame-36-2.png\" \/>\n\t<meta property=\"og:image:width\" content=\"800\" \/>\n\t<meta property=\"og:image:height\" content=\"1200\" \/>\n\t<meta property=\"og:image:type\" content=\"image\/png\" \/>\n<meta name=\"twitter:card\" content=\"summary_large_image\" \/>\n<meta name=\"twitter:label1\" content=\"Est. reading time\" \/>\n\t<meta name=\"twitter:data1\" content=\"2 minutes\" \/>\n<script type=\"application\/ld+json\" class=\"yoast-schema-graph\">{\"@context\":\"https:\/\/schema.org\",\"@graph\":[{\"@type\":\"WebPage\",\"@id\":\"https:\/\/chat-board.dk\/fr\/coach\/\",\"url\":\"https:\/\/chat-board.dk\/fr\/coach\/\",\"name\":\"COACH - CHAT BOARD\",\"isPartOf\":{\"@id\":\"https:\/\/chat-board.dk\/fr\/#website\"},\"primaryImageOfPage\":{\"@id\":\"https:\/\/chat-board.dk\/fr\/coach\/#primaryimage\"},\"image\":{\"@id\":\"https:\/\/chat-board.dk\/fr\/coach\/#primaryimage\"},\"thumbnailUrl\":\"https:\/\/chat-board.dk\/wp-content\/uploads\/2026\/03\/Frame-36-2.png\",\"datePublished\":\"2026-03-23T14:19:59+00:00\",\"dateModified\":\"2026-04-20T07:47:29+00:00\",\"description\":\"COACH, tableau en verre magn\u00e9tique mobile. Design \u00e9pur\u00e9, surface maximale et collaboration flexible pour les environnements modernes.\",\"breadcrumb\":{\"@id\":\"https:\/\/chat-board.dk\/fr\/coach\/#breadcrumb\"},\"inLanguage\":\"fr-FR\",\"potentialAction\":[{\"@type\":\"ReadAction\",\"target\":[\"https:\/\/chat-board.dk\/fr\/coach\/\"]}]},{\"@type\":\"ImageObject\",\"inLanguage\":\"fr-FR\",\"@id\":\"https:\/\/chat-board.dk\/fr\/coach\/#primaryimage\",\"url\":\"https:\/\/chat-board.dk\/wp-content\/uploads\/2026\/03\/Frame-36-2.png\",\"contentUrl\":\"https:\/\/chat-board.dk\/wp-content\/uploads\/2026\/03\/Frame-36-2.png\",\"width\":800,\"height\":1200,\"caption\":\"CHAT BOARD COACH\"},{\"@type\":\"BreadcrumbList\",\"@id\":\"https:\/\/chat-board.dk\/fr\/coach\/#breadcrumb\",\"itemListElement\":[{\"@type\":\"ListItem\",\"position\":1,\"name\":\"Home\",\"item\":\"https:\/\/chat-board.dk\/fr\/\"},{\"@type\":\"ListItem\",\"position\":2,\"name\":\"Produits\",\"item\":\"https:\/\/chat-board.dk\/fr\/produits\/\"},{\"@type\":\"ListItem\",\"position\":3,\"name\":\"COACH\"}]},{\"@type\":\"WebSite\",\"@id\":\"https:\/\/chat-board.dk\/fr\/#website\",\"url\":\"https:\/\/chat-board.dk\/fr\/\",\"name\":\"CHAT BOARD\",\"description\":\"\",\"potentialAction\":[{\"@type\":\"SearchAction\",\"target\":{\"@type\":\"EntryPoint\",\"urlTemplate\":\"https:\/\/chat-board.dk\/fr\/?s={search_term_string}\"},\"query-input\":{\"@type\":\"PropertyValueSpecification\",\"valueRequired\":true,\"valueName\":\"search_term_string\"}}],\"inLanguage\":\"fr-FR\"}]}<\/script>\n<!-- \/ Yoast SEO plugin. -->","yoast_head_json":{"title":"COACH - CHAT BOARD","description":"COACH, tableau en verre magn\u00e9tique mobile. Design \u00e9pur\u00e9, surface maximale et collaboration flexible pour les environnements modernes.","robots":{"index":"index","follow":"follow","max-snippet":"max-snippet:-1","max-image-preview":"max-image-preview:large","max-video-preview":"max-video-preview:-1"},"canonical":"https:\/\/chat-board.dk\/fr\/coach\/","og_locale":"fr_FR","og_type":"article","og_title":"COACH - CHAT BOARD","og_description":"COACH, tableau en verre magn\u00e9tique mobile. Design \u00e9pur\u00e9, surface maximale et collaboration flexible pour les environnements modernes.","og_url":"https:\/\/chat-board.dk\/fr\/coach\/","og_site_name":"CHAT BOARD","article_modified_time":"2026-04-20T07:47:29+00:00","og_image":[{"width":800,"height":1200,"url":"https:\/\/chat-board.dk\/wp-content\/uploads\/2026\/03\/Frame-36-2.png","type":"image\/png"}],"twitter_card":"summary_large_image","twitter_misc":{"Est. reading time":"2 minutes"},"schema":{"@context":"https:\/\/schema.org","@graph":[{"@type":"WebPage","@id":"https:\/\/chat-board.dk\/fr\/coach\/","url":"https:\/\/chat-board.dk\/fr\/coach\/","name":"COACH - CHAT BOARD","isPartOf":{"@id":"https:\/\/chat-board.dk\/fr\/#website"},"primaryImageOfPage":{"@id":"https:\/\/chat-board.dk\/fr\/coach\/#primaryimage"},"image":{"@id":"https:\/\/chat-board.dk\/fr\/coach\/#primaryimage"},"thumbnailUrl":"https:\/\/chat-board.dk\/wp-content\/uploads\/2026\/03\/Frame-36-2.png","datePublished":"2026-03-23T14:19:59+00:00","dateModified":"2026-04-20T07:47:29+00:00","description":"COACH, tableau en verre magn\u00e9tique mobile. Design \u00e9pur\u00e9, surface maximale et collaboration flexible pour les environnements modernes.","breadcrumb":{"@id":"https:\/\/chat-board.dk\/fr\/coach\/#breadcrumb"},"inLanguage":"fr-FR","potentialAction":[{"@type":"ReadAction","target":["https:\/\/chat-board.dk\/fr\/coach\/"]}]},{"@type":"ImageObject","inLanguage":"fr-FR","@id":"https:\/\/chat-board.dk\/fr\/coach\/#primaryimage","url":"https:\/\/chat-board.dk\/wp-content\/uploads\/2026\/03\/Frame-36-2.png","contentUrl":"https:\/\/chat-board.dk\/wp-content\/uploads\/2026\/03\/Frame-36-2.png","width":800,"height":1200,"caption":"CHAT BOARD COACH"},{"@type":"BreadcrumbList","@id":"https:\/\/chat-board.dk\/fr\/coach\/#breadcrumb","itemListElement":[{"@type":"ListItem","position":1,"name":"Home","item":"https:\/\/chat-board.dk\/fr\/"},{"@type":"ListItem","position":2,"name":"Produits","item":"https:\/\/chat-board.dk\/fr\/produits\/"},{"@type":"ListItem","position":3,"name":"COACH"}]},{"@type":"WebSite","@id":"https:\/\/chat-board.dk\/fr\/#website","url":"https:\/\/chat-board.dk\/fr\/","name":"CHAT BOARD","description":"","potentialAction":[{"@type":"SearchAction","target":{"@type":"EntryPoint","urlTemplate":"https:\/\/chat-board.dk\/fr\/?s={search_term_string}"},"query-input":{"@type":"PropertyValueSpecification","valueRequired":true,"valueName":"search_term_string"}}],"inLanguage":"fr-FR"}]}},"_links":{"self":[{"href":"https:\/\/chat-board.dk\/fr\/wp-json\/wp\/v2\/product\/11573","targetHints":{"allow":["GET"]}}],"collection":[{"href":"https:\/\/chat-board.dk\/fr\/wp-json\/wp\/v2\/product"}],"about":[{"href":"https:\/\/chat-board.dk\/fr\/wp-json\/wp\/v2\/types\/product"}],"replies":[{"embeddable":true,"href":"https:\/\/chat-board.dk\/fr\/wp-json\/wp\/v2\/comments?post=11573"}],"wp:featuredmedia":[{"embeddable":true,"href":"https:\/\/chat-board.dk\/fr\/wp-json\/wp\/v2\/media\/11505"}],"wp:attachment":[{"href":"https:\/\/chat-board.dk\/fr\/wp-json\/wp\/v2\/media?parent=11573"}],"wp:term":[{"taxonomy":"product_brand","embeddable":true,"href":"https:\/\/chat-board.dk\/fr\/wp-json\/wp\/v2\/product_brand?post=11573"},{"taxonomy":"product_cat","embeddable":true,"href":"https:\/\/chat-board.dk\/fr\/wp-json\/wp\/v2\/product_cat?post=11573"},{"taxonomy":"product_tag","embeddable":true,"href":"https:\/\/chat-board.dk\/fr\/wp-json\/wp\/v2\/product_tag?post=11573"}],"curies":[{"name":"wp","href":"https:\/\/api.w.org\/{rel}","templated":true}]}}