{"id":10017,"date":"2024-10-30T12:15:54","date_gmt":"2024-10-30T10:16:46","guid":{"rendered":"https:\/\/chat-board.dk\/?post_type=product&#038;p=10017"},"modified":"2026-03-23T10:43:07","modified_gmt":"2026-03-23T08:43:07","slug":"ambit","status":"publish","type":"product","link":"https:\/\/chat-board.dk\/fr\/ambit\/","title":{"rendered":"AMBIT"},"content":{"rendered":"<p>CHAT BOARD\u00ae Ambit propose une nouvelle approche du panneau magn\u00e9tique mural en verre. S\u2018inspirant de la collection Orbit, tr\u00e8s appr\u00e9ci\u00e9e, il pr\u00e9sente une silhouette tout aussi arrondie mais cette fois transform\u00e9e en un ovale bien proportionn\u00e9 en divisant le cercle en son milieu et en l\u2018unissant par un carr\u00e9 central.<\/p>\n<p>Ambit \u00e9voque ce type particulier d\u2018esth\u00e9tisme intemporel qui ajoutera instantan\u00e9ment une touche \u00e9l\u00e9gante et discr\u00e8te de luxe \u00e0 son environnement, ce qui en fait la touche originale parfaite pour les conceptions d\u2018espaces hors du commun.<\/p>\n","protected":false},"excerpt":{"rendered":"<p>CHAT BOARD\u00ae Ambit propose une nouvelle approche du panneau magn\u00e9tique mural en verre dans un ovale \u00e9l\u00e9gant.<\/p>\n","protected":false},"featured_media":9947,"comment_status":"open","ping_status":"closed","template":"","meta":{"_acf_changed":false},"product_brand":[],"product_cat":[94],"product_tag":[],"class_list":{"0":"post-10017","1":"product","2":"type-product","3":"status-publish","4":"has-post-thumbnail","6":"product_cat-les-mureaux","8":"first","9":"instock","10":"shipping-taxable","11":"product-type-simple"},"acf":[],"yoast_head":"<!-- This site is optimized with the Yoast SEO plugin v25.3.1 - https:\/\/yoast.com\/wordpress\/plugins\/seo\/ -->\n<title>AMBIT - CHAT BOARD<\/title>\n<meta name=\"robots\" content=\"index, follow, max-snippet:-1, max-image-preview:large, max-video-preview:-1\" \/>\n<link rel=\"canonical\" href=\"https:\/\/chat-board.dk\/fr\/ambit\/\" \/>\n<meta property=\"og:locale\" content=\"fr_FR\" \/>\n<meta property=\"og:type\" content=\"article\" \/>\n<meta property=\"og:title\" content=\"AMBIT - CHAT BOARD\" \/>\n<meta property=\"og:description\" content=\"CHAT BOARD\u00ae Ambit propose une nouvelle approche du panneau magn\u00e9tique mural en verre dans un ovale \u00e9l\u00e9gant.\" \/>\n<meta property=\"og:url\" content=\"https:\/\/chat-board.dk\/fr\/ambit\/\" \/>\n<meta property=\"og:site_name\" content=\"CHAT BOARD\" \/>\n<meta property=\"article:modified_time\" content=\"2026-03-23T08:43:07+00:00\" \/>\n<meta property=\"og:image\" content=\"https:\/\/chat-board.dk\/wp-content\/uploads\/2024\/10\/CHAT-BOARD-Ambit-Stone-Petal-ambient-edit-scaled.jpg\" \/>\n\t<meta property=\"og:image:width\" content=\"1827\" \/>\n\t<meta property=\"og:image:height\" content=\"2560\" \/>\n\t<meta property=\"og:image:type\" content=\"image\/jpeg\" \/>\n<meta name=\"twitter:card\" content=\"summary_large_image\" \/>\n<meta name=\"twitter:label1\" content=\"Est. reading time\" \/>\n\t<meta name=\"twitter:data1\" content=\"1 minute\" \/>\n<script type=\"application\/ld+json\" class=\"yoast-schema-graph\">{\"@context\":\"https:\/\/schema.org\",\"@graph\":[{\"@type\":\"WebPage\",\"@id\":\"https:\/\/chat-board.dk\/fr\/ambit\/\",\"url\":\"https:\/\/chat-board.dk\/fr\/ambit\/\",\"name\":\"AMBIT - CHAT BOARD\",\"isPartOf\":{\"@id\":\"https:\/\/chat-board.dk\/fr\/#website\"},\"primaryImageOfPage\":{\"@id\":\"https:\/\/chat-board.dk\/fr\/ambit\/#primaryimage\"},\"image\":{\"@id\":\"https:\/\/chat-board.dk\/fr\/ambit\/#primaryimage\"},\"thumbnailUrl\":\"https:\/\/chat-board.dk\/wp-content\/uploads\/2024\/10\/CHAT-BOARD-Ambit-Stone-Petal-ambient-edit-scaled.jpg\",\"datePublished\":\"2024-10-30T10:16:46+00:00\",\"dateModified\":\"2026-03-23T08:43:07+00:00\",\"breadcrumb\":{\"@id\":\"https:\/\/chat-board.dk\/fr\/ambit\/#breadcrumb\"},\"inLanguage\":\"fr-FR\",\"potentialAction\":[{\"@type\":\"ReadAction\",\"target\":[\"https:\/\/chat-board.dk\/fr\/ambit\/\"]}]},{\"@type\":\"ImageObject\",\"inLanguage\":\"fr-FR\",\"@id\":\"https:\/\/chat-board.dk\/fr\/ambit\/#primaryimage\",\"url\":\"https:\/\/chat-board.dk\/wp-content\/uploads\/2024\/10\/CHAT-BOARD-Ambit-Stone-Petal-ambient-edit-scaled.jpg\",\"contentUrl\":\"https:\/\/chat-board.dk\/wp-content\/uploads\/2024\/10\/CHAT-BOARD-Ambit-Stone-Petal-ambient-edit-scaled.jpg\",\"width\":1827,\"height\":2560,\"caption\":\"CHAT BOARD Ambit - oval boards in Pure White and Petal (ambient interior image)\"},{\"@type\":\"BreadcrumbList\",\"@id\":\"https:\/\/chat-board.dk\/fr\/ambit\/#breadcrumb\",\"itemListElement\":[{\"@type\":\"ListItem\",\"position\":1,\"name\":\"Home\",\"item\":\"https:\/\/chat-board.dk\/fr\/\"},{\"@type\":\"ListItem\",\"position\":2,\"name\":\"Produits\",\"item\":\"https:\/\/chat-board.dk\/fr\/produits\/\"},{\"@type\":\"ListItem\",\"position\":3,\"name\":\"AMBIT\"}]},{\"@type\":\"WebSite\",\"@id\":\"https:\/\/chat-board.dk\/fr\/#website\",\"url\":\"https:\/\/chat-board.dk\/fr\/\",\"name\":\"CHAT BOARD\",\"description\":\"\",\"potentialAction\":[{\"@type\":\"SearchAction\",\"target\":{\"@type\":\"EntryPoint\",\"urlTemplate\":\"https:\/\/chat-board.dk\/fr\/?s={search_term_string}\"},\"query-input\":{\"@type\":\"PropertyValueSpecification\",\"valueRequired\":true,\"valueName\":\"search_term_string\"}}],\"inLanguage\":\"fr-FR\"}]}<\/script>\n<!-- \/ Yoast SEO plugin. -->","yoast_head_json":{"title":"AMBIT - CHAT BOARD","robots":{"index":"index","follow":"follow","max-snippet":"max-snippet:-1","max-image-preview":"max-image-preview:large","max-video-preview":"max-video-preview:-1"},"canonical":"https:\/\/chat-board.dk\/fr\/ambit\/","og_locale":"fr_FR","og_type":"article","og_title":"AMBIT - CHAT BOARD","og_description":"CHAT BOARD\u00ae Ambit propose une nouvelle approche du panneau magn\u00e9tique mural en verre dans un ovale \u00e9l\u00e9gant.","og_url":"https:\/\/chat-board.dk\/fr\/ambit\/","og_site_name":"CHAT BOARD","article_modified_time":"2026-03-23T08:43:07+00:00","og_image":[{"width":1827,"height":2560,"url":"https:\/\/chat-board.dk\/wp-content\/uploads\/2024\/10\/CHAT-BOARD-Ambit-Stone-Petal-ambient-edit-scaled.jpg","type":"image\/jpeg"}],"twitter_card":"summary_large_image","twitter_misc":{"Est. reading time":"1 minute"},"schema":{"@context":"https:\/\/schema.org","@graph":[{"@type":"WebPage","@id":"https:\/\/chat-board.dk\/fr\/ambit\/","url":"https:\/\/chat-board.dk\/fr\/ambit\/","name":"AMBIT - CHAT BOARD","isPartOf":{"@id":"https:\/\/chat-board.dk\/fr\/#website"},"primaryImageOfPage":{"@id":"https:\/\/chat-board.dk\/fr\/ambit\/#primaryimage"},"image":{"@id":"https:\/\/chat-board.dk\/fr\/ambit\/#primaryimage"},"thumbnailUrl":"https:\/\/chat-board.dk\/wp-content\/uploads\/2024\/10\/CHAT-BOARD-Ambit-Stone-Petal-ambient-edit-scaled.jpg","datePublished":"2024-10-30T10:16:46+00:00","dateModified":"2026-03-23T08:43:07+00:00","breadcrumb":{"@id":"https:\/\/chat-board.dk\/fr\/ambit\/#breadcrumb"},"inLanguage":"fr-FR","potentialAction":[{"@type":"ReadAction","target":["https:\/\/chat-board.dk\/fr\/ambit\/"]}]},{"@type":"ImageObject","inLanguage":"fr-FR","@id":"https:\/\/chat-board.dk\/fr\/ambit\/#primaryimage","url":"https:\/\/chat-board.dk\/wp-content\/uploads\/2024\/10\/CHAT-BOARD-Ambit-Stone-Petal-ambient-edit-scaled.jpg","contentUrl":"https:\/\/chat-board.dk\/wp-content\/uploads\/2024\/10\/CHAT-BOARD-Ambit-Stone-Petal-ambient-edit-scaled.jpg","width":1827,"height":2560,"caption":"CHAT BOARD Ambit - oval boards in Pure White and Petal (ambient interior image)"},{"@type":"BreadcrumbList","@id":"https:\/\/chat-board.dk\/fr\/ambit\/#breadcrumb","itemListElement":[{"@type":"ListItem","position":1,"name":"Home","item":"https:\/\/chat-board.dk\/fr\/"},{"@type":"ListItem","position":2,"name":"Produits","item":"https:\/\/chat-board.dk\/fr\/produits\/"},{"@type":"ListItem","position":3,"name":"AMBIT"}]},{"@type":"WebSite","@id":"https:\/\/chat-board.dk\/fr\/#website","url":"https:\/\/chat-board.dk\/fr\/","name":"CHAT BOARD","description":"","potentialAction":[{"@type":"SearchAction","target":{"@type":"EntryPoint","urlTemplate":"https:\/\/chat-board.dk\/fr\/?s={search_term_string}"},"query-input":{"@type":"PropertyValueSpecification","valueRequired":true,"valueName":"search_term_string"}}],"inLanguage":"fr-FR"}]}},"_links":{"self":[{"href":"https:\/\/chat-board.dk\/fr\/wp-json\/wp\/v2\/product\/10017","targetHints":{"allow":["GET"]}}],"collection":[{"href":"https:\/\/chat-board.dk\/fr\/wp-json\/wp\/v2\/product"}],"about":[{"href":"https:\/\/chat-board.dk\/fr\/wp-json\/wp\/v2\/types\/product"}],"replies":[{"embeddable":true,"href":"https:\/\/chat-board.dk\/fr\/wp-json\/wp\/v2\/comments?post=10017"}],"wp:featuredmedia":[{"embeddable":true,"href":"https:\/\/chat-board.dk\/fr\/wp-json\/wp\/v2\/media\/9947"}],"wp:attachment":[{"href":"https:\/\/chat-board.dk\/fr\/wp-json\/wp\/v2\/media?parent=10017"}],"wp:term":[{"taxonomy":"product_brand","embeddable":true,"href":"https:\/\/chat-board.dk\/fr\/wp-json\/wp\/v2\/product_brand?post=10017"},{"taxonomy":"product_cat","embeddable":true,"href":"https:\/\/chat-board.dk\/fr\/wp-json\/wp\/v2\/product_cat?post=10017"},{"taxonomy":"product_tag","embeddable":true,"href":"https:\/\/chat-board.dk\/fr\/wp-json\/wp\/v2\/product_tag?post=10017"}],"curies":[{"name":"wp","href":"https:\/\/api.w.org\/{rel}","templated":true}]}}