{"id":9663,"date":"2024-09-18T10:54:41","date_gmt":"2024-09-18T08:54:41","guid":{"rendered":"https:\/\/chat-board.dk\/politique-de-confidentialite\/"},"modified":"2024-09-18T14:59:38","modified_gmt":"2024-09-18T12:59:38","slug":"politique-de-confidentialite","status":"publish","type":"page","link":"https:\/\/chat-board.dk\/fr\/politique-de-confidentialite\/","title":{"rendered":"Politique de confidentialit\u00e9"},"content":{"rendered":"<p><strong>Politique de donn\u00e9es personnelles<\/strong><\/p>\n<p>Chez CHAT BOARD A\/S, nous sommes tr\u00e8s conscients de la n\u00e9cessit\u00e9 de prot\u00e9ger et de d\u00e9fendre les informations personnelles.<br \/>\nPar cons\u00e9quent, nous travaillons sur la base des principes suivants :<\/p>\n<ul>\n<li>Aucune divulgation d&#8217;informations personnelles par un tiers, sauf obligation l\u00e9gale<\/li>\n<li>Aucune collecte d&#8217;informations personnelles par un tiers<\/li>\n<li>L&#8217;inscription \u00e0 notre newsletter est facultative et vous pouvez vous d\u00e9sinscrire \u00e0 tout moment<\/li>\n<li>Vous pouvez toujours savoir quelles informations nous avons enregistr\u00e9es \u00e0 votre sujet dans le cadre du r\u00e8glement g\u00e9n\u00e9ral sur la protection des donn\u00e9es<\/li>\n<\/ul>\n<p>Vous trouverez ci-dessous plus d&#8217;informations sur la mani\u00e8re dont nous collectons, prot\u00e9geons et utilisons vos informations personnelles.<\/p>\n<p>&nbsp;<\/p>\n<p><strong>Cookies<\/strong><\/p>\n<p>Nous n&#8217;utilisons pas de cookies personnels. Cela signifie que nous n&#8217;enregistrons pas d&#8217;informations personnelles, mais que nous suivons simplement votre comportement sur le site Web.<\/p>\n<p>&nbsp;<\/p>\n<p><strong>Communication et statistiques<\/strong><\/p>\n<p>Nous utilisons les statistiques de nos newsletters sur www.chat-board.dk. Cela signifie qu&#8217;un syst\u00e8me statistique recueille des informations qui peuvent fournir un aper\u00e7u statistique du nombre de visiteurs de notre site Web, de leur provenance, de la partie du site Web qu&#8217;ils visitent, de ceux qui rebondissent, etc.<br \/>\nSur www.chat-board.dk, nous utilisons les statistiques de nos newsletters pour optimiser notre site Web et ses fonctions. Elles sont entre autres utilis\u00e9es pour augmenter la convivialit\u00e9 et le marketing cibl\u00e9.<\/p>\n<p>&nbsp;<\/p>\n<p><strong>Newsletter<\/strong><\/p>\n<p>Si vous choisissez de vous inscrire \u00e0 notre newsletter et \u00e0 des informations similaires, nous enregistrons votre nom et votre e-mail pour vous communiquer les informations demand\u00e9es par e-mail. Vous pouvez toujours vous d\u00e9sabonner en utilisant le lien au bas de chaque newsletter que vous recevez.<br \/>\nSi vous avez des questions concernant notre traitement de vos donn\u00e9es personnelles, n&#8217;h\u00e9sitez pas \u00e0 nous envoyer un e-mail \u00e0 info@chat-board.dk<\/p>\n<p>&nbsp;<\/p>\n<p><strong>Vos droits selon le RGPD<\/strong><\/p>\n<p>En relation avec notre traitement de vos donn\u00e9es personnelles, vous disposez des droits l\u00e9gaux suivants:<\/p>\n<ul>\n<li>Le droit de recevoir des informations sur le traitement de vos informations personnelles<\/li>\n<li>Le droit d&#8217;avoir un aper\u00e7u de vos informations personnelles<\/li>\n<li>Le droit de faire corriger toute information incorrecte<\/li>\n<li>Le droit de faire supprimer vos informations personnelles<\/li>\n<li>Le droit de faire objection \u00e0 l&#8217;utilisation des informations personnelles \u00e0 des fins de marketing direct<\/li>\n<li>Le droit de faire objection aux d\u00e9cisions individuelles automatiques, y compris le profilage<\/li>\n<li>Le droit de d\u00e9placer vos donn\u00e9es personnelles (portabilit\u00e9 des donn\u00e9es)<\/li>\n<\/ul>\n<p>Tous les droits mentionn\u00e9s ci-dessus sont trait\u00e9s manuellement par nos soins sur demande. N&#8217;oubliez pas d&#8217;indiquer votre nom complet et votre e-mail si vous nous contactez. Vous pouvez nous contacter \u00e0 l&#8217;adresse info@chat-board.dk<\/p>\n<p>Nous pouvons rejeter les demandes qui sont d\u00e9raisonnablement r\u00e9p\u00e9titives, n\u00e9cessitent une action technique disproportionn\u00e9e (par exemple pour d\u00e9velopper un nouveau syst\u00e8me ou modifier fr\u00e9quemment une pratique existante), affectent la protection des donn\u00e9es d&#8217;autrui ou sont tout aussi peu pratiques.<\/p>\n<p>Si nous pouvons corriger des informations, nous le faisons gratuitement, \u00e0 moins que cela ne n\u00e9cessite un effort disproportionn\u00e9. Nous nous effor\u00e7ons de maintenir notre service de mani\u00e8re \u00e0 prot\u00e9ger les informations contre toute destruction pr\u00e9judiciable. Par cons\u00e9quent, lorsque nous supprimons vos informations personnelles de nos services, il est possible de garantir que nous ne pouvons pas toujours supprimer imm\u00e9diatement les copies associ\u00e9es de nos archives et il n&#8217;est pas certain que les informations seront supprim\u00e9es de notre sauvegarde de s\u00e9curit\u00e9 avant l&#8217;expiration du d\u00e9lai de stockage.<\/p>\n<p>Vous pouvez toujours d\u00e9poser une plainte aupr\u00e8s de l&#8217;Agence de protection des donn\u00e9es, Borgergade 28, 5. sal, 1300 K\u00f8benhavn K ou via leur site Web (https:\/\/www.datatilsynet.dk\/borger\/klage-til-datatilsynet\/)<\/p>\n<p>&nbsp;<\/p>\n<p><strong>Conformit\u00e9 et coop\u00e9ration avec l&#8217;autorit\u00e9 de contr\u00f4le<\/strong><\/p>\n<p>Nous v\u00e9rifions r\u00e9guli\u00e8rement notre propre conformit\u00e9 avec notre politique de donn\u00e9es personnelles.<br \/>\nNous respectons \u00e9galement plusieurs politiques de s\u00e9curit\u00e9 autor\u00e9gulatrices. Si nous recevons des plaintes \u00e9crites formelles, nous contacterons l&#8217;exp\u00e9diteur pour assurer le suivi de la question. Nous coop\u00e9rons avec les autorit\u00e9s l\u00e9gislatives comp\u00e9tentes, par exemple l&#8217;Agence de protection des donn\u00e9es, pour r\u00e9soudre les plaintes concernant le transfert de donn\u00e9es personnelles, car nous ne sommes pas en mesure de r\u00e9soudre ces probl\u00e8mes directement avec nos utilisateurs.<\/p>\n<p>&nbsp;<\/p>\n<p><strong>Modifications<\/strong><\/p>\n<p>Notre politique de donn\u00e9es personnelles peut changer de temps \u00e0 autre. Les modifications potentielles de cette politique de donn\u00e9es personnelles seront mentionn\u00e9es sur cette page et si des changements importants surviennent, nous vous en informerons de mani\u00e8re plus apparente.<\/p>\n","protected":false},"excerpt":{"rendered":"<p>Politique de donn\u00e9es personnelles Chez CHAT BOARD A\/S, nous sommes tr\u00e8s conscients de la n\u00e9cessit\u00e9 de prot\u00e9ger et de d\u00e9fendre les informations personnelles. Par cons\u00e9quent, nous travaillons sur la base des principes suivants : Aucune divulgation d&#8217;informations personnelles par un tiers, sauf obligation l\u00e9gale Aucune collecte d&#8217;informations personnelles par un tiers L&#8217;inscription \u00e0 notre newsletter [&hellip;]<\/p>\n","protected":false},"author":3,"featured_media":0,"parent":0,"menu_order":7,"comment_status":"closed","ping_status":"closed","template":"","meta":{"_acf_changed":false,"footnotes":""},"class_list":["post-9663","page","type-page","status-publish","hentry"],"acf":[],"yoast_head":"<!-- This site is optimized with the Yoast SEO plugin v25.3.1 - https:\/\/yoast.com\/wordpress\/plugins\/seo\/ -->\n<title>Politique de confidentialit\u00e9 - CHAT BOARD<\/title>\n<meta name=\"robots\" content=\"index, follow, max-snippet:-1, max-image-preview:large, max-video-preview:-1\" \/>\n<link rel=\"canonical\" href=\"https:\/\/chat-board.dk\/fr\/politique-de-confidentialite\/\" \/>\n<meta property=\"og:locale\" content=\"fr_FR\" \/>\n<meta property=\"og:type\" content=\"article\" \/>\n<meta property=\"og:title\" content=\"Politique de confidentialit\u00e9 - CHAT BOARD\" \/>\n<meta property=\"og:description\" content=\"Politique de donn\u00e9es personnelles Chez CHAT BOARD A\/S, nous sommes tr\u00e8s conscients de la n\u00e9cessit\u00e9 de prot\u00e9ger et de d\u00e9fendre les informations personnelles. Par cons\u00e9quent, nous travaillons sur la base des principes suivants : Aucune divulgation d&#8217;informations personnelles par un tiers, sauf obligation l\u00e9gale Aucune collecte d&#8217;informations personnelles par un tiers L&#8217;inscription \u00e0 notre newsletter [&hellip;]\" \/>\n<meta property=\"og:url\" content=\"https:\/\/chat-board.dk\/fr\/politique-de-confidentialite\/\" \/>\n<meta property=\"og:site_name\" content=\"CHAT BOARD\" \/>\n<meta property=\"article:modified_time\" content=\"2024-09-18T12:59:38+00:00\" \/>\n<meta name=\"twitter:card\" content=\"summary_large_image\" \/>\n<meta name=\"twitter:label1\" content=\"Est. reading time\" \/>\n\t<meta name=\"twitter:data1\" content=\"3 minutes\" \/>\n<script type=\"application\/ld+json\" class=\"yoast-schema-graph\">{\"@context\":\"https:\/\/schema.org\",\"@graph\":[{\"@type\":\"WebPage\",\"@id\":\"https:\/\/chat-board.dk\/fr\/politique-de-confidentialite\/\",\"url\":\"https:\/\/chat-board.dk\/fr\/politique-de-confidentialite\/\",\"name\":\"Politique de confidentialit\u00e9 - CHAT BOARD\",\"isPartOf\":{\"@id\":\"https:\/\/chat-board.dk\/fr\/#website\"},\"datePublished\":\"2024-09-18T08:54:41+00:00\",\"dateModified\":\"2024-09-18T12:59:38+00:00\",\"breadcrumb\":{\"@id\":\"https:\/\/chat-board.dk\/fr\/politique-de-confidentialite\/#breadcrumb\"},\"inLanguage\":\"fr-FR\",\"potentialAction\":[{\"@type\":\"ReadAction\",\"target\":[\"https:\/\/chat-board.dk\/fr\/politique-de-confidentialite\/\"]}]},{\"@type\":\"BreadcrumbList\",\"@id\":\"https:\/\/chat-board.dk\/fr\/politique-de-confidentialite\/#breadcrumb\",\"itemListElement\":[{\"@type\":\"ListItem\",\"position\":1,\"name\":\"Home\",\"item\":\"https:\/\/chat-board.dk\/fr\/\"},{\"@type\":\"ListItem\",\"position\":2,\"name\":\"Politique de confidentialit\u00e9\"}]},{\"@type\":\"WebSite\",\"@id\":\"https:\/\/chat-board.dk\/fr\/#website\",\"url\":\"https:\/\/chat-board.dk\/fr\/\",\"name\":\"CHAT BOARD\",\"description\":\"\",\"potentialAction\":[{\"@type\":\"SearchAction\",\"target\":{\"@type\":\"EntryPoint\",\"urlTemplate\":\"https:\/\/chat-board.dk\/fr\/?s={search_term_string}\"},\"query-input\":{\"@type\":\"PropertyValueSpecification\",\"valueRequired\":true,\"valueName\":\"search_term_string\"}}],\"inLanguage\":\"fr-FR\"}]}<\/script>\n<!-- \/ Yoast SEO plugin. -->","yoast_head_json":{"title":"Politique de confidentialit\u00e9 - CHAT BOARD","robots":{"index":"index","follow":"follow","max-snippet":"max-snippet:-1","max-image-preview":"max-image-preview:large","max-video-preview":"max-video-preview:-1"},"canonical":"https:\/\/chat-board.dk\/fr\/politique-de-confidentialite\/","og_locale":"fr_FR","og_type":"article","og_title":"Politique de confidentialit\u00e9 - CHAT BOARD","og_description":"Politique de donn\u00e9es personnelles Chez CHAT BOARD A\/S, nous sommes tr\u00e8s conscients de la n\u00e9cessit\u00e9 de prot\u00e9ger et de d\u00e9fendre les informations personnelles. Par cons\u00e9quent, nous travaillons sur la base des principes suivants : Aucune divulgation d&#8217;informations personnelles par un tiers, sauf obligation l\u00e9gale Aucune collecte d&#8217;informations personnelles par un tiers L&#8217;inscription \u00e0 notre newsletter [&hellip;]","og_url":"https:\/\/chat-board.dk\/fr\/politique-de-confidentialite\/","og_site_name":"CHAT BOARD","article_modified_time":"2024-09-18T12:59:38+00:00","twitter_card":"summary_large_image","twitter_misc":{"Est. reading time":"3 minutes"},"schema":{"@context":"https:\/\/schema.org","@graph":[{"@type":"WebPage","@id":"https:\/\/chat-board.dk\/fr\/politique-de-confidentialite\/","url":"https:\/\/chat-board.dk\/fr\/politique-de-confidentialite\/","name":"Politique de confidentialit\u00e9 - CHAT BOARD","isPartOf":{"@id":"https:\/\/chat-board.dk\/fr\/#website"},"datePublished":"2024-09-18T08:54:41+00:00","dateModified":"2024-09-18T12:59:38+00:00","breadcrumb":{"@id":"https:\/\/chat-board.dk\/fr\/politique-de-confidentialite\/#breadcrumb"},"inLanguage":"fr-FR","potentialAction":[{"@type":"ReadAction","target":["https:\/\/chat-board.dk\/fr\/politique-de-confidentialite\/"]}]},{"@type":"BreadcrumbList","@id":"https:\/\/chat-board.dk\/fr\/politique-de-confidentialite\/#breadcrumb","itemListElement":[{"@type":"ListItem","position":1,"name":"Home","item":"https:\/\/chat-board.dk\/fr\/"},{"@type":"ListItem","position":2,"name":"Politique de confidentialit\u00e9"}]},{"@type":"WebSite","@id":"https:\/\/chat-board.dk\/fr\/#website","url":"https:\/\/chat-board.dk\/fr\/","name":"CHAT BOARD","description":"","potentialAction":[{"@type":"SearchAction","target":{"@type":"EntryPoint","urlTemplate":"https:\/\/chat-board.dk\/fr\/?s={search_term_string}"},"query-input":{"@type":"PropertyValueSpecification","valueRequired":true,"valueName":"search_term_string"}}],"inLanguage":"fr-FR"}]}},"_links":{"self":[{"href":"https:\/\/chat-board.dk\/fr\/wp-json\/wp\/v2\/pages\/9663","targetHints":{"allow":["GET"]}}],"collection":[{"href":"https:\/\/chat-board.dk\/fr\/wp-json\/wp\/v2\/pages"}],"about":[{"href":"https:\/\/chat-board.dk\/fr\/wp-json\/wp\/v2\/types\/page"}],"author":[{"embeddable":true,"href":"https:\/\/chat-board.dk\/fr\/wp-json\/wp\/v2\/users\/3"}],"replies":[{"embeddable":true,"href":"https:\/\/chat-board.dk\/fr\/wp-json\/wp\/v2\/comments?post=9663"}],"version-history":[{"count":4,"href":"https:\/\/chat-board.dk\/fr\/wp-json\/wp\/v2\/pages\/9663\/revisions"}],"predecessor-version":[{"id":9683,"href":"https:\/\/chat-board.dk\/fr\/wp-json\/wp\/v2\/pages\/9663\/revisions\/9683"}],"wp:attachment":[{"href":"https:\/\/chat-board.dk\/fr\/wp-json\/wp\/v2\/media?parent=9663"}],"curies":[{"name":"wp","href":"https:\/\/api.w.org\/{rel}","templated":true}]}}