{"id":4839,"date":"2021-04-22T10:13:28","date_gmt":"2021-04-22T08:13:28","guid":{"rendered":"http:\/\/clients.rubystudio.dk\/chatboard\/durabilite\/"},"modified":"2023-12-12T10:00:43","modified_gmt":"2023-12-12T08:00:43","slug":"durabilite","status":"publish","type":"page","link":"https:\/\/chat-board.dk\/fr\/durabilite\/","title":{"rendered":"Durabilit\u00e9"},"content":{"rendered":"<h4><strong><em>La pens\u00e9e durable mise en action<\/em><\/strong><\/h4>\n<p>En tant que fabricants, nous avons la responsabilit\u00e9 ind\u00e9niable de relever les d\u00e9fis mondiaux et de faire tout ce qui est en notre pouvoir pour faire partie de la solution plut\u00f4t que du probl\u00e8me.<\/p>\n<p>En nous orientant vers des moyens durables dans la fabrication des produits avec des composants r\u00e9utilisables, des mat\u00e9riaux s\u00fbrs, sains et enti\u00e8rement pris en compte, et o\u00f9 la majorit\u00e9 de l\u2019\u00e9nergie utilis\u00e9e provient de sources renouvelables, nous sommes en mesure de contribuer \u00e0 une \u00e9conomie circulaire au c\u0153ur de laquelle les produits entrent dans un cycle de vie de r\u00e9utilisation et de redistribution continues, transformant ainsi les d\u00e9chets en valeur.<\/p>\n<p>&nbsp;<\/p>\n<h4><strong><em>Responsabilit\u00e9 <\/em><\/strong><\/h4>\n<p>En restant constamment fix\u00e9s sur notre objectif, en continuant \u00e0 trouver de nouvelles fa\u00e7ons d\u2019optimiser tous les aspects de notre processus de fabrication et de l\u2019utilisation des mat\u00e9riaux, nous transformons les valeurs et les intentions environnementales et \u00e9thiques en actions concr\u00e8tes, tout en maintenant une transparence totale sur tous les produits, composants et pratiques.<\/p>\n<p>La cr\u00e9dibilit\u00e9 et la responsabilit\u00e9 sont des facteurs essentiels pour nous. Ils apportent un sentiment de s\u00e9curit\u00e9 suppl\u00e9mentaire aux clients et aux partenaires \u00e0 une \u00e9poque o\u00f9 la RSE et la durabilit\u00e9 sont devenues des mots \u00e0 la mode et o\u00f9 il peut parfois \u00eatre difficile de distinguer l\u2019\u00e9coblanchiment \u00ab\u00a0tendance\u00a0\u00bb d\u2019une action r\u00e9elle et mesurable.<\/p>\n<p>La documentation est essentielle lorsqu\u2019il s\u2019agit de s\u00e9parer le bon grain de l\u2019ivraie.<\/p>\n<p>&nbsp;<\/p>\n<h4><em><strong>Transparence<\/strong><\/em><\/h4>\n<p>\u00c0 travers le programme de produits Cradle to Cradle <sup>TM,<\/sup> nous nous sommes alli\u00e9s \u00e0 un partenaire international qui a une d\u00e9finition claire et sans ambigu\u00eft\u00e9 de la durabilit\u00e9, qui applique les normes de qualit\u00e9 les plus s\u00e9v\u00e8res et exige une v\u00e9rification \u00e0 360\u00a0degr\u00e9s et une transparence totale sur tous les param\u00e8tres, tout en maintenant une approche holistique et positive.<\/p>\n<p>En \u00e9troite collaboration avec les \u00e9valuateurs nordiques accr\u00e9dit\u00e9s et les experts en \u00e9conomie circulaire, Vugge til Vugge ApS, nous avons suivi un processus rigoureux d\u2019analyse et d\u2019examen de chacun de nos produits et de nos fournisseurs dans les moindres d\u00e9tails, en \u00e9cartant soigneusement tous ceux qui n\u2019\u00e9taient pas en mesure ou d\u00e9sireux de passer le test de la documentation compl\u00e8te et de r\u00e9pondre \u00e0 chaque question pos\u00e9e. En cons\u00e9quence, nos partenariats locaux se sont encore d\u00e9velopp\u00e9s, et nous avons d\u00e9sormais une vision compl\u00e8te et un contr\u00f4le total de chaque composant et de chaque \u00e9tape de la production, avec en prime une r\u00e9duction globale des \u00e9missions de CO<sub>2<\/sub>.<\/p>\n<p>&nbsp;<\/p>\n<h4><em><strong>Engagement<\/strong><\/em><\/h4>\n<p>Travailler avec Cradle to Cradle est un processus continu et engag\u00e9, qui permet d\u2019aller constamment de l\u2019avant et de fixer de nouveaux objectifs et des crit\u00e8res de r\u00e9ussite plus \u00e9lev\u00e9s. Le fait que six de nos produits phares les plus vendus, Classic, Elements, Orbit, SQUAD, SQUAD Solid et Mobile, aient <em>re\u00e7u la certification Cradle to Cradle <sup>TM<\/sup><\/em> niveau Bronze a constitu\u00e9 la premi\u00e8re \u00e9tape document\u00e9e sur la route que nous avions soigneusement trac\u00e9e pour concr\u00e9tiser notre ambition de devenir les meilleurs de notre cat\u00e9gorie et d\u2019\u00e9lever les normes de ce qui peut \u00eatre accompli en travaillant avec la durabilit\u00e9 comme ingr\u00e9dient cl\u00e9.<\/p>\n<p>&nbsp;<\/p>\n<p><img decoding=\"async\" class=\"alignnone wp-image-4816 size-full\" src=\"https:\/\/chat-board.dk\/wp-content\/uploads\/2021\/04\/matt-artz-2dCdOoYDjOQ-unsplash.jpg\" alt=\"\" width=\"2400\" height=\"1596\" srcset=\"https:\/\/chat-board.dk\/wp-content\/uploads\/2021\/04\/matt-artz-2dCdOoYDjOQ-unsplash.jpg 2400w, https:\/\/chat-board.dk\/wp-content\/uploads\/2021\/04\/matt-artz-2dCdOoYDjOQ-unsplash-300x200.jpg 300w, https:\/\/chat-board.dk\/wp-content\/uploads\/2021\/04\/matt-artz-2dCdOoYDjOQ-unsplash-1024x681.jpg 1024w, https:\/\/chat-board.dk\/wp-content\/uploads\/2021\/04\/matt-artz-2dCdOoYDjOQ-unsplash-768x511.jpg 768w, https:\/\/chat-board.dk\/wp-content\/uploads\/2021\/04\/matt-artz-2dCdOoYDjOQ-unsplash-1536x1021.jpg 1536w, https:\/\/chat-board.dk\/wp-content\/uploads\/2021\/04\/matt-artz-2dCdOoYDjOQ-unsplash-2048x1362.jpg 2048w, https:\/\/chat-board.dk\/wp-content\/uploads\/2021\/04\/matt-artz-2dCdOoYDjOQ-unsplash-680x452.jpg 680w, https:\/\/chat-board.dk\/wp-content\/uploads\/2021\/04\/matt-artz-2dCdOoYDjOQ-unsplash-600x399.jpg 600w\" sizes=\"(max-width: 2400px) 100vw, 2400px\" \/><\/p>\n","protected":false},"excerpt":{"rendered":"<p>La pens\u00e9e durable mise en action En tant que fabricants, nous avons la responsabilit\u00e9 ind\u00e9niable de relever les d\u00e9fis mondiaux et de faire tout ce qui est en notre pouvoir pour faire partie de la solution plut\u00f4t que du probl\u00e8me. En nous orientant vers des moyens durables dans la fabrication des produits avec des composants [&hellip;]<\/p>\n","protected":false},"author":3,"featured_media":0,"parent":0,"menu_order":17,"comment_status":"closed","ping_status":"closed","template":"","meta":{"_acf_changed":false,"footnotes":""},"class_list":["post-4839","page","type-page","status-publish","hentry"],"acf":[],"yoast_head":"<!-- This site is optimized with the Yoast SEO plugin v25.3.1 - https:\/\/yoast.com\/wordpress\/plugins\/seo\/ -->\n<title>Durabilit\u00e9 - CHAT BOARD<\/title>\n<meta name=\"robots\" content=\"index, follow, max-snippet:-1, max-image-preview:large, max-video-preview:-1\" \/>\n<link rel=\"canonical\" href=\"https:\/\/chat-board.dk\/fr\/durabilite\/\" \/>\n<meta property=\"og:locale\" content=\"fr_FR\" \/>\n<meta property=\"og:type\" content=\"article\" \/>\n<meta property=\"og:title\" content=\"Durabilit\u00e9 - CHAT BOARD\" \/>\n<meta property=\"og:description\" content=\"La pens\u00e9e durable mise en action En tant que fabricants, nous avons la responsabilit\u00e9 ind\u00e9niable de relever les d\u00e9fis mondiaux et de faire tout ce qui est en notre pouvoir pour faire partie de la solution plut\u00f4t que du probl\u00e8me. En nous orientant vers des moyens durables dans la fabrication des produits avec des composants [&hellip;]\" \/>\n<meta property=\"og:url\" content=\"https:\/\/chat-board.dk\/fr\/durabilite\/\" \/>\n<meta property=\"og:site_name\" content=\"CHAT BOARD\" \/>\n<meta property=\"article:modified_time\" content=\"2023-12-12T08:00:43+00:00\" \/>\n<meta property=\"og:image\" content=\"https:\/\/chat-board.dk\/wp-content\/uploads\/2021\/04\/matt-artz-2dCdOoYDjOQ-unsplash.jpg\" \/>\n<meta name=\"twitter:card\" content=\"summary_large_image\" \/>\n<meta name=\"twitter:label1\" content=\"Est. reading time\" \/>\n\t<meta name=\"twitter:data1\" content=\"3 minutes\" \/>\n<script type=\"application\/ld+json\" class=\"yoast-schema-graph\">{\"@context\":\"https:\/\/schema.org\",\"@graph\":[{\"@type\":\"WebPage\",\"@id\":\"https:\/\/chat-board.dk\/fr\/durabilite\/\",\"url\":\"https:\/\/chat-board.dk\/fr\/durabilite\/\",\"name\":\"Durabilit\u00e9 - CHAT BOARD\",\"isPartOf\":{\"@id\":\"https:\/\/chat-board.dk\/fr\/#website\"},\"primaryImageOfPage\":{\"@id\":\"https:\/\/chat-board.dk\/fr\/durabilite\/#primaryimage\"},\"image\":{\"@id\":\"https:\/\/chat-board.dk\/fr\/durabilite\/#primaryimage\"},\"thumbnailUrl\":\"https:\/\/chat-board.dk\/wp-content\/uploads\/2021\/04\/matt-artz-2dCdOoYDjOQ-unsplash.jpg\",\"datePublished\":\"2021-04-22T08:13:28+00:00\",\"dateModified\":\"2023-12-12T08:00:43+00:00\",\"breadcrumb\":{\"@id\":\"https:\/\/chat-board.dk\/fr\/durabilite\/#breadcrumb\"},\"inLanguage\":\"fr-FR\",\"potentialAction\":[{\"@type\":\"ReadAction\",\"target\":[\"https:\/\/chat-board.dk\/fr\/durabilite\/\"]}]},{\"@type\":\"ImageObject\",\"inLanguage\":\"fr-FR\",\"@id\":\"https:\/\/chat-board.dk\/fr\/durabilite\/#primaryimage\",\"url\":\"https:\/\/chat-board.dk\/wp-content\/uploads\/2021\/04\/matt-artz-2dCdOoYDjOQ-unsplash.jpg\",\"contentUrl\":\"https:\/\/chat-board.dk\/wp-content\/uploads\/2021\/04\/matt-artz-2dCdOoYDjOQ-unsplash.jpg\"},{\"@type\":\"BreadcrumbList\",\"@id\":\"https:\/\/chat-board.dk\/fr\/durabilite\/#breadcrumb\",\"itemListElement\":[{\"@type\":\"ListItem\",\"position\":1,\"name\":\"Home\",\"item\":\"https:\/\/chat-board.dk\/fr\/\"},{\"@type\":\"ListItem\",\"position\":2,\"name\":\"Durabilit\u00e9\"}]},{\"@type\":\"WebSite\",\"@id\":\"https:\/\/chat-board.dk\/fr\/#website\",\"url\":\"https:\/\/chat-board.dk\/fr\/\",\"name\":\"CHAT BOARD\",\"description\":\"\",\"potentialAction\":[{\"@type\":\"SearchAction\",\"target\":{\"@type\":\"EntryPoint\",\"urlTemplate\":\"https:\/\/chat-board.dk\/fr\/?s={search_term_string}\"},\"query-input\":{\"@type\":\"PropertyValueSpecification\",\"valueRequired\":true,\"valueName\":\"search_term_string\"}}],\"inLanguage\":\"fr-FR\"}]}<\/script>\n<!-- \/ Yoast SEO plugin. -->","yoast_head_json":{"title":"Durabilit\u00e9 - CHAT BOARD","robots":{"index":"index","follow":"follow","max-snippet":"max-snippet:-1","max-image-preview":"max-image-preview:large","max-video-preview":"max-video-preview:-1"},"canonical":"https:\/\/chat-board.dk\/fr\/durabilite\/","og_locale":"fr_FR","og_type":"article","og_title":"Durabilit\u00e9 - CHAT BOARD","og_description":"La pens\u00e9e durable mise en action En tant que fabricants, nous avons la responsabilit\u00e9 ind\u00e9niable de relever les d\u00e9fis mondiaux et de faire tout ce qui est en notre pouvoir pour faire partie de la solution plut\u00f4t que du probl\u00e8me. En nous orientant vers des moyens durables dans la fabrication des produits avec des composants [&hellip;]","og_url":"https:\/\/chat-board.dk\/fr\/durabilite\/","og_site_name":"CHAT BOARD","article_modified_time":"2023-12-12T08:00:43+00:00","og_image":[{"url":"https:\/\/chat-board.dk\/wp-content\/uploads\/2021\/04\/matt-artz-2dCdOoYDjOQ-unsplash.jpg","type":"","width":"","height":""}],"twitter_card":"summary_large_image","twitter_misc":{"Est. reading time":"3 minutes"},"schema":{"@context":"https:\/\/schema.org","@graph":[{"@type":"WebPage","@id":"https:\/\/chat-board.dk\/fr\/durabilite\/","url":"https:\/\/chat-board.dk\/fr\/durabilite\/","name":"Durabilit\u00e9 - CHAT BOARD","isPartOf":{"@id":"https:\/\/chat-board.dk\/fr\/#website"},"primaryImageOfPage":{"@id":"https:\/\/chat-board.dk\/fr\/durabilite\/#primaryimage"},"image":{"@id":"https:\/\/chat-board.dk\/fr\/durabilite\/#primaryimage"},"thumbnailUrl":"https:\/\/chat-board.dk\/wp-content\/uploads\/2021\/04\/matt-artz-2dCdOoYDjOQ-unsplash.jpg","datePublished":"2021-04-22T08:13:28+00:00","dateModified":"2023-12-12T08:00:43+00:00","breadcrumb":{"@id":"https:\/\/chat-board.dk\/fr\/durabilite\/#breadcrumb"},"inLanguage":"fr-FR","potentialAction":[{"@type":"ReadAction","target":["https:\/\/chat-board.dk\/fr\/durabilite\/"]}]},{"@type":"ImageObject","inLanguage":"fr-FR","@id":"https:\/\/chat-board.dk\/fr\/durabilite\/#primaryimage","url":"https:\/\/chat-board.dk\/wp-content\/uploads\/2021\/04\/matt-artz-2dCdOoYDjOQ-unsplash.jpg","contentUrl":"https:\/\/chat-board.dk\/wp-content\/uploads\/2021\/04\/matt-artz-2dCdOoYDjOQ-unsplash.jpg"},{"@type":"BreadcrumbList","@id":"https:\/\/chat-board.dk\/fr\/durabilite\/#breadcrumb","itemListElement":[{"@type":"ListItem","position":1,"name":"Home","item":"https:\/\/chat-board.dk\/fr\/"},{"@type":"ListItem","position":2,"name":"Durabilit\u00e9"}]},{"@type":"WebSite","@id":"https:\/\/chat-board.dk\/fr\/#website","url":"https:\/\/chat-board.dk\/fr\/","name":"CHAT BOARD","description":"","potentialAction":[{"@type":"SearchAction","target":{"@type":"EntryPoint","urlTemplate":"https:\/\/chat-board.dk\/fr\/?s={search_term_string}"},"query-input":{"@type":"PropertyValueSpecification","valueRequired":true,"valueName":"search_term_string"}}],"inLanguage":"fr-FR"}]}},"_links":{"self":[{"href":"https:\/\/chat-board.dk\/fr\/wp-json\/wp\/v2\/pages\/4839","targetHints":{"allow":["GET"]}}],"collection":[{"href":"https:\/\/chat-board.dk\/fr\/wp-json\/wp\/v2\/pages"}],"about":[{"href":"https:\/\/chat-board.dk\/fr\/wp-json\/wp\/v2\/types\/page"}],"author":[{"embeddable":true,"href":"https:\/\/chat-board.dk\/fr\/wp-json\/wp\/v2\/users\/3"}],"replies":[{"embeddable":true,"href":"https:\/\/chat-board.dk\/fr\/wp-json\/wp\/v2\/comments?post=4839"}],"version-history":[{"count":6,"href":"https:\/\/chat-board.dk\/fr\/wp-json\/wp\/v2\/pages\/4839\/revisions"}],"predecessor-version":[{"id":9507,"href":"https:\/\/chat-board.dk\/fr\/wp-json\/wp\/v2\/pages\/4839\/revisions\/9507"}],"wp:attachment":[{"href":"https:\/\/chat-board.dk\/fr\/wp-json\/wp\/v2\/media?parent=4839"}],"curies":[{"name":"wp","href":"https:\/\/api.w.org\/{rel}","templated":true}]}}