{"id":4836,"date":"2021-04-22T10:09:50","date_gmt":"2021-04-22T08:09:50","guid":{"rendered":"http:\/\/clients.rubystudio.dk\/chatboard\/ce-que-nous-faisons\/"},"modified":"2024-06-26T09:04:24","modified_gmt":"2024-06-26T07:04:24","slug":"ce-que-nous-faisons","status":"publish","type":"page","link":"https:\/\/chat-board.dk\/fr\/ce-que-nous-faisons\/","title":{"rendered":"\u00c0 propos de nous"},"content":{"rendered":"<h4><strong><i>Notre histoire<\/i><\/strong><\/h4>\n<p>Original et unique en son genre, le panneau magn\u00e9tique en verre CHAT BOARD<sup>\u00ae<\/sup>\u00a0voit le jour en 2003. Il s\u2019agit d\u2019une invention commune du sp\u00e9cialiste du verre Hans Henning Jensen et de sa fille h\u00f4teli\u00e8re, Josefine Honor\u00e9.<\/p>\n<p>Ce produit d\u2019une simplicit\u00e9 trompeuse a \u00e9t\u00e9 con\u00e7u dans le but de porter le tableau d\u2019affichage conventionnel \u00e0 un rang esth\u00e9tique sup\u00e9rieur, et de favoriser et d\u2019intensifier la communication visuelle. Il a non seulement cr\u00e9\u00e9 une nouvelle norme industrielle avec le premier panneau magn\u00e9tique en verre flottant sans mat\u00e9riau visible, mais il a \u00e9galement inspir\u00e9 l\u2019utilisation de surfaces en verre color\u00e9 en tant qu\u2019\u00e9l\u00e9ment puissant de d\u00e9coration int\u00e9rieure.<\/p>\n<p>Depuis lors, l\u2019entreprise et la collection se sont consid\u00e9rablement d\u00e9velopp\u00e9es et diversifi\u00e9es. Le portefeuille comprend d\u00e9sormais une large gamme de produits qui se compl\u00e8tent mutuellement et qui sont devenus les musts des clients du monde entier.<\/p>\n<p>CHAT BOARD demeure entre les mains de la famille, qui poursuit fi\u00e8rement l\u2019aventure entam\u00e9e il y a deux d\u00e9cennies.<\/p>\n<h4><\/h4>\n<p>&nbsp;<\/p>\n<h4><em><strong>Ce que nous faisons : La r\u00e9alisation de ses ambitions<\/strong><\/em><\/h4>\n<p>Profond\u00e9ment ancr\u00e9 dans la tradition du design scandinave, CHAT BOARD incarne l&#8217;engagement sans compromis envers la qualit\u00e9 du design, des mat\u00e9riaux et de l\u2019artisanat.<\/p>\n<p>Nous collaborons \u00e9troitement avec des designers de premier plan pour d\u00e9velopper des designs esth\u00e9tiques, fonctionnels et innovants, tous cr\u00e9\u00e9s avec soin pour am\u00e9liorer et nourrir le dialogue cr\u00e9atif entre les personnes dans un cadre professionnel et domestique.<\/p>\n<p>Chaque pi\u00e8ce de la collection est fabriqu\u00e9e \u00e0 la main et soumise \u00e0 un contr\u00f4le de qualit\u00e9 dans notre usine situ\u00e9e \u00e0 proximit\u00e9 de Copenhague, tandis que les mati\u00e8res premi\u00e8res proviennent de quelques fournisseurs tri\u00e9s sur le volet, localement et dans l\u2019UE. En plus de nous apporter le contr\u00f4le total de notre cha\u00eene d\u2019approvisionnement, cela contribue \u00e0 garantir la qualit\u00e9 in\u00e9gal\u00e9e et constante de nos produits, tout en nous permettant de maintenir les d\u00e9lais \u00e0 un niveau hautement comp\u00e9titif, m\u00eame pour les solutions sur mesure.<\/p>\n<p>&nbsp;<\/p>\n<div style=\"width: 1920px;\" class=\"wp-video\"><!--[if lt IE 9]><script>document.createElement('video');<\/script><![endif]-->\n<video class=\"wp-video-shortcode\" id=\"video-4836-1\" width=\"1920\" height=\"1080\" autoplay preload=\"metadata\" controls=\"controls\"><source type=\"video\/mp4\" src=\"https:\/\/chat-board.dk\/wp-content\/uploads\/2024\/06\/Chat-Board.mp4?_=1\" \/><a href=\"https:\/\/chat-board.dk\/wp-content\/uploads\/2024\/06\/Chat-Board.mp4\">https:\/\/chat-board.dk\/wp-content\/uploads\/2024\/06\/Chat-Board.mp4<\/a><\/video><\/div>\n","protected":false},"excerpt":{"rendered":"<p>Notre histoire Original et unique en son genre, le panneau magn\u00e9tique en verre CHAT BOARD\u00ae\u00a0voit le jour en 2003. Il s\u2019agit d\u2019une invention commune du sp\u00e9cialiste du verre Hans Henning Jensen et de sa fille h\u00f4teli\u00e8re, Josefine Honor\u00e9. Ce produit d\u2019une simplicit\u00e9 trompeuse a \u00e9t\u00e9 con\u00e7u dans le but de porter le tableau d\u2019affichage conventionnel [&hellip;]<\/p>\n","protected":false},"author":2,"featured_media":0,"parent":0,"menu_order":12,"comment_status":"closed","ping_status":"closed","template":"","meta":{"_acf_changed":false,"footnotes":""},"class_list":["post-4836","page","type-page","status-publish","hentry"],"acf":[],"yoast_head":"<!-- This site is optimized with the Yoast SEO plugin v25.3.1 - https:\/\/yoast.com\/wordpress\/plugins\/seo\/ -->\n<title>\u00c0 propos de nous - CHAT BOARD<\/title>\n<meta name=\"robots\" content=\"index, follow, max-snippet:-1, max-image-preview:large, max-video-preview:-1\" \/>\n<link rel=\"canonical\" href=\"https:\/\/chat-board.dk\/fr\/ce-que-nous-faisons\/\" \/>\n<meta property=\"og:locale\" content=\"fr_FR\" \/>\n<meta property=\"og:type\" content=\"article\" \/>\n<meta property=\"og:title\" content=\"\u00c0 propos de nous - CHAT BOARD\" \/>\n<meta property=\"og:description\" content=\"Notre histoire Original et unique en son genre, le panneau magn\u00e9tique en verre CHAT BOARD\u00ae\u00a0voit le jour en 2003. Il s\u2019agit d\u2019une invention commune du sp\u00e9cialiste du verre Hans Henning Jensen et de sa fille h\u00f4teli\u00e8re, Josefine Honor\u00e9. Ce produit d\u2019une simplicit\u00e9 trompeuse a \u00e9t\u00e9 con\u00e7u dans le but de porter le tableau d\u2019affichage conventionnel [&hellip;]\" \/>\n<meta property=\"og:url\" content=\"https:\/\/chat-board.dk\/fr\/ce-que-nous-faisons\/\" \/>\n<meta property=\"og:site_name\" content=\"CHAT BOARD\" \/>\n<meta property=\"article:modified_time\" content=\"2024-06-26T07:04:24+00:00\" \/>\n<meta name=\"twitter:card\" content=\"summary_large_image\" \/>\n<meta name=\"twitter:label1\" content=\"Est. reading time\" \/>\n\t<meta name=\"twitter:data1\" content=\"2 minutes\" \/>\n<script type=\"application\/ld+json\" class=\"yoast-schema-graph\">{\"@context\":\"https:\/\/schema.org\",\"@graph\":[{\"@type\":\"WebPage\",\"@id\":\"https:\/\/chat-board.dk\/fr\/ce-que-nous-faisons\/\",\"url\":\"https:\/\/chat-board.dk\/fr\/ce-que-nous-faisons\/\",\"name\":\"\u00c0 propos de nous - CHAT BOARD\",\"isPartOf\":{\"@id\":\"https:\/\/chat-board.dk\/fr\/#website\"},\"datePublished\":\"2021-04-22T08:09:50+00:00\",\"dateModified\":\"2024-06-26T07:04:24+00:00\",\"breadcrumb\":{\"@id\":\"https:\/\/chat-board.dk\/fr\/ce-que-nous-faisons\/#breadcrumb\"},\"inLanguage\":\"fr-FR\",\"potentialAction\":[{\"@type\":\"ReadAction\",\"target\":[\"https:\/\/chat-board.dk\/fr\/ce-que-nous-faisons\/\"]}]},{\"@type\":\"BreadcrumbList\",\"@id\":\"https:\/\/chat-board.dk\/fr\/ce-que-nous-faisons\/#breadcrumb\",\"itemListElement\":[{\"@type\":\"ListItem\",\"position\":1,\"name\":\"Home\",\"item\":\"https:\/\/chat-board.dk\/fr\/\"},{\"@type\":\"ListItem\",\"position\":2,\"name\":\"\u00c0 propos de nous\"}]},{\"@type\":\"WebSite\",\"@id\":\"https:\/\/chat-board.dk\/fr\/#website\",\"url\":\"https:\/\/chat-board.dk\/fr\/\",\"name\":\"CHAT BOARD\",\"description\":\"\",\"potentialAction\":[{\"@type\":\"SearchAction\",\"target\":{\"@type\":\"EntryPoint\",\"urlTemplate\":\"https:\/\/chat-board.dk\/fr\/?s={search_term_string}\"},\"query-input\":{\"@type\":\"PropertyValueSpecification\",\"valueRequired\":true,\"valueName\":\"search_term_string\"}}],\"inLanguage\":\"fr-FR\"}]}<\/script>\n<!-- \/ Yoast SEO plugin. -->","yoast_head_json":{"title":"\u00c0 propos de nous - CHAT BOARD","robots":{"index":"index","follow":"follow","max-snippet":"max-snippet:-1","max-image-preview":"max-image-preview:large","max-video-preview":"max-video-preview:-1"},"canonical":"https:\/\/chat-board.dk\/fr\/ce-que-nous-faisons\/","og_locale":"fr_FR","og_type":"article","og_title":"\u00c0 propos de nous - CHAT BOARD","og_description":"Notre histoire Original et unique en son genre, le panneau magn\u00e9tique en verre CHAT BOARD\u00ae\u00a0voit le jour en 2003. Il s\u2019agit d\u2019une invention commune du sp\u00e9cialiste du verre Hans Henning Jensen et de sa fille h\u00f4teli\u00e8re, Josefine Honor\u00e9. Ce produit d\u2019une simplicit\u00e9 trompeuse a \u00e9t\u00e9 con\u00e7u dans le but de porter le tableau d\u2019affichage conventionnel [&hellip;]","og_url":"https:\/\/chat-board.dk\/fr\/ce-que-nous-faisons\/","og_site_name":"CHAT BOARD","article_modified_time":"2024-06-26T07:04:24+00:00","twitter_card":"summary_large_image","twitter_misc":{"Est. reading time":"2 minutes"},"schema":{"@context":"https:\/\/schema.org","@graph":[{"@type":"WebPage","@id":"https:\/\/chat-board.dk\/fr\/ce-que-nous-faisons\/","url":"https:\/\/chat-board.dk\/fr\/ce-que-nous-faisons\/","name":"\u00c0 propos de nous - CHAT BOARD","isPartOf":{"@id":"https:\/\/chat-board.dk\/fr\/#website"},"datePublished":"2021-04-22T08:09:50+00:00","dateModified":"2024-06-26T07:04:24+00:00","breadcrumb":{"@id":"https:\/\/chat-board.dk\/fr\/ce-que-nous-faisons\/#breadcrumb"},"inLanguage":"fr-FR","potentialAction":[{"@type":"ReadAction","target":["https:\/\/chat-board.dk\/fr\/ce-que-nous-faisons\/"]}]},{"@type":"BreadcrumbList","@id":"https:\/\/chat-board.dk\/fr\/ce-que-nous-faisons\/#breadcrumb","itemListElement":[{"@type":"ListItem","position":1,"name":"Home","item":"https:\/\/chat-board.dk\/fr\/"},{"@type":"ListItem","position":2,"name":"\u00c0 propos de nous"}]},{"@type":"WebSite","@id":"https:\/\/chat-board.dk\/fr\/#website","url":"https:\/\/chat-board.dk\/fr\/","name":"CHAT BOARD","description":"","potentialAction":[{"@type":"SearchAction","target":{"@type":"EntryPoint","urlTemplate":"https:\/\/chat-board.dk\/fr\/?s={search_term_string}"},"query-input":{"@type":"PropertyValueSpecification","valueRequired":true,"valueName":"search_term_string"}}],"inLanguage":"fr-FR"}]}},"_links":{"self":[{"href":"https:\/\/chat-board.dk\/fr\/wp-json\/wp\/v2\/pages\/4836","targetHints":{"allow":["GET"]}}],"collection":[{"href":"https:\/\/chat-board.dk\/fr\/wp-json\/wp\/v2\/pages"}],"about":[{"href":"https:\/\/chat-board.dk\/fr\/wp-json\/wp\/v2\/types\/page"}],"author":[{"embeddable":true,"href":"https:\/\/chat-board.dk\/fr\/wp-json\/wp\/v2\/users\/2"}],"replies":[{"embeddable":true,"href":"https:\/\/chat-board.dk\/fr\/wp-json\/wp\/v2\/comments?post=4836"}],"version-history":[{"count":7,"href":"https:\/\/chat-board.dk\/fr\/wp-json\/wp\/v2\/pages\/4836\/revisions"}],"predecessor-version":[{"id":9630,"href":"https:\/\/chat-board.dk\/fr\/wp-json\/wp\/v2\/pages\/4836\/revisions\/9630"}],"wp:attachment":[{"href":"https:\/\/chat-board.dk\/fr\/wp-json\/wp\/v2\/media?parent=4836"}],"curies":[{"name":"wp","href":"https:\/\/api.w.org\/{rel}","templated":true}]}}