{"id":10478,"date":"2025-01-28T11:55:50","date_gmt":"2025-01-28T09:55:50","guid":{"rendered":"https:\/\/chat-board.dk\/pourquoi-choisir-chat-board\/"},"modified":"2025-01-28T11:56:56","modified_gmt":"2025-01-28T09:56:56","slug":"pourquoi-choisir-chat-board","status":"publish","type":"page","link":"https:\/\/chat-board.dk\/fr\/pourquoi-choisir-chat-board\/","title":{"rendered":"Pourquoi choisir CHAT BOARD ?"},"content":{"rendered":"<h4 style=\"text-align: center;\">USP<\/h4>\n<p>&nbsp;<\/p>\n<h4><\/h4>\n<h4><em><strong><img decoding=\"async\" class=\"alignnone wp-image-10368\" src=\"https:\/\/chat-board.dk\/wp-content\/uploads\/2025\/01\/CHAT-BOARD-USP-1-1-300x300.png\" alt=\"At CHAT BOARD we can tailor most of our products to your specifications and in accordance with your project needs\" width=\"250\" height=\"250\" srcset=\"https:\/\/chat-board.dk\/wp-content\/uploads\/2025\/01\/CHAT-BOARD-USP-1-1-300x300.png 300w, https:\/\/chat-board.dk\/wp-content\/uploads\/2025\/01\/CHAT-BOARD-USP-1-1-1024x1024.png 1024w, https:\/\/chat-board.dk\/wp-content\/uploads\/2025\/01\/CHAT-BOARD-USP-1-1-150x150.png 150w, https:\/\/chat-board.dk\/wp-content\/uploads\/2025\/01\/CHAT-BOARD-USP-1-1-768x768.png 768w, https:\/\/chat-board.dk\/wp-content\/uploads\/2025\/01\/CHAT-BOARD-USP-1-1-1536x1536.png 1536w, https:\/\/chat-board.dk\/wp-content\/uploads\/2025\/01\/CHAT-BOARD-USP-1-1-2048x2048.png 2048w, https:\/\/chat-board.dk\/wp-content\/uploads\/2025\/01\/CHAT-BOARD-USP-1-1-680x680.png 680w, https:\/\/chat-board.dk\/wp-content\/uploads\/2025\/01\/CHAT-BOARD-USP-1-1-600x600.png 600w, https:\/\/chat-board.dk\/wp-content\/uploads\/2025\/01\/CHAT-BOARD-USP-1-1-100x100.png 100w\" sizes=\"(max-width: 250px) 100vw, 250px\" \/><\/strong><\/em><\/h4>\n<h4><\/h4>\n<h4><strong>Vous le concevez, nous le fabriquons<\/strong><\/h4>\n<p>La plupart des produits CHAT BOARD<sup>\u00ae<\/sup> <strong>peuvent \u00eatre personnalis\u00e9s selon vos sp\u00e9cifications<\/strong> et adapt\u00e9s pour r\u00e9pondre aux exigences de chaque projet individuel. Par exemple, les tableaux muraux peuvent \u00eatre fabriqu\u00e9s dans des <strong>dimensions sur mesure<\/strong>, tandis que le verre peut \u00eatre recouvert de <strong>couleurs personnalis\u00e9es<\/strong> (\u00e0 partir des palettes standard NCS et RAL) ou <strong>imprim\u00e9 <\/strong>avec des images, des logos ou des motifs graphiques de votre choix. Les cadres peuvent \u00eatre personnalis\u00e9s et les tissus remplac\u00e9s par des variantes de couleurs lorsque cela est appropri\u00e9.<\/p>\n<p>M\u00eame les unit\u00e9s autonomes (par exemple Dynamic) peuvent, lorsqu&#8217;il y a une demande de quantit\u00e9s importantes, \u00eatre modifi\u00e9es pour r\u00e9pondre aux besoins et aux souhaits du client.<\/p>\n<p>&nbsp;<\/p>\n<h4><em><strong><img decoding=\"async\" class=\"alignnone wp-image-10348\" src=\"https:\/\/chat-board.dk\/wp-content\/uploads\/2025\/01\/CHAT-BOARD-USP-2-300x300.png\" alt=\"CHAT BOARD products are hand finished and quality controlled in Denmark\" width=\"250\" height=\"250\" srcset=\"https:\/\/chat-board.dk\/wp-content\/uploads\/2025\/01\/CHAT-BOARD-USP-2-300x300.png 300w, https:\/\/chat-board.dk\/wp-content\/uploads\/2025\/01\/CHAT-BOARD-USP-2-1024x1024.png 1024w, https:\/\/chat-board.dk\/wp-content\/uploads\/2025\/01\/CHAT-BOARD-USP-2-150x150.png 150w, https:\/\/chat-board.dk\/wp-content\/uploads\/2025\/01\/CHAT-BOARD-USP-2-768x768.png 768w, https:\/\/chat-board.dk\/wp-content\/uploads\/2025\/01\/CHAT-BOARD-USP-2-1536x1536.png 1536w, https:\/\/chat-board.dk\/wp-content\/uploads\/2025\/01\/CHAT-BOARD-USP-2-2048x2048.png 2048w, https:\/\/chat-board.dk\/wp-content\/uploads\/2025\/01\/CHAT-BOARD-USP-2-680x680.png 680w, https:\/\/chat-board.dk\/wp-content\/uploads\/2025\/01\/CHAT-BOARD-USP-2-600x600.png 600w, https:\/\/chat-board.dk\/wp-content\/uploads\/2025\/01\/CHAT-BOARD-USP-2-100x100.png 100w\" sizes=\"(max-width: 250px) 100vw, 250px\" \/><\/strong><\/em><\/h4>\n<h4 style=\"text-align: left;\"><\/h4>\n<h4 style=\"text-align: left;\"><\/h4>\n<h4 style=\"text-align: left;\"><strong>Fabriqu\u00e9 pour les gens, par les gens<\/strong><\/h4>\n<p style=\"text-align: left;\">Les produits CHAT BOARD<sup>\u00ae<\/sup> sont fabriqu\u00e9s sur commande et <strong>assembl\u00e9s, finis \u00e0 la main et soumis \u00e0 un contr\u00f4le de qualit\u00e9 au Danemark<\/strong>. Dans nos installations de production situ\u00e9es \u00e0 proximit\u00e9 de Copenhague, chaque composant est soigneusement v\u00e9rifi\u00e9 et fini selon les sp\u00e9cifications du client, avant d&#8217;\u00eatre fa\u00e7onn\u00e9 pour donner naissance \u00e0 l&#8217;un de nos mod\u00e8les phares.<\/p>\n<p style=\"text-align: left;\">Une \u00e9quipe d&#8217;artisans d\u00e9vou\u00e9s aux mains expertes et aux yeux avertis veille \u00e0 ce que chaque pi\u00e8ce r\u00e9ponde aux normes de qualit\u00e9 sup\u00e9rieures qui font la renomm\u00e9e du nom CHAT BOARD<sup>\u00ae<\/sup>.<\/p>\n<p>&nbsp;<\/p>\n<h4><em><strong><img decoding=\"async\" class=\"alignnone wp-image-10372\" src=\"https:\/\/chat-board.dk\/wp-content\/uploads\/2025\/01\/CHAT-BOARD-USP-4-2-300x300.png\" alt=\"CHAT BOARD glass is finished with C edges and radius corners\" width=\"250\" height=\"250\" srcset=\"https:\/\/chat-board.dk\/wp-content\/uploads\/2025\/01\/CHAT-BOARD-USP-4-2-300x300.png 300w, https:\/\/chat-board.dk\/wp-content\/uploads\/2025\/01\/CHAT-BOARD-USP-4-2-1024x1024.png 1024w, https:\/\/chat-board.dk\/wp-content\/uploads\/2025\/01\/CHAT-BOARD-USP-4-2-150x150.png 150w, https:\/\/chat-board.dk\/wp-content\/uploads\/2025\/01\/CHAT-BOARD-USP-4-2-768x768.png 768w, https:\/\/chat-board.dk\/wp-content\/uploads\/2025\/01\/CHAT-BOARD-USP-4-2-1536x1536.png 1536w, https:\/\/chat-board.dk\/wp-content\/uploads\/2025\/01\/CHAT-BOARD-USP-4-2-2048x2048.png 2048w, https:\/\/chat-board.dk\/wp-content\/uploads\/2025\/01\/CHAT-BOARD-USP-4-2-680x680.png 680w, https:\/\/chat-board.dk\/wp-content\/uploads\/2025\/01\/CHAT-BOARD-USP-4-2-600x600.png 600w, https:\/\/chat-board.dk\/wp-content\/uploads\/2025\/01\/CHAT-BOARD-USP-4-2-100x100.png 100w\" sizes=\"(max-width: 250px) 100vw, 250px\" \/><\/strong><\/em><\/h4>\n<h4 style=\"text-align: left;\"><\/h4>\n<h4 style=\"text-align: left;\"><strong>Une finition parfaite<\/strong><\/h4>\n<p>Tous les panneaux en verre CHAT BOARD<sup>\u00ae<\/sup> (\u00e0 l&#8217;exception des panneaux Elements) sont dot\u00e9s de <strong>bords en C lisses et l\u00e9g\u00e8rement arrondis et d&#8217;angles \u00e0 rayon de 4 mm<\/strong>. Cela conf\u00e8re \u00e0 nos produits leur finition \u00e9l\u00e9gante et reconnaissable, tout en rendant le verre <strong>moins vuln\u00e9rable<\/strong> aux dommages potentiels caus\u00e9s par des impacts accidentels sur ses bords.<\/p>\n<p>Le verre Elements, tout aussi \u00e9l\u00e9gant et l\u00e9g\u00e8rement plus minimaliste, est dot\u00e9 de bords en V polis et d&#8217;angles \u00e0 90\u00b0 qui rendent les panneaux id\u00e9aux pour installer plusieurs panneaux \u00e9troitement ensemble afin de couvrir de grandes surfaces.<\/p>\n<p>&nbsp;<\/p>\n<h4><em><strong><img decoding=\"async\" class=\"alignnone wp-image-10352\" src=\"https:\/\/chat-board.dk\/wp-content\/uploads\/2025\/01\/CHAT-BOARD-USP-3-300x300.png\" alt=\"CHAT BOARD boards are easy and quick to install\" width=\"250\" height=\"250\" srcset=\"https:\/\/chat-board.dk\/wp-content\/uploads\/2025\/01\/CHAT-BOARD-USP-3-300x300.png 300w, https:\/\/chat-board.dk\/wp-content\/uploads\/2025\/01\/CHAT-BOARD-USP-3-1024x1024.png 1024w, https:\/\/chat-board.dk\/wp-content\/uploads\/2025\/01\/CHAT-BOARD-USP-3-150x150.png 150w, https:\/\/chat-board.dk\/wp-content\/uploads\/2025\/01\/CHAT-BOARD-USP-3-768x768.png 768w, https:\/\/chat-board.dk\/wp-content\/uploads\/2025\/01\/CHAT-BOARD-USP-3-1536x1536.png 1536w, https:\/\/chat-board.dk\/wp-content\/uploads\/2025\/01\/CHAT-BOARD-USP-3-2048x2048.png 2048w, https:\/\/chat-board.dk\/wp-content\/uploads\/2025\/01\/CHAT-BOARD-USP-3-680x680.png 680w, https:\/\/chat-board.dk\/wp-content\/uploads\/2025\/01\/CHAT-BOARD-USP-3-600x600.png 600w, https:\/\/chat-board.dk\/wp-content\/uploads\/2025\/01\/CHAT-BOARD-USP-3-100x100.png 100w\" sizes=\"(max-width: 250px) 100vw, 250px\" \/><\/strong><\/em><\/h4>\n<h4><\/h4>\n<h4><\/h4>\n<h4><strong>Installation sans effort<\/strong><\/h4>\n<p>Notre syst\u00e8me de rail de montage unique pour tableaux muraux garantit une <strong>installation s\u00fbre, rapide et facile<\/strong>. Cela permet d&#8217;\u00e9conomiser du temps et de la main-d&#8217;\u0153uvre, tout en minimisant le risque d&#8217;erreur et de dommages li\u00e9s \u00e0 une manipulation excessive.<\/p>\n<p>Les tableaux autoportants sont livr\u00e9s enti\u00e8rement ou partiellement assembl\u00e9s et ne <strong>n\u00e9cessitent que des comp\u00e9tences et des outils de base<\/strong> pour leur montage.<\/p>\n<p>&nbsp;<\/p>\n<h4><em><strong><img decoding=\"async\" class=\"alignnone wp-image-10356\" src=\"https:\/\/chat-board.dk\/wp-content\/uploads\/2025\/01\/CHAT-BOARD-USP-4-1-300x300.png\" alt=\"CHAT BOARD boards can all be mounted both horizontally and vertically\" width=\"250\" height=\"250\" srcset=\"https:\/\/chat-board.dk\/wp-content\/uploads\/2025\/01\/CHAT-BOARD-USP-4-1-300x300.png 300w, https:\/\/chat-board.dk\/wp-content\/uploads\/2025\/01\/CHAT-BOARD-USP-4-1-1024x1024.png 1024w, https:\/\/chat-board.dk\/wp-content\/uploads\/2025\/01\/CHAT-BOARD-USP-4-1-150x150.png 150w, https:\/\/chat-board.dk\/wp-content\/uploads\/2025\/01\/CHAT-BOARD-USP-4-1-768x768.png 768w, https:\/\/chat-board.dk\/wp-content\/uploads\/2025\/01\/CHAT-BOARD-USP-4-1-1536x1536.png 1536w, https:\/\/chat-board.dk\/wp-content\/uploads\/2025\/01\/CHAT-BOARD-USP-4-1-2048x2048.png 2048w, https:\/\/chat-board.dk\/wp-content\/uploads\/2025\/01\/CHAT-BOARD-USP-4-1-680x680.png 680w, https:\/\/chat-board.dk\/wp-content\/uploads\/2025\/01\/CHAT-BOARD-USP-4-1-600x600.png 600w, https:\/\/chat-board.dk\/wp-content\/uploads\/2025\/01\/CHAT-BOARD-USP-4-1-100x100.png 100w\" sizes=\"(max-width: 250px) 100vw, 250px\" \/><\/strong><\/em><\/h4>\n<h4 style=\"text-align: left;\"><\/h4>\n<h4><\/h4>\n<h4 style=\"text-align: left;\"><strong>Plusieurs orientations<\/strong><\/h4>\n<p style=\"text-align: left;\">Les tableaux muraux sont dot\u00e9s de cadres en acier avec des bords courb\u00e9s sur les quatre c\u00f4t\u00e9s. Cette construction permet de les monter<strong> aussi bien horizontalement que verticalement<\/strong> <strong>et de les changer facilement d&#8217;une orientation \u00e0 l&#8217;autre<\/strong>.<\/p>\n<p style=\"text-align: left;\">Pour passer de l&#8217;orientation horizontale \u00e0 l&#8217;orientation verticale, il suffit de raccourcir le rail de montage, apr\u00e8s quoi le tableau peut \u00eatre r\u00e9install\u00e9 comme souhait\u00e9. Dans les cas o\u00f9 l&#8217;orientation doit \u00eatre modifi\u00e9e de la position verticale \u00e0 la position horizontale, le rail de montage plus long n\u00e9cessaire \u00e0 la proc\u00e9dure peut \u00eatre command\u00e9 s\u00e9par\u00e9ment aupr\u00e8s de n&#8217;importe quel revendeur CHAT BOARD<sup>\u00ae<\/sup>.<\/p>\n<p>&nbsp;<\/p>\n<h4><em><strong><img decoding=\"async\" class=\"alignnone wp-image-10360\" src=\"https:\/\/chat-board.dk\/wp-content\/uploads\/2025\/01\/CHAT-BOARD-USP-5-300x300.png\" alt=\"CHAT BOARD glass is of the highest quality, which makes it easy to clean after each use\" width=\"250\" height=\"250\" srcset=\"https:\/\/chat-board.dk\/wp-content\/uploads\/2025\/01\/CHAT-BOARD-USP-5-300x300.png 300w, https:\/\/chat-board.dk\/wp-content\/uploads\/2025\/01\/CHAT-BOARD-USP-5-1024x1024.png 1024w, https:\/\/chat-board.dk\/wp-content\/uploads\/2025\/01\/CHAT-BOARD-USP-5-150x150.png 150w, https:\/\/chat-board.dk\/wp-content\/uploads\/2025\/01\/CHAT-BOARD-USP-5-768x768.png 768w, https:\/\/chat-board.dk\/wp-content\/uploads\/2025\/01\/CHAT-BOARD-USP-5-1536x1536.png 1536w, https:\/\/chat-board.dk\/wp-content\/uploads\/2025\/01\/CHAT-BOARD-USP-5-2048x2048.png 2048w, https:\/\/chat-board.dk\/wp-content\/uploads\/2025\/01\/CHAT-BOARD-USP-5-680x680.png 680w, https:\/\/chat-board.dk\/wp-content\/uploads\/2025\/01\/CHAT-BOARD-USP-5-600x600.png 600w, https:\/\/chat-board.dk\/wp-content\/uploads\/2025\/01\/CHAT-BOARD-USP-5-100x100.png 100w\" sizes=\"(max-width: 250px) 100vw, 250px\" \/><\/strong><\/em><\/h4>\n<h4 style=\"text-align: left;\"><\/h4>\n<h4 style=\"text-align: left;\"><strong>\u00c9crivez dessus, puis essuyez<\/strong><\/h4>\n<p style=\"text-align: left;\">Le verre CHAT BOARD<sup>\u00ae<\/sup> est <strong>in\u00e9gal\u00e9 en termes de qualit\u00e9 et de facilit\u00e9 de nettoyage<\/strong>, et m\u00eame en cas d&#8217;utilisation accidentelle de marqueurs permanents, le verre peut facilement \u00eatre rendu impeccable avec un simple nettoyage \u00e0 l&#8217;alcool.<\/p>\n<p>&nbsp;<\/p>\n<h4><em><strong><img decoding=\"async\" class=\"alignnone wp-image-10364\" src=\"https:\/\/chat-board.dk\/wp-content\/uploads\/2025\/01\/CHAT-BOARD-USP-6-300x300.png\" alt=\"CHAT BOARD products will keep looking fresh with the passing of time\" width=\"250\" height=\"250\" srcset=\"https:\/\/chat-board.dk\/wp-content\/uploads\/2025\/01\/CHAT-BOARD-USP-6-300x300.png 300w, https:\/\/chat-board.dk\/wp-content\/uploads\/2025\/01\/CHAT-BOARD-USP-6-1024x1024.png 1024w, https:\/\/chat-board.dk\/wp-content\/uploads\/2025\/01\/CHAT-BOARD-USP-6-150x150.png 150w, https:\/\/chat-board.dk\/wp-content\/uploads\/2025\/01\/CHAT-BOARD-USP-6-768x768.png 768w, https:\/\/chat-board.dk\/wp-content\/uploads\/2025\/01\/CHAT-BOARD-USP-6-1536x1536.png 1536w, https:\/\/chat-board.dk\/wp-content\/uploads\/2025\/01\/CHAT-BOARD-USP-6-2048x2048.png 2048w, https:\/\/chat-board.dk\/wp-content\/uploads\/2025\/01\/CHAT-BOARD-USP-6-680x680.png 680w, https:\/\/chat-board.dk\/wp-content\/uploads\/2025\/01\/CHAT-BOARD-USP-6-600x600.png 600w, https:\/\/chat-board.dk\/wp-content\/uploads\/2025\/01\/CHAT-BOARD-USP-6-100x100.png 100w\" sizes=\"(max-width: 250px) 100vw, 250px\" \/><\/strong><\/em><\/h4>\n<h4 style=\"text-align: left;\"><\/h4>\n<h4 style=\"text-align: left;\"><em><strong>Si impeccable et si propre<\/strong><\/em><\/h4>\n<p>Un produit CHAT BOARD<sup>\u00ae<\/sup> est con\u00e7u pour r\u00e9sister \u00e0 l&#8217;\u00e9preuve du temps et, lorsqu&#8217;il est manipul\u00e9 avec un minimum de soin, il a une <strong>dur\u00e9e de vie pratiquement illimit\u00e9e<\/strong> et conservera son aspect optimal pendant de nombreuses ann\u00e9es.<br \/>\nContrairement \u00e0 la plupart des tableaux en c\u00e9ramique et aux alternatives de qualit\u00e9 inf\u00e9rieure, il ne perdra jamais son \u00e9clat ni ne sera terni par des traces disgracieuses de r\u00e9sidus d&#8217;encre ind\u00e9l\u00e9biles, g\u00e2chant l&#8217;exp\u00e9rience de l&#8217;utilisateur.<\/p>\n<p style=\"text-align: left;\">Les produits CHAT BOARD<sup>\u00ae<\/sup> sont con\u00e7us pour durer, ce qui en fait <strong>un investissement durable pour l&#8217;avenir<\/strong>.<\/p>\n<h4><\/h4>\n<p>&nbsp;<\/p>\n<p>&nbsp;<\/p>\n<p>&nbsp;<\/p>\n<p>&nbsp;<\/p>\n<p>&nbsp;<\/p>\n<p>&nbsp;<\/p>\n<p style=\"text-align: right;\">\n","protected":false},"excerpt":{"rendered":"<p>USP &nbsp; Vous le concevez, nous le fabriquons La plupart des produits CHAT BOARD\u00ae peuvent \u00eatre personnalis\u00e9s selon vos sp\u00e9cifications et adapt\u00e9s pour r\u00e9pondre aux exigences de chaque projet individuel. Par exemple, les tableaux muraux peuvent \u00eatre fabriqu\u00e9s dans des dimensions sur mesure, tandis que le verre peut \u00eatre recouvert de couleurs personnalis\u00e9es (\u00e0 partir [&hellip;]<\/p>\n","protected":false},"author":2,"featured_media":0,"parent":0,"menu_order":4,"comment_status":"closed","ping_status":"closed","template":"","meta":{"_acf_changed":false,"footnotes":""},"class_list":["post-10478","page","type-page","status-publish","hentry"],"acf":[],"yoast_head":"<!-- This site is optimized with the Yoast SEO plugin v25.3.1 - https:\/\/yoast.com\/wordpress\/plugins\/seo\/ -->\n<title>Pourquoi choisir CHAT BOARD ? - CHAT BOARD<\/title>\n<meta name=\"robots\" content=\"index, follow, max-snippet:-1, max-image-preview:large, max-video-preview:-1\" \/>\n<link rel=\"canonical\" href=\"https:\/\/chat-board.dk\/fr\/pourquoi-choisir-chat-board\/\" \/>\n<meta property=\"og:locale\" content=\"fr_FR\" \/>\n<meta property=\"og:type\" content=\"article\" \/>\n<meta property=\"og:title\" content=\"Pourquoi choisir CHAT BOARD ? - CHAT BOARD\" \/>\n<meta property=\"og:description\" content=\"USP &nbsp; Vous le concevez, nous le fabriquons La plupart des produits CHAT BOARD\u00ae peuvent \u00eatre personnalis\u00e9s selon vos sp\u00e9cifications et adapt\u00e9s pour r\u00e9pondre aux exigences de chaque projet individuel. Par exemple, les tableaux muraux peuvent \u00eatre fabriqu\u00e9s dans des dimensions sur mesure, tandis que le verre peut \u00eatre recouvert de couleurs personnalis\u00e9es (\u00e0 partir [&hellip;]\" \/>\n<meta property=\"og:url\" content=\"https:\/\/chat-board.dk\/fr\/pourquoi-choisir-chat-board\/\" \/>\n<meta property=\"og:site_name\" content=\"CHAT BOARD\" \/>\n<meta property=\"article:modified_time\" content=\"2025-01-28T09:56:56+00:00\" \/>\n<meta property=\"og:image\" content=\"https:\/\/chat-board.dk\/wp-content\/uploads\/2025\/01\/CHAT-BOARD-USP-1-1-300x300.png\" \/>\n<meta name=\"twitter:card\" content=\"summary_large_image\" \/>\n<meta name=\"twitter:label1\" content=\"Est. reading time\" \/>\n\t<meta name=\"twitter:data1\" content=\"5 minutes\" \/>\n<script type=\"application\/ld+json\" class=\"yoast-schema-graph\">{\"@context\":\"https:\/\/schema.org\",\"@graph\":[{\"@type\":\"WebPage\",\"@id\":\"https:\/\/chat-board.dk\/fr\/pourquoi-choisir-chat-board\/\",\"url\":\"https:\/\/chat-board.dk\/fr\/pourquoi-choisir-chat-board\/\",\"name\":\"Pourquoi choisir CHAT BOARD ? - CHAT BOARD\",\"isPartOf\":{\"@id\":\"https:\/\/chat-board.dk\/fr\/#website\"},\"primaryImageOfPage\":{\"@id\":\"https:\/\/chat-board.dk\/fr\/pourquoi-choisir-chat-board\/#primaryimage\"},\"image\":{\"@id\":\"https:\/\/chat-board.dk\/fr\/pourquoi-choisir-chat-board\/#primaryimage\"},\"thumbnailUrl\":\"https:\/\/chat-board.dk\/wp-content\/uploads\/2025\/01\/CHAT-BOARD-USP-1-1-300x300.png\",\"datePublished\":\"2025-01-28T09:55:50+00:00\",\"dateModified\":\"2025-01-28T09:56:56+00:00\",\"breadcrumb\":{\"@id\":\"https:\/\/chat-board.dk\/fr\/pourquoi-choisir-chat-board\/#breadcrumb\"},\"inLanguage\":\"fr-FR\",\"potentialAction\":[{\"@type\":\"ReadAction\",\"target\":[\"https:\/\/chat-board.dk\/fr\/pourquoi-choisir-chat-board\/\"]}]},{\"@type\":\"ImageObject\",\"inLanguage\":\"fr-FR\",\"@id\":\"https:\/\/chat-board.dk\/fr\/pourquoi-choisir-chat-board\/#primaryimage\",\"url\":\"https:\/\/chat-board.dk\/wp-content\/uploads\/2025\/01\/CHAT-BOARD-USP-1-1-300x300.png\",\"contentUrl\":\"https:\/\/chat-board.dk\/wp-content\/uploads\/2025\/01\/CHAT-BOARD-USP-1-1-300x300.png\"},{\"@type\":\"BreadcrumbList\",\"@id\":\"https:\/\/chat-board.dk\/fr\/pourquoi-choisir-chat-board\/#breadcrumb\",\"itemListElement\":[{\"@type\":\"ListItem\",\"position\":1,\"name\":\"Home\",\"item\":\"https:\/\/chat-board.dk\/fr\/\"},{\"@type\":\"ListItem\",\"position\":2,\"name\":\"Pourquoi choisir CHAT BOARD ?\"}]},{\"@type\":\"WebSite\",\"@id\":\"https:\/\/chat-board.dk\/fr\/#website\",\"url\":\"https:\/\/chat-board.dk\/fr\/\",\"name\":\"CHAT BOARD\",\"description\":\"\",\"potentialAction\":[{\"@type\":\"SearchAction\",\"target\":{\"@type\":\"EntryPoint\",\"urlTemplate\":\"https:\/\/chat-board.dk\/fr\/?s={search_term_string}\"},\"query-input\":{\"@type\":\"PropertyValueSpecification\",\"valueRequired\":true,\"valueName\":\"search_term_string\"}}],\"inLanguage\":\"fr-FR\"}]}<\/script>\n<!-- \/ Yoast SEO plugin. -->","yoast_head_json":{"title":"Pourquoi choisir CHAT BOARD ? - CHAT BOARD","robots":{"index":"index","follow":"follow","max-snippet":"max-snippet:-1","max-image-preview":"max-image-preview:large","max-video-preview":"max-video-preview:-1"},"canonical":"https:\/\/chat-board.dk\/fr\/pourquoi-choisir-chat-board\/","og_locale":"fr_FR","og_type":"article","og_title":"Pourquoi choisir CHAT BOARD ? - CHAT BOARD","og_description":"USP &nbsp; Vous le concevez, nous le fabriquons La plupart des produits CHAT BOARD\u00ae peuvent \u00eatre personnalis\u00e9s selon vos sp\u00e9cifications et adapt\u00e9s pour r\u00e9pondre aux exigences de chaque projet individuel. Par exemple, les tableaux muraux peuvent \u00eatre fabriqu\u00e9s dans des dimensions sur mesure, tandis que le verre peut \u00eatre recouvert de couleurs personnalis\u00e9es (\u00e0 partir [&hellip;]","og_url":"https:\/\/chat-board.dk\/fr\/pourquoi-choisir-chat-board\/","og_site_name":"CHAT BOARD","article_modified_time":"2025-01-28T09:56:56+00:00","og_image":[{"url":"https:\/\/chat-board.dk\/wp-content\/uploads\/2025\/01\/CHAT-BOARD-USP-1-1-300x300.png","type":"","width":"","height":""}],"twitter_card":"summary_large_image","twitter_misc":{"Est. reading time":"5 minutes"},"schema":{"@context":"https:\/\/schema.org","@graph":[{"@type":"WebPage","@id":"https:\/\/chat-board.dk\/fr\/pourquoi-choisir-chat-board\/","url":"https:\/\/chat-board.dk\/fr\/pourquoi-choisir-chat-board\/","name":"Pourquoi choisir CHAT BOARD ? - CHAT BOARD","isPartOf":{"@id":"https:\/\/chat-board.dk\/fr\/#website"},"primaryImageOfPage":{"@id":"https:\/\/chat-board.dk\/fr\/pourquoi-choisir-chat-board\/#primaryimage"},"image":{"@id":"https:\/\/chat-board.dk\/fr\/pourquoi-choisir-chat-board\/#primaryimage"},"thumbnailUrl":"https:\/\/chat-board.dk\/wp-content\/uploads\/2025\/01\/CHAT-BOARD-USP-1-1-300x300.png","datePublished":"2025-01-28T09:55:50+00:00","dateModified":"2025-01-28T09:56:56+00:00","breadcrumb":{"@id":"https:\/\/chat-board.dk\/fr\/pourquoi-choisir-chat-board\/#breadcrumb"},"inLanguage":"fr-FR","potentialAction":[{"@type":"ReadAction","target":["https:\/\/chat-board.dk\/fr\/pourquoi-choisir-chat-board\/"]}]},{"@type":"ImageObject","inLanguage":"fr-FR","@id":"https:\/\/chat-board.dk\/fr\/pourquoi-choisir-chat-board\/#primaryimage","url":"https:\/\/chat-board.dk\/wp-content\/uploads\/2025\/01\/CHAT-BOARD-USP-1-1-300x300.png","contentUrl":"https:\/\/chat-board.dk\/wp-content\/uploads\/2025\/01\/CHAT-BOARD-USP-1-1-300x300.png"},{"@type":"BreadcrumbList","@id":"https:\/\/chat-board.dk\/fr\/pourquoi-choisir-chat-board\/#breadcrumb","itemListElement":[{"@type":"ListItem","position":1,"name":"Home","item":"https:\/\/chat-board.dk\/fr\/"},{"@type":"ListItem","position":2,"name":"Pourquoi choisir CHAT BOARD ?"}]},{"@type":"WebSite","@id":"https:\/\/chat-board.dk\/fr\/#website","url":"https:\/\/chat-board.dk\/fr\/","name":"CHAT BOARD","description":"","potentialAction":[{"@type":"SearchAction","target":{"@type":"EntryPoint","urlTemplate":"https:\/\/chat-board.dk\/fr\/?s={search_term_string}"},"query-input":{"@type":"PropertyValueSpecification","valueRequired":true,"valueName":"search_term_string"}}],"inLanguage":"fr-FR"}]}},"_links":{"self":[{"href":"https:\/\/chat-board.dk\/fr\/wp-json\/wp\/v2\/pages\/10478","targetHints":{"allow":["GET"]}}],"collection":[{"href":"https:\/\/chat-board.dk\/fr\/wp-json\/wp\/v2\/pages"}],"about":[{"href":"https:\/\/chat-board.dk\/fr\/wp-json\/wp\/v2\/types\/page"}],"author":[{"embeddable":true,"href":"https:\/\/chat-board.dk\/fr\/wp-json\/wp\/v2\/users\/2"}],"replies":[{"embeddable":true,"href":"https:\/\/chat-board.dk\/fr\/wp-json\/wp\/v2\/comments?post=10478"}],"version-history":[{"count":2,"href":"https:\/\/chat-board.dk\/fr\/wp-json\/wp\/v2\/pages\/10478\/revisions"}],"predecessor-version":[{"id":10480,"href":"https:\/\/chat-board.dk\/fr\/wp-json\/wp\/v2\/pages\/10478\/revisions\/10480"}],"wp:attachment":[{"href":"https:\/\/chat-board.dk\/fr\/wp-json\/wp\/v2\/media?parent=10478"}],"curies":[{"name":"wp","href":"https:\/\/api.w.org\/{rel}","templated":true}]}}