{"id":9883,"date":"2024-10-21T11:00:57","date_gmt":"2024-10-21T09:02:09","guid":{"rendered":"https:\/\/chat-board.dk\/?post_type=product&#038;p=9883"},"modified":"2026-04-17T08:34:10","modified_gmt":"2026-04-17T06:34:10","slug":"sprinter","status":"publish","type":"product","link":"https:\/\/chat-board.dk\/de\/sprinter\/","title":{"rendered":"SPRINTER"},"content":{"rendered":"<p>Der Sprinter ist die schnelle und wendige Neuheit der CHAT BOARD-Reihe freistehender, mobiler Glasboards. Sportlich pr\u00e4zise in Form und Leistung, bietet er eine perfekt ausgewogene All-in-One-L\u00f6sung. Er ist deal f\u00fcr Umgebungen, in denen Flexibilit\u00e4t von entscheidender Bedeutung ist, sei es im gesch\u00e4ftlichen, kreativen oder p\u00e4dagogischen Bereich.<\/p>\n<p>In einem angenehm reduzierten Design vereint der Sprinter monochrome Oberfl\u00e4chen aus Glas und sanft pulverbeschichtetem Stahl in einem triumphalen Trio ansprechend erdiger Farbt\u00f6ne, die sich perfekt f\u00fcr Arbeitswelten eignen.<\/p>\n<p>Der Sprinter wurde bewusst in einer Einheitsgr\u00f6\u00dfe entwickelt, die nur sehr wenig Platz ben\u00f6tigt und gleichzeitig viel Schreibfl\u00e4che bietet. Er basiert auf einem leichten, aber dennoch beruhigend stabilen, dreibeinigen Stahlrahmen, auf dem eine magnetisches Glasboard montiert ist, das die Farbe der Struktur widerspiegelt.<\/p>\n<p>Sprinter-Units werden flach verpackt geliefert und k\u00f6nnen einfach vor Ort zusammengebaut werden, wodurch sowohl die Versandkosten als auch die Umweltbelastung reduziert werden.<\/p>\n","protected":false},"excerpt":{"rendered":"<p>Sprinter vereint monochrome Texturen aus Glas und Stahl in einer agilen und perfekt ausgewogenen mobilen L\u00f6sung.<\/p>\n","protected":false},"featured_media":9802,"comment_status":"open","ping_status":"closed","template":"","meta":{"_acf_changed":false},"product_brand":[],"product_cat":[103],"product_tag":[],"class_list":{"0":"post-9883","1":"product","2":"type-product","3":"status-publish","4":"has-post-thumbnail","6":"product_cat-freistehend","8":"first","9":"instock","10":"shipping-taxable","11":"product-type-simple"},"acf":[],"yoast_head":"<!-- This site is optimized with the Yoast SEO plugin v25.3.1 - https:\/\/yoast.com\/wordpress\/plugins\/seo\/ -->\n<title>SPRINTER - CHAT BOARD<\/title>\n<meta name=\"robots\" content=\"index, follow, max-snippet:-1, max-image-preview:large, max-video-preview:-1\" \/>\n<link rel=\"canonical\" href=\"https:\/\/chat-board.dk\/de\/sprinter\/\" \/>\n<meta property=\"og:locale\" content=\"de_DE\" \/>\n<meta property=\"og:type\" content=\"article\" \/>\n<meta property=\"og:title\" content=\"SPRINTER - CHAT BOARD\" \/>\n<meta property=\"og:description\" content=\"Sprinter vereint monochrome Texturen aus Glas und Stahl in einer agilen und perfekt ausgewogenen mobilen L\u00f6sung.\" \/>\n<meta property=\"og:url\" content=\"https:\/\/chat-board.dk\/de\/sprinter\/\" \/>\n<meta property=\"og:site_name\" content=\"CHAT BOARD\" \/>\n<meta property=\"article:modified_time\" content=\"2026-04-17T06:34:10+00:00\" \/>\n<meta property=\"og:image\" content=\"https:\/\/chat-board.dk\/wp-content\/uploads\/2024\/10\/CHAT-BOARD-Sprinter-ambient-1-portrait-scaled.jpg\" \/>\n\t<meta property=\"og:image:width\" content=\"1706\" \/>\n\t<meta property=\"og:image:height\" content=\"2560\" \/>\n\t<meta property=\"og:image:type\" content=\"image\/jpeg\" \/>\n<meta name=\"twitter:card\" content=\"summary_large_image\" \/>\n<meta name=\"twitter:label1\" content=\"Est. reading time\" \/>\n\t<meta name=\"twitter:data1\" content=\"1 minute\" \/>\n<script type=\"application\/ld+json\" class=\"yoast-schema-graph\">{\"@context\":\"https:\/\/schema.org\",\"@graph\":[{\"@type\":\"WebPage\",\"@id\":\"https:\/\/chat-board.dk\/de\/sprinter\/\",\"url\":\"https:\/\/chat-board.dk\/de\/sprinter\/\",\"name\":\"SPRINTER - CHAT BOARD\",\"isPartOf\":{\"@id\":\"https:\/\/chat-board.dk\/de\/#website\"},\"primaryImageOfPage\":{\"@id\":\"https:\/\/chat-board.dk\/de\/sprinter\/#primaryimage\"},\"image\":{\"@id\":\"https:\/\/chat-board.dk\/de\/sprinter\/#primaryimage\"},\"thumbnailUrl\":\"https:\/\/chat-board.dk\/wp-content\/uploads\/2024\/10\/CHAT-BOARD-Sprinter-ambient-1-portrait-scaled.jpg\",\"datePublished\":\"2024-10-21T09:02:09+00:00\",\"dateModified\":\"2026-04-17T06:34:10+00:00\",\"breadcrumb\":{\"@id\":\"https:\/\/chat-board.dk\/de\/sprinter\/#breadcrumb\"},\"inLanguage\":\"de-DE\",\"potentialAction\":[{\"@type\":\"ReadAction\",\"target\":[\"https:\/\/chat-board.dk\/de\/sprinter\/\"]}]},{\"@type\":\"ImageObject\",\"inLanguage\":\"de-DE\",\"@id\":\"https:\/\/chat-board.dk\/de\/sprinter\/#primaryimage\",\"url\":\"https:\/\/chat-board.dk\/wp-content\/uploads\/2024\/10\/CHAT-BOARD-Sprinter-ambient-1-portrait-scaled.jpg\",\"contentUrl\":\"https:\/\/chat-board.dk\/wp-content\/uploads\/2024\/10\/CHAT-BOARD-Sprinter-ambient-1-portrait-scaled.jpg\",\"width\":1706,\"height\":2560,\"caption\":\"fritst\u00e5ende whiteboard\"},{\"@type\":\"BreadcrumbList\",\"@id\":\"https:\/\/chat-board.dk\/de\/sprinter\/#breadcrumb\",\"itemListElement\":[{\"@type\":\"ListItem\",\"position\":1,\"name\":\"Home\",\"item\":\"https:\/\/chat-board.dk\/de\/\"},{\"@type\":\"ListItem\",\"position\":2,\"name\":\"Produkte\",\"item\":\"https:\/\/chat-board.dk\/de\/produkte\/\"},{\"@type\":\"ListItem\",\"position\":3,\"name\":\"SPRINTER\"}]},{\"@type\":\"WebSite\",\"@id\":\"https:\/\/chat-board.dk\/de\/#website\",\"url\":\"https:\/\/chat-board.dk\/de\/\",\"name\":\"CHAT BOARD\",\"description\":\"\",\"potentialAction\":[{\"@type\":\"SearchAction\",\"target\":{\"@type\":\"EntryPoint\",\"urlTemplate\":\"https:\/\/chat-board.dk\/de\/?s={search_term_string}\"},\"query-input\":{\"@type\":\"PropertyValueSpecification\",\"valueRequired\":true,\"valueName\":\"search_term_string\"}}],\"inLanguage\":\"de-DE\"}]}<\/script>\n<!-- \/ Yoast SEO plugin. -->","yoast_head_json":{"title":"SPRINTER - CHAT BOARD","robots":{"index":"index","follow":"follow","max-snippet":"max-snippet:-1","max-image-preview":"max-image-preview:large","max-video-preview":"max-video-preview:-1"},"canonical":"https:\/\/chat-board.dk\/de\/sprinter\/","og_locale":"de_DE","og_type":"article","og_title":"SPRINTER - CHAT BOARD","og_description":"Sprinter vereint monochrome Texturen aus Glas und Stahl in einer agilen und perfekt ausgewogenen mobilen L\u00f6sung.","og_url":"https:\/\/chat-board.dk\/de\/sprinter\/","og_site_name":"CHAT BOARD","article_modified_time":"2026-04-17T06:34:10+00:00","og_image":[{"width":1706,"height":2560,"url":"https:\/\/chat-board.dk\/wp-content\/uploads\/2024\/10\/CHAT-BOARD-Sprinter-ambient-1-portrait-scaled.jpg","type":"image\/jpeg"}],"twitter_card":"summary_large_image","twitter_misc":{"Est. reading time":"1 minute"},"schema":{"@context":"https:\/\/schema.org","@graph":[{"@type":"WebPage","@id":"https:\/\/chat-board.dk\/de\/sprinter\/","url":"https:\/\/chat-board.dk\/de\/sprinter\/","name":"SPRINTER - CHAT BOARD","isPartOf":{"@id":"https:\/\/chat-board.dk\/de\/#website"},"primaryImageOfPage":{"@id":"https:\/\/chat-board.dk\/de\/sprinter\/#primaryimage"},"image":{"@id":"https:\/\/chat-board.dk\/de\/sprinter\/#primaryimage"},"thumbnailUrl":"https:\/\/chat-board.dk\/wp-content\/uploads\/2024\/10\/CHAT-BOARD-Sprinter-ambient-1-portrait-scaled.jpg","datePublished":"2024-10-21T09:02:09+00:00","dateModified":"2026-04-17T06:34:10+00:00","breadcrumb":{"@id":"https:\/\/chat-board.dk\/de\/sprinter\/#breadcrumb"},"inLanguage":"de-DE","potentialAction":[{"@type":"ReadAction","target":["https:\/\/chat-board.dk\/de\/sprinter\/"]}]},{"@type":"ImageObject","inLanguage":"de-DE","@id":"https:\/\/chat-board.dk\/de\/sprinter\/#primaryimage","url":"https:\/\/chat-board.dk\/wp-content\/uploads\/2024\/10\/CHAT-BOARD-Sprinter-ambient-1-portrait-scaled.jpg","contentUrl":"https:\/\/chat-board.dk\/wp-content\/uploads\/2024\/10\/CHAT-BOARD-Sprinter-ambient-1-portrait-scaled.jpg","width":1706,"height":2560,"caption":"fritst\u00e5ende whiteboard"},{"@type":"BreadcrumbList","@id":"https:\/\/chat-board.dk\/de\/sprinter\/#breadcrumb","itemListElement":[{"@type":"ListItem","position":1,"name":"Home","item":"https:\/\/chat-board.dk\/de\/"},{"@type":"ListItem","position":2,"name":"Produkte","item":"https:\/\/chat-board.dk\/de\/produkte\/"},{"@type":"ListItem","position":3,"name":"SPRINTER"}]},{"@type":"WebSite","@id":"https:\/\/chat-board.dk\/de\/#website","url":"https:\/\/chat-board.dk\/de\/","name":"CHAT BOARD","description":"","potentialAction":[{"@type":"SearchAction","target":{"@type":"EntryPoint","urlTemplate":"https:\/\/chat-board.dk\/de\/?s={search_term_string}"},"query-input":{"@type":"PropertyValueSpecification","valueRequired":true,"valueName":"search_term_string"}}],"inLanguage":"de-DE"}]}},"_links":{"self":[{"href":"https:\/\/chat-board.dk\/de\/wp-json\/wp\/v2\/product\/9883","targetHints":{"allow":["GET"]}}],"collection":[{"href":"https:\/\/chat-board.dk\/de\/wp-json\/wp\/v2\/product"}],"about":[{"href":"https:\/\/chat-board.dk\/de\/wp-json\/wp\/v2\/types\/product"}],"replies":[{"embeddable":true,"href":"https:\/\/chat-board.dk\/de\/wp-json\/wp\/v2\/comments?post=9883"}],"wp:featuredmedia":[{"embeddable":true,"href":"https:\/\/chat-board.dk\/de\/wp-json\/wp\/v2\/media\/9802"}],"wp:attachment":[{"href":"https:\/\/chat-board.dk\/de\/wp-json\/wp\/v2\/media?parent=9883"}],"wp:term":[{"taxonomy":"product_brand","embeddable":true,"href":"https:\/\/chat-board.dk\/de\/wp-json\/wp\/v2\/product_brand?post=9883"},{"taxonomy":"product_cat","embeddable":true,"href":"https:\/\/chat-board.dk\/de\/wp-json\/wp\/v2\/product_cat?post=9883"},{"taxonomy":"product_tag","embeddable":true,"href":"https:\/\/chat-board.dk\/de\/wp-json\/wp\/v2\/product_tag?post=9883"}],"curies":[{"name":"wp","href":"https:\/\/api.w.org\/{rel}","templated":true}]}}