{"id":9416,"date":"2023-11-09T16:30:01","date_gmt":"2023-11-09T14:36:34","guid":{"rendered":"https:\/\/chat-board.dk\/?post_type=product&#038;p=9416"},"modified":"2026-03-20T12:05:14","modified_gmt":"2026-03-20T10:05:14","slug":"dynamic-flex-wall","status":"publish","type":"product","link":"https:\/\/chat-board.dk\/de\/dynamic-flex-wall\/","title":{"rendered":"DYNAMIC FLEX WALL"},"content":{"rendered":"<p>CHAT BOARD<sup>\u00ae<\/sup> Dynamic Flex Wall ist eine nat\u00fcrliche Erweiterung der Dynamic-Kollektion und erg\u00e4nzt die vielseitige Produktpalette, die von Claus Jakobsen entworfen wurde, durch eine komplement\u00e4re wandmontierte Erg\u00e4nzung.<\/p>\n<p>Das neue Mitglied der Dynamic-Familie bildet eine ideale Partnerschaft mit den freistehenden mobilen Ger\u00e4ten der Dynamic-Kollektion, die auf einer aufeinander abgestimmten Rahmenstruktur aufbauen und in der gleichen unverwechselbaren Designsprache gestaltet sind. Dynamic Flex Wall fungiert zudem als eigenst\u00e4ndige Unterkollektion mit einer eigenen breiten Auswahl an neuen wandmontierten Tafel-L\u00f6sungen. .<\/p>\n<p>Als erste ihrer Art bietet die Dynamic Flex Wall nicht nur eine elegante, gerahmte Alternative zur wohlbekannten wandmontierten Tafel, sondern dieses innovative Produkt bietet zugleich die M\u00f6glichkeit, bereits erworbene Tafeln mit einem wundersch\u00f6n gearbeiteten Rahmen aus warmer und angenehmer Eiche zu versehen. Auf diese Weise k\u00f6nnen Sie den Look auf unkomplizierte Weise komplett ver\u00e4ndern.<\/p>\n<p>Dynamic Flex Wall ist flexibel, sowohl in Bezug auf den Namen als auch auf die Eigenschaften. Durch ihre integrierte F\u00e4higkeit, Inhalte kontinuierlich zu erneuern, wenn sich Stimmungen und Umst\u00e4nde \u00e4ndern, ist sie zudem umfassend vergangenheits-, gegenwarts- und zukunftssicher. Ganz gleich, ob Sie die Tafel in einer anderen Farbe oder Ausf\u00fchrung anbringen oder einfach nur die Montageausrichtung \u00e4ndern m\u00f6chten \u2013 Dynamic Flex Wall bietet gleich an mehreren Fronten Flexibilit\u00e4t<\/p>\n<p>Die Holzrahmen und die Tafeln sind separat erh\u00e4ltlich, sodass Sie zwischen einer Komplettl\u00f6sung und einer optimalen Aufr\u00fcstung w\u00e4hlen k\u00f6nnen.<\/p>\n","protected":false},"excerpt":{"rendered":"<p><span style=\"font-family: arial, helvetica neue, helvetica, sans-serif;\">CHAT BOARD<\/span><sup>\u00ae<\/sup>Dynamic Flex Wall pr\u00e4sentiert eine elegant gerahmte Erweiterung der Dynamic-Kollektion in einer erg\u00e4nzenden Wandversion, wundersch\u00f6n gefertigt aus Eichenholz.<\/p>\n","protected":false},"featured_media":9397,"comment_status":"open","ping_status":"closed","template":"","meta":{"_acf_changed":false},"product_brand":[],"product_cat":[95],"product_tag":[],"class_list":{"0":"post-9416","1":"product","2":"type-product","3":"status-publish","4":"has-post-thumbnail","6":"product_cat-wand","7":"designer-claus-brandt-jakobsen-de","9":"first","10":"instock","11":"shipping-taxable","12":"product-type-simple"},"acf":[],"yoast_head":"<!-- This site is optimized with the Yoast SEO plugin v25.3.1 - https:\/\/yoast.com\/wordpress\/plugins\/seo\/ -->\n<title>DYNAMIC FLEX WALL - CHAT BOARD<\/title>\n<meta name=\"robots\" content=\"index, follow, max-snippet:-1, max-image-preview:large, max-video-preview:-1\" \/>\n<link rel=\"canonical\" href=\"https:\/\/chat-board.dk\/de\/dynamic-flex-wall\/\" \/>\n<meta property=\"og:locale\" content=\"de_DE\" \/>\n<meta property=\"og:type\" content=\"article\" \/>\n<meta property=\"og:title\" content=\"DYNAMIC FLEX WALL - CHAT BOARD\" \/>\n<meta property=\"og:description\" content=\"CHAT BOARD\u00aeDynamic Flex Wall pr\u00e4sentiert eine elegant gerahmte Erweiterung der Dynamic-Kollektion in einer erg\u00e4nzenden Wandversion, wundersch\u00f6n gefertigt aus Eichenholz.\" \/>\n<meta property=\"og:url\" content=\"https:\/\/chat-board.dk\/de\/dynamic-flex-wall\/\" \/>\n<meta property=\"og:site_name\" content=\"CHAT BOARD\" \/>\n<meta property=\"article:modified_time\" content=\"2026-03-20T10:05:14+00:00\" \/>\n<meta property=\"og:image\" content=\"https:\/\/chat-board.dk\/wp-content\/uploads\/2023\/11\/CHAT-BOARD-DYNAMIC_Flex_Wall_am_gallery-1-scaled.jpg\" \/>\n\t<meta property=\"og:image:width\" content=\"1706\" \/>\n\t<meta property=\"og:image:height\" content=\"2560\" \/>\n\t<meta property=\"og:image:type\" content=\"image\/jpeg\" \/>\n<meta name=\"twitter:card\" content=\"summary_large_image\" \/>\n<meta name=\"twitter:label1\" content=\"Est. reading time\" \/>\n\t<meta name=\"twitter:data1\" content=\"2 minutes\" \/>\n<script type=\"application\/ld+json\" class=\"yoast-schema-graph\">{\"@context\":\"https:\/\/schema.org\",\"@graph\":[{\"@type\":\"WebPage\",\"@id\":\"https:\/\/chat-board.dk\/de\/dynamic-flex-wall\/\",\"url\":\"https:\/\/chat-board.dk\/de\/dynamic-flex-wall\/\",\"name\":\"DYNAMIC FLEX WALL - CHAT BOARD\",\"isPartOf\":{\"@id\":\"https:\/\/chat-board.dk\/de\/#website\"},\"primaryImageOfPage\":{\"@id\":\"https:\/\/chat-board.dk\/de\/dynamic-flex-wall\/#primaryimage\"},\"image\":{\"@id\":\"https:\/\/chat-board.dk\/de\/dynamic-flex-wall\/#primaryimage\"},\"thumbnailUrl\":\"https:\/\/chat-board.dk\/wp-content\/uploads\/2023\/11\/CHAT-BOARD-DYNAMIC_Flex_Wall_am_gallery-1-scaled.jpg\",\"datePublished\":\"2023-11-09T14:36:34+00:00\",\"dateModified\":\"2026-03-20T10:05:14+00:00\",\"breadcrumb\":{\"@id\":\"https:\/\/chat-board.dk\/de\/dynamic-flex-wall\/#breadcrumb\"},\"inLanguage\":\"de-DE\",\"potentialAction\":[{\"@type\":\"ReadAction\",\"target\":[\"https:\/\/chat-board.dk\/de\/dynamic-flex-wall\/\"]}]},{\"@type\":\"ImageObject\",\"inLanguage\":\"de-DE\",\"@id\":\"https:\/\/chat-board.dk\/de\/dynamic-flex-wall\/#primaryimage\",\"url\":\"https:\/\/chat-board.dk\/wp-content\/uploads\/2023\/11\/CHAT-BOARD-DYNAMIC_Flex_Wall_am_gallery-1-scaled.jpg\",\"contentUrl\":\"https:\/\/chat-board.dk\/wp-content\/uploads\/2023\/11\/CHAT-BOARD-DYNAMIC_Flex_Wall_am_gallery-1-scaled.jpg\",\"width\":1706,\"height\":2560,\"caption\":\"CHAT BOARD Dynamic Flex Wall in Classic Sand and BuzziFelt Anthracite\"},{\"@type\":\"BreadcrumbList\",\"@id\":\"https:\/\/chat-board.dk\/de\/dynamic-flex-wall\/#breadcrumb\",\"itemListElement\":[{\"@type\":\"ListItem\",\"position\":1,\"name\":\"Home\",\"item\":\"https:\/\/chat-board.dk\/de\/\"},{\"@type\":\"ListItem\",\"position\":2,\"name\":\"Produkte\",\"item\":\"https:\/\/chat-board.dk\/de\/produkte\/\"},{\"@type\":\"ListItem\",\"position\":3,\"name\":\"DYNAMIC FLEX WALL\"}]},{\"@type\":\"WebSite\",\"@id\":\"https:\/\/chat-board.dk\/de\/#website\",\"url\":\"https:\/\/chat-board.dk\/de\/\",\"name\":\"CHAT BOARD\",\"description\":\"\",\"potentialAction\":[{\"@type\":\"SearchAction\",\"target\":{\"@type\":\"EntryPoint\",\"urlTemplate\":\"https:\/\/chat-board.dk\/de\/?s={search_term_string}\"},\"query-input\":{\"@type\":\"PropertyValueSpecification\",\"valueRequired\":true,\"valueName\":\"search_term_string\"}}],\"inLanguage\":\"de-DE\"}]}<\/script>\n<!-- \/ Yoast SEO plugin. -->","yoast_head_json":{"title":"DYNAMIC FLEX WALL - CHAT BOARD","robots":{"index":"index","follow":"follow","max-snippet":"max-snippet:-1","max-image-preview":"max-image-preview:large","max-video-preview":"max-video-preview:-1"},"canonical":"https:\/\/chat-board.dk\/de\/dynamic-flex-wall\/","og_locale":"de_DE","og_type":"article","og_title":"DYNAMIC FLEX WALL - CHAT BOARD","og_description":"CHAT BOARD\u00aeDynamic Flex Wall pr\u00e4sentiert eine elegant gerahmte Erweiterung der Dynamic-Kollektion in einer erg\u00e4nzenden Wandversion, wundersch\u00f6n gefertigt aus Eichenholz.","og_url":"https:\/\/chat-board.dk\/de\/dynamic-flex-wall\/","og_site_name":"CHAT BOARD","article_modified_time":"2026-03-20T10:05:14+00:00","og_image":[{"width":1706,"height":2560,"url":"https:\/\/chat-board.dk\/wp-content\/uploads\/2023\/11\/CHAT-BOARD-DYNAMIC_Flex_Wall_am_gallery-1-scaled.jpg","type":"image\/jpeg"}],"twitter_card":"summary_large_image","twitter_misc":{"Est. reading time":"2 minutes"},"schema":{"@context":"https:\/\/schema.org","@graph":[{"@type":"WebPage","@id":"https:\/\/chat-board.dk\/de\/dynamic-flex-wall\/","url":"https:\/\/chat-board.dk\/de\/dynamic-flex-wall\/","name":"DYNAMIC FLEX WALL - CHAT BOARD","isPartOf":{"@id":"https:\/\/chat-board.dk\/de\/#website"},"primaryImageOfPage":{"@id":"https:\/\/chat-board.dk\/de\/dynamic-flex-wall\/#primaryimage"},"image":{"@id":"https:\/\/chat-board.dk\/de\/dynamic-flex-wall\/#primaryimage"},"thumbnailUrl":"https:\/\/chat-board.dk\/wp-content\/uploads\/2023\/11\/CHAT-BOARD-DYNAMIC_Flex_Wall_am_gallery-1-scaled.jpg","datePublished":"2023-11-09T14:36:34+00:00","dateModified":"2026-03-20T10:05:14+00:00","breadcrumb":{"@id":"https:\/\/chat-board.dk\/de\/dynamic-flex-wall\/#breadcrumb"},"inLanguage":"de-DE","potentialAction":[{"@type":"ReadAction","target":["https:\/\/chat-board.dk\/de\/dynamic-flex-wall\/"]}]},{"@type":"ImageObject","inLanguage":"de-DE","@id":"https:\/\/chat-board.dk\/de\/dynamic-flex-wall\/#primaryimage","url":"https:\/\/chat-board.dk\/wp-content\/uploads\/2023\/11\/CHAT-BOARD-DYNAMIC_Flex_Wall_am_gallery-1-scaled.jpg","contentUrl":"https:\/\/chat-board.dk\/wp-content\/uploads\/2023\/11\/CHAT-BOARD-DYNAMIC_Flex_Wall_am_gallery-1-scaled.jpg","width":1706,"height":2560,"caption":"CHAT BOARD Dynamic Flex Wall in Classic Sand and BuzziFelt Anthracite"},{"@type":"BreadcrumbList","@id":"https:\/\/chat-board.dk\/de\/dynamic-flex-wall\/#breadcrumb","itemListElement":[{"@type":"ListItem","position":1,"name":"Home","item":"https:\/\/chat-board.dk\/de\/"},{"@type":"ListItem","position":2,"name":"Produkte","item":"https:\/\/chat-board.dk\/de\/produkte\/"},{"@type":"ListItem","position":3,"name":"DYNAMIC FLEX WALL"}]},{"@type":"WebSite","@id":"https:\/\/chat-board.dk\/de\/#website","url":"https:\/\/chat-board.dk\/de\/","name":"CHAT BOARD","description":"","potentialAction":[{"@type":"SearchAction","target":{"@type":"EntryPoint","urlTemplate":"https:\/\/chat-board.dk\/de\/?s={search_term_string}"},"query-input":{"@type":"PropertyValueSpecification","valueRequired":true,"valueName":"search_term_string"}}],"inLanguage":"de-DE"}]}},"_links":{"self":[{"href":"https:\/\/chat-board.dk\/de\/wp-json\/wp\/v2\/product\/9416","targetHints":{"allow":["GET"]}}],"collection":[{"href":"https:\/\/chat-board.dk\/de\/wp-json\/wp\/v2\/product"}],"about":[{"href":"https:\/\/chat-board.dk\/de\/wp-json\/wp\/v2\/types\/product"}],"replies":[{"embeddable":true,"href":"https:\/\/chat-board.dk\/de\/wp-json\/wp\/v2\/comments?post=9416"}],"wp:featuredmedia":[{"embeddable":true,"href":"https:\/\/chat-board.dk\/de\/wp-json\/wp\/v2\/media\/9397"}],"wp:attachment":[{"href":"https:\/\/chat-board.dk\/de\/wp-json\/wp\/v2\/media?parent=9416"}],"wp:term":[{"taxonomy":"product_brand","embeddable":true,"href":"https:\/\/chat-board.dk\/de\/wp-json\/wp\/v2\/product_brand?post=9416"},{"taxonomy":"product_cat","embeddable":true,"href":"https:\/\/chat-board.dk\/de\/wp-json\/wp\/v2\/product_cat?post=9416"},{"taxonomy":"product_tag","embeddable":true,"href":"https:\/\/chat-board.dk\/de\/wp-json\/wp\/v2\/product_tag?post=9416"}],"curies":[{"name":"wp","href":"https:\/\/api.w.org\/{rel}","templated":true}]}}