{"id":8834,"date":"2023-03-30T12:55:06","date_gmt":"2023-03-30T10:59:33","guid":{"rendered":"https:\/\/chat-board.dk\/?post_type=product&#038;p=8834"},"modified":"2026-03-30T08:39:45","modified_gmt":"2026-03-30T06:39:45","slug":"orbit","status":"publish","type":"product","link":"https:\/\/chat-board.dk\/de\/orbit\/","title":{"rendered":"ORBIT"},"content":{"rendered":"<p>CHAT BOARD\u00ae Orbit ist eine verspielte und etwas weniger formale Interpretation der magnetischen und beschreibbaren Glastafel. Die strenge geometrische Form des perfekten Kreises bietet einen idealen Ausgangspunkt f\u00fcr kreative und funktionelle Wandgestaltungen \u2013 sowohl im beruflichen als auch im privaten Kontext.<\/p>\n<p>Orbit ist in sechs frischen CHAT BOARD\u00ae-Farben erh\u00e4ltlich, die durch ein makelloses Wei\u00df erg\u00e4nzt werden. Zusammen mit drei komplement\u00e4ren Gr\u00f6\u00dfen bietet die Kollektion folglich unz\u00e4hlige M\u00f6glichkeiten an Kombinationen, die Ihrem Raum auf perfekte Weise eine ganz pers\u00f6nliche Dimension verleihen.<\/p>\n","protected":false},"excerpt":{"rendered":"<p>CHAT BOARD\u00ae Orbit ist eine verspielte und etwas weniger formale Interpretation der magnetischen und beschreibbaren Glastafel.<\/p>\n","protected":false},"featured_media":8499,"comment_status":"open","ping_status":"closed","template":"","meta":{"_acf_changed":false},"product_brand":[],"product_cat":[95],"product_tag":[],"class_list":{"0":"post-8834","1":"product","2":"type-product","3":"status-publish","4":"has-post-thumbnail","6":"product_cat-wand","8":"first","9":"instock","10":"shipping-taxable","11":"product-type-simple"},"acf":[],"yoast_head":"<!-- This site is optimized with the Yoast SEO plugin v25.3.1 - https:\/\/yoast.com\/wordpress\/plugins\/seo\/ -->\n<title>ORBIT - CHAT BOARD<\/title>\n<meta name=\"robots\" content=\"index, follow, max-snippet:-1, max-image-preview:large, max-video-preview:-1\" \/>\n<link rel=\"canonical\" href=\"https:\/\/chat-board.dk\/de\/orbit\/\" \/>\n<meta property=\"og:locale\" content=\"de_DE\" \/>\n<meta property=\"og:type\" content=\"article\" \/>\n<meta property=\"og:title\" content=\"ORBIT - CHAT BOARD\" \/>\n<meta property=\"og:description\" content=\"CHAT BOARD\u00ae Orbit ist eine verspielte und etwas weniger formale Interpretation der magnetischen und beschreibbaren Glastafel.\" \/>\n<meta property=\"og:url\" content=\"https:\/\/chat-board.dk\/de\/orbit\/\" \/>\n<meta property=\"og:site_name\" content=\"CHAT BOARD\" \/>\n<meta property=\"article:modified_time\" content=\"2026-03-30T06:39:45+00:00\" \/>\n<meta property=\"og:image\" content=\"https:\/\/chat-board.dk\/wp-content\/uploads\/2023\/02\/CHAT-BOARD-Orbit-Pure-White-Stone-Ink-interior-2023-portrait.jpg\" \/>\n\t<meta property=\"og:image:width\" content=\"1563\" \/>\n\t<meta property=\"og:image:height\" content=\"2188\" \/>\n\t<meta property=\"og:image:type\" content=\"image\/jpeg\" \/>\n<meta name=\"twitter:card\" content=\"summary_large_image\" \/>\n<meta name=\"twitter:label1\" content=\"Est. reading time\" \/>\n\t<meta name=\"twitter:data1\" content=\"1 minute\" \/>\n<script type=\"application\/ld+json\" class=\"yoast-schema-graph\">{\"@context\":\"https:\/\/schema.org\",\"@graph\":[{\"@type\":\"WebPage\",\"@id\":\"https:\/\/chat-board.dk\/de\/orbit\/\",\"url\":\"https:\/\/chat-board.dk\/de\/orbit\/\",\"name\":\"ORBIT - CHAT BOARD\",\"isPartOf\":{\"@id\":\"https:\/\/chat-board.dk\/de\/#website\"},\"primaryImageOfPage\":{\"@id\":\"https:\/\/chat-board.dk\/de\/orbit\/#primaryimage\"},\"image\":{\"@id\":\"https:\/\/chat-board.dk\/de\/orbit\/#primaryimage\"},\"thumbnailUrl\":\"https:\/\/chat-board.dk\/wp-content\/uploads\/2023\/02\/CHAT-BOARD-Orbit-Pure-White-Stone-Ink-interior-2023-portrait.jpg\",\"datePublished\":\"2023-03-30T10:59:33+00:00\",\"dateModified\":\"2026-03-30T06:39:45+00:00\",\"breadcrumb\":{\"@id\":\"https:\/\/chat-board.dk\/de\/orbit\/#breadcrumb\"},\"inLanguage\":\"de-DE\",\"potentialAction\":[{\"@type\":\"ReadAction\",\"target\":[\"https:\/\/chat-board.dk\/de\/orbit\/\"]}]},{\"@type\":\"ImageObject\",\"inLanguage\":\"de-DE\",\"@id\":\"https:\/\/chat-board.dk\/de\/orbit\/#primaryimage\",\"url\":\"https:\/\/chat-board.dk\/wp-content\/uploads\/2023\/02\/CHAT-BOARD-Orbit-Pure-White-Stone-Ink-interior-2023-portrait.jpg\",\"contentUrl\":\"https:\/\/chat-board.dk\/wp-content\/uploads\/2023\/02\/CHAT-BOARD-Orbit-Pure-White-Stone-Ink-interior-2023-portrait.jpg\",\"width\":1563,\"height\":2188,\"caption\":\"Whiteboard\"},{\"@type\":\"BreadcrumbList\",\"@id\":\"https:\/\/chat-board.dk\/de\/orbit\/#breadcrumb\",\"itemListElement\":[{\"@type\":\"ListItem\",\"position\":1,\"name\":\"Home\",\"item\":\"https:\/\/chat-board.dk\/de\/\"},{\"@type\":\"ListItem\",\"position\":2,\"name\":\"Produkte\",\"item\":\"https:\/\/chat-board.dk\/de\/produkte\/\"},{\"@type\":\"ListItem\",\"position\":3,\"name\":\"ORBIT\"}]},{\"@type\":\"WebSite\",\"@id\":\"https:\/\/chat-board.dk\/de\/#website\",\"url\":\"https:\/\/chat-board.dk\/de\/\",\"name\":\"CHAT BOARD\",\"description\":\"\",\"potentialAction\":[{\"@type\":\"SearchAction\",\"target\":{\"@type\":\"EntryPoint\",\"urlTemplate\":\"https:\/\/chat-board.dk\/de\/?s={search_term_string}\"},\"query-input\":{\"@type\":\"PropertyValueSpecification\",\"valueRequired\":true,\"valueName\":\"search_term_string\"}}],\"inLanguage\":\"de-DE\"}]}<\/script>\n<!-- \/ Yoast SEO plugin. -->","yoast_head_json":{"title":"ORBIT - CHAT BOARD","robots":{"index":"index","follow":"follow","max-snippet":"max-snippet:-1","max-image-preview":"max-image-preview:large","max-video-preview":"max-video-preview:-1"},"canonical":"https:\/\/chat-board.dk\/de\/orbit\/","og_locale":"de_DE","og_type":"article","og_title":"ORBIT - CHAT BOARD","og_description":"CHAT BOARD\u00ae Orbit ist eine verspielte und etwas weniger formale Interpretation der magnetischen und beschreibbaren Glastafel.","og_url":"https:\/\/chat-board.dk\/de\/orbit\/","og_site_name":"CHAT BOARD","article_modified_time":"2026-03-30T06:39:45+00:00","og_image":[{"width":1563,"height":2188,"url":"https:\/\/chat-board.dk\/wp-content\/uploads\/2023\/02\/CHAT-BOARD-Orbit-Pure-White-Stone-Ink-interior-2023-portrait.jpg","type":"image\/jpeg"}],"twitter_card":"summary_large_image","twitter_misc":{"Est. reading time":"1 minute"},"schema":{"@context":"https:\/\/schema.org","@graph":[{"@type":"WebPage","@id":"https:\/\/chat-board.dk\/de\/orbit\/","url":"https:\/\/chat-board.dk\/de\/orbit\/","name":"ORBIT - CHAT BOARD","isPartOf":{"@id":"https:\/\/chat-board.dk\/de\/#website"},"primaryImageOfPage":{"@id":"https:\/\/chat-board.dk\/de\/orbit\/#primaryimage"},"image":{"@id":"https:\/\/chat-board.dk\/de\/orbit\/#primaryimage"},"thumbnailUrl":"https:\/\/chat-board.dk\/wp-content\/uploads\/2023\/02\/CHAT-BOARD-Orbit-Pure-White-Stone-Ink-interior-2023-portrait.jpg","datePublished":"2023-03-30T10:59:33+00:00","dateModified":"2026-03-30T06:39:45+00:00","breadcrumb":{"@id":"https:\/\/chat-board.dk\/de\/orbit\/#breadcrumb"},"inLanguage":"de-DE","potentialAction":[{"@type":"ReadAction","target":["https:\/\/chat-board.dk\/de\/orbit\/"]}]},{"@type":"ImageObject","inLanguage":"de-DE","@id":"https:\/\/chat-board.dk\/de\/orbit\/#primaryimage","url":"https:\/\/chat-board.dk\/wp-content\/uploads\/2023\/02\/CHAT-BOARD-Orbit-Pure-White-Stone-Ink-interior-2023-portrait.jpg","contentUrl":"https:\/\/chat-board.dk\/wp-content\/uploads\/2023\/02\/CHAT-BOARD-Orbit-Pure-White-Stone-Ink-interior-2023-portrait.jpg","width":1563,"height":2188,"caption":"Whiteboard"},{"@type":"BreadcrumbList","@id":"https:\/\/chat-board.dk\/de\/orbit\/#breadcrumb","itemListElement":[{"@type":"ListItem","position":1,"name":"Home","item":"https:\/\/chat-board.dk\/de\/"},{"@type":"ListItem","position":2,"name":"Produkte","item":"https:\/\/chat-board.dk\/de\/produkte\/"},{"@type":"ListItem","position":3,"name":"ORBIT"}]},{"@type":"WebSite","@id":"https:\/\/chat-board.dk\/de\/#website","url":"https:\/\/chat-board.dk\/de\/","name":"CHAT BOARD","description":"","potentialAction":[{"@type":"SearchAction","target":{"@type":"EntryPoint","urlTemplate":"https:\/\/chat-board.dk\/de\/?s={search_term_string}"},"query-input":{"@type":"PropertyValueSpecification","valueRequired":true,"valueName":"search_term_string"}}],"inLanguage":"de-DE"}]}},"_links":{"self":[{"href":"https:\/\/chat-board.dk\/de\/wp-json\/wp\/v2\/product\/8834","targetHints":{"allow":["GET"]}}],"collection":[{"href":"https:\/\/chat-board.dk\/de\/wp-json\/wp\/v2\/product"}],"about":[{"href":"https:\/\/chat-board.dk\/de\/wp-json\/wp\/v2\/types\/product"}],"replies":[{"embeddable":true,"href":"https:\/\/chat-board.dk\/de\/wp-json\/wp\/v2\/comments?post=8834"}],"wp:featuredmedia":[{"embeddable":true,"href":"https:\/\/chat-board.dk\/de\/wp-json\/wp\/v2\/media\/8499"}],"wp:attachment":[{"href":"https:\/\/chat-board.dk\/de\/wp-json\/wp\/v2\/media?parent=8834"}],"wp:term":[{"taxonomy":"product_brand","embeddable":true,"href":"https:\/\/chat-board.dk\/de\/wp-json\/wp\/v2\/product_brand?post=8834"},{"taxonomy":"product_cat","embeddable":true,"href":"https:\/\/chat-board.dk\/de\/wp-json\/wp\/v2\/product_cat?post=8834"},{"taxonomy":"product_tag","embeddable":true,"href":"https:\/\/chat-board.dk\/de\/wp-json\/wp\/v2\/product_tag?post=8834"}],"curies":[{"name":"wp","href":"https:\/\/api.w.org\/{rel}","templated":true}]}}