{"id":8335,"date":"2023-01-25T14:43:46","date_gmt":"2023-01-26T07:57:10","guid":{"rendered":"https:\/\/chat-board.dk\/product\/disco\/"},"modified":"2024-11-11T09:40:54","modified_gmt":"2024-11-11T07:40:54","slug":"disco-2","status":"publish","type":"product","link":"https:\/\/chat-board.dk\/de\/disco\/","title":{"rendered":"DISC\u00d8"},"content":{"rendered":"<p>Die neue CHAT BOARD\u00ae DISC\u00d8-[<strong>di\u00b7<\/strong>skow] Kollektion ist eine frische und leicht verspielte Interpretation der klassischen Accessoires f\u00fcr Glastafeln. Die beruhigende W\u00e4rme der weich geformten Holzscheiben, die genau f\u00fcr die menschliche Hand geformt sind, macht das Radieren und Hinzuf\u00fcgen wieder zum Vergn\u00fcgen \u2013 und zwar mit einer spielerischen Note.<\/p>\n<p>Der praktische magnetische DISC\u00d8-Radierer h\u00e4lt auf raffinierte Weise einen CHAT BOARD\u00ae-Stift und kommt mit f\u00fcnf passenden DISC\u00d8-Magneten, die das gleiche dezente, aber unbestreitbar coole Design widerspiegeln.<\/p>\n<p>Werden Sie vom neuen DISC\u00d8-Fieber mitgerissen und lassen Sie diese groovigen Moves sorglos \u00fcber Ihr CHAT BOARD\u00ae-Produkt Ihrer Wahl gleiten.<\/p>\n<p>DISC\u00d8 wird aus massiver Eiche gefertigt und ist in den Farben Natur und Schwarz erh\u00e4ltlich, beide mit einer sp\u00fcrbar matt lackierten Oberfl\u00e4che.<\/p>\n<p>Zum Loslegen empfehlen wir das DISC\u00d8-Set mit einem Radierer und 5 Magneten. Beide Produkte sind auch einzeln erh\u00e4ltlich. Die Magnete gibt es dar\u00fcber hinaus auch in Sets zu 10 St\u00fcck.<\/p>\n","protected":false},"excerpt":{"rendered":"<p>Die neue CHAT BOARD\u00ae DISC\u00d8-[<strong>di\u00b7<\/strong>skow] Kollektion ist eine frische und leicht verspielte Interpretation der klassischen Accessoires f\u00fcr Glastafeln.<\/p>\n","protected":false},"featured_media":8283,"comment_status":"open","ping_status":"closed","template":"","meta":{"_acf_changed":false},"product_brand":[],"product_cat":[112],"product_tag":[],"class_list":{"0":"post-8335","1":"product","2":"type-product","3":"status-publish","4":"has-post-thumbnail","6":"product_cat-zubehor","7":"designer-claus-brandt-jakobsen-de","9":"first","10":"instock","11":"shipping-taxable","12":"product-type-simple"},"acf":[],"yoast_head":"<!-- This site is optimized with the Yoast SEO plugin v25.3.1 - https:\/\/yoast.com\/wordpress\/plugins\/seo\/ -->\n<title>DISC\u00d8 - CHAT BOARD<\/title>\n<meta name=\"robots\" content=\"index, follow, max-snippet:-1, max-image-preview:large, max-video-preview:-1\" \/>\n<link rel=\"canonical\" href=\"https:\/\/chat-board.dk\/de\/disco\/\" \/>\n<meta property=\"og:locale\" content=\"de_DE\" \/>\n<meta property=\"og:type\" content=\"article\" \/>\n<meta property=\"og:title\" content=\"DISC\u00d8 - CHAT BOARD\" \/>\n<meta property=\"og:description\" content=\"Die neue CHAT BOARD\u00ae DISC\u00d8-[di\u00b7skow] Kollektion ist eine frische und leicht verspielte Interpretation der klassischen Accessoires f\u00fcr Glastafeln.\" \/>\n<meta property=\"og:url\" content=\"https:\/\/chat-board.dk\/de\/disco\/\" \/>\n<meta property=\"og:site_name\" content=\"CHAT BOARD\" \/>\n<meta property=\"article:modified_time\" content=\"2024-11-11T07:40:54+00:00\" \/>\n<meta property=\"og:image\" content=\"https:\/\/chat-board.dk\/wp-content\/uploads\/2023\/01\/CHAT-BOARD-DISCO-natural-oak-closeup-portrait.png\" \/>\n\t<meta property=\"og:image:width\" content=\"1442\" \/>\n\t<meta property=\"og:image:height\" content=\"2018\" \/>\n\t<meta property=\"og:image:type\" content=\"image\/png\" \/>\n<meta name=\"twitter:card\" content=\"summary_large_image\" \/>\n<meta name=\"twitter:label1\" content=\"Est. reading time\" \/>\n\t<meta name=\"twitter:data1\" content=\"1 minute\" \/>\n<script type=\"application\/ld+json\" class=\"yoast-schema-graph\">{\"@context\":\"https:\/\/schema.org\",\"@graph\":[{\"@type\":\"WebPage\",\"@id\":\"https:\/\/chat-board.dk\/de\/disco\/\",\"url\":\"https:\/\/chat-board.dk\/de\/disco\/\",\"name\":\"DISC\u00d8 - CHAT BOARD\",\"isPartOf\":{\"@id\":\"https:\/\/chat-board.dk\/de\/#website\"},\"primaryImageOfPage\":{\"@id\":\"https:\/\/chat-board.dk\/de\/disco\/#primaryimage\"},\"image\":{\"@id\":\"https:\/\/chat-board.dk\/de\/disco\/#primaryimage\"},\"thumbnailUrl\":\"https:\/\/chat-board.dk\/wp-content\/uploads\/2023\/01\/CHAT-BOARD-DISCO-natural-oak-closeup-portrait.png\",\"datePublished\":\"2023-01-26T07:57:10+00:00\",\"dateModified\":\"2024-11-11T07:40:54+00:00\",\"breadcrumb\":{\"@id\":\"https:\/\/chat-board.dk\/de\/disco\/#breadcrumb\"},\"inLanguage\":\"de-DE\",\"potentialAction\":[{\"@type\":\"ReadAction\",\"target\":[\"https:\/\/chat-board.dk\/de\/disco\/\"]}]},{\"@type\":\"ImageObject\",\"inLanguage\":\"de-DE\",\"@id\":\"https:\/\/chat-board.dk\/de\/disco\/#primaryimage\",\"url\":\"https:\/\/chat-board.dk\/wp-content\/uploads\/2023\/01\/CHAT-BOARD-DISCO-natural-oak-closeup-portrait.png\",\"contentUrl\":\"https:\/\/chat-board.dk\/wp-content\/uploads\/2023\/01\/CHAT-BOARD-DISCO-natural-oak-closeup-portrait.png\",\"width\":1442,\"height\":2018,\"caption\":\"CHAT BOARD DISC\u00d8 Eraser and magnets in natural oak closeup\"},{\"@type\":\"BreadcrumbList\",\"@id\":\"https:\/\/chat-board.dk\/de\/disco\/#breadcrumb\",\"itemListElement\":[{\"@type\":\"ListItem\",\"position\":1,\"name\":\"Home\",\"item\":\"https:\/\/chat-board.dk\/de\/\"},{\"@type\":\"ListItem\",\"position\":2,\"name\":\"Produkte\",\"item\":\"https:\/\/chat-board.dk\/de\/produkte\/\"},{\"@type\":\"ListItem\",\"position\":3,\"name\":\"DISC\u00d8\"}]},{\"@type\":\"WebSite\",\"@id\":\"https:\/\/chat-board.dk\/de\/#website\",\"url\":\"https:\/\/chat-board.dk\/de\/\",\"name\":\"CHAT BOARD\",\"description\":\"\",\"potentialAction\":[{\"@type\":\"SearchAction\",\"target\":{\"@type\":\"EntryPoint\",\"urlTemplate\":\"https:\/\/chat-board.dk\/de\/?s={search_term_string}\"},\"query-input\":{\"@type\":\"PropertyValueSpecification\",\"valueRequired\":true,\"valueName\":\"search_term_string\"}}],\"inLanguage\":\"de-DE\"}]}<\/script>\n<!-- \/ Yoast SEO plugin. -->","yoast_head_json":{"title":"DISC\u00d8 - CHAT BOARD","robots":{"index":"index","follow":"follow","max-snippet":"max-snippet:-1","max-image-preview":"max-image-preview:large","max-video-preview":"max-video-preview:-1"},"canonical":"https:\/\/chat-board.dk\/de\/disco\/","og_locale":"de_DE","og_type":"article","og_title":"DISC\u00d8 - CHAT BOARD","og_description":"Die neue CHAT BOARD\u00ae DISC\u00d8-[di\u00b7skow] Kollektion ist eine frische und leicht verspielte Interpretation der klassischen Accessoires f\u00fcr Glastafeln.","og_url":"https:\/\/chat-board.dk\/de\/disco\/","og_site_name":"CHAT BOARD","article_modified_time":"2024-11-11T07:40:54+00:00","og_image":[{"width":1442,"height":2018,"url":"https:\/\/chat-board.dk\/wp-content\/uploads\/2023\/01\/CHAT-BOARD-DISCO-natural-oak-closeup-portrait.png","type":"image\/png"}],"twitter_card":"summary_large_image","twitter_misc":{"Est. reading time":"1 minute"},"schema":{"@context":"https:\/\/schema.org","@graph":[{"@type":"WebPage","@id":"https:\/\/chat-board.dk\/de\/disco\/","url":"https:\/\/chat-board.dk\/de\/disco\/","name":"DISC\u00d8 - CHAT BOARD","isPartOf":{"@id":"https:\/\/chat-board.dk\/de\/#website"},"primaryImageOfPage":{"@id":"https:\/\/chat-board.dk\/de\/disco\/#primaryimage"},"image":{"@id":"https:\/\/chat-board.dk\/de\/disco\/#primaryimage"},"thumbnailUrl":"https:\/\/chat-board.dk\/wp-content\/uploads\/2023\/01\/CHAT-BOARD-DISCO-natural-oak-closeup-portrait.png","datePublished":"2023-01-26T07:57:10+00:00","dateModified":"2024-11-11T07:40:54+00:00","breadcrumb":{"@id":"https:\/\/chat-board.dk\/de\/disco\/#breadcrumb"},"inLanguage":"de-DE","potentialAction":[{"@type":"ReadAction","target":["https:\/\/chat-board.dk\/de\/disco\/"]}]},{"@type":"ImageObject","inLanguage":"de-DE","@id":"https:\/\/chat-board.dk\/de\/disco\/#primaryimage","url":"https:\/\/chat-board.dk\/wp-content\/uploads\/2023\/01\/CHAT-BOARD-DISCO-natural-oak-closeup-portrait.png","contentUrl":"https:\/\/chat-board.dk\/wp-content\/uploads\/2023\/01\/CHAT-BOARD-DISCO-natural-oak-closeup-portrait.png","width":1442,"height":2018,"caption":"CHAT BOARD DISC\u00d8 Eraser and magnets in natural oak closeup"},{"@type":"BreadcrumbList","@id":"https:\/\/chat-board.dk\/de\/disco\/#breadcrumb","itemListElement":[{"@type":"ListItem","position":1,"name":"Home","item":"https:\/\/chat-board.dk\/de\/"},{"@type":"ListItem","position":2,"name":"Produkte","item":"https:\/\/chat-board.dk\/de\/produkte\/"},{"@type":"ListItem","position":3,"name":"DISC\u00d8"}]},{"@type":"WebSite","@id":"https:\/\/chat-board.dk\/de\/#website","url":"https:\/\/chat-board.dk\/de\/","name":"CHAT BOARD","description":"","potentialAction":[{"@type":"SearchAction","target":{"@type":"EntryPoint","urlTemplate":"https:\/\/chat-board.dk\/de\/?s={search_term_string}"},"query-input":{"@type":"PropertyValueSpecification","valueRequired":true,"valueName":"search_term_string"}}],"inLanguage":"de-DE"}]}},"_links":{"self":[{"href":"https:\/\/chat-board.dk\/de\/wp-json\/wp\/v2\/product\/8335","targetHints":{"allow":["GET"]}}],"collection":[{"href":"https:\/\/chat-board.dk\/de\/wp-json\/wp\/v2\/product"}],"about":[{"href":"https:\/\/chat-board.dk\/de\/wp-json\/wp\/v2\/types\/product"}],"replies":[{"embeddable":true,"href":"https:\/\/chat-board.dk\/de\/wp-json\/wp\/v2\/comments?post=8335"}],"wp:featuredmedia":[{"embeddable":true,"href":"https:\/\/chat-board.dk\/de\/wp-json\/wp\/v2\/media\/8283"}],"wp:attachment":[{"href":"https:\/\/chat-board.dk\/de\/wp-json\/wp\/v2\/media?parent=8335"}],"wp:term":[{"taxonomy":"product_brand","embeddable":true,"href":"https:\/\/chat-board.dk\/de\/wp-json\/wp\/v2\/product_brand?post=8335"},{"taxonomy":"product_cat","embeddable":true,"href":"https:\/\/chat-board.dk\/de\/wp-json\/wp\/v2\/product_cat?post=8335"},{"taxonomy":"product_tag","embeddable":true,"href":"https:\/\/chat-board.dk\/de\/wp-json\/wp\/v2\/product_tag?post=8335"}],"curies":[{"name":"wp","href":"https:\/\/api.w.org\/{rel}","templated":true}]}}