{"id":7598,"date":"2022-06-10T13:47:20","date_gmt":"2022-06-13T12:15:37","guid":{"rendered":"https:\/\/chat-board.dk\/?post_type=product&#038;p=7598"},"modified":"2026-03-20T12:30:13","modified_gmt":"2026-03-20T10:30:13","slug":"dynamic","status":"publish","type":"product","link":"https:\/\/chat-board.dk\/de\/dynamic\/","title":{"rendered":"DYNAMIC"},"content":{"rendered":"<p>Das von Claus Brandt-Jakobsen entwickelte <strong>CHAT BOARD\u00ae Dynamic<\/strong>schafft den \u00dcbergang zwischen unverzichtbarer Arbeitsplatzausstattung und vollwertigen M\u00f6beln in einem raffinierten Design, das professionellen, p\u00e4dagogischen und kreativen R\u00e4umen flexible, frei flie\u00dfende und multifunktionale Dimensionen verleiht.<\/p>\n","protected":false},"excerpt":{"rendered":"<p>Das von Claus Brandt-Jakobsen entwickelte <strong>CHAT BOARD\u00ae Dynamic<\/strong>schafft den \u00dcbergang zwischen unverzichtbarer Arbeitsplatzausstattung und vollwertigen M\u00f6beln in einem raffinierten Design, das professionellen, p\u00e4dagogischen und kreativen R\u00e4umen flexible, frei flie\u00dfende und multifunktionale Dimensionen verleiht.<\/p>\n","protected":false},"featured_media":7608,"comment_status":"open","ping_status":"closed","template":"woocommerce\/single-product-dynamic-collection.php","meta":{"_acf_changed":false},"product_brand":[],"product_cat":[103],"product_tag":[],"class_list":{"0":"post-7598","1":"product","2":"type-product","3":"status-publish","4":"has-post-thumbnail","6":"product_cat-freistehend","7":"designer-claus-brandt-jakobsen-de","9":"first","10":"instock","11":"shipping-taxable","12":"product-type-simple"},"acf":[],"yoast_head":"<!-- This site is optimized with the Yoast SEO plugin v25.3.1 - https:\/\/yoast.com\/wordpress\/plugins\/seo\/ -->\n<title>DYNAMIC - CHAT BOARD<\/title>\n<meta name=\"robots\" content=\"index, follow, max-snippet:-1, max-image-preview:large, max-video-preview:-1\" \/>\n<link rel=\"canonical\" href=\"https:\/\/chat-board.dk\/de\/dynamic\/\" \/>\n<meta property=\"og:locale\" content=\"de_DE\" \/>\n<meta property=\"og:type\" content=\"article\" \/>\n<meta property=\"og:title\" content=\"DYNAMIC - CHAT BOARD\" \/>\n<meta property=\"og:description\" content=\"Das von Claus Brandt-Jakobsen entwickelte CHAT BOARD\u00ae Dynamicschafft den \u00dcbergang zwischen unverzichtbarer Arbeitsplatzausstattung und vollwertigen M\u00f6beln in einem raffinierten Design, das professionellen, p\u00e4dagogischen und kreativen R\u00e4umen flexible, frei flie\u00dfende und multifunktionale Dimensionen verleiht.\" \/>\n<meta property=\"og:url\" content=\"https:\/\/chat-board.dk\/de\/dynamic\/\" \/>\n<meta property=\"og:site_name\" content=\"CHAT BOARD\" \/>\n<meta property=\"article:modified_time\" content=\"2026-03-20T10:30:13+00:00\" \/>\n<meta property=\"og:image\" content=\"https:\/\/chat-board.dk\/wp-content\/uploads\/2022\/06\/CHAT-BOARD-Dynamic-Wood-Acoustic-Oak-Black-closeup-e1655194602575.jpg\" \/>\n\t<meta property=\"og:image:width\" content=\"1039\" \/>\n\t<meta property=\"og:image:height\" content=\"1559\" \/>\n\t<meta property=\"og:image:type\" content=\"image\/jpeg\" \/>\n<meta name=\"twitter:card\" content=\"summary_large_image\" \/>\n<meta name=\"twitter:label1\" content=\"Est. reading time\" \/>\n\t<meta name=\"twitter:data1\" content=\"1 minute\" \/>\n<script type=\"application\/ld+json\" class=\"yoast-schema-graph\">{\"@context\":\"https:\/\/schema.org\",\"@graph\":[{\"@type\":\"WebPage\",\"@id\":\"https:\/\/chat-board.dk\/de\/dynamic\/\",\"url\":\"https:\/\/chat-board.dk\/de\/dynamic\/\",\"name\":\"DYNAMIC - CHAT BOARD\",\"isPartOf\":{\"@id\":\"https:\/\/chat-board.dk\/de\/#website\"},\"primaryImageOfPage\":{\"@id\":\"https:\/\/chat-board.dk\/de\/dynamic\/#primaryimage\"},\"image\":{\"@id\":\"https:\/\/chat-board.dk\/de\/dynamic\/#primaryimage\"},\"thumbnailUrl\":\"https:\/\/chat-board.dk\/wp-content\/uploads\/2022\/06\/CHAT-BOARD-Dynamic-Wood-Acoustic-Oak-Black-closeup-e1655194602575.jpg\",\"datePublished\":\"2022-06-13T12:15:37+00:00\",\"dateModified\":\"2026-03-20T10:30:13+00:00\",\"breadcrumb\":{\"@id\":\"https:\/\/chat-board.dk\/de\/dynamic\/#breadcrumb\"},\"inLanguage\":\"de-DE\",\"potentialAction\":[{\"@type\":\"ReadAction\",\"target\":[\"https:\/\/chat-board.dk\/de\/dynamic\/\"]}]},{\"@type\":\"ImageObject\",\"inLanguage\":\"de-DE\",\"@id\":\"https:\/\/chat-board.dk\/de\/dynamic\/#primaryimage\",\"url\":\"https:\/\/chat-board.dk\/wp-content\/uploads\/2022\/06\/CHAT-BOARD-Dynamic-Wood-Acoustic-Oak-Black-closeup-e1655194602575.jpg\",\"contentUrl\":\"https:\/\/chat-board.dk\/wp-content\/uploads\/2022\/06\/CHAT-BOARD-Dynamic-Wood-Acoustic-Oak-Black-closeup-e1655194602575.jpg\",\"width\":1039,\"height\":1559,\"caption\":\"CHAT BOARD Dynamic Wood Acoustic Full Coverage and Shelf, oak frame and Black glass\"},{\"@type\":\"BreadcrumbList\",\"@id\":\"https:\/\/chat-board.dk\/de\/dynamic\/#breadcrumb\",\"itemListElement\":[{\"@type\":\"ListItem\",\"position\":1,\"name\":\"Home\",\"item\":\"https:\/\/chat-board.dk\/de\/\"},{\"@type\":\"ListItem\",\"position\":2,\"name\":\"Produkte\",\"item\":\"https:\/\/chat-board.dk\/de\/produkte\/\"},{\"@type\":\"ListItem\",\"position\":3,\"name\":\"DYNAMIC\"}]},{\"@type\":\"WebSite\",\"@id\":\"https:\/\/chat-board.dk\/de\/#website\",\"url\":\"https:\/\/chat-board.dk\/de\/\",\"name\":\"CHAT BOARD\",\"description\":\"\",\"potentialAction\":[{\"@type\":\"SearchAction\",\"target\":{\"@type\":\"EntryPoint\",\"urlTemplate\":\"https:\/\/chat-board.dk\/de\/?s={search_term_string}\"},\"query-input\":{\"@type\":\"PropertyValueSpecification\",\"valueRequired\":true,\"valueName\":\"search_term_string\"}}],\"inLanguage\":\"de-DE\"}]}<\/script>\n<!-- \/ Yoast SEO plugin. -->","yoast_head_json":{"title":"DYNAMIC - CHAT BOARD","robots":{"index":"index","follow":"follow","max-snippet":"max-snippet:-1","max-image-preview":"max-image-preview:large","max-video-preview":"max-video-preview:-1"},"canonical":"https:\/\/chat-board.dk\/de\/dynamic\/","og_locale":"de_DE","og_type":"article","og_title":"DYNAMIC - CHAT BOARD","og_description":"Das von Claus Brandt-Jakobsen entwickelte CHAT BOARD\u00ae Dynamicschafft den \u00dcbergang zwischen unverzichtbarer Arbeitsplatzausstattung und vollwertigen M\u00f6beln in einem raffinierten Design, das professionellen, p\u00e4dagogischen und kreativen R\u00e4umen flexible, frei flie\u00dfende und multifunktionale Dimensionen verleiht.","og_url":"https:\/\/chat-board.dk\/de\/dynamic\/","og_site_name":"CHAT BOARD","article_modified_time":"2026-03-20T10:30:13+00:00","og_image":[{"width":1039,"height":1559,"url":"https:\/\/chat-board.dk\/wp-content\/uploads\/2022\/06\/CHAT-BOARD-Dynamic-Wood-Acoustic-Oak-Black-closeup-e1655194602575.jpg","type":"image\/jpeg"}],"twitter_card":"summary_large_image","twitter_misc":{"Est. reading time":"1 minute"},"schema":{"@context":"https:\/\/schema.org","@graph":[{"@type":"WebPage","@id":"https:\/\/chat-board.dk\/de\/dynamic\/","url":"https:\/\/chat-board.dk\/de\/dynamic\/","name":"DYNAMIC - CHAT BOARD","isPartOf":{"@id":"https:\/\/chat-board.dk\/de\/#website"},"primaryImageOfPage":{"@id":"https:\/\/chat-board.dk\/de\/dynamic\/#primaryimage"},"image":{"@id":"https:\/\/chat-board.dk\/de\/dynamic\/#primaryimage"},"thumbnailUrl":"https:\/\/chat-board.dk\/wp-content\/uploads\/2022\/06\/CHAT-BOARD-Dynamic-Wood-Acoustic-Oak-Black-closeup-e1655194602575.jpg","datePublished":"2022-06-13T12:15:37+00:00","dateModified":"2026-03-20T10:30:13+00:00","breadcrumb":{"@id":"https:\/\/chat-board.dk\/de\/dynamic\/#breadcrumb"},"inLanguage":"de-DE","potentialAction":[{"@type":"ReadAction","target":["https:\/\/chat-board.dk\/de\/dynamic\/"]}]},{"@type":"ImageObject","inLanguage":"de-DE","@id":"https:\/\/chat-board.dk\/de\/dynamic\/#primaryimage","url":"https:\/\/chat-board.dk\/wp-content\/uploads\/2022\/06\/CHAT-BOARD-Dynamic-Wood-Acoustic-Oak-Black-closeup-e1655194602575.jpg","contentUrl":"https:\/\/chat-board.dk\/wp-content\/uploads\/2022\/06\/CHAT-BOARD-Dynamic-Wood-Acoustic-Oak-Black-closeup-e1655194602575.jpg","width":1039,"height":1559,"caption":"CHAT BOARD Dynamic Wood Acoustic Full Coverage and Shelf, oak frame and Black glass"},{"@type":"BreadcrumbList","@id":"https:\/\/chat-board.dk\/de\/dynamic\/#breadcrumb","itemListElement":[{"@type":"ListItem","position":1,"name":"Home","item":"https:\/\/chat-board.dk\/de\/"},{"@type":"ListItem","position":2,"name":"Produkte","item":"https:\/\/chat-board.dk\/de\/produkte\/"},{"@type":"ListItem","position":3,"name":"DYNAMIC"}]},{"@type":"WebSite","@id":"https:\/\/chat-board.dk\/de\/#website","url":"https:\/\/chat-board.dk\/de\/","name":"CHAT BOARD","description":"","potentialAction":[{"@type":"SearchAction","target":{"@type":"EntryPoint","urlTemplate":"https:\/\/chat-board.dk\/de\/?s={search_term_string}"},"query-input":{"@type":"PropertyValueSpecification","valueRequired":true,"valueName":"search_term_string"}}],"inLanguage":"de-DE"}]}},"_links":{"self":[{"href":"https:\/\/chat-board.dk\/de\/wp-json\/wp\/v2\/product\/7598","targetHints":{"allow":["GET"]}}],"collection":[{"href":"https:\/\/chat-board.dk\/de\/wp-json\/wp\/v2\/product"}],"about":[{"href":"https:\/\/chat-board.dk\/de\/wp-json\/wp\/v2\/types\/product"}],"replies":[{"embeddable":true,"href":"https:\/\/chat-board.dk\/de\/wp-json\/wp\/v2\/comments?post=7598"}],"wp:featuredmedia":[{"embeddable":true,"href":"https:\/\/chat-board.dk\/de\/wp-json\/wp\/v2\/media\/7608"}],"wp:attachment":[{"href":"https:\/\/chat-board.dk\/de\/wp-json\/wp\/v2\/media?parent=7598"}],"wp:term":[{"taxonomy":"product_brand","embeddable":true,"href":"https:\/\/chat-board.dk\/de\/wp-json\/wp\/v2\/product_brand?post=7598"},{"taxonomy":"product_cat","embeddable":true,"href":"https:\/\/chat-board.dk\/de\/wp-json\/wp\/v2\/product_cat?post=7598"},{"taxonomy":"product_tag","embeddable":true,"href":"https:\/\/chat-board.dk\/de\/wp-json\/wp\/v2\/product_tag?post=7598"}],"curies":[{"name":"wp","href":"https:\/\/api.w.org\/{rel}","templated":true}]}}