{"id":6137,"date":"2021-09-22T15:14:18","date_gmt":"2021-09-23T07:01:10","guid":{"rendered":"https:\/\/chat-board.dk\/product\/classic-crafted\/"},"modified":"2026-03-20T12:06:38","modified_gmt":"2026-03-20T10:06:38","slug":"classic-crafted-de","status":"publish","type":"product","link":"https:\/\/chat-board.dk\/de\/classic-crafted-de\/","title":{"rendered":"CLASSIC CRAFTED"},"content":{"rendered":"<p>CHAT BOARD\u00ae Classic Crafted verleiht seinem Vorl\u00e4ufer Classic eine ganz neue Perspektive. Hier werden die sanfte, nat\u00fcrliche W\u00e4rme des Holzfurniers und unsere charakteristische schlichte Glasoberfl\u00e4che zu einer Einheit, sodass Classic Crafted von einem funktionalen auf elegante Weise zu einem wahren Wunschobjekt avanciert. Die vier wundersch\u00f6n harmonisierten St\u00fccke sind alle von Hand gearbeitet und ma\u00dfgeschneidert, um perfekt mit anderen Wand-Boards der CHAT BOARD-Kollektion kombiniert zu werden. Dies bietet unendliche M\u00f6glichkeiten, sorgf\u00e4ltig zusammengestellte interaktive Wandfl\u00e4chen zu kreieren, die \u00e4sthetisch und praktisch zugleich sind.<\/p>\n<p>Das nahtlose Arrangement kontrastierender, einander erg\u00e4nzender Oberfl\u00e4chentexturen f\u00fcgt dem Classic-Board eine erfrischende \u00e4sthetische Dynamik und Definition hinzu, wobei die Schl\u00fcsselfunktion als unverzichtbares Tool f\u00fcr Schaffensprozesse und Kommunikation bestehen bleibt.<\/p>\n<p>Vervollst\u00e4ndigen Sie Ihre Classic Crafted-Anordnung mit dem <strong><a href=\"https:\/\/chat-board.dk\/de\/classic-crafted-keeper\/\" target=\"_blank\" rel=\"noopener\">Classic Crafted Keeper<\/a><\/strong>, einer besonders geformten, magnetischen Halterung f\u00fcr Zubeh\u00f6r, in der die Holzfurnierplatten des urspr\u00fcnglichen Boards wiedergegeben sind. Sie ist umfassend flexibel sowie einfach zu befestigen und kann sowohl auf Paneelen als auch auf Glas angebracht und je nach Ambiente und Situation bewegt werden.<\/p>\n","protected":false},"excerpt":{"rendered":"<p>CHAT BOARD\u00ae Classic Crafted verleiht seinem beliebten Vorl\u00e4ufer Classic eine ganz neue Perspektive und verbindet die sanfte, nat\u00fcrliche W\u00e4rme des Holzfurniers mit unserer charakteristische schlichte Glasoberfl\u00e4che in einer zusammenh\u00e4ngenden Einheit.<\/p>\n<p>&nbsp;<\/p>\n","protected":false},"featured_media":8693,"comment_status":"open","ping_status":"closed","template":"","meta":{"_acf_changed":false},"product_brand":[],"product_cat":[95],"product_tag":[],"class_list":{"0":"post-6137","1":"product","2":"type-product","3":"status-publish","4":"has-post-thumbnail","6":"product_cat-wand","7":"designer-claus-brandt-jakobsen-de","9":"first","10":"instock","11":"shipping-taxable","12":"product-type-simple"},"acf":[],"yoast_head":"<!-- This site is optimized with the Yoast SEO plugin v25.3.1 - https:\/\/yoast.com\/wordpress\/plugins\/seo\/ -->\n<title>CLASSIC CRAFTED - CHAT BOARD<\/title>\n<meta name=\"robots\" content=\"index, follow, max-snippet:-1, max-image-preview:large, max-video-preview:-1\" \/>\n<link rel=\"canonical\" href=\"https:\/\/chat-board.dk\/de\/classic-crafted-de\/\" \/>\n<meta property=\"og:locale\" content=\"de_DE\" \/>\n<meta property=\"og:type\" content=\"article\" \/>\n<meta property=\"og:title\" content=\"CLASSIC CRAFTED - CHAT BOARD\" \/>\n<meta property=\"og:description\" content=\"CHAT BOARD\u00ae Classic Crafted verleiht seinem beliebten Vorl\u00e4ufer Classic eine ganz neue Perspektive und verbindet die sanfte, nat\u00fcrliche W\u00e4rme des Holzfurniers mit unserer charakteristische schlichte Glasoberfl\u00e4che in einer zusammenh\u00e4ngenden Einheit.  &nbsp;\" \/>\n<meta property=\"og:url\" content=\"https:\/\/chat-board.dk\/de\/classic-crafted-de\/\" \/>\n<meta property=\"og:site_name\" content=\"CHAT BOARD\" \/>\n<meta property=\"article:modified_time\" content=\"2026-03-20T10:06:38+00:00\" \/>\n<meta property=\"og:image\" content=\"https:\/\/chat-board.dk\/wp-content\/uploads\/2021\/09\/CHAT-BOARD-Classic-Crafted-Black-Sand-interior-1-2023-portrait-x15.jpg\" \/>\n\t<meta property=\"og:image:width\" content=\"1458\" \/>\n\t<meta property=\"og:image:height\" content=\"2188\" \/>\n\t<meta property=\"og:image:type\" content=\"image\/jpeg\" \/>\n<meta name=\"twitter:card\" content=\"summary_large_image\" \/>\n<meta name=\"twitter:label1\" content=\"Est. reading time\" \/>\n\t<meta name=\"twitter:data1\" content=\"1 minute\" \/>\n<script type=\"application\/ld+json\" class=\"yoast-schema-graph\">{\"@context\":\"https:\/\/schema.org\",\"@graph\":[{\"@type\":\"WebPage\",\"@id\":\"https:\/\/chat-board.dk\/de\/classic-crafted-de\/\",\"url\":\"https:\/\/chat-board.dk\/de\/classic-crafted-de\/\",\"name\":\"CLASSIC CRAFTED - CHAT BOARD\",\"isPartOf\":{\"@id\":\"https:\/\/chat-board.dk\/de\/#website\"},\"primaryImageOfPage\":{\"@id\":\"https:\/\/chat-board.dk\/de\/classic-crafted-de\/#primaryimage\"},\"image\":{\"@id\":\"https:\/\/chat-board.dk\/de\/classic-crafted-de\/#primaryimage\"},\"thumbnailUrl\":\"https:\/\/chat-board.dk\/wp-content\/uploads\/2021\/09\/CHAT-BOARD-Classic-Crafted-Black-Sand-interior-1-2023-portrait-x15.jpg\",\"datePublished\":\"2021-09-23T07:01:10+00:00\",\"dateModified\":\"2026-03-20T10:06:38+00:00\",\"breadcrumb\":{\"@id\":\"https:\/\/chat-board.dk\/de\/classic-crafted-de\/#breadcrumb\"},\"inLanguage\":\"de-DE\",\"potentialAction\":[{\"@type\":\"ReadAction\",\"target\":[\"https:\/\/chat-board.dk\/de\/classic-crafted-de\/\"]}]},{\"@type\":\"ImageObject\",\"inLanguage\":\"de-DE\",\"@id\":\"https:\/\/chat-board.dk\/de\/classic-crafted-de\/#primaryimage\",\"url\":\"https:\/\/chat-board.dk\/wp-content\/uploads\/2021\/09\/CHAT-BOARD-Classic-Crafted-Black-Sand-interior-1-2023-portrait-x15.jpg\",\"contentUrl\":\"https:\/\/chat-board.dk\/wp-content\/uploads\/2021\/09\/CHAT-BOARD-Classic-Crafted-Black-Sand-interior-1-2023-portrait-x15.jpg\",\"width\":1458,\"height\":2188,\"caption\":\"CHAT-BOARD-Classic-Crafted\"},{\"@type\":\"BreadcrumbList\",\"@id\":\"https:\/\/chat-board.dk\/de\/classic-crafted-de\/#breadcrumb\",\"itemListElement\":[{\"@type\":\"ListItem\",\"position\":1,\"name\":\"Home\",\"item\":\"https:\/\/chat-board.dk\/de\/\"},{\"@type\":\"ListItem\",\"position\":2,\"name\":\"Produkte\",\"item\":\"https:\/\/chat-board.dk\/de\/produkte\/\"},{\"@type\":\"ListItem\",\"position\":3,\"name\":\"CLASSIC CRAFTED\"}]},{\"@type\":\"WebSite\",\"@id\":\"https:\/\/chat-board.dk\/de\/#website\",\"url\":\"https:\/\/chat-board.dk\/de\/\",\"name\":\"CHAT BOARD\",\"description\":\"\",\"potentialAction\":[{\"@type\":\"SearchAction\",\"target\":{\"@type\":\"EntryPoint\",\"urlTemplate\":\"https:\/\/chat-board.dk\/de\/?s={search_term_string}\"},\"query-input\":{\"@type\":\"PropertyValueSpecification\",\"valueRequired\":true,\"valueName\":\"search_term_string\"}}],\"inLanguage\":\"de-DE\"}]}<\/script>\n<!-- \/ Yoast SEO plugin. -->","yoast_head_json":{"title":"CLASSIC CRAFTED - CHAT BOARD","robots":{"index":"index","follow":"follow","max-snippet":"max-snippet:-1","max-image-preview":"max-image-preview:large","max-video-preview":"max-video-preview:-1"},"canonical":"https:\/\/chat-board.dk\/de\/classic-crafted-de\/","og_locale":"de_DE","og_type":"article","og_title":"CLASSIC CRAFTED - CHAT BOARD","og_description":"CHAT BOARD\u00ae Classic Crafted verleiht seinem beliebten Vorl\u00e4ufer Classic eine ganz neue Perspektive und verbindet die sanfte, nat\u00fcrliche W\u00e4rme des Holzfurniers mit unserer charakteristische schlichte Glasoberfl\u00e4che in einer zusammenh\u00e4ngenden Einheit.  &nbsp;","og_url":"https:\/\/chat-board.dk\/de\/classic-crafted-de\/","og_site_name":"CHAT BOARD","article_modified_time":"2026-03-20T10:06:38+00:00","og_image":[{"width":1458,"height":2188,"url":"https:\/\/chat-board.dk\/wp-content\/uploads\/2021\/09\/CHAT-BOARD-Classic-Crafted-Black-Sand-interior-1-2023-portrait-x15.jpg","type":"image\/jpeg"}],"twitter_card":"summary_large_image","twitter_misc":{"Est. reading time":"1 minute"},"schema":{"@context":"https:\/\/schema.org","@graph":[{"@type":"WebPage","@id":"https:\/\/chat-board.dk\/de\/classic-crafted-de\/","url":"https:\/\/chat-board.dk\/de\/classic-crafted-de\/","name":"CLASSIC CRAFTED - CHAT BOARD","isPartOf":{"@id":"https:\/\/chat-board.dk\/de\/#website"},"primaryImageOfPage":{"@id":"https:\/\/chat-board.dk\/de\/classic-crafted-de\/#primaryimage"},"image":{"@id":"https:\/\/chat-board.dk\/de\/classic-crafted-de\/#primaryimage"},"thumbnailUrl":"https:\/\/chat-board.dk\/wp-content\/uploads\/2021\/09\/CHAT-BOARD-Classic-Crafted-Black-Sand-interior-1-2023-portrait-x15.jpg","datePublished":"2021-09-23T07:01:10+00:00","dateModified":"2026-03-20T10:06:38+00:00","breadcrumb":{"@id":"https:\/\/chat-board.dk\/de\/classic-crafted-de\/#breadcrumb"},"inLanguage":"de-DE","potentialAction":[{"@type":"ReadAction","target":["https:\/\/chat-board.dk\/de\/classic-crafted-de\/"]}]},{"@type":"ImageObject","inLanguage":"de-DE","@id":"https:\/\/chat-board.dk\/de\/classic-crafted-de\/#primaryimage","url":"https:\/\/chat-board.dk\/wp-content\/uploads\/2021\/09\/CHAT-BOARD-Classic-Crafted-Black-Sand-interior-1-2023-portrait-x15.jpg","contentUrl":"https:\/\/chat-board.dk\/wp-content\/uploads\/2021\/09\/CHAT-BOARD-Classic-Crafted-Black-Sand-interior-1-2023-portrait-x15.jpg","width":1458,"height":2188,"caption":"CHAT-BOARD-Classic-Crafted"},{"@type":"BreadcrumbList","@id":"https:\/\/chat-board.dk\/de\/classic-crafted-de\/#breadcrumb","itemListElement":[{"@type":"ListItem","position":1,"name":"Home","item":"https:\/\/chat-board.dk\/de\/"},{"@type":"ListItem","position":2,"name":"Produkte","item":"https:\/\/chat-board.dk\/de\/produkte\/"},{"@type":"ListItem","position":3,"name":"CLASSIC CRAFTED"}]},{"@type":"WebSite","@id":"https:\/\/chat-board.dk\/de\/#website","url":"https:\/\/chat-board.dk\/de\/","name":"CHAT BOARD","description":"","potentialAction":[{"@type":"SearchAction","target":{"@type":"EntryPoint","urlTemplate":"https:\/\/chat-board.dk\/de\/?s={search_term_string}"},"query-input":{"@type":"PropertyValueSpecification","valueRequired":true,"valueName":"search_term_string"}}],"inLanguage":"de-DE"}]}},"_links":{"self":[{"href":"https:\/\/chat-board.dk\/de\/wp-json\/wp\/v2\/product\/6137","targetHints":{"allow":["GET"]}}],"collection":[{"href":"https:\/\/chat-board.dk\/de\/wp-json\/wp\/v2\/product"}],"about":[{"href":"https:\/\/chat-board.dk\/de\/wp-json\/wp\/v2\/types\/product"}],"replies":[{"embeddable":true,"href":"https:\/\/chat-board.dk\/de\/wp-json\/wp\/v2\/comments?post=6137"}],"wp:featuredmedia":[{"embeddable":true,"href":"https:\/\/chat-board.dk\/de\/wp-json\/wp\/v2\/media\/8693"}],"wp:attachment":[{"href":"https:\/\/chat-board.dk\/de\/wp-json\/wp\/v2\/media?parent=6137"}],"wp:term":[{"taxonomy":"product_brand","embeddable":true,"href":"https:\/\/chat-board.dk\/de\/wp-json\/wp\/v2\/product_brand?post=6137"},{"taxonomy":"product_cat","embeddable":true,"href":"https:\/\/chat-board.dk\/de\/wp-json\/wp\/v2\/product_cat?post=6137"},{"taxonomy":"product_tag","embeddable":true,"href":"https:\/\/chat-board.dk\/de\/wp-json\/wp\/v2\/product_tag?post=6137"}],"curies":[{"name":"wp","href":"https:\/\/api.w.org\/{rel}","templated":true}]}}