{"id":4787,"date":"2021-04-16T10:55:57","date_gmt":"2021-04-16T08:55:59","guid":{"rendered":"http:\/\/clients.rubystudio.dk\/chatboard\/?post_type=product&#038;p=4787"},"modified":"2026-03-20T12:33:50","modified_gmt":"2026-03-20T10:33:50","slug":"squad-solid-de","status":"publish","type":"product","link":"https:\/\/chat-board.dk\/de\/squad-solid-de\/","title":{"rendered":"SQUAD Solid"},"content":{"rendered":"<p>Mit CHAT BOARD\u00ae SQUAD Solid haben wir die SQUAD-Kollektion auf die n\u00e4chste Stufe der Zug\u00e4nglichkeit und Leichtigkeit gehoben. Das Design wurde auf das Wesentliche reduziert. Ergebnis ist eine Kernkollektion von Produkten mit einem klaren, cleanen Look, die sich ganz auf ihre Hauptfunktion konzentrieren: einen idealen Ausgangspunkt f\u00fcr kreativen Ausdruck und Interaktion zu bieten.<\/p>\n<p>SQUAD Solid basiert zur G\u00e4nze auf den Originaldesigns, die mit sauberen Silhouetten und einem starken, minimalistischen \u00e4sthetischen Ansatz zu neuem Leben erweckt wurden. Mit den gleichen Qualit\u00e4ten und Vorteilen wie ihre Vorg\u00e4nger ausgestattet, f\u00fcgen sich die zwei komplement\u00e4ren Produkte zu einer Kollektion flexibler und freistehender Einheiten zusammen, die sich nach Belieben verbinden und trennen lassen.<\/p>\n<p>Die SQUAD Solid-Einheiten werden flach verpackt geliefert und k\u00f6nnen vor Ort leicht zusammengebaut werden, was einerseits die Transportkosten senkt und andererseits gut f\u00fcr die Umwelt ist.<\/p>\n","protected":false},"excerpt":{"rendered":"<p>Zwei komplement\u00e4re Produkte vereinen sich in der CHAT BOARD\u00ae SQUAD Solid-Kollektion flexibler, freistehender Einheiten, die sich nach Belieben verbinden und trennen lassen.<\/p>\n","protected":false},"featured_media":6014,"comment_status":"open","ping_status":"closed","template":"","meta":{"_acf_changed":false},"product_brand":[],"product_cat":[103],"product_tag":[],"class_list":{"0":"post-4787","1":"product","2":"type-product","3":"status-publish","4":"has-post-thumbnail","6":"product_cat-freistehend","7":"designer-rumrum-de","9":"first","10":"instock","11":"shipping-taxable","12":"product-type-simple"},"acf":[],"yoast_head":"<!-- This site is optimized with the Yoast SEO plugin v25.3.1 - https:\/\/yoast.com\/wordpress\/plugins\/seo\/ -->\n<title>SQUAD Solid - CHAT BOARD<\/title>\n<meta name=\"robots\" content=\"index, follow, max-snippet:-1, max-image-preview:large, max-video-preview:-1\" \/>\n<link rel=\"canonical\" href=\"https:\/\/chat-board.dk\/de\/squad-solid-de\/\" \/>\n<meta property=\"og:locale\" content=\"de_DE\" \/>\n<meta property=\"og:type\" content=\"article\" \/>\n<meta property=\"og:title\" content=\"SQUAD Solid - CHAT BOARD\" \/>\n<meta property=\"og:description\" content=\"Zwei komplement\u00e4re Produkte vereinen sich in der CHAT BOARD\u00ae SQUAD Solid-Kollektion flexibler, freistehender Einheiten, die sich nach Belieben verbinden und trennen lassen.\" \/>\n<meta property=\"og:url\" content=\"https:\/\/chat-board.dk\/de\/squad-solid-de\/\" \/>\n<meta property=\"og:site_name\" content=\"CHAT BOARD\" \/>\n<meta property=\"article:modified_time\" content=\"2026-03-20T10:33:50+00:00\" \/>\n<meta property=\"og:image\" content=\"https:\/\/chat-board.dk\/wp-content\/uploads\/2021\/04\/CHAT-BOARD-SQUAD-Solid-Teacher-Petal-conference-gallery-scaled.jpg\" \/>\n\t<meta property=\"og:image:width\" content=\"1707\" \/>\n\t<meta property=\"og:image:height\" content=\"2560\" \/>\n\t<meta property=\"og:image:type\" content=\"image\/jpeg\" \/>\n<meta name=\"twitter:card\" content=\"summary_large_image\" \/>\n<meta name=\"twitter:label1\" content=\"Est. reading time\" \/>\n\t<meta name=\"twitter:data1\" content=\"1 minute\" \/>\n<script type=\"application\/ld+json\" class=\"yoast-schema-graph\">{\"@context\":\"https:\/\/schema.org\",\"@graph\":[{\"@type\":\"WebPage\",\"@id\":\"https:\/\/chat-board.dk\/de\/squad-solid-de\/\",\"url\":\"https:\/\/chat-board.dk\/de\/squad-solid-de\/\",\"name\":\"SQUAD Solid - CHAT BOARD\",\"isPartOf\":{\"@id\":\"https:\/\/chat-board.dk\/de\/#website\"},\"primaryImageOfPage\":{\"@id\":\"https:\/\/chat-board.dk\/de\/squad-solid-de\/#primaryimage\"},\"image\":{\"@id\":\"https:\/\/chat-board.dk\/de\/squad-solid-de\/#primaryimage\"},\"thumbnailUrl\":\"https:\/\/chat-board.dk\/wp-content\/uploads\/2021\/04\/CHAT-BOARD-SQUAD-Solid-Teacher-Petal-conference-gallery-scaled.jpg\",\"datePublished\":\"2021-04-16T08:55:59+00:00\",\"dateModified\":\"2026-03-20T10:33:50+00:00\",\"breadcrumb\":{\"@id\":\"https:\/\/chat-board.dk\/de\/squad-solid-de\/#breadcrumb\"},\"inLanguage\":\"de-DE\",\"potentialAction\":[{\"@type\":\"ReadAction\",\"target\":[\"https:\/\/chat-board.dk\/de\/squad-solid-de\/\"]}]},{\"@type\":\"ImageObject\",\"inLanguage\":\"de-DE\",\"@id\":\"https:\/\/chat-board.dk\/de\/squad-solid-de\/#primaryimage\",\"url\":\"https:\/\/chat-board.dk\/wp-content\/uploads\/2021\/04\/CHAT-BOARD-SQUAD-Solid-Teacher-Petal-conference-gallery-scaled.jpg\",\"contentUrl\":\"https:\/\/chat-board.dk\/wp-content\/uploads\/2021\/04\/CHAT-BOARD-SQUAD-Solid-Teacher-Petal-conference-gallery-scaled.jpg\",\"width\":1707,\"height\":2560,\"caption\":\"CHAT BOARD SQUAD Solid Teacher in white and Petal\"},{\"@type\":\"BreadcrumbList\",\"@id\":\"https:\/\/chat-board.dk\/de\/squad-solid-de\/#breadcrumb\",\"itemListElement\":[{\"@type\":\"ListItem\",\"position\":1,\"name\":\"Home\",\"item\":\"https:\/\/chat-board.dk\/de\/\"},{\"@type\":\"ListItem\",\"position\":2,\"name\":\"Produkte\",\"item\":\"https:\/\/chat-board.dk\/de\/produkte\/\"},{\"@type\":\"ListItem\",\"position\":3,\"name\":\"SQUAD Solid\"}]},{\"@type\":\"WebSite\",\"@id\":\"https:\/\/chat-board.dk\/de\/#website\",\"url\":\"https:\/\/chat-board.dk\/de\/\",\"name\":\"CHAT BOARD\",\"description\":\"\",\"potentialAction\":[{\"@type\":\"SearchAction\",\"target\":{\"@type\":\"EntryPoint\",\"urlTemplate\":\"https:\/\/chat-board.dk\/de\/?s={search_term_string}\"},\"query-input\":{\"@type\":\"PropertyValueSpecification\",\"valueRequired\":true,\"valueName\":\"search_term_string\"}}],\"inLanguage\":\"de-DE\"}]}<\/script>\n<!-- \/ Yoast SEO plugin. -->","yoast_head_json":{"title":"SQUAD Solid - CHAT BOARD","robots":{"index":"index","follow":"follow","max-snippet":"max-snippet:-1","max-image-preview":"max-image-preview:large","max-video-preview":"max-video-preview:-1"},"canonical":"https:\/\/chat-board.dk\/de\/squad-solid-de\/","og_locale":"de_DE","og_type":"article","og_title":"SQUAD Solid - CHAT BOARD","og_description":"Zwei komplement\u00e4re Produkte vereinen sich in der CHAT BOARD\u00ae SQUAD Solid-Kollektion flexibler, freistehender Einheiten, die sich nach Belieben verbinden und trennen lassen.","og_url":"https:\/\/chat-board.dk\/de\/squad-solid-de\/","og_site_name":"CHAT BOARD","article_modified_time":"2026-03-20T10:33:50+00:00","og_image":[{"width":1707,"height":2560,"url":"https:\/\/chat-board.dk\/wp-content\/uploads\/2021\/04\/CHAT-BOARD-SQUAD-Solid-Teacher-Petal-conference-gallery-scaled.jpg","type":"image\/jpeg"}],"twitter_card":"summary_large_image","twitter_misc":{"Est. reading time":"1 minute"},"schema":{"@context":"https:\/\/schema.org","@graph":[{"@type":"WebPage","@id":"https:\/\/chat-board.dk\/de\/squad-solid-de\/","url":"https:\/\/chat-board.dk\/de\/squad-solid-de\/","name":"SQUAD Solid - CHAT BOARD","isPartOf":{"@id":"https:\/\/chat-board.dk\/de\/#website"},"primaryImageOfPage":{"@id":"https:\/\/chat-board.dk\/de\/squad-solid-de\/#primaryimage"},"image":{"@id":"https:\/\/chat-board.dk\/de\/squad-solid-de\/#primaryimage"},"thumbnailUrl":"https:\/\/chat-board.dk\/wp-content\/uploads\/2021\/04\/CHAT-BOARD-SQUAD-Solid-Teacher-Petal-conference-gallery-scaled.jpg","datePublished":"2021-04-16T08:55:59+00:00","dateModified":"2026-03-20T10:33:50+00:00","breadcrumb":{"@id":"https:\/\/chat-board.dk\/de\/squad-solid-de\/#breadcrumb"},"inLanguage":"de-DE","potentialAction":[{"@type":"ReadAction","target":["https:\/\/chat-board.dk\/de\/squad-solid-de\/"]}]},{"@type":"ImageObject","inLanguage":"de-DE","@id":"https:\/\/chat-board.dk\/de\/squad-solid-de\/#primaryimage","url":"https:\/\/chat-board.dk\/wp-content\/uploads\/2021\/04\/CHAT-BOARD-SQUAD-Solid-Teacher-Petal-conference-gallery-scaled.jpg","contentUrl":"https:\/\/chat-board.dk\/wp-content\/uploads\/2021\/04\/CHAT-BOARD-SQUAD-Solid-Teacher-Petal-conference-gallery-scaled.jpg","width":1707,"height":2560,"caption":"CHAT BOARD SQUAD Solid Teacher in white and Petal"},{"@type":"BreadcrumbList","@id":"https:\/\/chat-board.dk\/de\/squad-solid-de\/#breadcrumb","itemListElement":[{"@type":"ListItem","position":1,"name":"Home","item":"https:\/\/chat-board.dk\/de\/"},{"@type":"ListItem","position":2,"name":"Produkte","item":"https:\/\/chat-board.dk\/de\/produkte\/"},{"@type":"ListItem","position":3,"name":"SQUAD Solid"}]},{"@type":"WebSite","@id":"https:\/\/chat-board.dk\/de\/#website","url":"https:\/\/chat-board.dk\/de\/","name":"CHAT BOARD","description":"","potentialAction":[{"@type":"SearchAction","target":{"@type":"EntryPoint","urlTemplate":"https:\/\/chat-board.dk\/de\/?s={search_term_string}"},"query-input":{"@type":"PropertyValueSpecification","valueRequired":true,"valueName":"search_term_string"}}],"inLanguage":"de-DE"}]}},"_links":{"self":[{"href":"https:\/\/chat-board.dk\/de\/wp-json\/wp\/v2\/product\/4787","targetHints":{"allow":["GET"]}}],"collection":[{"href":"https:\/\/chat-board.dk\/de\/wp-json\/wp\/v2\/product"}],"about":[{"href":"https:\/\/chat-board.dk\/de\/wp-json\/wp\/v2\/types\/product"}],"replies":[{"embeddable":true,"href":"https:\/\/chat-board.dk\/de\/wp-json\/wp\/v2\/comments?post=4787"}],"wp:featuredmedia":[{"embeddable":true,"href":"https:\/\/chat-board.dk\/de\/wp-json\/wp\/v2\/media\/6014"}],"wp:attachment":[{"href":"https:\/\/chat-board.dk\/de\/wp-json\/wp\/v2\/media?parent=4787"}],"wp:term":[{"taxonomy":"product_brand","embeddable":true,"href":"https:\/\/chat-board.dk\/de\/wp-json\/wp\/v2\/product_brand?post=4787"},{"taxonomy":"product_cat","embeddable":true,"href":"https:\/\/chat-board.dk\/de\/wp-json\/wp\/v2\/product_cat?post=4787"},{"taxonomy":"product_tag","embeddable":true,"href":"https:\/\/chat-board.dk\/de\/wp-json\/wp\/v2\/product_tag?post=4787"}],"curies":[{"name":"wp","href":"https:\/\/api.w.org\/{rel}","templated":true}]}}