{"id":2902,"date":"2021-02-15T12:04:10","date_gmt":"2021-02-15T10:04:11","guid":{"rendered":"http:\/\/clients.rubystudio.dk\/chatboard\/?post_type=product&#038;p=2902"},"modified":"2026-03-20T12:36:29","modified_gmt":"2026-03-20T10:36:29","slug":"move-acoustic","status":"publish","type":"product","link":"https:\/\/chat-board.dk\/de\/move-acoustic-de\/","title":{"rendered":"MOVE ACOUSTIC"},"content":{"rendered":"<p>CHAT BOARD<sup>\u00ae<\/sup> Move Acoustic kombiniert perfekt die klassische beschreibbare magnetische Glastafel mit einem A-Klasse-Akustikpaneel zu zwei mobilen Raumteilern, speziell entwickelt, um multifunktionale und kreative R\u00e4ume im Raum zu schaffen. Die Oberfl\u00e4che ist elegant mit Remix Screen- order Relate Screen-Stoff von Kvadrat bezogen. Das einzigartige kreuzf\u00f6rmige Gestell ist \u201estapelbar\u201c, sodass sich mehrere Einheiten auf kleinstem Raum abstellen lassen. So verbindet Move Acoustic Stil und Substanz ohne Kompromisse.<\/p>\n<p>Die beschreibbare Glasoberfl\u00e4che bildet den idealen Hintergrund f\u00fcr freiflie\u00dfende Brainstorming-Sitzungen und ist der offensichtliche Treffpunkt f\u00fcr den Austausch von Ideen und Informationen im Besprechungsraum, im offenen B\u00fcro oder im Klassenzimmer, w\u00e4hrend das hocheffiziente Akustikpaneel das visuelle und auditive Gleichgewicht in der Kommunikation aufrechterh\u00e4lt.<\/p>\n<p>Move Acoustic wurde speziell entwickelt, um Flexibilit\u00e4t f\u00fcr jede Situation zu bieten. Die gr\u00f6\u00dfere Version ist daher in verschiedenen Varianten erh\u00e4ltlich, die es erm\u00f6glichen, Funktionsformen f\u00fcr individuelle L\u00f6sungen zu kombinieren, die f\u00fcr den jeweiligen Arbeitsbereich geeignet sind.<\/p>\n","protected":false},"excerpt":{"rendered":"<p>CHAT BOARD<sup>\u00ae<\/sup> Move Acoustic kombiniert perfekt die klassische beschreibbare magnetische Glastafel mit einem A-Klasse-Akustikpaneel zu zwei mobilen Raumteilern, speziell entwickelt, um multifunktionale und kreative R\u00e4ume im Raum zu schaffen.<\/p>\n","protected":false},"featured_media":7801,"comment_status":"open","ping_status":"closed","template":"","meta":{"_acf_changed":false},"product_brand":[],"product_cat":[103],"product_tag":[],"class_list":{"0":"post-2902","1":"product","2":"type-product","3":"status-publish","4":"has-post-thumbnail","6":"product_cat-freistehend","7":"designer-arde-design-studio-de","9":"first","10":"instock","11":"shipping-taxable","12":"product-type-simple"},"acf":[],"yoast_head":"<!-- This site is optimized with the Yoast SEO plugin v25.3.1 - https:\/\/yoast.com\/wordpress\/plugins\/seo\/ -->\n<title>MOVE ACOUSTIC - CHAT BOARD<\/title>\n<meta name=\"robots\" content=\"index, follow, max-snippet:-1, max-image-preview:large, max-video-preview:-1\" \/>\n<link rel=\"canonical\" href=\"https:\/\/chat-board.dk\/de\/move-acoustic-de\/\" \/>\n<meta property=\"og:locale\" content=\"de_DE\" \/>\n<meta property=\"og:type\" content=\"article\" \/>\n<meta property=\"og:title\" content=\"MOVE ACOUSTIC - CHAT BOARD\" \/>\n<meta property=\"og:description\" content=\"CHAT BOARD\u00ae Move Acoustic kombiniert perfekt die klassische beschreibbare magnetische Glastafel mit einem A-Klasse-Akustikpaneel zu zwei mobilen Raumteilern, speziell entwickelt, um multifunktionale und kreative R\u00e4ume im Raum zu schaffen.\" \/>\n<meta property=\"og:url\" content=\"https:\/\/chat-board.dk\/de\/move-acoustic-de\/\" \/>\n<meta property=\"og:site_name\" content=\"CHAT BOARD\" \/>\n<meta property=\"article:modified_time\" content=\"2026-03-20T10:36:29+00:00\" \/>\n<meta property=\"og:image\" content=\"https:\/\/chat-board.dk\/wp-content\/uploads\/2021\/02\/CHAT-BOARD-Move-Acoustic-acoustic-room-dividers-open-office-gallery.jpg\" \/>\n\t<meta property=\"og:image:width\" content=\"1589\" \/>\n\t<meta property=\"og:image:height\" content=\"2384\" \/>\n\t<meta property=\"og:image:type\" content=\"image\/jpeg\" \/>\n<meta name=\"twitter:card\" content=\"summary_large_image\" \/>\n<meta name=\"twitter:label1\" content=\"Est. reading time\" \/>\n\t<meta name=\"twitter:data1\" content=\"1 minute\" \/>\n<script type=\"application\/ld+json\" class=\"yoast-schema-graph\">{\"@context\":\"https:\/\/schema.org\",\"@graph\":[{\"@type\":\"WebPage\",\"@id\":\"https:\/\/chat-board.dk\/de\/move-acoustic-de\/\",\"url\":\"https:\/\/chat-board.dk\/de\/move-acoustic-de\/\",\"name\":\"MOVE ACOUSTIC - CHAT BOARD\",\"isPartOf\":{\"@id\":\"https:\/\/chat-board.dk\/de\/#website\"},\"primaryImageOfPage\":{\"@id\":\"https:\/\/chat-board.dk\/de\/move-acoustic-de\/#primaryimage\"},\"image\":{\"@id\":\"https:\/\/chat-board.dk\/de\/move-acoustic-de\/#primaryimage\"},\"thumbnailUrl\":\"https:\/\/chat-board.dk\/wp-content\/uploads\/2021\/02\/CHAT-BOARD-Move-Acoustic-acoustic-room-dividers-open-office-gallery.jpg\",\"datePublished\":\"2021-02-15T10:04:11+00:00\",\"dateModified\":\"2026-03-20T10:36:29+00:00\",\"breadcrumb\":{\"@id\":\"https:\/\/chat-board.dk\/de\/move-acoustic-de\/#breadcrumb\"},\"inLanguage\":\"de-DE\",\"potentialAction\":[{\"@type\":\"ReadAction\",\"target\":[\"https:\/\/chat-board.dk\/de\/move-acoustic-de\/\"]}]},{\"@type\":\"ImageObject\",\"inLanguage\":\"de-DE\",\"@id\":\"https:\/\/chat-board.dk\/de\/move-acoustic-de\/#primaryimage\",\"url\":\"https:\/\/chat-board.dk\/wp-content\/uploads\/2021\/02\/CHAT-BOARD-Move-Acoustic-acoustic-room-dividers-open-office-gallery.jpg\",\"contentUrl\":\"https:\/\/chat-board.dk\/wp-content\/uploads\/2021\/02\/CHAT-BOARD-Move-Acoustic-acoustic-room-dividers-open-office-gallery.jpg\",\"width\":1589,\"height\":2384,\"caption\":\"CHAT BOARD Move Acoustic ambient space\"},{\"@type\":\"BreadcrumbList\",\"@id\":\"https:\/\/chat-board.dk\/de\/move-acoustic-de\/#breadcrumb\",\"itemListElement\":[{\"@type\":\"ListItem\",\"position\":1,\"name\":\"Home\",\"item\":\"https:\/\/chat-board.dk\/de\/\"},{\"@type\":\"ListItem\",\"position\":2,\"name\":\"Produkte\",\"item\":\"https:\/\/chat-board.dk\/de\/produkte\/\"},{\"@type\":\"ListItem\",\"position\":3,\"name\":\"MOVE ACOUSTIC\"}]},{\"@type\":\"WebSite\",\"@id\":\"https:\/\/chat-board.dk\/de\/#website\",\"url\":\"https:\/\/chat-board.dk\/de\/\",\"name\":\"CHAT BOARD\",\"description\":\"\",\"potentialAction\":[{\"@type\":\"SearchAction\",\"target\":{\"@type\":\"EntryPoint\",\"urlTemplate\":\"https:\/\/chat-board.dk\/de\/?s={search_term_string}\"},\"query-input\":{\"@type\":\"PropertyValueSpecification\",\"valueRequired\":true,\"valueName\":\"search_term_string\"}}],\"inLanguage\":\"de-DE\"}]}<\/script>\n<!-- \/ Yoast SEO plugin. -->","yoast_head_json":{"title":"MOVE ACOUSTIC - CHAT BOARD","robots":{"index":"index","follow":"follow","max-snippet":"max-snippet:-1","max-image-preview":"max-image-preview:large","max-video-preview":"max-video-preview:-1"},"canonical":"https:\/\/chat-board.dk\/de\/move-acoustic-de\/","og_locale":"de_DE","og_type":"article","og_title":"MOVE ACOUSTIC - CHAT BOARD","og_description":"CHAT BOARD\u00ae Move Acoustic kombiniert perfekt die klassische beschreibbare magnetische Glastafel mit einem A-Klasse-Akustikpaneel zu zwei mobilen Raumteilern, speziell entwickelt, um multifunktionale und kreative R\u00e4ume im Raum zu schaffen.","og_url":"https:\/\/chat-board.dk\/de\/move-acoustic-de\/","og_site_name":"CHAT BOARD","article_modified_time":"2026-03-20T10:36:29+00:00","og_image":[{"width":1589,"height":2384,"url":"https:\/\/chat-board.dk\/wp-content\/uploads\/2021\/02\/CHAT-BOARD-Move-Acoustic-acoustic-room-dividers-open-office-gallery.jpg","type":"image\/jpeg"}],"twitter_card":"summary_large_image","twitter_misc":{"Est. reading time":"1 minute"},"schema":{"@context":"https:\/\/schema.org","@graph":[{"@type":"WebPage","@id":"https:\/\/chat-board.dk\/de\/move-acoustic-de\/","url":"https:\/\/chat-board.dk\/de\/move-acoustic-de\/","name":"MOVE ACOUSTIC - CHAT BOARD","isPartOf":{"@id":"https:\/\/chat-board.dk\/de\/#website"},"primaryImageOfPage":{"@id":"https:\/\/chat-board.dk\/de\/move-acoustic-de\/#primaryimage"},"image":{"@id":"https:\/\/chat-board.dk\/de\/move-acoustic-de\/#primaryimage"},"thumbnailUrl":"https:\/\/chat-board.dk\/wp-content\/uploads\/2021\/02\/CHAT-BOARD-Move-Acoustic-acoustic-room-dividers-open-office-gallery.jpg","datePublished":"2021-02-15T10:04:11+00:00","dateModified":"2026-03-20T10:36:29+00:00","breadcrumb":{"@id":"https:\/\/chat-board.dk\/de\/move-acoustic-de\/#breadcrumb"},"inLanguage":"de-DE","potentialAction":[{"@type":"ReadAction","target":["https:\/\/chat-board.dk\/de\/move-acoustic-de\/"]}]},{"@type":"ImageObject","inLanguage":"de-DE","@id":"https:\/\/chat-board.dk\/de\/move-acoustic-de\/#primaryimage","url":"https:\/\/chat-board.dk\/wp-content\/uploads\/2021\/02\/CHAT-BOARD-Move-Acoustic-acoustic-room-dividers-open-office-gallery.jpg","contentUrl":"https:\/\/chat-board.dk\/wp-content\/uploads\/2021\/02\/CHAT-BOARD-Move-Acoustic-acoustic-room-dividers-open-office-gallery.jpg","width":1589,"height":2384,"caption":"CHAT BOARD Move Acoustic ambient space"},{"@type":"BreadcrumbList","@id":"https:\/\/chat-board.dk\/de\/move-acoustic-de\/#breadcrumb","itemListElement":[{"@type":"ListItem","position":1,"name":"Home","item":"https:\/\/chat-board.dk\/de\/"},{"@type":"ListItem","position":2,"name":"Produkte","item":"https:\/\/chat-board.dk\/de\/produkte\/"},{"@type":"ListItem","position":3,"name":"MOVE ACOUSTIC"}]},{"@type":"WebSite","@id":"https:\/\/chat-board.dk\/de\/#website","url":"https:\/\/chat-board.dk\/de\/","name":"CHAT BOARD","description":"","potentialAction":[{"@type":"SearchAction","target":{"@type":"EntryPoint","urlTemplate":"https:\/\/chat-board.dk\/de\/?s={search_term_string}"},"query-input":{"@type":"PropertyValueSpecification","valueRequired":true,"valueName":"search_term_string"}}],"inLanguage":"de-DE"}]}},"_links":{"self":[{"href":"https:\/\/chat-board.dk\/de\/wp-json\/wp\/v2\/product\/2902","targetHints":{"allow":["GET"]}}],"collection":[{"href":"https:\/\/chat-board.dk\/de\/wp-json\/wp\/v2\/product"}],"about":[{"href":"https:\/\/chat-board.dk\/de\/wp-json\/wp\/v2\/types\/product"}],"replies":[{"embeddable":true,"href":"https:\/\/chat-board.dk\/de\/wp-json\/wp\/v2\/comments?post=2902"}],"wp:featuredmedia":[{"embeddable":true,"href":"https:\/\/chat-board.dk\/de\/wp-json\/wp\/v2\/media\/7801"}],"wp:attachment":[{"href":"https:\/\/chat-board.dk\/de\/wp-json\/wp\/v2\/media?parent=2902"}],"wp:term":[{"taxonomy":"product_brand","embeddable":true,"href":"https:\/\/chat-board.dk\/de\/wp-json\/wp\/v2\/product_brand?post=2902"},{"taxonomy":"product_cat","embeddable":true,"href":"https:\/\/chat-board.dk\/de\/wp-json\/wp\/v2\/product_cat?post=2902"},{"taxonomy":"product_tag","embeddable":true,"href":"https:\/\/chat-board.dk\/de\/wp-json\/wp\/v2\/product_tag?post=2902"}],"curies":[{"name":"wp","href":"https:\/\/api.w.org\/{rel}","templated":true}]}}