{"id":2831,"date":"2020-10-14T16:19:50","date_gmt":"2020-10-14T14:19:50","guid":{"rendered":"http:\/\/clients.rubystudio.dk\/chatboard\/product\/storageunit-de\/"},"modified":"2026-03-20T12:37:36","modified_gmt":"2026-03-20T10:37:36","slug":"storage-unit","status":"publish","type":"product","link":"https:\/\/chat-board.dk\/de\/storageunit-de\/","title":{"rendered":"STORAGE UNIT"},"content":{"rendered":"<p>CHAT BOARD\u00ae Storage Unit im zeitlosen und eleganten Design der ARDE design studios ist ein funktionaler Stauraum mit zwei F\u00e4chern f\u00fcr Ihr CHAT BOARD\u00ae Zubeh\u00f6r. Sie sind in zwei verschiedenen Versionen lieferbar, von denen jeweils eine perfekt zu unseren Tafeln passt. Die ideale L\u00f6sung zur Organisation und Aufbewahrung von Stiften, Reinigungsschw\u00e4mmen und zus\u00e4tzlichen Magneten.<\/p>\n<p>CHAT BOARD\u00ae Storage Unit ist aus ABS-Spritzguss und pulverbeschichtetem Stahl gefertigt und somit ebenso langlebig wie funktional.<\/p>\n","protected":false},"excerpt":{"rendered":"<p>CHAT BOARD\u00ae Storage Unit ist die funktionale Aufbewahrungseinheit mit zwei F\u00e4chern f\u00fcr Ihr gesamtes CHAT BOARD\u00ae Zubeh\u00f6r.<\/p>\n","protected":false},"featured_media":2039,"comment_status":"open","ping_status":"closed","template":"","meta":{"_acf_changed":false},"product_brand":[],"product_cat":[112],"product_tag":[],"class_list":{"0":"post-2831","1":"product","2":"type-product","3":"status-publish","4":"has-post-thumbnail","6":"product_cat-zubehor","7":"designer-arde-design-studio-de","9":"first","10":"instock","11":"shipping-taxable","12":"product-type-simple"},"acf":[],"yoast_head":"<!-- This site is optimized with the Yoast SEO plugin v25.3.1 - https:\/\/yoast.com\/wordpress\/plugins\/seo\/ -->\n<title>STORAGE UNIT - CHAT BOARD<\/title>\n<meta name=\"robots\" content=\"index, follow, max-snippet:-1, max-image-preview:large, max-video-preview:-1\" \/>\n<link rel=\"canonical\" href=\"https:\/\/chat-board.dk\/de\/storageunit-de\/\" \/>\n<meta property=\"og:locale\" content=\"de_DE\" \/>\n<meta property=\"og:type\" content=\"article\" \/>\n<meta property=\"og:title\" content=\"STORAGE UNIT - CHAT BOARD\" \/>\n<meta property=\"og:description\" content=\"CHAT BOARD\u00ae Storage Unit ist die funktionale Aufbewahrungseinheit mit zwei F\u00e4chern f\u00fcr Ihr gesamtes CHAT BOARD\u00ae Zubeh\u00f6r.\" \/>\n<meta property=\"og:url\" content=\"https:\/\/chat-board.dk\/de\/storageunit-de\/\" \/>\n<meta property=\"og:site_name\" content=\"CHAT BOARD\" \/>\n<meta property=\"article:modified_time\" content=\"2026-03-20T10:37:36+00:00\" \/>\n<meta property=\"og:image\" content=\"https:\/\/chat-board.dk\/wp-content\/uploads\/2020\/10\/CHAT-BOARD-Storage-Unit-Magnetic-Black-with-pens-1-e1605014673669.jpg\" \/>\n\t<meta property=\"og:image:width\" content=\"800\" \/>\n\t<meta property=\"og:image:height\" content=\"1200\" \/>\n\t<meta property=\"og:image:type\" content=\"image\/jpeg\" \/>\n<meta name=\"twitter:card\" content=\"summary_large_image\" \/>\n<meta name=\"twitter:label1\" content=\"Est. reading time\" \/>\n\t<meta name=\"twitter:data1\" content=\"1 minute\" \/>\n<script type=\"application\/ld+json\" class=\"yoast-schema-graph\">{\"@context\":\"https:\/\/schema.org\",\"@graph\":[{\"@type\":\"WebPage\",\"@id\":\"https:\/\/chat-board.dk\/de\/storageunit-de\/\",\"url\":\"https:\/\/chat-board.dk\/de\/storageunit-de\/\",\"name\":\"STORAGE UNIT - CHAT BOARD\",\"isPartOf\":{\"@id\":\"https:\/\/chat-board.dk\/de\/#website\"},\"primaryImageOfPage\":{\"@id\":\"https:\/\/chat-board.dk\/de\/storageunit-de\/#primaryimage\"},\"image\":{\"@id\":\"https:\/\/chat-board.dk\/de\/storageunit-de\/#primaryimage\"},\"thumbnailUrl\":\"https:\/\/chat-board.dk\/wp-content\/uploads\/2020\/10\/CHAT-BOARD-Storage-Unit-Magnetic-Black-with-pens-1-e1605014673669.jpg\",\"datePublished\":\"2020-10-14T14:19:50+00:00\",\"dateModified\":\"2026-03-20T10:37:36+00:00\",\"breadcrumb\":{\"@id\":\"https:\/\/chat-board.dk\/de\/storageunit-de\/#breadcrumb\"},\"inLanguage\":\"de-DE\",\"potentialAction\":[{\"@type\":\"ReadAction\",\"target\":[\"https:\/\/chat-board.dk\/de\/storageunit-de\/\"]}]},{\"@type\":\"ImageObject\",\"inLanguage\":\"de-DE\",\"@id\":\"https:\/\/chat-board.dk\/de\/storageunit-de\/#primaryimage\",\"url\":\"https:\/\/chat-board.dk\/wp-content\/uploads\/2020\/10\/CHAT-BOARD-Storage-Unit-Magnetic-Black-with-pens-1-e1605014673669.jpg\",\"contentUrl\":\"https:\/\/chat-board.dk\/wp-content\/uploads\/2020\/10\/CHAT-BOARD-Storage-Unit-Magnetic-Black-with-pens-1-e1605014673669.jpg\",\"width\":800,\"height\":1200},{\"@type\":\"BreadcrumbList\",\"@id\":\"https:\/\/chat-board.dk\/de\/storageunit-de\/#breadcrumb\",\"itemListElement\":[{\"@type\":\"ListItem\",\"position\":1,\"name\":\"Home\",\"item\":\"https:\/\/chat-board.dk\/de\/\"},{\"@type\":\"ListItem\",\"position\":2,\"name\":\"Produkte\",\"item\":\"https:\/\/chat-board.dk\/de\/produkte\/\"},{\"@type\":\"ListItem\",\"position\":3,\"name\":\"STORAGE UNIT\"}]},{\"@type\":\"WebSite\",\"@id\":\"https:\/\/chat-board.dk\/de\/#website\",\"url\":\"https:\/\/chat-board.dk\/de\/\",\"name\":\"CHAT BOARD\",\"description\":\"\",\"potentialAction\":[{\"@type\":\"SearchAction\",\"target\":{\"@type\":\"EntryPoint\",\"urlTemplate\":\"https:\/\/chat-board.dk\/de\/?s={search_term_string}\"},\"query-input\":{\"@type\":\"PropertyValueSpecification\",\"valueRequired\":true,\"valueName\":\"search_term_string\"}}],\"inLanguage\":\"de-DE\"}]}<\/script>\n<!-- \/ Yoast SEO plugin. -->","yoast_head_json":{"title":"STORAGE UNIT - CHAT BOARD","robots":{"index":"index","follow":"follow","max-snippet":"max-snippet:-1","max-image-preview":"max-image-preview:large","max-video-preview":"max-video-preview:-1"},"canonical":"https:\/\/chat-board.dk\/de\/storageunit-de\/","og_locale":"de_DE","og_type":"article","og_title":"STORAGE UNIT - CHAT BOARD","og_description":"CHAT BOARD\u00ae Storage Unit ist die funktionale Aufbewahrungseinheit mit zwei F\u00e4chern f\u00fcr Ihr gesamtes CHAT BOARD\u00ae Zubeh\u00f6r.","og_url":"https:\/\/chat-board.dk\/de\/storageunit-de\/","og_site_name":"CHAT BOARD","article_modified_time":"2026-03-20T10:37:36+00:00","og_image":[{"width":800,"height":1200,"url":"https:\/\/chat-board.dk\/wp-content\/uploads\/2020\/10\/CHAT-BOARD-Storage-Unit-Magnetic-Black-with-pens-1-e1605014673669.jpg","type":"image\/jpeg"}],"twitter_card":"summary_large_image","twitter_misc":{"Est. reading time":"1 minute"},"schema":{"@context":"https:\/\/schema.org","@graph":[{"@type":"WebPage","@id":"https:\/\/chat-board.dk\/de\/storageunit-de\/","url":"https:\/\/chat-board.dk\/de\/storageunit-de\/","name":"STORAGE UNIT - CHAT BOARD","isPartOf":{"@id":"https:\/\/chat-board.dk\/de\/#website"},"primaryImageOfPage":{"@id":"https:\/\/chat-board.dk\/de\/storageunit-de\/#primaryimage"},"image":{"@id":"https:\/\/chat-board.dk\/de\/storageunit-de\/#primaryimage"},"thumbnailUrl":"https:\/\/chat-board.dk\/wp-content\/uploads\/2020\/10\/CHAT-BOARD-Storage-Unit-Magnetic-Black-with-pens-1-e1605014673669.jpg","datePublished":"2020-10-14T14:19:50+00:00","dateModified":"2026-03-20T10:37:36+00:00","breadcrumb":{"@id":"https:\/\/chat-board.dk\/de\/storageunit-de\/#breadcrumb"},"inLanguage":"de-DE","potentialAction":[{"@type":"ReadAction","target":["https:\/\/chat-board.dk\/de\/storageunit-de\/"]}]},{"@type":"ImageObject","inLanguage":"de-DE","@id":"https:\/\/chat-board.dk\/de\/storageunit-de\/#primaryimage","url":"https:\/\/chat-board.dk\/wp-content\/uploads\/2020\/10\/CHAT-BOARD-Storage-Unit-Magnetic-Black-with-pens-1-e1605014673669.jpg","contentUrl":"https:\/\/chat-board.dk\/wp-content\/uploads\/2020\/10\/CHAT-BOARD-Storage-Unit-Magnetic-Black-with-pens-1-e1605014673669.jpg","width":800,"height":1200},{"@type":"BreadcrumbList","@id":"https:\/\/chat-board.dk\/de\/storageunit-de\/#breadcrumb","itemListElement":[{"@type":"ListItem","position":1,"name":"Home","item":"https:\/\/chat-board.dk\/de\/"},{"@type":"ListItem","position":2,"name":"Produkte","item":"https:\/\/chat-board.dk\/de\/produkte\/"},{"@type":"ListItem","position":3,"name":"STORAGE UNIT"}]},{"@type":"WebSite","@id":"https:\/\/chat-board.dk\/de\/#website","url":"https:\/\/chat-board.dk\/de\/","name":"CHAT BOARD","description":"","potentialAction":[{"@type":"SearchAction","target":{"@type":"EntryPoint","urlTemplate":"https:\/\/chat-board.dk\/de\/?s={search_term_string}"},"query-input":{"@type":"PropertyValueSpecification","valueRequired":true,"valueName":"search_term_string"}}],"inLanguage":"de-DE"}]}},"_links":{"self":[{"href":"https:\/\/chat-board.dk\/de\/wp-json\/wp\/v2\/product\/2831","targetHints":{"allow":["GET"]}}],"collection":[{"href":"https:\/\/chat-board.dk\/de\/wp-json\/wp\/v2\/product"}],"about":[{"href":"https:\/\/chat-board.dk\/de\/wp-json\/wp\/v2\/types\/product"}],"replies":[{"embeddable":true,"href":"https:\/\/chat-board.dk\/de\/wp-json\/wp\/v2\/comments?post=2831"}],"wp:featuredmedia":[{"embeddable":true,"href":"https:\/\/chat-board.dk\/de\/wp-json\/wp\/v2\/media\/2039"}],"wp:attachment":[{"href":"https:\/\/chat-board.dk\/de\/wp-json\/wp\/v2\/media?parent=2831"}],"wp:term":[{"taxonomy":"product_brand","embeddable":true,"href":"https:\/\/chat-board.dk\/de\/wp-json\/wp\/v2\/product_brand?post=2831"},{"taxonomy":"product_cat","embeddable":true,"href":"https:\/\/chat-board.dk\/de\/wp-json\/wp\/v2\/product_cat?post=2831"},{"taxonomy":"product_tag","embeddable":true,"href":"https:\/\/chat-board.dk\/de\/wp-json\/wp\/v2\/product_tag?post=2831"}],"curies":[{"name":"wp","href":"https:\/\/api.w.org\/{rel}","templated":true}]}}