{"id":2825,"date":"2020-10-14T16:17:24","date_gmt":"2020-10-14T14:17:24","guid":{"rendered":"http:\/\/clients.rubystudio.dk\/chatboard\/product\/squad-de\/"},"modified":"2026-03-20T12:32:15","modified_gmt":"2026-03-20T10:32:15","slug":"squad-de","status":"publish","type":"product","link":"https:\/\/chat-board.dk\/de\/squad-de\/","title":{"rendered":"SQUAD"},"content":{"rendered":"<p>Mit seinem nahtlosen Design, das ganz in der skandinavischen Tradition einer perfekten Einheit von Form und Funktion steht, bietet jedes Teil des CHAT BOARD\u00ae SQUAD ein H\u00f6chstma\u00df an m\u00fcheloser Funktionalit\u00e4t und kompromissloser \u00c4sthetik in einem coolen, zeitgem\u00e4\u00dfen und stromlinienf\u00f6rmigen Design. Es wurde von den schwedischen Space Plannern par excellence, RUMRUM, entwickelt. Die Capsule Collection in drei Teilen besteht aus zwei freistehenden Einheiten und einem freistehendem Tischteiler, alle begleitet von einer eigenen Aufbewahrungsl\u00f6sung, den SQUAD Collectors.<\/p>\n<p>Das Design ist bewusst dezent und minimalistisch gehalten. Die leichten, pulverbeschichteten Stahlkonstruktionen dienen als elegant schlichter, aber multifunktionaler Rahmen f\u00fcr die beschreibbaren magnetischen Glasfl\u00e4chen auf jeder SQUAD-Einheit. Letztere werden durch perforierte Stahlplatten, die in die Stahlkonstruktion integriert sind, kontrastiert und akzentuiert und zeichnen sich durch ein klar geometrisches Quadratmuster aus. Bei SQUAD ist Form gleich Funktion, und keine Funktion ist ohne Zweck. Die Collectors bieten eine einfach anzubringende, unverzichtbare Aufbewahrungsl\u00f6sung f\u00fcr Stifte und pers\u00f6nliche Gegenst\u00e4nde und schaffen gleichzeitig ein zus\u00e4tzliches vertikales Muster, das so individuell ist wie der Benutzer.<\/p>\n<p>Die in Skandinavien entwickelten und hergestellten SQUAD-Einheiten werden flach verpackt geliefert und k\u00f6nnen vor Ort einfach montiert werden, was sowohl die Versandkosten als auch die Umweltbelastung reduziert.<\/p>\n","protected":false},"excerpt":{"rendered":"<p>CHAT BOARD\u00ae SQUAD bietet ein H\u00f6chstma\u00df an m\u00fcheloser Funktionalit\u00e4t und kompromissloser \u00c4sthetik in einer coolen, zeitgem\u00e4\u00dfen und stromlinienf\u00f6rmigen dreiteiligen Capsule Collection aus freistehenden Einheiten, Tischtrennwand und Aufbewahrungsl\u00f6sungen.<\/p>\n","protected":false},"featured_media":5556,"comment_status":"open","ping_status":"closed","template":"","meta":{"_acf_changed":false},"product_brand":[],"product_cat":[103],"product_tag":[],"class_list":{"0":"post-2825","1":"product","2":"type-product","3":"status-publish","4":"has-post-thumbnail","6":"product_cat-freistehend","7":"designer-rumrum-de","9":"first","10":"instock","11":"shipping-taxable","12":"product-type-simple"},"acf":[],"yoast_head":"<!-- This site is optimized with the Yoast SEO plugin v25.3.1 - https:\/\/yoast.com\/wordpress\/plugins\/seo\/ -->\n<title>SQUAD - CHAT BOARD<\/title>\n<meta name=\"robots\" content=\"index, follow, max-snippet:-1, max-image-preview:large, max-video-preview:-1\" \/>\n<link rel=\"canonical\" href=\"https:\/\/chat-board.dk\/de\/squad-de\/\" \/>\n<meta property=\"og:locale\" content=\"de_DE\" \/>\n<meta property=\"og:type\" content=\"article\" \/>\n<meta property=\"og:title\" content=\"SQUAD - CHAT BOARD\" \/>\n<meta property=\"og:description\" content=\"CHAT BOARD\u00ae SQUAD bietet ein H\u00f6chstma\u00df an m\u00fcheloser Funktionalit\u00e4t und kompromissloser \u00c4sthetik in einer coolen, zeitgem\u00e4\u00dfen und stromlinienf\u00f6rmigen dreiteiligen Capsule Collection aus freistehenden Einheiten, Tischtrennwand und Aufbewahrungsl\u00f6sungen.\" \/>\n<meta property=\"og:url\" content=\"https:\/\/chat-board.dk\/de\/squad-de\/\" \/>\n<meta property=\"og:site_name\" content=\"CHAT BOARD\" \/>\n<meta property=\"article:modified_time\" content=\"2026-03-20T10:32:15+00:00\" \/>\n<meta property=\"og:image\" content=\"https:\/\/chat-board.dk\/wp-content\/uploads\/2020\/10\/CHAT-BOARD-SQUAD-Runner-conference-room-gallery-scaled.jpg\" \/>\n\t<meta property=\"og:image:width\" content=\"1706\" \/>\n\t<meta property=\"og:image:height\" content=\"2560\" \/>\n\t<meta property=\"og:image:type\" content=\"image\/jpeg\" \/>\n<meta name=\"twitter:card\" content=\"summary_large_image\" \/>\n<meta name=\"twitter:label1\" content=\"Est. reading time\" \/>\n\t<meta name=\"twitter:data1\" content=\"2 minutes\" \/>\n<script type=\"application\/ld+json\" class=\"yoast-schema-graph\">{\"@context\":\"https:\/\/schema.org\",\"@graph\":[{\"@type\":\"WebPage\",\"@id\":\"https:\/\/chat-board.dk\/de\/squad-de\/\",\"url\":\"https:\/\/chat-board.dk\/de\/squad-de\/\",\"name\":\"SQUAD - CHAT BOARD\",\"isPartOf\":{\"@id\":\"https:\/\/chat-board.dk\/de\/#website\"},\"primaryImageOfPage\":{\"@id\":\"https:\/\/chat-board.dk\/de\/squad-de\/#primaryimage\"},\"image\":{\"@id\":\"https:\/\/chat-board.dk\/de\/squad-de\/#primaryimage\"},\"thumbnailUrl\":\"https:\/\/chat-board.dk\/wp-content\/uploads\/2020\/10\/CHAT-BOARD-SQUAD-Runner-conference-room-gallery-scaled.jpg\",\"datePublished\":\"2020-10-14T14:17:24+00:00\",\"dateModified\":\"2026-03-20T10:32:15+00:00\",\"breadcrumb\":{\"@id\":\"https:\/\/chat-board.dk\/de\/squad-de\/#breadcrumb\"},\"inLanguage\":\"de-DE\",\"potentialAction\":[{\"@type\":\"ReadAction\",\"target\":[\"https:\/\/chat-board.dk\/de\/squad-de\/\"]}]},{\"@type\":\"ImageObject\",\"inLanguage\":\"de-DE\",\"@id\":\"https:\/\/chat-board.dk\/de\/squad-de\/#primaryimage\",\"url\":\"https:\/\/chat-board.dk\/wp-content\/uploads\/2020\/10\/CHAT-BOARD-SQUAD-Runner-conference-room-gallery-scaled.jpg\",\"contentUrl\":\"https:\/\/chat-board.dk\/wp-content\/uploads\/2020\/10\/CHAT-BOARD-SQUAD-Runner-conference-room-gallery-scaled.jpg\",\"width\":1706,\"height\":2560,\"caption\":\"CHAT BOARD SQUAD, two Runner units\"},{\"@type\":\"BreadcrumbList\",\"@id\":\"https:\/\/chat-board.dk\/de\/squad-de\/#breadcrumb\",\"itemListElement\":[{\"@type\":\"ListItem\",\"position\":1,\"name\":\"Home\",\"item\":\"https:\/\/chat-board.dk\/de\/\"},{\"@type\":\"ListItem\",\"position\":2,\"name\":\"Produkte\",\"item\":\"https:\/\/chat-board.dk\/de\/produkte\/\"},{\"@type\":\"ListItem\",\"position\":3,\"name\":\"SQUAD\"}]},{\"@type\":\"WebSite\",\"@id\":\"https:\/\/chat-board.dk\/de\/#website\",\"url\":\"https:\/\/chat-board.dk\/de\/\",\"name\":\"CHAT BOARD\",\"description\":\"\",\"potentialAction\":[{\"@type\":\"SearchAction\",\"target\":{\"@type\":\"EntryPoint\",\"urlTemplate\":\"https:\/\/chat-board.dk\/de\/?s={search_term_string}\"},\"query-input\":{\"@type\":\"PropertyValueSpecification\",\"valueRequired\":true,\"valueName\":\"search_term_string\"}}],\"inLanguage\":\"de-DE\"}]}<\/script>\n<!-- \/ Yoast SEO plugin. -->","yoast_head_json":{"title":"SQUAD - CHAT BOARD","robots":{"index":"index","follow":"follow","max-snippet":"max-snippet:-1","max-image-preview":"max-image-preview:large","max-video-preview":"max-video-preview:-1"},"canonical":"https:\/\/chat-board.dk\/de\/squad-de\/","og_locale":"de_DE","og_type":"article","og_title":"SQUAD - CHAT BOARD","og_description":"CHAT BOARD\u00ae SQUAD bietet ein H\u00f6chstma\u00df an m\u00fcheloser Funktionalit\u00e4t und kompromissloser \u00c4sthetik in einer coolen, zeitgem\u00e4\u00dfen und stromlinienf\u00f6rmigen dreiteiligen Capsule Collection aus freistehenden Einheiten, Tischtrennwand und Aufbewahrungsl\u00f6sungen.","og_url":"https:\/\/chat-board.dk\/de\/squad-de\/","og_site_name":"CHAT BOARD","article_modified_time":"2026-03-20T10:32:15+00:00","og_image":[{"width":1706,"height":2560,"url":"https:\/\/chat-board.dk\/wp-content\/uploads\/2020\/10\/CHAT-BOARD-SQUAD-Runner-conference-room-gallery-scaled.jpg","type":"image\/jpeg"}],"twitter_card":"summary_large_image","twitter_misc":{"Est. reading time":"2 minutes"},"schema":{"@context":"https:\/\/schema.org","@graph":[{"@type":"WebPage","@id":"https:\/\/chat-board.dk\/de\/squad-de\/","url":"https:\/\/chat-board.dk\/de\/squad-de\/","name":"SQUAD - CHAT BOARD","isPartOf":{"@id":"https:\/\/chat-board.dk\/de\/#website"},"primaryImageOfPage":{"@id":"https:\/\/chat-board.dk\/de\/squad-de\/#primaryimage"},"image":{"@id":"https:\/\/chat-board.dk\/de\/squad-de\/#primaryimage"},"thumbnailUrl":"https:\/\/chat-board.dk\/wp-content\/uploads\/2020\/10\/CHAT-BOARD-SQUAD-Runner-conference-room-gallery-scaled.jpg","datePublished":"2020-10-14T14:17:24+00:00","dateModified":"2026-03-20T10:32:15+00:00","breadcrumb":{"@id":"https:\/\/chat-board.dk\/de\/squad-de\/#breadcrumb"},"inLanguage":"de-DE","potentialAction":[{"@type":"ReadAction","target":["https:\/\/chat-board.dk\/de\/squad-de\/"]}]},{"@type":"ImageObject","inLanguage":"de-DE","@id":"https:\/\/chat-board.dk\/de\/squad-de\/#primaryimage","url":"https:\/\/chat-board.dk\/wp-content\/uploads\/2020\/10\/CHAT-BOARD-SQUAD-Runner-conference-room-gallery-scaled.jpg","contentUrl":"https:\/\/chat-board.dk\/wp-content\/uploads\/2020\/10\/CHAT-BOARD-SQUAD-Runner-conference-room-gallery-scaled.jpg","width":1706,"height":2560,"caption":"CHAT BOARD SQUAD, two Runner units"},{"@type":"BreadcrumbList","@id":"https:\/\/chat-board.dk\/de\/squad-de\/#breadcrumb","itemListElement":[{"@type":"ListItem","position":1,"name":"Home","item":"https:\/\/chat-board.dk\/de\/"},{"@type":"ListItem","position":2,"name":"Produkte","item":"https:\/\/chat-board.dk\/de\/produkte\/"},{"@type":"ListItem","position":3,"name":"SQUAD"}]},{"@type":"WebSite","@id":"https:\/\/chat-board.dk\/de\/#website","url":"https:\/\/chat-board.dk\/de\/","name":"CHAT BOARD","description":"","potentialAction":[{"@type":"SearchAction","target":{"@type":"EntryPoint","urlTemplate":"https:\/\/chat-board.dk\/de\/?s={search_term_string}"},"query-input":{"@type":"PropertyValueSpecification","valueRequired":true,"valueName":"search_term_string"}}],"inLanguage":"de-DE"}]}},"_links":{"self":[{"href":"https:\/\/chat-board.dk\/de\/wp-json\/wp\/v2\/product\/2825","targetHints":{"allow":["GET"]}}],"collection":[{"href":"https:\/\/chat-board.dk\/de\/wp-json\/wp\/v2\/product"}],"about":[{"href":"https:\/\/chat-board.dk\/de\/wp-json\/wp\/v2\/types\/product"}],"replies":[{"embeddable":true,"href":"https:\/\/chat-board.dk\/de\/wp-json\/wp\/v2\/comments?post=2825"}],"wp:featuredmedia":[{"embeddable":true,"href":"https:\/\/chat-board.dk\/de\/wp-json\/wp\/v2\/media\/5556"}],"wp:attachment":[{"href":"https:\/\/chat-board.dk\/de\/wp-json\/wp\/v2\/media?parent=2825"}],"wp:term":[{"taxonomy":"product_brand","embeddable":true,"href":"https:\/\/chat-board.dk\/de\/wp-json\/wp\/v2\/product_brand?post=2825"},{"taxonomy":"product_cat","embeddable":true,"href":"https:\/\/chat-board.dk\/de\/wp-json\/wp\/v2\/product_cat?post=2825"},{"taxonomy":"product_tag","embeddable":true,"href":"https:\/\/chat-board.dk\/de\/wp-json\/wp\/v2\/product_tag?post=2825"}],"curies":[{"name":"wp","href":"https:\/\/api.w.org\/{rel}","templated":true}]}}