{"id":2820,"date":"2020-10-14T15:41:51","date_gmt":"2020-10-14T13:41:51","guid":{"rendered":"http:\/\/clients.rubystudio.dk\/chatboard\/product\/mobile-de\/"},"modified":"2026-03-30T08:40:36","modified_gmt":"2026-03-30T06:40:36","slug":"mobile","status":"publish","type":"product","link":"https:\/\/chat-board.dk\/de\/mobile-de\/","title":{"rendered":"MOBILE"},"content":{"rendered":"<p>CHAT BOARD\u00ae Mobile ist die ideale Multifunktionsl\u00f6sung f\u00fcr den dynamischen Arbeitsalltag. Das geniale Design, die robuste Konstruktion und das ultra-stabile, aber dennoch mobile Gestell machen ein Umkippen praktisch unm\u00f6glich. So bleibt viel Platz f\u00fcr kreative Ideen und Prozesse.<\/p>\n<p>Neben der typischen beschreibbaren magnetischen Glastafel auf der Vorderseite l\u00e4sst sich Mobile auch mit einer schalld\u00e4mmenden BuzziFelt-Pinnwand oder einer zus\u00e4tzlichen magnetischen Glastafel auf der R\u00fcckseite ausstatten.<\/p>\n","protected":false},"excerpt":{"rendered":"<p>CHAT BOARD\u00ae Mobile ist die ideale Multifunktionsl\u00f6sung f\u00fcr den dynamischen Arbeitsalltag, mit seinem mobilen Gestell und ultra-stabilen Konstruktion.<\/p>\n","protected":false},"featured_media":9294,"comment_status":"open","ping_status":"closed","template":"","meta":{"_acf_changed":false},"product_brand":[],"product_cat":[103],"product_tag":[],"class_list":{"0":"post-2820","1":"product","2":"type-product","3":"status-publish","4":"has-post-thumbnail","6":"product_cat-freistehend","8":"first","9":"instock","10":"shipping-taxable","11":"product-type-simple"},"acf":[],"yoast_head":"<!-- This site is optimized with the Yoast SEO plugin v25.3.1 - https:\/\/yoast.com\/wordpress\/plugins\/seo\/ -->\n<title>MOBILE - CHAT BOARD<\/title>\n<meta name=\"robots\" content=\"index, follow, max-snippet:-1, max-image-preview:large, max-video-preview:-1\" \/>\n<link rel=\"canonical\" href=\"https:\/\/chat-board.dk\/de\/mobile-de\/\" \/>\n<meta property=\"og:locale\" content=\"de_DE\" \/>\n<meta property=\"og:type\" content=\"article\" \/>\n<meta property=\"og:title\" content=\"MOBILE - CHAT BOARD\" \/>\n<meta property=\"og:description\" content=\"CHAT BOARD\u00ae Mobile ist die ideale Multifunktionsl\u00f6sung f\u00fcr den dynamischen Arbeitsalltag, mit seinem mobilen Gestell und ultra-stabilen Konstruktion.\" \/>\n<meta property=\"og:url\" content=\"https:\/\/chat-board.dk\/de\/mobile-de\/\" \/>\n<meta property=\"og:site_name\" content=\"CHAT BOARD\" \/>\n<meta property=\"article:modified_time\" content=\"2026-03-30T06:40:36+00:00\" \/>\n<meta property=\"og:image\" content=\"https:\/\/chat-board.dk\/wp-content\/uploads\/2023\/09\/CHAT-BOARD-Mobile-Conference-B-Black-portrait-scaled.jpg\" \/>\n\t<meta property=\"og:image:width\" content=\"1706\" \/>\n\t<meta property=\"og:image:height\" content=\"2560\" \/>\n\t<meta property=\"og:image:type\" content=\"image\/jpeg\" \/>\n<meta name=\"twitter:card\" content=\"summary_large_image\" \/>\n<meta name=\"twitter:label1\" content=\"Est. reading time\" \/>\n\t<meta name=\"twitter:data1\" content=\"1 minute\" \/>\n<script type=\"application\/ld+json\" class=\"yoast-schema-graph\">{\"@context\":\"https:\/\/schema.org\",\"@graph\":[{\"@type\":\"WebPage\",\"@id\":\"https:\/\/chat-board.dk\/de\/mobile-de\/\",\"url\":\"https:\/\/chat-board.dk\/de\/mobile-de\/\",\"name\":\"MOBILE - CHAT BOARD\",\"isPartOf\":{\"@id\":\"https:\/\/chat-board.dk\/de\/#website\"},\"primaryImageOfPage\":{\"@id\":\"https:\/\/chat-board.dk\/de\/mobile-de\/#primaryimage\"},\"image\":{\"@id\":\"https:\/\/chat-board.dk\/de\/mobile-de\/#primaryimage\"},\"thumbnailUrl\":\"https:\/\/chat-board.dk\/wp-content\/uploads\/2023\/09\/CHAT-BOARD-Mobile-Conference-B-Black-portrait-scaled.jpg\",\"datePublished\":\"2020-10-14T13:41:51+00:00\",\"dateModified\":\"2026-03-30T06:40:36+00:00\",\"breadcrumb\":{\"@id\":\"https:\/\/chat-board.dk\/de\/mobile-de\/#breadcrumb\"},\"inLanguage\":\"de-DE\",\"potentialAction\":[{\"@type\":\"ReadAction\",\"target\":[\"https:\/\/chat-board.dk\/de\/mobile-de\/\"]}]},{\"@type\":\"ImageObject\",\"inLanguage\":\"de-DE\",\"@id\":\"https:\/\/chat-board.dk\/de\/mobile-de\/#primaryimage\",\"url\":\"https:\/\/chat-board.dk\/wp-content\/uploads\/2023\/09\/CHAT-BOARD-Mobile-Conference-B-Black-portrait-scaled.jpg\",\"contentUrl\":\"https:\/\/chat-board.dk\/wp-content\/uploads\/2023\/09\/CHAT-BOARD-Mobile-Conference-B-Black-portrait-scaled.jpg\",\"width\":1706,\"height\":2560,\"caption\":\"CHAT BOARD Mobile in Black with Black glass in interior\"},{\"@type\":\"BreadcrumbList\",\"@id\":\"https:\/\/chat-board.dk\/de\/mobile-de\/#breadcrumb\",\"itemListElement\":[{\"@type\":\"ListItem\",\"position\":1,\"name\":\"Home\",\"item\":\"https:\/\/chat-board.dk\/de\/\"},{\"@type\":\"ListItem\",\"position\":2,\"name\":\"Produkte\",\"item\":\"https:\/\/chat-board.dk\/de\/produkte\/\"},{\"@type\":\"ListItem\",\"position\":3,\"name\":\"MOBILE\"}]},{\"@type\":\"WebSite\",\"@id\":\"https:\/\/chat-board.dk\/de\/#website\",\"url\":\"https:\/\/chat-board.dk\/de\/\",\"name\":\"CHAT BOARD\",\"description\":\"\",\"potentialAction\":[{\"@type\":\"SearchAction\",\"target\":{\"@type\":\"EntryPoint\",\"urlTemplate\":\"https:\/\/chat-board.dk\/de\/?s={search_term_string}\"},\"query-input\":{\"@type\":\"PropertyValueSpecification\",\"valueRequired\":true,\"valueName\":\"search_term_string\"}}],\"inLanguage\":\"de-DE\"}]}<\/script>\n<!-- \/ Yoast SEO plugin. -->","yoast_head_json":{"title":"MOBILE - CHAT BOARD","robots":{"index":"index","follow":"follow","max-snippet":"max-snippet:-1","max-image-preview":"max-image-preview:large","max-video-preview":"max-video-preview:-1"},"canonical":"https:\/\/chat-board.dk\/de\/mobile-de\/","og_locale":"de_DE","og_type":"article","og_title":"MOBILE - CHAT BOARD","og_description":"CHAT BOARD\u00ae Mobile ist die ideale Multifunktionsl\u00f6sung f\u00fcr den dynamischen Arbeitsalltag, mit seinem mobilen Gestell und ultra-stabilen Konstruktion.","og_url":"https:\/\/chat-board.dk\/de\/mobile-de\/","og_site_name":"CHAT BOARD","article_modified_time":"2026-03-30T06:40:36+00:00","og_image":[{"width":1706,"height":2560,"url":"https:\/\/chat-board.dk\/wp-content\/uploads\/2023\/09\/CHAT-BOARD-Mobile-Conference-B-Black-portrait-scaled.jpg","type":"image\/jpeg"}],"twitter_card":"summary_large_image","twitter_misc":{"Est. reading time":"1 minute"},"schema":{"@context":"https:\/\/schema.org","@graph":[{"@type":"WebPage","@id":"https:\/\/chat-board.dk\/de\/mobile-de\/","url":"https:\/\/chat-board.dk\/de\/mobile-de\/","name":"MOBILE - CHAT BOARD","isPartOf":{"@id":"https:\/\/chat-board.dk\/de\/#website"},"primaryImageOfPage":{"@id":"https:\/\/chat-board.dk\/de\/mobile-de\/#primaryimage"},"image":{"@id":"https:\/\/chat-board.dk\/de\/mobile-de\/#primaryimage"},"thumbnailUrl":"https:\/\/chat-board.dk\/wp-content\/uploads\/2023\/09\/CHAT-BOARD-Mobile-Conference-B-Black-portrait-scaled.jpg","datePublished":"2020-10-14T13:41:51+00:00","dateModified":"2026-03-30T06:40:36+00:00","breadcrumb":{"@id":"https:\/\/chat-board.dk\/de\/mobile-de\/#breadcrumb"},"inLanguage":"de-DE","potentialAction":[{"@type":"ReadAction","target":["https:\/\/chat-board.dk\/de\/mobile-de\/"]}]},{"@type":"ImageObject","inLanguage":"de-DE","@id":"https:\/\/chat-board.dk\/de\/mobile-de\/#primaryimage","url":"https:\/\/chat-board.dk\/wp-content\/uploads\/2023\/09\/CHAT-BOARD-Mobile-Conference-B-Black-portrait-scaled.jpg","contentUrl":"https:\/\/chat-board.dk\/wp-content\/uploads\/2023\/09\/CHAT-BOARD-Mobile-Conference-B-Black-portrait-scaled.jpg","width":1706,"height":2560,"caption":"CHAT BOARD Mobile in Black with Black glass in interior"},{"@type":"BreadcrumbList","@id":"https:\/\/chat-board.dk\/de\/mobile-de\/#breadcrumb","itemListElement":[{"@type":"ListItem","position":1,"name":"Home","item":"https:\/\/chat-board.dk\/de\/"},{"@type":"ListItem","position":2,"name":"Produkte","item":"https:\/\/chat-board.dk\/de\/produkte\/"},{"@type":"ListItem","position":3,"name":"MOBILE"}]},{"@type":"WebSite","@id":"https:\/\/chat-board.dk\/de\/#website","url":"https:\/\/chat-board.dk\/de\/","name":"CHAT BOARD","description":"","potentialAction":[{"@type":"SearchAction","target":{"@type":"EntryPoint","urlTemplate":"https:\/\/chat-board.dk\/de\/?s={search_term_string}"},"query-input":{"@type":"PropertyValueSpecification","valueRequired":true,"valueName":"search_term_string"}}],"inLanguage":"de-DE"}]}},"_links":{"self":[{"href":"https:\/\/chat-board.dk\/de\/wp-json\/wp\/v2\/product\/2820","targetHints":{"allow":["GET"]}}],"collection":[{"href":"https:\/\/chat-board.dk\/de\/wp-json\/wp\/v2\/product"}],"about":[{"href":"https:\/\/chat-board.dk\/de\/wp-json\/wp\/v2\/types\/product"}],"replies":[{"embeddable":true,"href":"https:\/\/chat-board.dk\/de\/wp-json\/wp\/v2\/comments?post=2820"}],"wp:featuredmedia":[{"embeddable":true,"href":"https:\/\/chat-board.dk\/de\/wp-json\/wp\/v2\/media\/9294"}],"wp:attachment":[{"href":"https:\/\/chat-board.dk\/de\/wp-json\/wp\/v2\/media?parent=2820"}],"wp:term":[{"taxonomy":"product_brand","embeddable":true,"href":"https:\/\/chat-board.dk\/de\/wp-json\/wp\/v2\/product_brand?post=2820"},{"taxonomy":"product_cat","embeddable":true,"href":"https:\/\/chat-board.dk\/de\/wp-json\/wp\/v2\/product_cat?post=2820"},{"taxonomy":"product_tag","embeddable":true,"href":"https:\/\/chat-board.dk\/de\/wp-json\/wp\/v2\/product_tag?post=2820"}],"curies":[{"name":"wp","href":"https:\/\/api.w.org\/{rel}","templated":true}]}}