{"id":2816,"date":"2020-10-14T15:40:05","date_gmt":"2020-10-14T13:40:05","guid":{"rendered":"http:\/\/clients.rubystudio.dk\/chatboard\/product\/buzzifelt-de\/"},"modified":"2026-03-20T12:23:06","modified_gmt":"2026-03-20T10:23:06","slug":"buzzifelt-de","status":"publish","type":"product","link":"https:\/\/chat-board.dk\/de\/buzzifelt-de\/","title":{"rendered":"BUZZIFELT"},"content":{"rendered":"<p>CHAT BOARD\u00ae BuzziFelt ist unsere wandmontierte, filzbekleidete Pinnwand, die zudem noch magnetisch ist. Sie besteht zu 100 % aus 6 mm starkem Filz aus recyceltem PET und ist somit die ideale Erg\u00e4nzung f\u00fcr unsere wandmontierten Glastafeln.<\/p>\n<p>In Verbindung mit beispielsweise CHAT BOARD\u00ae Classic k\u00f6nnen diese filzbeschichteten Tafeln jede B\u00fcrowand in eine ultrafunktionale, multistrukturierte und dynamische Fl\u00e4che verwandeln.<\/p>\n","protected":false},"excerpt":{"rendered":"<p>CHAT BOARD\u00ae BuzziFelt ist unsere magnetische, schalld\u00e4mpfende Pinnwand und und die ideale Erg\u00e4nzung f\u00fcr unsere wandmontierten Glastafeln.<\/p>\n","protected":false},"featured_media":10058,"comment_status":"open","ping_status":"closed","template":"","meta":{"_acf_changed":false},"product_brand":[],"product_cat":[95],"product_tag":[],"class_list":{"0":"post-2816","1":"product","2":"type-product","3":"status-publish","4":"has-post-thumbnail","6":"product_cat-wand","8":"first","9":"instock","10":"shipping-taxable","11":"product-type-simple"},"acf":[],"yoast_head":"<!-- This site is optimized with the Yoast SEO plugin v25.3.1 - https:\/\/yoast.com\/wordpress\/plugins\/seo\/ -->\n<title>BUZZIFELT - CHAT BOARD<\/title>\n<meta name=\"robots\" content=\"index, follow, max-snippet:-1, max-image-preview:large, max-video-preview:-1\" \/>\n<link rel=\"canonical\" href=\"https:\/\/chat-board.dk\/de\/buzzifelt-de\/\" \/>\n<meta property=\"og:locale\" content=\"de_DE\" \/>\n<meta property=\"og:type\" content=\"article\" \/>\n<meta property=\"og:title\" content=\"BUZZIFELT - CHAT BOARD\" \/>\n<meta property=\"og:description\" content=\"CHAT BOARD\u00ae BuzziFelt ist unsere magnetische, schalld\u00e4mpfende Pinnwand und und die ideale Erg\u00e4nzung f\u00fcr unsere wandmontierten Glastafeln.\" \/>\n<meta property=\"og:url\" content=\"https:\/\/chat-board.dk\/de\/buzzifelt-de\/\" \/>\n<meta property=\"og:site_name\" content=\"CHAT BOARD\" \/>\n<meta property=\"article:modified_time\" content=\"2026-03-20T10:23:06+00:00\" \/>\n<meta property=\"og:image\" content=\"https:\/\/chat-board.dk\/wp-content\/uploads\/2024\/10\/CHAT-BOARD-BuzziFelt-20x100-close-up-683x1024.jpg\" \/>\n\t<meta property=\"og:image:width\" content=\"683\" \/>\n\t<meta property=\"og:image:height\" content=\"1024\" \/>\n\t<meta property=\"og:image:type\" content=\"image\/jpeg\" \/>\n<meta name=\"twitter:card\" content=\"summary_large_image\" \/>\n<meta name=\"twitter:label1\" content=\"Est. reading time\" \/>\n\t<meta name=\"twitter:data1\" content=\"1 minute\" \/>\n<script type=\"application\/ld+json\" class=\"yoast-schema-graph\">{\"@context\":\"https:\/\/schema.org\",\"@graph\":[{\"@type\":\"WebPage\",\"@id\":\"https:\/\/chat-board.dk\/de\/buzzifelt-de\/\",\"url\":\"https:\/\/chat-board.dk\/de\/buzzifelt-de\/\",\"name\":\"BUZZIFELT - CHAT BOARD\",\"isPartOf\":{\"@id\":\"https:\/\/chat-board.dk\/de\/#website\"},\"primaryImageOfPage\":{\"@id\":\"https:\/\/chat-board.dk\/de\/buzzifelt-de\/#primaryimage\"},\"image\":{\"@id\":\"https:\/\/chat-board.dk\/de\/buzzifelt-de\/#primaryimage\"},\"thumbnailUrl\":\"https:\/\/chat-board.dk\/wp-content\/uploads\/2024\/10\/CHAT-BOARD-BuzziFelt-20x100-close-up.jpg\",\"datePublished\":\"2020-10-14T13:40:05+00:00\",\"dateModified\":\"2026-03-20T10:23:06+00:00\",\"breadcrumb\":{\"@id\":\"https:\/\/chat-board.dk\/de\/buzzifelt-de\/#breadcrumb\"},\"inLanguage\":\"de-DE\",\"potentialAction\":[{\"@type\":\"ReadAction\",\"target\":[\"https:\/\/chat-board.dk\/de\/buzzifelt-de\/\"]}]},{\"@type\":\"ImageObject\",\"inLanguage\":\"de-DE\",\"@id\":\"https:\/\/chat-board.dk\/de\/buzzifelt-de\/#primaryimage\",\"url\":\"https:\/\/chat-board.dk\/wp-content\/uploads\/2024\/10\/CHAT-BOARD-BuzziFelt-20x100-close-up.jpg\",\"contentUrl\":\"https:\/\/chat-board.dk\/wp-content\/uploads\/2024\/10\/CHAT-BOARD-BuzziFelt-20x100-close-up.jpg\",\"width\":1568,\"height\":2351,\"caption\":\"filt opslagstavle\"},{\"@type\":\"BreadcrumbList\",\"@id\":\"https:\/\/chat-board.dk\/de\/buzzifelt-de\/#breadcrumb\",\"itemListElement\":[{\"@type\":\"ListItem\",\"position\":1,\"name\":\"Home\",\"item\":\"https:\/\/chat-board.dk\/de\/\"},{\"@type\":\"ListItem\",\"position\":2,\"name\":\"Produkte\",\"item\":\"https:\/\/chat-board.dk\/de\/produkte\/\"},{\"@type\":\"ListItem\",\"position\":3,\"name\":\"BUZZIFELT\"}]},{\"@type\":\"WebSite\",\"@id\":\"https:\/\/chat-board.dk\/de\/#website\",\"url\":\"https:\/\/chat-board.dk\/de\/\",\"name\":\"CHAT BOARD\",\"description\":\"\",\"potentialAction\":[{\"@type\":\"SearchAction\",\"target\":{\"@type\":\"EntryPoint\",\"urlTemplate\":\"https:\/\/chat-board.dk\/de\/?s={search_term_string}\"},\"query-input\":{\"@type\":\"PropertyValueSpecification\",\"valueRequired\":true,\"valueName\":\"search_term_string\"}}],\"inLanguage\":\"de-DE\"}]}<\/script>\n<!-- \/ Yoast SEO plugin. -->","yoast_head_json":{"title":"BUZZIFELT - CHAT BOARD","robots":{"index":"index","follow":"follow","max-snippet":"max-snippet:-1","max-image-preview":"max-image-preview:large","max-video-preview":"max-video-preview:-1"},"canonical":"https:\/\/chat-board.dk\/de\/buzzifelt-de\/","og_locale":"de_DE","og_type":"article","og_title":"BUZZIFELT - CHAT BOARD","og_description":"CHAT BOARD\u00ae BuzziFelt ist unsere magnetische, schalld\u00e4mpfende Pinnwand und und die ideale Erg\u00e4nzung f\u00fcr unsere wandmontierten Glastafeln.","og_url":"https:\/\/chat-board.dk\/de\/buzzifelt-de\/","og_site_name":"CHAT BOARD","article_modified_time":"2026-03-20T10:23:06+00:00","og_image":[{"width":683,"height":1024,"url":"https:\/\/chat-board.dk\/wp-content\/uploads\/2024\/10\/CHAT-BOARD-BuzziFelt-20x100-close-up-683x1024.jpg","type":"image\/jpeg"}],"twitter_card":"summary_large_image","twitter_misc":{"Est. reading time":"1 minute"},"schema":{"@context":"https:\/\/schema.org","@graph":[{"@type":"WebPage","@id":"https:\/\/chat-board.dk\/de\/buzzifelt-de\/","url":"https:\/\/chat-board.dk\/de\/buzzifelt-de\/","name":"BUZZIFELT - CHAT BOARD","isPartOf":{"@id":"https:\/\/chat-board.dk\/de\/#website"},"primaryImageOfPage":{"@id":"https:\/\/chat-board.dk\/de\/buzzifelt-de\/#primaryimage"},"image":{"@id":"https:\/\/chat-board.dk\/de\/buzzifelt-de\/#primaryimage"},"thumbnailUrl":"https:\/\/chat-board.dk\/wp-content\/uploads\/2024\/10\/CHAT-BOARD-BuzziFelt-20x100-close-up.jpg","datePublished":"2020-10-14T13:40:05+00:00","dateModified":"2026-03-20T10:23:06+00:00","breadcrumb":{"@id":"https:\/\/chat-board.dk\/de\/buzzifelt-de\/#breadcrumb"},"inLanguage":"de-DE","potentialAction":[{"@type":"ReadAction","target":["https:\/\/chat-board.dk\/de\/buzzifelt-de\/"]}]},{"@type":"ImageObject","inLanguage":"de-DE","@id":"https:\/\/chat-board.dk\/de\/buzzifelt-de\/#primaryimage","url":"https:\/\/chat-board.dk\/wp-content\/uploads\/2024\/10\/CHAT-BOARD-BuzziFelt-20x100-close-up.jpg","contentUrl":"https:\/\/chat-board.dk\/wp-content\/uploads\/2024\/10\/CHAT-BOARD-BuzziFelt-20x100-close-up.jpg","width":1568,"height":2351,"caption":"filt opslagstavle"},{"@type":"BreadcrumbList","@id":"https:\/\/chat-board.dk\/de\/buzzifelt-de\/#breadcrumb","itemListElement":[{"@type":"ListItem","position":1,"name":"Home","item":"https:\/\/chat-board.dk\/de\/"},{"@type":"ListItem","position":2,"name":"Produkte","item":"https:\/\/chat-board.dk\/de\/produkte\/"},{"@type":"ListItem","position":3,"name":"BUZZIFELT"}]},{"@type":"WebSite","@id":"https:\/\/chat-board.dk\/de\/#website","url":"https:\/\/chat-board.dk\/de\/","name":"CHAT BOARD","description":"","potentialAction":[{"@type":"SearchAction","target":{"@type":"EntryPoint","urlTemplate":"https:\/\/chat-board.dk\/de\/?s={search_term_string}"},"query-input":{"@type":"PropertyValueSpecification","valueRequired":true,"valueName":"search_term_string"}}],"inLanguage":"de-DE"}]}},"_links":{"self":[{"href":"https:\/\/chat-board.dk\/de\/wp-json\/wp\/v2\/product\/2816","targetHints":{"allow":["GET"]}}],"collection":[{"href":"https:\/\/chat-board.dk\/de\/wp-json\/wp\/v2\/product"}],"about":[{"href":"https:\/\/chat-board.dk\/de\/wp-json\/wp\/v2\/types\/product"}],"replies":[{"embeddable":true,"href":"https:\/\/chat-board.dk\/de\/wp-json\/wp\/v2\/comments?post=2816"}],"wp:featuredmedia":[{"embeddable":true,"href":"https:\/\/chat-board.dk\/de\/wp-json\/wp\/v2\/media\/10058"}],"wp:attachment":[{"href":"https:\/\/chat-board.dk\/de\/wp-json\/wp\/v2\/media?parent=2816"}],"wp:term":[{"taxonomy":"product_brand","embeddable":true,"href":"https:\/\/chat-board.dk\/de\/wp-json\/wp\/v2\/product_brand?post=2816"},{"taxonomy":"product_cat","embeddable":true,"href":"https:\/\/chat-board.dk\/de\/wp-json\/wp\/v2\/product_cat?post=2816"},{"taxonomy":"product_tag","embeddable":true,"href":"https:\/\/chat-board.dk\/de\/wp-json\/wp\/v2\/product_tag?post=2816"}],"curies":[{"name":"wp","href":"https:\/\/api.w.org\/{rel}","templated":true}]}}