{"id":2812,"date":"2020-10-12T07:24:08","date_gmt":"2020-10-12T05:24:08","guid":{"rendered":"http:\/\/clients.rubystudio.dk\/chatboard\/product\/classic-de\/"},"modified":"2026-03-30T08:32:02","modified_gmt":"2026-03-30T06:32:02","slug":"classic-de","status":"publish","type":"product","link":"https:\/\/chat-board.dk\/de\/classic-de\/","title":{"rendered":"CLASSIC"},"content":{"rendered":"<p>CHAT BOARD\u00ae Classic inspiriert und f\u00f6rdert den kreativen Dialog zwischen Menschen. Es wurde speziell entwickelt, um Ideen und Informationen zu entwickeln, zu visualisieren, zu ordnen und auszutauschen. Es bietet den perfekten Rahmen f\u00fcr jeden B\u00fcro-, Besprechungs- oder Gruppenraum. Das Design ist elegant, schlicht und dezent; jedes Element hat eine klare Funktion, nichts ist \u00fcberfl\u00fcssig. Die glatte, magnetische Glasoberfl\u00e4che vermittelt ein un\u00fcbertroffenes Schreib- und Zeichenerlebnis.<\/p>\n<p>CHAT BOARD\u00ae ist von einzigartiger Qualit\u00e4t und Langlebigkeit. Zudem ist es leicht zu reinigen, hat eine lange Lebensdauer und ist somit der ultimative Ersatz f\u00fcr jedes Whiteboard.<\/p>\n","protected":false},"excerpt":{"rendered":"<p>CHAT BOARD\u00ae Classic inspiriert und f\u00f6rdert den kreativen Dialog zwischen Menschen und bietet den perfekten Rahmen f\u00fcr jeden B\u00fcro-, Besprechungs- oder Gruppenraum.<\/p>\n","protected":false},"featured_media":6847,"comment_status":"closed","ping_status":"closed","template":"","meta":{"_acf_changed":false},"product_brand":[],"product_cat":[95],"product_tag":[],"class_list":{"0":"post-2812","1":"product","2":"type-product","3":"status-publish","4":"has-post-thumbnail","6":"product_cat-wand","8":"first","9":"instock","10":"shipping-taxable","11":"product-type-simple"},"acf":[],"yoast_head":"<!-- This site is optimized with the Yoast SEO plugin v25.3.1 - https:\/\/yoast.com\/wordpress\/plugins\/seo\/ -->\n<title>CLASSIC - CHAT BOARD<\/title>\n<meta name=\"robots\" content=\"index, follow, max-snippet:-1, max-image-preview:large, max-video-preview:-1\" \/>\n<link rel=\"canonical\" href=\"https:\/\/chat-board.dk\/de\/classic-de\/\" \/>\n<meta property=\"og:locale\" content=\"de_DE\" \/>\n<meta property=\"og:type\" content=\"article\" \/>\n<meta property=\"og:title\" content=\"CLASSIC - CHAT BOARD\" \/>\n<meta property=\"og:description\" content=\"CHAT BOARD\u00ae Classic inspiriert und f\u00f6rdert den kreativen Dialog zwischen Menschen und bietet den perfekten Rahmen f\u00fcr jeden B\u00fcro-, Besprechungs- oder Gruppenraum.\" \/>\n<meta property=\"og:url\" content=\"https:\/\/chat-board.dk\/de\/classic-de\/\" \/>\n<meta property=\"og:site_name\" content=\"CHAT BOARD\" \/>\n<meta property=\"article:modified_time\" content=\"2026-03-30T06:32:02+00:00\" \/>\n<meta property=\"og:image\" content=\"https:\/\/chat-board.dk\/wp-content\/uploads\/2020\/10\/CHAT-BOARD-Classic-Matt-Sand-home-office-gallery-1-scaled.jpg\" \/>\n\t<meta property=\"og:image:width\" content=\"1706\" \/>\n\t<meta property=\"og:image:height\" content=\"2560\" \/>\n\t<meta property=\"og:image:type\" content=\"image\/jpeg\" \/>\n<meta name=\"twitter:card\" content=\"summary_large_image\" \/>\n<meta name=\"twitter:label1\" content=\"Est. reading time\" \/>\n\t<meta name=\"twitter:data1\" content=\"1 minute\" \/>\n<script type=\"application\/ld+json\" class=\"yoast-schema-graph\">{\"@context\":\"https:\/\/schema.org\",\"@graph\":[{\"@type\":\"WebPage\",\"@id\":\"https:\/\/chat-board.dk\/de\/classic-de\/\",\"url\":\"https:\/\/chat-board.dk\/de\/classic-de\/\",\"name\":\"CLASSIC - CHAT BOARD\",\"isPartOf\":{\"@id\":\"https:\/\/chat-board.dk\/de\/#website\"},\"primaryImageOfPage\":{\"@id\":\"https:\/\/chat-board.dk\/de\/classic-de\/#primaryimage\"},\"image\":{\"@id\":\"https:\/\/chat-board.dk\/de\/classic-de\/#primaryimage\"},\"thumbnailUrl\":\"https:\/\/chat-board.dk\/wp-content\/uploads\/2020\/10\/CHAT-BOARD-Classic-Matt-Sand-home-office-gallery-1-scaled.jpg\",\"datePublished\":\"2020-10-12T05:24:08+00:00\",\"dateModified\":\"2026-03-30T06:32:02+00:00\",\"breadcrumb\":{\"@id\":\"https:\/\/chat-board.dk\/de\/classic-de\/#breadcrumb\"},\"inLanguage\":\"de-DE\",\"potentialAction\":[{\"@type\":\"ReadAction\",\"target\":[\"https:\/\/chat-board.dk\/de\/classic-de\/\"]}]},{\"@type\":\"ImageObject\",\"inLanguage\":\"de-DE\",\"@id\":\"https:\/\/chat-board.dk\/de\/classic-de\/#primaryimage\",\"url\":\"https:\/\/chat-board.dk\/wp-content\/uploads\/2020\/10\/CHAT-BOARD-Classic-Matt-Sand-home-office-gallery-1-scaled.jpg\",\"contentUrl\":\"https:\/\/chat-board.dk\/wp-content\/uploads\/2020\/10\/CHAT-BOARD-Classic-Matt-Sand-home-office-gallery-1-scaled.jpg\",\"width\":1706,\"height\":2560,\"caption\":\"magnetic glass whiteboard\"},{\"@type\":\"BreadcrumbList\",\"@id\":\"https:\/\/chat-board.dk\/de\/classic-de\/#breadcrumb\",\"itemListElement\":[{\"@type\":\"ListItem\",\"position\":1,\"name\":\"Home\",\"item\":\"https:\/\/chat-board.dk\/de\/\"},{\"@type\":\"ListItem\",\"position\":2,\"name\":\"Produkte\",\"item\":\"https:\/\/chat-board.dk\/de\/produkte\/\"},{\"@type\":\"ListItem\",\"position\":3,\"name\":\"CLASSIC\"}]},{\"@type\":\"WebSite\",\"@id\":\"https:\/\/chat-board.dk\/de\/#website\",\"url\":\"https:\/\/chat-board.dk\/de\/\",\"name\":\"CHAT BOARD\",\"description\":\"\",\"potentialAction\":[{\"@type\":\"SearchAction\",\"target\":{\"@type\":\"EntryPoint\",\"urlTemplate\":\"https:\/\/chat-board.dk\/de\/?s={search_term_string}\"},\"query-input\":{\"@type\":\"PropertyValueSpecification\",\"valueRequired\":true,\"valueName\":\"search_term_string\"}}],\"inLanguage\":\"de-DE\"}]}<\/script>\n<!-- \/ Yoast SEO plugin. -->","yoast_head_json":{"title":"CLASSIC - CHAT BOARD","robots":{"index":"index","follow":"follow","max-snippet":"max-snippet:-1","max-image-preview":"max-image-preview:large","max-video-preview":"max-video-preview:-1"},"canonical":"https:\/\/chat-board.dk\/de\/classic-de\/","og_locale":"de_DE","og_type":"article","og_title":"CLASSIC - CHAT BOARD","og_description":"CHAT BOARD\u00ae Classic inspiriert und f\u00f6rdert den kreativen Dialog zwischen Menschen und bietet den perfekten Rahmen f\u00fcr jeden B\u00fcro-, Besprechungs- oder Gruppenraum.","og_url":"https:\/\/chat-board.dk\/de\/classic-de\/","og_site_name":"CHAT BOARD","article_modified_time":"2026-03-30T06:32:02+00:00","og_image":[{"width":1706,"height":2560,"url":"https:\/\/chat-board.dk\/wp-content\/uploads\/2020\/10\/CHAT-BOARD-Classic-Matt-Sand-home-office-gallery-1-scaled.jpg","type":"image\/jpeg"}],"twitter_card":"summary_large_image","twitter_misc":{"Est. reading time":"1 minute"},"schema":{"@context":"https:\/\/schema.org","@graph":[{"@type":"WebPage","@id":"https:\/\/chat-board.dk\/de\/classic-de\/","url":"https:\/\/chat-board.dk\/de\/classic-de\/","name":"CLASSIC - CHAT BOARD","isPartOf":{"@id":"https:\/\/chat-board.dk\/de\/#website"},"primaryImageOfPage":{"@id":"https:\/\/chat-board.dk\/de\/classic-de\/#primaryimage"},"image":{"@id":"https:\/\/chat-board.dk\/de\/classic-de\/#primaryimage"},"thumbnailUrl":"https:\/\/chat-board.dk\/wp-content\/uploads\/2020\/10\/CHAT-BOARD-Classic-Matt-Sand-home-office-gallery-1-scaled.jpg","datePublished":"2020-10-12T05:24:08+00:00","dateModified":"2026-03-30T06:32:02+00:00","breadcrumb":{"@id":"https:\/\/chat-board.dk\/de\/classic-de\/#breadcrumb"},"inLanguage":"de-DE","potentialAction":[{"@type":"ReadAction","target":["https:\/\/chat-board.dk\/de\/classic-de\/"]}]},{"@type":"ImageObject","inLanguage":"de-DE","@id":"https:\/\/chat-board.dk\/de\/classic-de\/#primaryimage","url":"https:\/\/chat-board.dk\/wp-content\/uploads\/2020\/10\/CHAT-BOARD-Classic-Matt-Sand-home-office-gallery-1-scaled.jpg","contentUrl":"https:\/\/chat-board.dk\/wp-content\/uploads\/2020\/10\/CHAT-BOARD-Classic-Matt-Sand-home-office-gallery-1-scaled.jpg","width":1706,"height":2560,"caption":"magnetic glass whiteboard"},{"@type":"BreadcrumbList","@id":"https:\/\/chat-board.dk\/de\/classic-de\/#breadcrumb","itemListElement":[{"@type":"ListItem","position":1,"name":"Home","item":"https:\/\/chat-board.dk\/de\/"},{"@type":"ListItem","position":2,"name":"Produkte","item":"https:\/\/chat-board.dk\/de\/produkte\/"},{"@type":"ListItem","position":3,"name":"CLASSIC"}]},{"@type":"WebSite","@id":"https:\/\/chat-board.dk\/de\/#website","url":"https:\/\/chat-board.dk\/de\/","name":"CHAT BOARD","description":"","potentialAction":[{"@type":"SearchAction","target":{"@type":"EntryPoint","urlTemplate":"https:\/\/chat-board.dk\/de\/?s={search_term_string}"},"query-input":{"@type":"PropertyValueSpecification","valueRequired":true,"valueName":"search_term_string"}}],"inLanguage":"de-DE"}]}},"_links":{"self":[{"href":"https:\/\/chat-board.dk\/de\/wp-json\/wp\/v2\/product\/2812","targetHints":{"allow":["GET"]}}],"collection":[{"href":"https:\/\/chat-board.dk\/de\/wp-json\/wp\/v2\/product"}],"about":[{"href":"https:\/\/chat-board.dk\/de\/wp-json\/wp\/v2\/types\/product"}],"replies":[{"embeddable":true,"href":"https:\/\/chat-board.dk\/de\/wp-json\/wp\/v2\/comments?post=2812"}],"wp:featuredmedia":[{"embeddable":true,"href":"https:\/\/chat-board.dk\/de\/wp-json\/wp\/v2\/media\/6847"}],"wp:attachment":[{"href":"https:\/\/chat-board.dk\/de\/wp-json\/wp\/v2\/media?parent=2812"}],"wp:term":[{"taxonomy":"product_brand","embeddable":true,"href":"https:\/\/chat-board.dk\/de\/wp-json\/wp\/v2\/product_brand?post=2812"},{"taxonomy":"product_cat","embeddable":true,"href":"https:\/\/chat-board.dk\/de\/wp-json\/wp\/v2\/product_cat?post=2812"},{"taxonomy":"product_tag","embeddable":true,"href":"https:\/\/chat-board.dk\/de\/wp-json\/wp\/v2\/product_tag?post=2812"}],"curies":[{"name":"wp","href":"https:\/\/api.w.org\/{rel}","templated":true}]}}