{"id":1197,"date":"2020-11-16T11:53:25","date_gmt":"2020-11-16T09:53:25","guid":{"rendered":"http:\/\/clients.rubystudio.dk\/chatboard\/product\/masgeschneidert\/"},"modified":"2024-11-04T16:38:16","modified_gmt":"2024-11-04T14:38:16","slug":"massgeschneidert","status":"publish","type":"product","link":"https:\/\/chat-board.dk\/de\/masgeschneidert-de\/","title":{"rendered":"MASSGESCHNEIDERT"},"content":{"rendered":"<p>\u201eOne size fits all\u201c trifft so gut wie nie zu \u2013 sowohl in privaten als auch professionellen Kontexten. Die Freiheit, die Dinge, mit denen wir uns umgeben, individuell und ma\u00dfgeschneidert so anzupassen, sodass sie mit unseren individuellen Bed\u00fcrfnissen und Routinen harmonieren, kann deshalb f\u00fcr den entscheidenden Unterschied zwischen gut und perfekt sorgen.<\/p>\n<p>Wir konzentrieren uns weiterhin auf das individuelle Benutzer- und Designprojekt und bieten eine breite Palette verschiedener Anpassungsoptionen, mit denen Sie Ihr CHAT BOARD\u00ae-Produkt anpassen und personalisieren k\u00f6nnen, um ma\u00dfgeschneiderte L\u00f6sungen zu erstellen, die perfekt zu Ihrer einzigartigen Vision passen.<\/p>\n<p>Wir stehen Ihnen jederzeit zur Seite, beraten Sie und arbeiten w\u00e4hrend des gesamten Entwurfs- und Entwicklungsprozesses eng mit Ihnen zusammen, um sicherzustellen, dass das Endergebnis Ihren Spezifikationen entspricht.<\/p>\n<p>Unabh\u00e4ngig davon, ob es sich um eine Farbabstimmung, eine Spezialgr\u00f6\u00dfe, eine Spezialform oder um eine speziell angepasste Einrichtungsl\u00f6sungen in gr\u00f6\u00dferem Stil handelt, wird unser erfahrenes und fachkompetentes Team Ihr Projekt mit genau der Sorgfalt und dem Know-how umsetzen, die uns weltweit eine breite und treue Kundenbasis gesichert hat.<\/p>\n<p>&nbsp;<\/p>\n<p>&nbsp;<\/p>\n","protected":false},"excerpt":{"rendered":"<p>Passen Sie Ihr CHAT BOARD\u00ae-Produkt an, um ma\u00dfgeschneiderte L\u00f6sungen zu erstellen, die perfekt zu Ihrer einzigartigen Vision passen.<\/p>\n","protected":false},"featured_media":8607,"comment_status":"open","ping_status":"closed","template":"","meta":{"_acf_changed":false},"product_brand":[],"product_cat":[111],"product_tag":[],"class_list":{"0":"post-1197","1":"product","2":"type-product","3":"status-publish","4":"has-post-thumbnail","6":"product_cat-sonderloesungen","8":"first","9":"instock","10":"shipping-taxable","11":"product-type-simple"},"acf":[],"yoast_head":"<!-- This site is optimized with the Yoast SEO plugin v25.3.1 - https:\/\/yoast.com\/wordpress\/plugins\/seo\/ -->\n<title>MASSGESCHNEIDERT - CHAT BOARD<\/title>\n<meta name=\"robots\" content=\"index, follow, max-snippet:-1, max-image-preview:large, max-video-preview:-1\" \/>\n<link rel=\"canonical\" href=\"https:\/\/chat-board.dk\/de\/masgeschneidert-de\/\" \/>\n<meta property=\"og:locale\" content=\"de_DE\" \/>\n<meta property=\"og:type\" content=\"article\" \/>\n<meta property=\"og:title\" content=\"MASSGESCHNEIDERT - CHAT BOARD\" \/>\n<meta property=\"og:description\" content=\"Passen Sie Ihr CHAT BOARD\u00ae-Produkt an, um ma\u00dfgeschneiderte L\u00f6sungen zu erstellen, die perfekt zu Ihrer einzigartigen Vision passen.\" \/>\n<meta property=\"og:url\" content=\"https:\/\/chat-board.dk\/de\/masgeschneidert-de\/\" \/>\n<meta property=\"og:site_name\" content=\"CHAT BOARD\" \/>\n<meta property=\"article:modified_time\" content=\"2024-11-04T14:38:16+00:00\" \/>\n<meta property=\"og:image\" content=\"https:\/\/chat-board.dk\/wp-content\/uploads\/2020\/11\/CHAT-BOARD-customised-DissingWeitling.jpg\" \/>\n\t<meta property=\"og:image:width\" content=\"945\" \/>\n\t<meta property=\"og:image:height\" content=\"1341\" \/>\n\t<meta property=\"og:image:type\" content=\"image\/jpeg\" \/>\n<meta name=\"twitter:card\" content=\"summary_large_image\" \/>\n<meta name=\"twitter:label1\" content=\"Est. reading time\" \/>\n\t<meta name=\"twitter:data1\" content=\"1 minute\" \/>\n<script type=\"application\/ld+json\" class=\"yoast-schema-graph\">{\"@context\":\"https:\/\/schema.org\",\"@graph\":[{\"@type\":\"WebPage\",\"@id\":\"https:\/\/chat-board.dk\/de\/masgeschneidert-de\/\",\"url\":\"https:\/\/chat-board.dk\/de\/masgeschneidert-de\/\",\"name\":\"MASSGESCHNEIDERT - CHAT BOARD\",\"isPartOf\":{\"@id\":\"https:\/\/chat-board.dk\/de\/#website\"},\"primaryImageOfPage\":{\"@id\":\"https:\/\/chat-board.dk\/de\/masgeschneidert-de\/#primaryimage\"},\"image\":{\"@id\":\"https:\/\/chat-board.dk\/de\/masgeschneidert-de\/#primaryimage\"},\"thumbnailUrl\":\"https:\/\/chat-board.dk\/wp-content\/uploads\/2020\/11\/CHAT-BOARD-customised-DissingWeitling.jpg\",\"datePublished\":\"2020-11-16T09:53:25+00:00\",\"dateModified\":\"2024-11-04T14:38:16+00:00\",\"breadcrumb\":{\"@id\":\"https:\/\/chat-board.dk\/de\/masgeschneidert-de\/#breadcrumb\"},\"inLanguage\":\"de-DE\",\"potentialAction\":[{\"@type\":\"ReadAction\",\"target\":[\"https:\/\/chat-board.dk\/de\/masgeschneidert-de\/\"]}]},{\"@type\":\"ImageObject\",\"inLanguage\":\"de-DE\",\"@id\":\"https:\/\/chat-board.dk\/de\/masgeschneidert-de\/#primaryimage\",\"url\":\"https:\/\/chat-board.dk\/wp-content\/uploads\/2020\/11\/CHAT-BOARD-customised-DissingWeitling.jpg\",\"contentUrl\":\"https:\/\/chat-board.dk\/wp-content\/uploads\/2020\/11\/CHAT-BOARD-customised-DissingWeitling.jpg\",\"width\":945,\"height\":1341,\"caption\":\"CHAT BOARD Classic customised for Dissing + Weitling architects\"},{\"@type\":\"BreadcrumbList\",\"@id\":\"https:\/\/chat-board.dk\/de\/masgeschneidert-de\/#breadcrumb\",\"itemListElement\":[{\"@type\":\"ListItem\",\"position\":1,\"name\":\"Home\",\"item\":\"https:\/\/chat-board.dk\/de\/\"},{\"@type\":\"ListItem\",\"position\":2,\"name\":\"Produkte\",\"item\":\"https:\/\/chat-board.dk\/de\/produkte\/\"},{\"@type\":\"ListItem\",\"position\":3,\"name\":\"MASSGESCHNEIDERT\"}]},{\"@type\":\"WebSite\",\"@id\":\"https:\/\/chat-board.dk\/de\/#website\",\"url\":\"https:\/\/chat-board.dk\/de\/\",\"name\":\"CHAT BOARD\",\"description\":\"\",\"potentialAction\":[{\"@type\":\"SearchAction\",\"target\":{\"@type\":\"EntryPoint\",\"urlTemplate\":\"https:\/\/chat-board.dk\/de\/?s={search_term_string}\"},\"query-input\":{\"@type\":\"PropertyValueSpecification\",\"valueRequired\":true,\"valueName\":\"search_term_string\"}}],\"inLanguage\":\"de-DE\"}]}<\/script>\n<!-- \/ Yoast SEO plugin. -->","yoast_head_json":{"title":"MASSGESCHNEIDERT - CHAT BOARD","robots":{"index":"index","follow":"follow","max-snippet":"max-snippet:-1","max-image-preview":"max-image-preview:large","max-video-preview":"max-video-preview:-1"},"canonical":"https:\/\/chat-board.dk\/de\/masgeschneidert-de\/","og_locale":"de_DE","og_type":"article","og_title":"MASSGESCHNEIDERT - CHAT BOARD","og_description":"Passen Sie Ihr CHAT BOARD\u00ae-Produkt an, um ma\u00dfgeschneiderte L\u00f6sungen zu erstellen, die perfekt zu Ihrer einzigartigen Vision passen.","og_url":"https:\/\/chat-board.dk\/de\/masgeschneidert-de\/","og_site_name":"CHAT BOARD","article_modified_time":"2024-11-04T14:38:16+00:00","og_image":[{"width":945,"height":1341,"url":"https:\/\/chat-board.dk\/wp-content\/uploads\/2020\/11\/CHAT-BOARD-customised-DissingWeitling.jpg","type":"image\/jpeg"}],"twitter_card":"summary_large_image","twitter_misc":{"Est. reading time":"1 minute"},"schema":{"@context":"https:\/\/schema.org","@graph":[{"@type":"WebPage","@id":"https:\/\/chat-board.dk\/de\/masgeschneidert-de\/","url":"https:\/\/chat-board.dk\/de\/masgeschneidert-de\/","name":"MASSGESCHNEIDERT - CHAT BOARD","isPartOf":{"@id":"https:\/\/chat-board.dk\/de\/#website"},"primaryImageOfPage":{"@id":"https:\/\/chat-board.dk\/de\/masgeschneidert-de\/#primaryimage"},"image":{"@id":"https:\/\/chat-board.dk\/de\/masgeschneidert-de\/#primaryimage"},"thumbnailUrl":"https:\/\/chat-board.dk\/wp-content\/uploads\/2020\/11\/CHAT-BOARD-customised-DissingWeitling.jpg","datePublished":"2020-11-16T09:53:25+00:00","dateModified":"2024-11-04T14:38:16+00:00","breadcrumb":{"@id":"https:\/\/chat-board.dk\/de\/masgeschneidert-de\/#breadcrumb"},"inLanguage":"de-DE","potentialAction":[{"@type":"ReadAction","target":["https:\/\/chat-board.dk\/de\/masgeschneidert-de\/"]}]},{"@type":"ImageObject","inLanguage":"de-DE","@id":"https:\/\/chat-board.dk\/de\/masgeschneidert-de\/#primaryimage","url":"https:\/\/chat-board.dk\/wp-content\/uploads\/2020\/11\/CHAT-BOARD-customised-DissingWeitling.jpg","contentUrl":"https:\/\/chat-board.dk\/wp-content\/uploads\/2020\/11\/CHAT-BOARD-customised-DissingWeitling.jpg","width":945,"height":1341,"caption":"CHAT BOARD Classic customised for Dissing + Weitling architects"},{"@type":"BreadcrumbList","@id":"https:\/\/chat-board.dk\/de\/masgeschneidert-de\/#breadcrumb","itemListElement":[{"@type":"ListItem","position":1,"name":"Home","item":"https:\/\/chat-board.dk\/de\/"},{"@type":"ListItem","position":2,"name":"Produkte","item":"https:\/\/chat-board.dk\/de\/produkte\/"},{"@type":"ListItem","position":3,"name":"MASSGESCHNEIDERT"}]},{"@type":"WebSite","@id":"https:\/\/chat-board.dk\/de\/#website","url":"https:\/\/chat-board.dk\/de\/","name":"CHAT BOARD","description":"","potentialAction":[{"@type":"SearchAction","target":{"@type":"EntryPoint","urlTemplate":"https:\/\/chat-board.dk\/de\/?s={search_term_string}"},"query-input":{"@type":"PropertyValueSpecification","valueRequired":true,"valueName":"search_term_string"}}],"inLanguage":"de-DE"}]}},"_links":{"self":[{"href":"https:\/\/chat-board.dk\/de\/wp-json\/wp\/v2\/product\/1197","targetHints":{"allow":["GET"]}}],"collection":[{"href":"https:\/\/chat-board.dk\/de\/wp-json\/wp\/v2\/product"}],"about":[{"href":"https:\/\/chat-board.dk\/de\/wp-json\/wp\/v2\/types\/product"}],"replies":[{"embeddable":true,"href":"https:\/\/chat-board.dk\/de\/wp-json\/wp\/v2\/comments?post=1197"}],"wp:featuredmedia":[{"embeddable":true,"href":"https:\/\/chat-board.dk\/de\/wp-json\/wp\/v2\/media\/8607"}],"wp:attachment":[{"href":"https:\/\/chat-board.dk\/de\/wp-json\/wp\/v2\/media?parent=1197"}],"wp:term":[{"taxonomy":"product_brand","embeddable":true,"href":"https:\/\/chat-board.dk\/de\/wp-json\/wp\/v2\/product_brand?post=1197"},{"taxonomy":"product_cat","embeddable":true,"href":"https:\/\/chat-board.dk\/de\/wp-json\/wp\/v2\/product_cat?post=1197"},{"taxonomy":"product_tag","embeddable":true,"href":"https:\/\/chat-board.dk\/de\/wp-json\/wp\/v2\/product_tag?post=1197"}],"curies":[{"name":"wp","href":"https:\/\/api.w.org\/{rel}","templated":true}]}}