{"id":1177,"date":"2020-11-10T16:16:09","date_gmt":"2020-11-10T14:16:09","guid":{"rendered":"http:\/\/clients.rubystudio.dk\/chatboard\/product\/unverzichtbares-zubehor\/"},"modified":"2026-03-20T12:39:12","modified_gmt":"2026-03-20T10:39:12","slug":"unverzichtbares-zubehor","status":"publish","type":"product","link":"https:\/\/chat-board.dk\/de\/unverzichtbares-zubehor\/","title":{"rendered":"UNVERZICHTBARES ZUBEH\u00d6R"},"content":{"rendered":"<p>Wir verf\u00fcgen \u00fcber eine breite Auswahl formstarker und funktionaler Accessoires, entwickelt zur Verwendung mit der gesamten CHAT BOARD\u00ae Kollektion um die bestm\u00f6gliche Nutzung sicherzustellen.<\/p>\n<p>Alle Marker wurden speziell f\u00fcr die Nutzung auf Glas entwickelt. So k\u00f6nnen wir sicherstellen, das Schreiben und Illustrieren auf der ebenen Oberfl\u00e4che klar sichtbar sind. Unabh\u00e4ngig davon, ob Sie sich f\u00fcr die trockenen Marker entscheiden, die am Besten auf den helleren Glasfarben funktionieren, oder unsere Neon Marker, die sich un\u00fcbersehbar von jedem dunklen Untergrund abheben.<\/p>\n<p>Die CHAT BOARD\u00ae Magnete sind besonders stark, um auch durch 4mm starkes Glas bis zu 15 DIN A4-Bl\u00e4tter zu halten.<\/p>\n<p>Holen Sie das Maximum aus ihrem CHAT BOARD\u00ae Produkt mit einem unserer Starter Sets, das Sie mit allen Utensilien f\u00fcr den perfekten Start versorgt. Erh\u00e4ltlich in 9 verschiedenen Kombinationen, jede mit einer einzigartigen Zusammenstellung von Markern, Magneten und Erasern, findet jeder den perfekten Partner f\u00fcr die pers\u00f6nlichen Anforderungen.<\/p>\n<p>NB<\/p>\n<p>Wir empfehlen immer CHAT BOARD\u00ae Filzstifte und Magnete auf alle unseren Produkten zu verwenden.<\/p>\n","protected":false},"excerpt":{"rendered":"<p>Wir verf\u00fcgen \u00fcber eine breite Auswahl formstarker und funktionaler Accessoires, entwickelt zur Verwendung mit der gesamten CHAT BOARD\u00ae Kollektion um die bestm\u00f6gliche Nutzung sicherzustellen.<\/p>\n","protected":false},"featured_media":1178,"comment_status":"open","ping_status":"closed","template":"","meta":{"_acf_changed":false},"product_brand":[],"product_cat":[112],"product_tag":[],"class_list":{"0":"post-1177","1":"product","2":"type-product","3":"status-publish","4":"has-post-thumbnail","6":"product_cat-zubehor","8":"first","9":"instock","10":"shipping-taxable","11":"product-type-simple"},"acf":[],"yoast_head":"<!-- This site is optimized with the Yoast SEO plugin v25.3.1 - https:\/\/yoast.com\/wordpress\/plugins\/seo\/ -->\n<title>UNVERZICHTBARES ZUBEH\u00d6R - CHAT BOARD<\/title>\n<meta name=\"robots\" content=\"index, follow, max-snippet:-1, max-image-preview:large, max-video-preview:-1\" \/>\n<link rel=\"canonical\" href=\"https:\/\/chat-board.dk\/de\/unverzichtbares-zubehor\/\" \/>\n<meta property=\"og:locale\" content=\"de_DE\" \/>\n<meta property=\"og:type\" content=\"article\" \/>\n<meta property=\"og:title\" content=\"UNVERZICHTBARES ZUBEH\u00d6R - CHAT BOARD\" \/>\n<meta property=\"og:description\" content=\"Wir verf\u00fcgen \u00fcber eine breite Auswahl formstarker und funktionaler Accessoires, entwickelt zur Verwendung mit der gesamten CHAT BOARD\u00ae Kollektion um die bestm\u00f6gliche Nutzung sicherzustellen.\" \/>\n<meta property=\"og:url\" content=\"https:\/\/chat-board.dk\/de\/unverzichtbares-zubehor\/\" \/>\n<meta property=\"og:site_name\" content=\"CHAT BOARD\" \/>\n<meta property=\"article:modified_time\" content=\"2026-03-20T10:39:12+00:00\" \/>\n<meta property=\"og:image\" content=\"https:\/\/chat-board.dk\/wp-content\/uploads\/2020\/11\/CHAT-BOARD-Woody-Black-stained-e1605018132180.jpg\" \/>\n\t<meta property=\"og:image:width\" content=\"914\" \/>\n\t<meta property=\"og:image:height\" content=\"1200\" \/>\n\t<meta property=\"og:image:type\" content=\"image\/jpeg\" \/>\n<meta name=\"twitter:card\" content=\"summary_large_image\" \/>\n<meta name=\"twitter:label1\" content=\"Est. reading time\" \/>\n\t<meta name=\"twitter:data1\" content=\"1 minute\" \/>\n<script type=\"application\/ld+json\" class=\"yoast-schema-graph\">{\"@context\":\"https:\/\/schema.org\",\"@graph\":[{\"@type\":\"WebPage\",\"@id\":\"https:\/\/chat-board.dk\/de\/unverzichtbares-zubehor\/\",\"url\":\"https:\/\/chat-board.dk\/de\/unverzichtbares-zubehor\/\",\"name\":\"UNVERZICHTBARES ZUBEH\u00d6R - CHAT BOARD\",\"isPartOf\":{\"@id\":\"https:\/\/chat-board.dk\/de\/#website\"},\"primaryImageOfPage\":{\"@id\":\"https:\/\/chat-board.dk\/de\/unverzichtbares-zubehor\/#primaryimage\"},\"image\":{\"@id\":\"https:\/\/chat-board.dk\/de\/unverzichtbares-zubehor\/#primaryimage\"},\"thumbnailUrl\":\"https:\/\/chat-board.dk\/wp-content\/uploads\/2020\/11\/CHAT-BOARD-Woody-Black-stained-e1605018132180.jpg\",\"datePublished\":\"2020-11-10T14:16:09+00:00\",\"dateModified\":\"2026-03-20T10:39:12+00:00\",\"breadcrumb\":{\"@id\":\"https:\/\/chat-board.dk\/de\/unverzichtbares-zubehor\/#breadcrumb\"},\"inLanguage\":\"de-DE\",\"potentialAction\":[{\"@type\":\"ReadAction\",\"target\":[\"https:\/\/chat-board.dk\/de\/unverzichtbares-zubehor\/\"]}]},{\"@type\":\"ImageObject\",\"inLanguage\":\"de-DE\",\"@id\":\"https:\/\/chat-board.dk\/de\/unverzichtbares-zubehor\/#primaryimage\",\"url\":\"https:\/\/chat-board.dk\/wp-content\/uploads\/2020\/11\/CHAT-BOARD-Woody-Black-stained-e1605018132180.jpg\",\"contentUrl\":\"https:\/\/chat-board.dk\/wp-content\/uploads\/2020\/11\/CHAT-BOARD-Woody-Black-stained-e1605018132180.jpg\",\"width\":914,\"height\":1200,\"caption\":\"CHAT BOARD Woody Eraser and Magnets in black stained ash on Pure White Classic\"},{\"@type\":\"BreadcrumbList\",\"@id\":\"https:\/\/chat-board.dk\/de\/unverzichtbares-zubehor\/#breadcrumb\",\"itemListElement\":[{\"@type\":\"ListItem\",\"position\":1,\"name\":\"Home\",\"item\":\"https:\/\/chat-board.dk\/de\/\"},{\"@type\":\"ListItem\",\"position\":2,\"name\":\"Produkte\",\"item\":\"https:\/\/chat-board.dk\/de\/produkte\/\"},{\"@type\":\"ListItem\",\"position\":3,\"name\":\"UNVERZICHTBARES ZUBEH\u00d6R\"}]},{\"@type\":\"WebSite\",\"@id\":\"https:\/\/chat-board.dk\/de\/#website\",\"url\":\"https:\/\/chat-board.dk\/de\/\",\"name\":\"CHAT BOARD\",\"description\":\"\",\"potentialAction\":[{\"@type\":\"SearchAction\",\"target\":{\"@type\":\"EntryPoint\",\"urlTemplate\":\"https:\/\/chat-board.dk\/de\/?s={search_term_string}\"},\"query-input\":{\"@type\":\"PropertyValueSpecification\",\"valueRequired\":true,\"valueName\":\"search_term_string\"}}],\"inLanguage\":\"de-DE\"}]}<\/script>\n<!-- \/ Yoast SEO plugin. -->","yoast_head_json":{"title":"UNVERZICHTBARES ZUBEH\u00d6R - CHAT BOARD","robots":{"index":"index","follow":"follow","max-snippet":"max-snippet:-1","max-image-preview":"max-image-preview:large","max-video-preview":"max-video-preview:-1"},"canonical":"https:\/\/chat-board.dk\/de\/unverzichtbares-zubehor\/","og_locale":"de_DE","og_type":"article","og_title":"UNVERZICHTBARES ZUBEH\u00d6R - CHAT BOARD","og_description":"Wir verf\u00fcgen \u00fcber eine breite Auswahl formstarker und funktionaler Accessoires, entwickelt zur Verwendung mit der gesamten CHAT BOARD\u00ae Kollektion um die bestm\u00f6gliche Nutzung sicherzustellen.","og_url":"https:\/\/chat-board.dk\/de\/unverzichtbares-zubehor\/","og_site_name":"CHAT BOARD","article_modified_time":"2026-03-20T10:39:12+00:00","og_image":[{"width":914,"height":1200,"url":"https:\/\/chat-board.dk\/wp-content\/uploads\/2020\/11\/CHAT-BOARD-Woody-Black-stained-e1605018132180.jpg","type":"image\/jpeg"}],"twitter_card":"summary_large_image","twitter_misc":{"Est. reading time":"1 minute"},"schema":{"@context":"https:\/\/schema.org","@graph":[{"@type":"WebPage","@id":"https:\/\/chat-board.dk\/de\/unverzichtbares-zubehor\/","url":"https:\/\/chat-board.dk\/de\/unverzichtbares-zubehor\/","name":"UNVERZICHTBARES ZUBEH\u00d6R - CHAT BOARD","isPartOf":{"@id":"https:\/\/chat-board.dk\/de\/#website"},"primaryImageOfPage":{"@id":"https:\/\/chat-board.dk\/de\/unverzichtbares-zubehor\/#primaryimage"},"image":{"@id":"https:\/\/chat-board.dk\/de\/unverzichtbares-zubehor\/#primaryimage"},"thumbnailUrl":"https:\/\/chat-board.dk\/wp-content\/uploads\/2020\/11\/CHAT-BOARD-Woody-Black-stained-e1605018132180.jpg","datePublished":"2020-11-10T14:16:09+00:00","dateModified":"2026-03-20T10:39:12+00:00","breadcrumb":{"@id":"https:\/\/chat-board.dk\/de\/unverzichtbares-zubehor\/#breadcrumb"},"inLanguage":"de-DE","potentialAction":[{"@type":"ReadAction","target":["https:\/\/chat-board.dk\/de\/unverzichtbares-zubehor\/"]}]},{"@type":"ImageObject","inLanguage":"de-DE","@id":"https:\/\/chat-board.dk\/de\/unverzichtbares-zubehor\/#primaryimage","url":"https:\/\/chat-board.dk\/wp-content\/uploads\/2020\/11\/CHAT-BOARD-Woody-Black-stained-e1605018132180.jpg","contentUrl":"https:\/\/chat-board.dk\/wp-content\/uploads\/2020\/11\/CHAT-BOARD-Woody-Black-stained-e1605018132180.jpg","width":914,"height":1200,"caption":"CHAT BOARD Woody Eraser and Magnets in black stained ash on Pure White Classic"},{"@type":"BreadcrumbList","@id":"https:\/\/chat-board.dk\/de\/unverzichtbares-zubehor\/#breadcrumb","itemListElement":[{"@type":"ListItem","position":1,"name":"Home","item":"https:\/\/chat-board.dk\/de\/"},{"@type":"ListItem","position":2,"name":"Produkte","item":"https:\/\/chat-board.dk\/de\/produkte\/"},{"@type":"ListItem","position":3,"name":"UNVERZICHTBARES ZUBEH\u00d6R"}]},{"@type":"WebSite","@id":"https:\/\/chat-board.dk\/de\/#website","url":"https:\/\/chat-board.dk\/de\/","name":"CHAT BOARD","description":"","potentialAction":[{"@type":"SearchAction","target":{"@type":"EntryPoint","urlTemplate":"https:\/\/chat-board.dk\/de\/?s={search_term_string}"},"query-input":{"@type":"PropertyValueSpecification","valueRequired":true,"valueName":"search_term_string"}}],"inLanguage":"de-DE"}]}},"_links":{"self":[{"href":"https:\/\/chat-board.dk\/de\/wp-json\/wp\/v2\/product\/1177","targetHints":{"allow":["GET"]}}],"collection":[{"href":"https:\/\/chat-board.dk\/de\/wp-json\/wp\/v2\/product"}],"about":[{"href":"https:\/\/chat-board.dk\/de\/wp-json\/wp\/v2\/types\/product"}],"replies":[{"embeddable":true,"href":"https:\/\/chat-board.dk\/de\/wp-json\/wp\/v2\/comments?post=1177"}],"wp:featuredmedia":[{"embeddable":true,"href":"https:\/\/chat-board.dk\/de\/wp-json\/wp\/v2\/media\/1178"}],"wp:attachment":[{"href":"https:\/\/chat-board.dk\/de\/wp-json\/wp\/v2\/media?parent=1177"}],"wp:term":[{"taxonomy":"product_brand","embeddable":true,"href":"https:\/\/chat-board.dk\/de\/wp-json\/wp\/v2\/product_brand?post=1177"},{"taxonomy":"product_cat","embeddable":true,"href":"https:\/\/chat-board.dk\/de\/wp-json\/wp\/v2\/product_cat?post=1177"},{"taxonomy":"product_tag","embeddable":true,"href":"https:\/\/chat-board.dk\/de\/wp-json\/wp\/v2\/product_tag?post=1177"}],"curies":[{"name":"wp","href":"https:\/\/api.w.org\/{rel}","templated":true}]}}