{"id":11109,"date":"2025-11-25T11:22:10","date_gmt":"2025-11-25T11:21:50","guid":{"rendered":"https:\/\/chat-board.dk\/?post_type=product&#038;p=11109"},"modified":"2026-03-20T12:43:13","modified_gmt":"2026-03-20T10:43:13","slug":"dock","status":"publish","type":"product","link":"https:\/\/chat-board.dk\/de\/dock\/","title":{"rendered":"DOCK"},"content":{"rendered":"<p>CHAT BOARD\u00ae DOCK vereint Funktionalit\u00e4t und \u00c4sthetik in einem kompakten und formvollendeten Design.<\/p>\n<p>Von Natur aus tadellos ordentlich und aufger\u00e4umt, h\u00e4lt DOCK das wichtigste Zubeh\u00f6r des Alltags in perfekter Ordnung und bewahrt Ihre CHAT BOARD\u00ae Stifte und das Reinigungsspray* an einem sicheren Ort auf, der speziell daf\u00fcr konzipiert wurde.<\/p>\n<p>DOCK unterscheidet sich deutlich von anderen und verf\u00fcgt \u00fcber einen integrierten magnetischen Reinigungsschwamm, der sich nahtlos in die sanfte, elegante Form des Hauptger\u00e4ts einf\u00fcgt.<br \/>\nSowohl die DOCK-Aufbewahrungseinheit als auch der dazugeh\u00f6rige Reinigungsschwamm sind magnetisch und k\u00f6nnen an jeder CHAT BOARD\u00ae Glasoberfl\u00e4che befestigt werden. DOCK besteht aus spritzgegossenem ABS mit einer matten Oberfl\u00e4che und ist in drei universell kombinierbaren Farben erh\u00e4ltlich.<\/p>\n<p>CHAT BOARD\u00ae DOCK wurde von Mikkel Bahr, Friis &amp; Moltke Architects entworfen.<\/p>\n<p><em>*Stifte und Reinigungsspray sind nicht im Lieferumfang enthalten und m\u00fcssen separat erworben werden.<\/em><\/p>\n","protected":false},"excerpt":{"rendered":"<p>CHAT BOARD\u00ae DOCK vereint Funktionalit\u00e4t und \u00c4sthetik in einem kompakten und formvollendeten Design.<\/p>\n","protected":false},"featured_media":11056,"comment_status":"closed","ping_status":"closed","template":"","meta":{"_acf_changed":false},"product_brand":[],"product_cat":[112],"product_tag":[],"class_list":{"0":"post-11109","1":"product","2":"type-product","3":"status-publish","4":"has-post-thumbnail","6":"product_cat-zubehor","7":"designer-mikkel-bahr-de","9":"first","10":"instock","11":"shipping-taxable","12":"product-type-simple"},"acf":[],"yoast_head":"<!-- This site is optimized with the Yoast SEO plugin v25.3.1 - https:\/\/yoast.com\/wordpress\/plugins\/seo\/ -->\n<title>DOCK - CHAT BOARD<\/title>\n<meta name=\"robots\" content=\"index, follow, max-snippet:-1, max-image-preview:large, max-video-preview:-1\" \/>\n<link rel=\"canonical\" href=\"https:\/\/chat-board.dk\/de\/dock\/\" \/>\n<meta property=\"og:locale\" content=\"de_DE\" \/>\n<meta property=\"og:type\" content=\"article\" \/>\n<meta property=\"og:title\" content=\"DOCK - CHAT BOARD\" \/>\n<meta property=\"og:description\" content=\"CHAT BOARD\u00ae DOCK vereint Funktionalit\u00e4t und \u00c4sthetik in einem kompakten und formvollendeten Design.\" \/>\n<meta property=\"og:url\" content=\"https:\/\/chat-board.dk\/de\/dock\/\" \/>\n<meta property=\"og:site_name\" content=\"CHAT BOARD\" \/>\n<meta property=\"article:modified_time\" content=\"2026-03-20T10:43:13+00:00\" \/>\n<meta property=\"og:image\" content=\"https:\/\/chat-board.dk\/wp-content\/uploads\/2025\/11\/CHAT-BOARD-DOCK-Greige-web-gallery-scaled.jpg\" \/>\n\t<meta property=\"og:image:width\" content=\"1707\" \/>\n\t<meta property=\"og:image:height\" content=\"2560\" \/>\n\t<meta property=\"og:image:type\" content=\"image\/jpeg\" \/>\n<meta name=\"twitter:card\" content=\"summary_large_image\" \/>\n<meta name=\"twitter:label1\" content=\"Est. reading time\" \/>\n\t<meta name=\"twitter:data1\" content=\"1 minute\" \/>\n<script type=\"application\/ld+json\" class=\"yoast-schema-graph\">{\"@context\":\"https:\/\/schema.org\",\"@graph\":[{\"@type\":\"WebPage\",\"@id\":\"https:\/\/chat-board.dk\/de\/dock\/\",\"url\":\"https:\/\/chat-board.dk\/de\/dock\/\",\"name\":\"DOCK - CHAT BOARD\",\"isPartOf\":{\"@id\":\"https:\/\/chat-board.dk\/de\/#website\"},\"primaryImageOfPage\":{\"@id\":\"https:\/\/chat-board.dk\/de\/dock\/#primaryimage\"},\"image\":{\"@id\":\"https:\/\/chat-board.dk\/de\/dock\/#primaryimage\"},\"thumbnailUrl\":\"https:\/\/chat-board.dk\/wp-content\/uploads\/2025\/11\/CHAT-BOARD-DOCK-Greige-web-gallery-scaled.jpg\",\"datePublished\":\"2025-11-25T11:21:50+00:00\",\"dateModified\":\"2026-03-20T10:43:13+00:00\",\"breadcrumb\":{\"@id\":\"https:\/\/chat-board.dk\/de\/dock\/#breadcrumb\"},\"inLanguage\":\"de-DE\",\"potentialAction\":[{\"@type\":\"ReadAction\",\"target\":[\"https:\/\/chat-board.dk\/de\/dock\/\"]}]},{\"@type\":\"ImageObject\",\"inLanguage\":\"de-DE\",\"@id\":\"https:\/\/chat-board.dk\/de\/dock\/#primaryimage\",\"url\":\"https:\/\/chat-board.dk\/wp-content\/uploads\/2025\/11\/CHAT-BOARD-DOCK-Greige-web-gallery-scaled.jpg\",\"contentUrl\":\"https:\/\/chat-board.dk\/wp-content\/uploads\/2025\/11\/CHAT-BOARD-DOCK-Greige-web-gallery-scaled.jpg\",\"width\":1707,\"height\":2560,\"caption\":\"CHAT BOARD Dock storage unit with integrated eraser sponge - in greige, shown on Orbit glass board, and with pens and cleaner spray\"},{\"@type\":\"BreadcrumbList\",\"@id\":\"https:\/\/chat-board.dk\/de\/dock\/#breadcrumb\",\"itemListElement\":[{\"@type\":\"ListItem\",\"position\":1,\"name\":\"Home\",\"item\":\"https:\/\/chat-board.dk\/de\/\"},{\"@type\":\"ListItem\",\"position\":2,\"name\":\"Produkte\",\"item\":\"https:\/\/chat-board.dk\/de\/produkte\/\"},{\"@type\":\"ListItem\",\"position\":3,\"name\":\"DOCK\"}]},{\"@type\":\"WebSite\",\"@id\":\"https:\/\/chat-board.dk\/de\/#website\",\"url\":\"https:\/\/chat-board.dk\/de\/\",\"name\":\"CHAT BOARD\",\"description\":\"\",\"potentialAction\":[{\"@type\":\"SearchAction\",\"target\":{\"@type\":\"EntryPoint\",\"urlTemplate\":\"https:\/\/chat-board.dk\/de\/?s={search_term_string}\"},\"query-input\":{\"@type\":\"PropertyValueSpecification\",\"valueRequired\":true,\"valueName\":\"search_term_string\"}}],\"inLanguage\":\"de-DE\"}]}<\/script>\n<!-- \/ Yoast SEO plugin. -->","yoast_head_json":{"title":"DOCK - CHAT BOARD","robots":{"index":"index","follow":"follow","max-snippet":"max-snippet:-1","max-image-preview":"max-image-preview:large","max-video-preview":"max-video-preview:-1"},"canonical":"https:\/\/chat-board.dk\/de\/dock\/","og_locale":"de_DE","og_type":"article","og_title":"DOCK - CHAT BOARD","og_description":"CHAT BOARD\u00ae DOCK vereint Funktionalit\u00e4t und \u00c4sthetik in einem kompakten und formvollendeten Design.","og_url":"https:\/\/chat-board.dk\/de\/dock\/","og_site_name":"CHAT BOARD","article_modified_time":"2026-03-20T10:43:13+00:00","og_image":[{"width":1707,"height":2560,"url":"https:\/\/chat-board.dk\/wp-content\/uploads\/2025\/11\/CHAT-BOARD-DOCK-Greige-web-gallery-scaled.jpg","type":"image\/jpeg"}],"twitter_card":"summary_large_image","twitter_misc":{"Est. reading time":"1 minute"},"schema":{"@context":"https:\/\/schema.org","@graph":[{"@type":"WebPage","@id":"https:\/\/chat-board.dk\/de\/dock\/","url":"https:\/\/chat-board.dk\/de\/dock\/","name":"DOCK - CHAT BOARD","isPartOf":{"@id":"https:\/\/chat-board.dk\/de\/#website"},"primaryImageOfPage":{"@id":"https:\/\/chat-board.dk\/de\/dock\/#primaryimage"},"image":{"@id":"https:\/\/chat-board.dk\/de\/dock\/#primaryimage"},"thumbnailUrl":"https:\/\/chat-board.dk\/wp-content\/uploads\/2025\/11\/CHAT-BOARD-DOCK-Greige-web-gallery-scaled.jpg","datePublished":"2025-11-25T11:21:50+00:00","dateModified":"2026-03-20T10:43:13+00:00","breadcrumb":{"@id":"https:\/\/chat-board.dk\/de\/dock\/#breadcrumb"},"inLanguage":"de-DE","potentialAction":[{"@type":"ReadAction","target":["https:\/\/chat-board.dk\/de\/dock\/"]}]},{"@type":"ImageObject","inLanguage":"de-DE","@id":"https:\/\/chat-board.dk\/de\/dock\/#primaryimage","url":"https:\/\/chat-board.dk\/wp-content\/uploads\/2025\/11\/CHAT-BOARD-DOCK-Greige-web-gallery-scaled.jpg","contentUrl":"https:\/\/chat-board.dk\/wp-content\/uploads\/2025\/11\/CHAT-BOARD-DOCK-Greige-web-gallery-scaled.jpg","width":1707,"height":2560,"caption":"CHAT BOARD Dock storage unit with integrated eraser sponge - in greige, shown on Orbit glass board, and with pens and cleaner spray"},{"@type":"BreadcrumbList","@id":"https:\/\/chat-board.dk\/de\/dock\/#breadcrumb","itemListElement":[{"@type":"ListItem","position":1,"name":"Home","item":"https:\/\/chat-board.dk\/de\/"},{"@type":"ListItem","position":2,"name":"Produkte","item":"https:\/\/chat-board.dk\/de\/produkte\/"},{"@type":"ListItem","position":3,"name":"DOCK"}]},{"@type":"WebSite","@id":"https:\/\/chat-board.dk\/de\/#website","url":"https:\/\/chat-board.dk\/de\/","name":"CHAT BOARD","description":"","potentialAction":[{"@type":"SearchAction","target":{"@type":"EntryPoint","urlTemplate":"https:\/\/chat-board.dk\/de\/?s={search_term_string}"},"query-input":{"@type":"PropertyValueSpecification","valueRequired":true,"valueName":"search_term_string"}}],"inLanguage":"de-DE"}]}},"_links":{"self":[{"href":"https:\/\/chat-board.dk\/de\/wp-json\/wp\/v2\/product\/11109","targetHints":{"allow":["GET"]}}],"collection":[{"href":"https:\/\/chat-board.dk\/de\/wp-json\/wp\/v2\/product"}],"about":[{"href":"https:\/\/chat-board.dk\/de\/wp-json\/wp\/v2\/types\/product"}],"replies":[{"embeddable":true,"href":"https:\/\/chat-board.dk\/de\/wp-json\/wp\/v2\/comments?post=11109"}],"wp:featuredmedia":[{"embeddable":true,"href":"https:\/\/chat-board.dk\/de\/wp-json\/wp\/v2\/media\/11056"}],"wp:attachment":[{"href":"https:\/\/chat-board.dk\/de\/wp-json\/wp\/v2\/media?parent=11109"}],"wp:term":[{"taxonomy":"product_brand","embeddable":true,"href":"https:\/\/chat-board.dk\/de\/wp-json\/wp\/v2\/product_brand?post=11109"},{"taxonomy":"product_cat","embeddable":true,"href":"https:\/\/chat-board.dk\/de\/wp-json\/wp\/v2\/product_cat?post=11109"},{"taxonomy":"product_tag","embeddable":true,"href":"https:\/\/chat-board.dk\/de\/wp-json\/wp\/v2\/product_tag?post=11109"}],"curies":[{"name":"wp","href":"https:\/\/api.w.org\/{rel}","templated":true}]}}