{"id":10018,"date":"2024-10-30T12:15:54","date_gmt":"2024-10-30T10:16:54","guid":{"rendered":"https:\/\/chat-board.dk\/?post_type=product&#038;p=10018"},"modified":"2026-03-30T08:40:09","modified_gmt":"2026-03-30T06:40:09","slug":"ambit","status":"publish","type":"product","link":"https:\/\/chat-board.dk\/de\/ambit\/","title":{"rendered":"AMBIT"},"content":{"rendered":"<p>CHAT BOARD\u00ae Ambit markiert einen neuen Ansatz f\u00fcr die wandmontierte magnetische Glastafel. Als Geistesverwandter der beliebten Orbit-Kollektion, verf\u00fcgt es \u00fcber eine \u00e4hnlich geschwungene Silhouette, die dieses Mal in ein wohlproportioniertes Oval umgewandelt wurde, indem der Kreis in der Mitte geteilt und mit einem zentralen Quadrat verbunden wurde.<\/p>\n<p>Ambit ruft diese besondere Art von zeitloser \u00c4sthetik hervor, die der Umgebung sofort ein elegantes, zur\u00fcckhaltendes Gef\u00fchl von Luxus verleiht und so au\u00dfergew\u00f6hnlichen Raumdesigns den perfekten letzten Schliff gibt.<\/p>\n","protected":false},"excerpt":{"rendered":"<p>CHAT BOARD\u00ae Ambit markiert einen neuen Ansatz f\u00fcr die wandmontierte magnetische Glastafel in elegantem Oval.<\/p>\n","protected":false},"featured_media":9948,"comment_status":"open","ping_status":"closed","template":"","meta":{"_acf_changed":false},"product_brand":[],"product_cat":[95],"product_tag":[],"class_list":{"0":"post-10018","1":"product","2":"type-product","3":"status-publish","4":"has-post-thumbnail","6":"product_cat-wand","8":"first","9":"instock","10":"shipping-taxable","11":"product-type-simple"},"acf":[],"yoast_head":"<!-- This site is optimized with the Yoast SEO plugin v25.3.1 - https:\/\/yoast.com\/wordpress\/plugins\/seo\/ -->\n<title>AMBIT - CHAT BOARD<\/title>\n<meta name=\"robots\" content=\"index, follow, max-snippet:-1, max-image-preview:large, max-video-preview:-1\" \/>\n<link rel=\"canonical\" href=\"https:\/\/chat-board.dk\/de\/ambit\/\" \/>\n<meta property=\"og:locale\" content=\"de_DE\" \/>\n<meta property=\"og:type\" content=\"article\" \/>\n<meta property=\"og:title\" content=\"AMBIT - CHAT BOARD\" \/>\n<meta property=\"og:description\" content=\"CHAT BOARD\u00ae Ambit markiert einen neuen Ansatz f\u00fcr die wandmontierte magnetische Glastafel in elegantem Oval.\" \/>\n<meta property=\"og:url\" content=\"https:\/\/chat-board.dk\/de\/ambit\/\" \/>\n<meta property=\"og:site_name\" content=\"CHAT BOARD\" \/>\n<meta property=\"article:modified_time\" content=\"2026-03-30T06:40:09+00:00\" \/>\n<meta property=\"og:image\" content=\"https:\/\/chat-board.dk\/wp-content\/uploads\/2024\/10\/CHAT-BOARD-Ambit-Stone-Petal-ambient-edit-scaled.jpg\" \/>\n\t<meta property=\"og:image:width\" content=\"1827\" \/>\n\t<meta property=\"og:image:height\" content=\"2560\" \/>\n\t<meta property=\"og:image:type\" content=\"image\/jpeg\" \/>\n<meta name=\"twitter:card\" content=\"summary_large_image\" \/>\n<meta name=\"twitter:label1\" content=\"Est. reading time\" \/>\n\t<meta name=\"twitter:data1\" content=\"1 minute\" \/>\n<script type=\"application\/ld+json\" class=\"yoast-schema-graph\">{\"@context\":\"https:\/\/schema.org\",\"@graph\":[{\"@type\":\"WebPage\",\"@id\":\"https:\/\/chat-board.dk\/de\/ambit\/\",\"url\":\"https:\/\/chat-board.dk\/de\/ambit\/\",\"name\":\"AMBIT - CHAT BOARD\",\"isPartOf\":{\"@id\":\"https:\/\/chat-board.dk\/de\/#website\"},\"primaryImageOfPage\":{\"@id\":\"https:\/\/chat-board.dk\/de\/ambit\/#primaryimage\"},\"image\":{\"@id\":\"https:\/\/chat-board.dk\/de\/ambit\/#primaryimage\"},\"thumbnailUrl\":\"https:\/\/chat-board.dk\/wp-content\/uploads\/2024\/10\/CHAT-BOARD-Ambit-Stone-Petal-ambient-edit-scaled.jpg\",\"datePublished\":\"2024-10-30T10:16:54+00:00\",\"dateModified\":\"2026-03-30T06:40:09+00:00\",\"breadcrumb\":{\"@id\":\"https:\/\/chat-board.dk\/de\/ambit\/#breadcrumb\"},\"inLanguage\":\"de-DE\",\"potentialAction\":[{\"@type\":\"ReadAction\",\"target\":[\"https:\/\/chat-board.dk\/de\/ambit\/\"]}]},{\"@type\":\"ImageObject\",\"inLanguage\":\"de-DE\",\"@id\":\"https:\/\/chat-board.dk\/de\/ambit\/#primaryimage\",\"url\":\"https:\/\/chat-board.dk\/wp-content\/uploads\/2024\/10\/CHAT-BOARD-Ambit-Stone-Petal-ambient-edit-scaled.jpg\",\"contentUrl\":\"https:\/\/chat-board.dk\/wp-content\/uploads\/2024\/10\/CHAT-BOARD-Ambit-Stone-Petal-ambient-edit-scaled.jpg\",\"width\":1827,\"height\":2560,\"caption\":\"CHAT BOARD Ambit - oval boards in Pure White and Petal (ambient interior image)\"},{\"@type\":\"BreadcrumbList\",\"@id\":\"https:\/\/chat-board.dk\/de\/ambit\/#breadcrumb\",\"itemListElement\":[{\"@type\":\"ListItem\",\"position\":1,\"name\":\"Home\",\"item\":\"https:\/\/chat-board.dk\/de\/\"},{\"@type\":\"ListItem\",\"position\":2,\"name\":\"Produkte\",\"item\":\"https:\/\/chat-board.dk\/de\/produkte\/\"},{\"@type\":\"ListItem\",\"position\":3,\"name\":\"AMBIT\"}]},{\"@type\":\"WebSite\",\"@id\":\"https:\/\/chat-board.dk\/de\/#website\",\"url\":\"https:\/\/chat-board.dk\/de\/\",\"name\":\"CHAT BOARD\",\"description\":\"\",\"potentialAction\":[{\"@type\":\"SearchAction\",\"target\":{\"@type\":\"EntryPoint\",\"urlTemplate\":\"https:\/\/chat-board.dk\/de\/?s={search_term_string}\"},\"query-input\":{\"@type\":\"PropertyValueSpecification\",\"valueRequired\":true,\"valueName\":\"search_term_string\"}}],\"inLanguage\":\"de-DE\"}]}<\/script>\n<!-- \/ Yoast SEO plugin. -->","yoast_head_json":{"title":"AMBIT - CHAT BOARD","robots":{"index":"index","follow":"follow","max-snippet":"max-snippet:-1","max-image-preview":"max-image-preview:large","max-video-preview":"max-video-preview:-1"},"canonical":"https:\/\/chat-board.dk\/de\/ambit\/","og_locale":"de_DE","og_type":"article","og_title":"AMBIT - CHAT BOARD","og_description":"CHAT BOARD\u00ae Ambit markiert einen neuen Ansatz f\u00fcr die wandmontierte magnetische Glastafel in elegantem Oval.","og_url":"https:\/\/chat-board.dk\/de\/ambit\/","og_site_name":"CHAT BOARD","article_modified_time":"2026-03-30T06:40:09+00:00","og_image":[{"width":1827,"height":2560,"url":"https:\/\/chat-board.dk\/wp-content\/uploads\/2024\/10\/CHAT-BOARD-Ambit-Stone-Petal-ambient-edit-scaled.jpg","type":"image\/jpeg"}],"twitter_card":"summary_large_image","twitter_misc":{"Est. reading time":"1 minute"},"schema":{"@context":"https:\/\/schema.org","@graph":[{"@type":"WebPage","@id":"https:\/\/chat-board.dk\/de\/ambit\/","url":"https:\/\/chat-board.dk\/de\/ambit\/","name":"AMBIT - CHAT BOARD","isPartOf":{"@id":"https:\/\/chat-board.dk\/de\/#website"},"primaryImageOfPage":{"@id":"https:\/\/chat-board.dk\/de\/ambit\/#primaryimage"},"image":{"@id":"https:\/\/chat-board.dk\/de\/ambit\/#primaryimage"},"thumbnailUrl":"https:\/\/chat-board.dk\/wp-content\/uploads\/2024\/10\/CHAT-BOARD-Ambit-Stone-Petal-ambient-edit-scaled.jpg","datePublished":"2024-10-30T10:16:54+00:00","dateModified":"2026-03-30T06:40:09+00:00","breadcrumb":{"@id":"https:\/\/chat-board.dk\/de\/ambit\/#breadcrumb"},"inLanguage":"de-DE","potentialAction":[{"@type":"ReadAction","target":["https:\/\/chat-board.dk\/de\/ambit\/"]}]},{"@type":"ImageObject","inLanguage":"de-DE","@id":"https:\/\/chat-board.dk\/de\/ambit\/#primaryimage","url":"https:\/\/chat-board.dk\/wp-content\/uploads\/2024\/10\/CHAT-BOARD-Ambit-Stone-Petal-ambient-edit-scaled.jpg","contentUrl":"https:\/\/chat-board.dk\/wp-content\/uploads\/2024\/10\/CHAT-BOARD-Ambit-Stone-Petal-ambient-edit-scaled.jpg","width":1827,"height":2560,"caption":"CHAT BOARD Ambit - oval boards in Pure White and Petal (ambient interior image)"},{"@type":"BreadcrumbList","@id":"https:\/\/chat-board.dk\/de\/ambit\/#breadcrumb","itemListElement":[{"@type":"ListItem","position":1,"name":"Home","item":"https:\/\/chat-board.dk\/de\/"},{"@type":"ListItem","position":2,"name":"Produkte","item":"https:\/\/chat-board.dk\/de\/produkte\/"},{"@type":"ListItem","position":3,"name":"AMBIT"}]},{"@type":"WebSite","@id":"https:\/\/chat-board.dk\/de\/#website","url":"https:\/\/chat-board.dk\/de\/","name":"CHAT BOARD","description":"","potentialAction":[{"@type":"SearchAction","target":{"@type":"EntryPoint","urlTemplate":"https:\/\/chat-board.dk\/de\/?s={search_term_string}"},"query-input":{"@type":"PropertyValueSpecification","valueRequired":true,"valueName":"search_term_string"}}],"inLanguage":"de-DE"}]}},"_links":{"self":[{"href":"https:\/\/chat-board.dk\/de\/wp-json\/wp\/v2\/product\/10018","targetHints":{"allow":["GET"]}}],"collection":[{"href":"https:\/\/chat-board.dk\/de\/wp-json\/wp\/v2\/product"}],"about":[{"href":"https:\/\/chat-board.dk\/de\/wp-json\/wp\/v2\/types\/product"}],"replies":[{"embeddable":true,"href":"https:\/\/chat-board.dk\/de\/wp-json\/wp\/v2\/comments?post=10018"}],"wp:featuredmedia":[{"embeddable":true,"href":"https:\/\/chat-board.dk\/de\/wp-json\/wp\/v2\/media\/9948"}],"wp:attachment":[{"href":"https:\/\/chat-board.dk\/de\/wp-json\/wp\/v2\/media?parent=10018"}],"wp:term":[{"taxonomy":"product_brand","embeddable":true,"href":"https:\/\/chat-board.dk\/de\/wp-json\/wp\/v2\/product_brand?post=10018"},{"taxonomy":"product_cat","embeddable":true,"href":"https:\/\/chat-board.dk\/de\/wp-json\/wp\/v2\/product_cat?post=10018"},{"taxonomy":"product_tag","embeddable":true,"href":"https:\/\/chat-board.dk\/de\/wp-json\/wp\/v2\/product_tag?post=10018"}],"curies":[{"name":"wp","href":"https:\/\/api.w.org\/{rel}","templated":true}]}}