{"id":9685,"date":"2024-09-18T15:07:51","date_gmt":"2024-09-18T13:07:51","guid":{"rendered":"https:\/\/chat-board.dk\/datenschutzrichtlinien\/"},"modified":"2024-09-18T15:09:56","modified_gmt":"2024-09-18T13:09:56","slug":"datenschutzrichtlinien","status":"publish","type":"page","link":"https:\/\/chat-board.dk\/de\/datenschutzrichtlinien\/","title":{"rendered":"Datenschutzrichtlinien"},"content":{"rendered":"<p><strong>Datenschutzrichtlinien<\/strong><\/p>\n<p>Bei CHAT BOARD A\/S sind wir uns der Notwendigkeit des Schutzes und der Verteidigung personenbezogener Daten sehr bewusst. Daher halten wir uns an folgende Grunds\u00e4tze:<\/p>\n<ul>\n<li>Keine Weitergabe personenbezogener Daten an Dritte, sofern wir nicht gesetzlich dazu verpflichtet sind.<\/li>\n<li>Keine Erfassung personenbezogener Daten von Dritten.<\/li>\n<li>Das Abonnieren unseres Newsletters ist freiwillig und Sie k\u00f6nnen sich jederzeit wieder abmelden.<\/li>\n<li>Sie k\u00f6nnen jederzeit erfahren, welche Informationen wir im Rahmen der Datenschutz-Grundverordnung (DSGVO) \u00fcber Sie gespeichert haben.<\/li>\n<\/ul>\n<p>Nachfolgend erfahren Sie mehr dar\u00fcber, wie wir Ihre personenbezogenen Daten erfassen, sch\u00fctzen und verwenden.<\/p>\n<p>&nbsp;<\/p>\n<p><strong>Cookies<\/strong><\/p>\n<p>Wir verwenden keine personenbezogenen Cookies. Das bedeutet, dass wir keine personenbezogenen Daten speichern, sondern lediglich Ihr Verhalten auf der Website verfolgen.<\/p>\n<p>&nbsp;<\/p>\n<p><strong>Protokolle und Statistiken<\/strong><br \/>\nWir verwenden Protokollstatistiken auf www.chat-board.dk. Dies bedeutet, dass ein statistisches System Informationen sammelt, die statistische \u00dcbersichten dar\u00fcber liefern, wie viele Besucher unsere Website hatte, woher sie kommen, welchen Teil der Website sie besuchen, wer abspringt usw.<\/p>\n<p>Auf www.chat-board.dk verwenden wir Protokollstatistiken, um unsere Website und ihre Funktionen zu optimieren. Protokollstatistiken werden unter anderem verwendet, um die Benutzerfreundlichkeit und das zielgerichtete Marketing zu verbessern.<\/p>\n<p>&nbsp;<\/p>\n<p><strong>Newsletter<\/strong><br \/>\nWenn Sie sich f\u00fcr unseren Newsletter und \u00e4hnliche Informationen registrieren, speichern wir Ihren Namen und Ihre E-Mail-Adresse, um Ihnen die gew\u00fcnschten Informationen per E-Mail zuzusenden. Sie k\u00f6nnen sich jederzeit \u00fcber den Link am Ende jedes Newsletters abmelden.<\/p>\n<p>Wenn Sie Fragen zu unserer Verarbeitung Ihrer personenbezogenen Daten haben, k\u00f6nnen Sie uns gerne eine E-Mail an info@chat-board.dk senden.<\/p>\n<p>&nbsp;<\/p>\n<p><strong>Ihre Rechte gem\u00e4\u00df der DSGVO<\/strong><\/p>\n<p>Im Zusammenhang mit unserer Verarbeitung Ihrer personenbezogenen Daten haben Sie folgende gesetzliche Rechte:<\/p>\n<ul>\n<li>Das Recht, Informationen \u00fcber die Verarbeitung Ihrer personenbezogenen Daten zu erhalten.<\/li>\n<li>Das Recht, Einblick in Ihre personenbezogenen Daten zu erhalten.<\/li>\n<li>Das Recht, falsche Daten korrigieren zu lassen.<\/li>\n<li>Das Recht, Ihre personenbezogenen Daten l\u00f6schen zu lassen.<\/li>\n<li>Das Recht, Einspruch gegen die Verwendung personenbezogener Daten f\u00fcr Direktmarketing einzulegen.<\/li>\n<li>Das Recht, Einspruch gegen automatische Einzelentscheidungen, einschlie\u00dflich Profilerstellung, einzulegen.<\/li>\n<li>Das Recht, Ihre personenbezogenen Daten zu \u00fcbertragen (Datenportabilit\u00e4t).<\/li>\n<\/ul>\n<p>Alle oben genannten Rechte werden von uns auf Anfrage manuell bearbeitet. Denken Sie daran, Ihren vollst\u00e4ndigen Namen und Ihre E-Mail-Adresse anzugeben, wenn Sie uns kontaktieren. Sie k\u00f6nnen uns unter info@chat-board.dk erreichen.<\/p>\n<p>Wir k\u00f6nnen Anfragen ablehnen, die unangemessen h\u00e4ufig wiederholt werden, unverh\u00e4ltnism\u00e4\u00dfige technische Ma\u00dfnahmen erfordern (z. B. die Entwicklung eines neuen Systems oder die \u00c4nderung bestehender Praktiken), den Schutz der Daten anderer beeintr\u00e4chtigen oder \u00e4hnlich unpraktisch sind.<\/p>\n<p>Wenn wir Informationen korrigieren k\u00f6nnen, tun wir dies kostenlos, es sei denn, es erfordert einen unverh\u00e4ltnism\u00e4\u00dfig gro\u00dfen Aufwand. Wir sind bestrebt, unseren Dienst so aufrechtzuerhalten, dass Informationen vor sch\u00e4dlicher Zerst\u00f6rung gesch\u00fctzt sind. Wenn wir Ihre pers\u00f6nlichen Daten aus unseren Diensten l\u00f6schen, ist es daher m\u00f6glich, dass die zugeh\u00f6rigen Kopien nicht immer sofort aus unseren Archiven entfernt werden und m\u00f6glicherweise erst nach Ablauf der Speicherfrist aus unserem Sicherheits-Backup gel\u00f6scht werden.<\/p>\n<p>Sie k\u00f6nnen jederzeit bei der Datenschutzbeh\u00f6rde, Borgergade 28, 5. sal, 1300 K\u00f8benhavn K, oder \u00fcber deren Website (https:\/\/www.datatilsynet.dk\/borger\/klage-til-datatilsynet\/) Beschwerde einlegen.<br \/>\n<strong>Compliance und Zusammenarbeit mit der Aufsichtsbeh\u00f6rde<\/strong><\/p>\n<p>Wir \u00fcberpr\u00fcfen regelm\u00e4\u00dfig unsere eigene Compliance mit unserer Datenschutzrichtlinie. Wir halten uns auch an mehrere selbstregulierende Sicherheitsrichtlinien. Wenn wir formelle schriftliche Beschwerden erhalten, kontaktieren wir den Absender, um die Angelegenheit weiter zu verfolgen. Wir arbeiten mit den zust\u00e4ndigen Gesetzgebungsbeh\u00f6rden, wie z. B. der Datenschutzbeh\u00f6rde, zusammen, um Beschwerden \u00fcber die \u00dcbermittlung personenbezogener Daten zu l\u00f6sen, die wir nicht direkt mit unseren Nutzern l\u00f6sen k\u00f6nnen.<\/p>\n<p>&nbsp;<\/p>\n<p><strong>\u00c4nderungen<\/strong><\/p>\n<p>Unsere Datenschutzrichtlinie kann sich von Zeit zu Zeit \u00e4ndern. M\u00f6gliche \u00c4nderungen dieser Datenschutzrichtlinie werden auf dieser Seite ver\u00f6ffentlicht und bei wesentlichen \u00c4nderungen werden wir Sie deutlicher darauf hinweisen.<\/p>\n","protected":false},"excerpt":{"rendered":"<p>Datenschutzrichtlinien Bei CHAT BOARD A\/S sind wir uns der Notwendigkeit des Schutzes und der Verteidigung personenbezogener Daten sehr bewusst. Daher halten wir uns an folgende Grunds\u00e4tze: Keine Weitergabe personenbezogener Daten an Dritte, sofern wir nicht gesetzlich dazu verpflichtet sind. Keine Erfassung personenbezogener Daten von Dritten. Das Abonnieren unseres Newsletters ist freiwillig und Sie k\u00f6nnen sich [&hellip;]<\/p>\n","protected":false},"author":3,"featured_media":0,"parent":0,"menu_order":5,"comment_status":"closed","ping_status":"closed","template":"","meta":{"_acf_changed":false,"footnotes":""},"class_list":["post-9685","page","type-page","status-publish","hentry"],"acf":[],"yoast_head":"<!-- This site is optimized with the Yoast SEO plugin v25.3.1 - https:\/\/yoast.com\/wordpress\/plugins\/seo\/ -->\n<title>Datenschutzrichtlinien - CHAT BOARD<\/title>\n<meta name=\"robots\" content=\"index, follow, max-snippet:-1, max-image-preview:large, max-video-preview:-1\" \/>\n<link rel=\"canonical\" href=\"https:\/\/chat-board.dk\/de\/datenschutzrichtlinien\/\" \/>\n<meta property=\"og:locale\" content=\"de_DE\" \/>\n<meta property=\"og:type\" content=\"article\" \/>\n<meta property=\"og:title\" content=\"Datenschutzrichtlinien - CHAT BOARD\" \/>\n<meta property=\"og:description\" content=\"Datenschutzrichtlinien Bei CHAT BOARD A\/S sind wir uns der Notwendigkeit des Schutzes und der Verteidigung personenbezogener Daten sehr bewusst. Daher halten wir uns an folgende Grunds\u00e4tze: Keine Weitergabe personenbezogener Daten an Dritte, sofern wir nicht gesetzlich dazu verpflichtet sind. Keine Erfassung personenbezogener Daten von Dritten. Das Abonnieren unseres Newsletters ist freiwillig und Sie k\u00f6nnen sich [&hellip;]\" \/>\n<meta property=\"og:url\" content=\"https:\/\/chat-board.dk\/de\/datenschutzrichtlinien\/\" \/>\n<meta property=\"og:site_name\" content=\"CHAT BOARD\" \/>\n<meta property=\"article:modified_time\" content=\"2024-09-18T13:09:56+00:00\" \/>\n<meta name=\"twitter:card\" content=\"summary_large_image\" \/>\n<meta name=\"twitter:label1\" content=\"Est. reading time\" \/>\n\t<meta name=\"twitter:data1\" content=\"3 minutes\" \/>\n<script type=\"application\/ld+json\" class=\"yoast-schema-graph\">{\"@context\":\"https:\/\/schema.org\",\"@graph\":[{\"@type\":\"WebPage\",\"@id\":\"https:\/\/chat-board.dk\/de\/datenschutzrichtlinien\/\",\"url\":\"https:\/\/chat-board.dk\/de\/datenschutzrichtlinien\/\",\"name\":\"Datenschutzrichtlinien - CHAT BOARD\",\"isPartOf\":{\"@id\":\"https:\/\/chat-board.dk\/de\/#website\"},\"datePublished\":\"2024-09-18T13:07:51+00:00\",\"dateModified\":\"2024-09-18T13:09:56+00:00\",\"breadcrumb\":{\"@id\":\"https:\/\/chat-board.dk\/de\/datenschutzrichtlinien\/#breadcrumb\"},\"inLanguage\":\"de-DE\",\"potentialAction\":[{\"@type\":\"ReadAction\",\"target\":[\"https:\/\/chat-board.dk\/de\/datenschutzrichtlinien\/\"]}]},{\"@type\":\"BreadcrumbList\",\"@id\":\"https:\/\/chat-board.dk\/de\/datenschutzrichtlinien\/#breadcrumb\",\"itemListElement\":[{\"@type\":\"ListItem\",\"position\":1,\"name\":\"Home\",\"item\":\"https:\/\/chat-board.dk\/de\/\"},{\"@type\":\"ListItem\",\"position\":2,\"name\":\"Datenschutzrichtlinien\"}]},{\"@type\":\"WebSite\",\"@id\":\"https:\/\/chat-board.dk\/de\/#website\",\"url\":\"https:\/\/chat-board.dk\/de\/\",\"name\":\"CHAT BOARD\",\"description\":\"\",\"potentialAction\":[{\"@type\":\"SearchAction\",\"target\":{\"@type\":\"EntryPoint\",\"urlTemplate\":\"https:\/\/chat-board.dk\/de\/?s={search_term_string}\"},\"query-input\":{\"@type\":\"PropertyValueSpecification\",\"valueRequired\":true,\"valueName\":\"search_term_string\"}}],\"inLanguage\":\"de-DE\"}]}<\/script>\n<!-- \/ Yoast SEO plugin. -->","yoast_head_json":{"title":"Datenschutzrichtlinien - CHAT BOARD","robots":{"index":"index","follow":"follow","max-snippet":"max-snippet:-1","max-image-preview":"max-image-preview:large","max-video-preview":"max-video-preview:-1"},"canonical":"https:\/\/chat-board.dk\/de\/datenschutzrichtlinien\/","og_locale":"de_DE","og_type":"article","og_title":"Datenschutzrichtlinien - CHAT BOARD","og_description":"Datenschutzrichtlinien Bei CHAT BOARD A\/S sind wir uns der Notwendigkeit des Schutzes und der Verteidigung personenbezogener Daten sehr bewusst. Daher halten wir uns an folgende Grunds\u00e4tze: Keine Weitergabe personenbezogener Daten an Dritte, sofern wir nicht gesetzlich dazu verpflichtet sind. Keine Erfassung personenbezogener Daten von Dritten. Das Abonnieren unseres Newsletters ist freiwillig und Sie k\u00f6nnen sich [&hellip;]","og_url":"https:\/\/chat-board.dk\/de\/datenschutzrichtlinien\/","og_site_name":"CHAT BOARD","article_modified_time":"2024-09-18T13:09:56+00:00","twitter_card":"summary_large_image","twitter_misc":{"Est. reading time":"3 minutes"},"schema":{"@context":"https:\/\/schema.org","@graph":[{"@type":"WebPage","@id":"https:\/\/chat-board.dk\/de\/datenschutzrichtlinien\/","url":"https:\/\/chat-board.dk\/de\/datenschutzrichtlinien\/","name":"Datenschutzrichtlinien - CHAT BOARD","isPartOf":{"@id":"https:\/\/chat-board.dk\/de\/#website"},"datePublished":"2024-09-18T13:07:51+00:00","dateModified":"2024-09-18T13:09:56+00:00","breadcrumb":{"@id":"https:\/\/chat-board.dk\/de\/datenschutzrichtlinien\/#breadcrumb"},"inLanguage":"de-DE","potentialAction":[{"@type":"ReadAction","target":["https:\/\/chat-board.dk\/de\/datenschutzrichtlinien\/"]}]},{"@type":"BreadcrumbList","@id":"https:\/\/chat-board.dk\/de\/datenschutzrichtlinien\/#breadcrumb","itemListElement":[{"@type":"ListItem","position":1,"name":"Home","item":"https:\/\/chat-board.dk\/de\/"},{"@type":"ListItem","position":2,"name":"Datenschutzrichtlinien"}]},{"@type":"WebSite","@id":"https:\/\/chat-board.dk\/de\/#website","url":"https:\/\/chat-board.dk\/de\/","name":"CHAT BOARD","description":"","potentialAction":[{"@type":"SearchAction","target":{"@type":"EntryPoint","urlTemplate":"https:\/\/chat-board.dk\/de\/?s={search_term_string}"},"query-input":{"@type":"PropertyValueSpecification","valueRequired":true,"valueName":"search_term_string"}}],"inLanguage":"de-DE"}]}},"_links":{"self":[{"href":"https:\/\/chat-board.dk\/de\/wp-json\/wp\/v2\/pages\/9685","targetHints":{"allow":["GET"]}}],"collection":[{"href":"https:\/\/chat-board.dk\/de\/wp-json\/wp\/v2\/pages"}],"about":[{"href":"https:\/\/chat-board.dk\/de\/wp-json\/wp\/v2\/types\/page"}],"author":[{"embeddable":true,"href":"https:\/\/chat-board.dk\/de\/wp-json\/wp\/v2\/users\/3"}],"replies":[{"embeddable":true,"href":"https:\/\/chat-board.dk\/de\/wp-json\/wp\/v2\/comments?post=9685"}],"version-history":[{"count":3,"href":"https:\/\/chat-board.dk\/de\/wp-json\/wp\/v2\/pages\/9685\/revisions"}],"predecessor-version":[{"id":9689,"href":"https:\/\/chat-board.dk\/de\/wp-json\/wp\/v2\/pages\/9685\/revisions\/9689"}],"wp:attachment":[{"href":"https:\/\/chat-board.dk\/de\/wp-json\/wp\/v2\/media?parent=9685"}],"curies":[{"name":"wp","href":"https:\/\/api.w.org\/{rel}","templated":true}]}}