{"id":4840,"date":"2021-04-22T10:13:49","date_gmt":"2021-04-22T08:13:49","guid":{"rendered":"http:\/\/clients.rubystudio.dk\/chatboard\/nachhaltigkeit\/"},"modified":"2026-03-31T09:16:51","modified_gmt":"2026-03-31T07:16:51","slug":"nachhaltigkeit","status":"publish","type":"page","link":"https:\/\/chat-board.dk\/de\/nachhaltigkeit\/","title":{"rendered":"Nachhaltigkeit"},"content":{"rendered":"<p style=\"text-align: center;\">&#8220;Wir arbeiten mit zertifizierten Standards wie Cradle to Cradle Certified\u2122 und EPDs, um vollst\u00e4ndige Transparenz, verantwortungsvollen Materialeinsatz und einen zirkul\u00e4ren Produktlebenszyklus sicherzustellen.&#8221;<\/p>\n<p><img decoding=\"async\" class=\"wp-image-11494 size-full\" src=\"https:\/\/chat-board.dk\/wp-content\/uploads\/2026\/03\/26_11_02-scaled.jpg\" alt=\"Chatboard Coach\" width=\"2560\" height=\"1706\" srcset=\"https:\/\/chat-board.dk\/wp-content\/uploads\/2026\/03\/26_11_02-scaled.jpg 2560w, https:\/\/chat-board.dk\/wp-content\/uploads\/2026\/03\/26_11_02-300x200.jpg 300w, https:\/\/chat-board.dk\/wp-content\/uploads\/2026\/03\/26_11_02-1024x682.jpg 1024w, https:\/\/chat-board.dk\/wp-content\/uploads\/2026\/03\/26_11_02-768x512.jpg 768w, https:\/\/chat-board.dk\/wp-content\/uploads\/2026\/03\/26_11_02-1536x1024.jpg 1536w, https:\/\/chat-board.dk\/wp-content\/uploads\/2026\/03\/26_11_02-2048x1365.jpg 2048w, https:\/\/chat-board.dk\/wp-content\/uploads\/2026\/03\/26_11_02-680x453.jpg 680w, https:\/\/chat-board.dk\/wp-content\/uploads\/2026\/03\/26_11_02-600x400.jpg 600w\" sizes=\"(max-width: 2560px) 100vw, 2560px\" \/><\/p>\n<h4><\/h4>\n<h4><b>Zertifiziertes zirkul\u00e4res Design<\/b><\/h4>\n<p>Unsere Produkte sind Cradle to Cradle Certified\u2122, eine der umfassendsten Zertifizierungen im Bereich des zirkul\u00e4ren Produktdesigns.<\/p>\n<p>Die Zertifizierung bewertet Materialgesundheit, Kreislauff\u00e4higkeit, den Einsatz erneuerbarer Energien, Wasserverantwortung sowie soziale Verantwortung. Sie erfordert vollst\u00e4ndige Transparenz und eine unabh\u00e4ngige Drittpr\u00fcfung \u00fcber den gesamten Produktlebenszyklus hinweg.<\/p>\n<p>Durch die Arbeit innerhalb dieses Rahmens stellen wir sicher, dass unsere Produkte nicht nur langlebig sind, sondern auch Teil eines kontinuierlichen Kreislaufs aus Wiederverwendung und Wiederverwertung werden.<\/p>\n<p><strong>Erfahren Sie hier mehr \u00fcber die Cradle to Cradle-Zertifizierung unserer <a href=\"https:\/\/c2ccertified.org\/certified-products\/chat-board-mobile-sprinter-coach\">mobilen L\u00f6sungen<\/a> und hier \u00fcber unsere <\/strong><a href=\"https:\/\/c2ccertified.org\/certified-products\/chat-board-classic-elements-matt-orbit-ambit\"><strong>wandmontierten L\u00f6sungen.<\/strong><\/a><\/p>\n<div style=\"height: 30px;\"><\/div>\n<h4><\/h4>\n<h4><strong>Dokumentierte Umweltwirkung<\/strong><\/h4>\n<p>Um vollst\u00e4ndige Transparenz \u00fcber die Umweltbilanz unserer Produkte zu gew\u00e4hrleisten, arbeiten wir mit Environmental Product Declarations (EPDs).<\/p>\n<p>Eine EPD basiert auf einer Lebenszyklusanalyse und dokumentiert die Umweltwirkungen eines Produkts \u00fcber dessen gesamten Lebenszyklus hinweg \u2013 von der Rohstoffgewinnung bis zum End-of-Life.<\/p>\n<p>Dieses Ma\u00df an Dokumentation ist essenziell f\u00fcr Architekten, Designer und Projektverantwortliche, die verl\u00e4ssliche Daten f\u00fcr nachhaltige Bauprojekte ben\u00f6tigen.<\/p>\n<p><strong>Unsere <a href=\"https:\/\/www.epddanmark.dk\/epd-databasen\/chat-board-a-s\/\">EPD-Dokumentation<\/a> ansehen<\/strong><\/p>\n<div style=\"height: 30px;\"><\/div>\n<p>&nbsp;<\/p>\n<h4><b>Transparenz und kontinuierliche Weiterentwicklung<\/b><\/h4>\n<p>Wir sind \u00fcberzeugt, dass verantwortungsvolle Produktion mit vollst\u00e4ndiger Materialtransparenz beginnt. Alle Komponenten werden sorgf\u00e4ltig ausgew\u00e4hlt, dokumentiert und bewertet, wodurch Sicherheit und Verantwortung entlang der gesamten Lieferkette gew\u00e4hrleistet werden.<\/p>\n<p>Gleichzeitig legen wir gro\u00dfen Wert darauf, wie und wo unsere Produkte hergestellt werden. Durch energieeffiziente Prozesse, den Einsatz erneuerbarer Energien und enge Zusammenarbeit mit vertrauensw\u00fcrdigen Partnern reduzieren wir die Umweltbelastung, ohne Kompromisse bei Qualit\u00e4t und Konsistenz einzugehen.<\/p>\n<p>Nachhaltigkeit ist ein fortlaufender Prozess. Mit mehreren bereits Cradle to Cradle Certified\u2122 Produkten entwickeln wir unseren Ansatz kontinuierlich weiter und setzen neue Ma\u00dfst\u00e4be f\u00fcr verantwortungsbewusstes Produktdesign.<\/p>\n","protected":false},"excerpt":{"rendered":"<p>&#8220;Wir arbeiten mit zertifizierten Standards wie Cradle to Cradle Certified\u2122 und EPDs, um vollst\u00e4ndige Transparenz, verantwortungsvollen Materialeinsatz und einen zirkul\u00e4ren Produktlebenszyklus sicherzustellen.&#8221; Zertifiziertes zirkul\u00e4res Design Unsere Produkte sind Cradle to Cradle Certified\u2122, eine der umfassendsten Zertifizierungen im Bereich des zirkul\u00e4ren Produktdesigns. Die Zertifizierung bewertet Materialgesundheit, Kreislauff\u00e4higkeit, den Einsatz erneuerbarer Energien, Wasserverantwortung sowie soziale Verantwortung. Sie [&hellip;]<\/p>\n","protected":false},"author":3,"featured_media":0,"parent":0,"menu_order":17,"comment_status":"closed","ping_status":"closed","template":"","meta":{"_acf_changed":false,"footnotes":""},"class_list":["post-4840","page","type-page","status-publish","hentry"],"acf":[],"yoast_head":"<!-- This site is optimized with the Yoast SEO plugin v25.3.1 - https:\/\/yoast.com\/wordpress\/plugins\/seo\/ -->\n<title>Nachhaltigkeit - CHAT BOARD<\/title>\n<meta name=\"description\" content=\"Cradle to Cradle Certified\u2122 und EPDs sichern Transparenz, verantwortungsvolle Materialien und einen zirkul\u00e4ren Produktlebenszyklus.\" \/>\n<meta name=\"robots\" content=\"index, follow, max-snippet:-1, max-image-preview:large, max-video-preview:-1\" \/>\n<link rel=\"canonical\" href=\"https:\/\/chat-board.dk\/de\/nachhaltigkeit\/\" \/>\n<meta property=\"og:locale\" content=\"de_DE\" \/>\n<meta property=\"og:type\" content=\"article\" \/>\n<meta property=\"og:title\" content=\"Nachhaltigkeit - CHAT BOARD\" \/>\n<meta property=\"og:description\" content=\"Cradle to Cradle Certified\u2122 und EPDs sichern Transparenz, verantwortungsvolle Materialien und einen zirkul\u00e4ren Produktlebenszyklus.\" \/>\n<meta property=\"og:url\" content=\"https:\/\/chat-board.dk\/de\/nachhaltigkeit\/\" \/>\n<meta property=\"og:site_name\" content=\"CHAT BOARD\" \/>\n<meta property=\"article:modified_time\" content=\"2026-03-31T07:16:51+00:00\" \/>\n<meta property=\"og:image\" content=\"https:\/\/chat-board.dk\/wp-content\/uploads\/2026\/03\/26_11_02-scaled.jpg\" \/>\n\t<meta property=\"og:image:width\" content=\"2560\" \/>\n\t<meta property=\"og:image:height\" content=\"1706\" \/>\n\t<meta property=\"og:image:type\" content=\"image\/jpeg\" \/>\n<meta name=\"twitter:card\" content=\"summary_large_image\" \/>\n<meta name=\"twitter:label1\" content=\"Est. reading time\" \/>\n\t<meta name=\"twitter:data1\" content=\"2 minutes\" \/>\n<script type=\"application\/ld+json\" class=\"yoast-schema-graph\">{\"@context\":\"https:\/\/schema.org\",\"@graph\":[{\"@type\":\"WebPage\",\"@id\":\"https:\/\/chat-board.dk\/de\/nachhaltigkeit\/\",\"url\":\"https:\/\/chat-board.dk\/de\/nachhaltigkeit\/\",\"name\":\"Nachhaltigkeit - CHAT BOARD\",\"isPartOf\":{\"@id\":\"https:\/\/chat-board.dk\/de\/#website\"},\"primaryImageOfPage\":{\"@id\":\"https:\/\/chat-board.dk\/de\/nachhaltigkeit\/#primaryimage\"},\"image\":{\"@id\":\"https:\/\/chat-board.dk\/de\/nachhaltigkeit\/#primaryimage\"},\"thumbnailUrl\":\"https:\/\/chat-board.dk\/wp-content\/uploads\/2026\/03\/26_11_02-scaled.jpg\",\"datePublished\":\"2021-04-22T08:13:49+00:00\",\"dateModified\":\"2026-03-31T07:16:51+00:00\",\"description\":\"Cradle to Cradle Certified\u2122 und EPDs sichern Transparenz, verantwortungsvolle Materialien und einen zirkul\u00e4ren Produktlebenszyklus.\",\"breadcrumb\":{\"@id\":\"https:\/\/chat-board.dk\/de\/nachhaltigkeit\/#breadcrumb\"},\"inLanguage\":\"de-DE\",\"potentialAction\":[{\"@type\":\"ReadAction\",\"target\":[\"https:\/\/chat-board.dk\/de\/nachhaltigkeit\/\"]}]},{\"@type\":\"ImageObject\",\"inLanguage\":\"de-DE\",\"@id\":\"https:\/\/chat-board.dk\/de\/nachhaltigkeit\/#primaryimage\",\"url\":\"https:\/\/chat-board.dk\/wp-content\/uploads\/2026\/03\/26_11_02-scaled.jpg\",\"contentUrl\":\"https:\/\/chat-board.dk\/wp-content\/uploads\/2026\/03\/26_11_02-scaled.jpg\"},{\"@type\":\"BreadcrumbList\",\"@id\":\"https:\/\/chat-board.dk\/de\/nachhaltigkeit\/#breadcrumb\",\"itemListElement\":[{\"@type\":\"ListItem\",\"position\":1,\"name\":\"Home\",\"item\":\"https:\/\/chat-board.dk\/de\/\"},{\"@type\":\"ListItem\",\"position\":2,\"name\":\"Nachhaltigkeit\"}]},{\"@type\":\"WebSite\",\"@id\":\"https:\/\/chat-board.dk\/de\/#website\",\"url\":\"https:\/\/chat-board.dk\/de\/\",\"name\":\"CHAT BOARD\",\"description\":\"\",\"potentialAction\":[{\"@type\":\"SearchAction\",\"target\":{\"@type\":\"EntryPoint\",\"urlTemplate\":\"https:\/\/chat-board.dk\/de\/?s={search_term_string}\"},\"query-input\":{\"@type\":\"PropertyValueSpecification\",\"valueRequired\":true,\"valueName\":\"search_term_string\"}}],\"inLanguage\":\"de-DE\"}]}<\/script>\n<!-- \/ Yoast SEO plugin. -->","yoast_head_json":{"title":"Nachhaltigkeit - CHAT BOARD","description":"Cradle to Cradle Certified\u2122 und EPDs sichern Transparenz, verantwortungsvolle Materialien und einen zirkul\u00e4ren Produktlebenszyklus.","robots":{"index":"index","follow":"follow","max-snippet":"max-snippet:-1","max-image-preview":"max-image-preview:large","max-video-preview":"max-video-preview:-1"},"canonical":"https:\/\/chat-board.dk\/de\/nachhaltigkeit\/","og_locale":"de_DE","og_type":"article","og_title":"Nachhaltigkeit - CHAT BOARD","og_description":"Cradle to Cradle Certified\u2122 und EPDs sichern Transparenz, verantwortungsvolle Materialien und einen zirkul\u00e4ren Produktlebenszyklus.","og_url":"https:\/\/chat-board.dk\/de\/nachhaltigkeit\/","og_site_name":"CHAT BOARD","article_modified_time":"2026-03-31T07:16:51+00:00","og_image":[{"width":2560,"height":1706,"url":"https:\/\/chat-board.dk\/wp-content\/uploads\/2026\/03\/26_11_02-scaled.jpg","type":"image\/jpeg"}],"twitter_card":"summary_large_image","twitter_misc":{"Est. reading time":"2 minutes"},"schema":{"@context":"https:\/\/schema.org","@graph":[{"@type":"WebPage","@id":"https:\/\/chat-board.dk\/de\/nachhaltigkeit\/","url":"https:\/\/chat-board.dk\/de\/nachhaltigkeit\/","name":"Nachhaltigkeit - CHAT BOARD","isPartOf":{"@id":"https:\/\/chat-board.dk\/de\/#website"},"primaryImageOfPage":{"@id":"https:\/\/chat-board.dk\/de\/nachhaltigkeit\/#primaryimage"},"image":{"@id":"https:\/\/chat-board.dk\/de\/nachhaltigkeit\/#primaryimage"},"thumbnailUrl":"https:\/\/chat-board.dk\/wp-content\/uploads\/2026\/03\/26_11_02-scaled.jpg","datePublished":"2021-04-22T08:13:49+00:00","dateModified":"2026-03-31T07:16:51+00:00","description":"Cradle to Cradle Certified\u2122 und EPDs sichern Transparenz, verantwortungsvolle Materialien und einen zirkul\u00e4ren Produktlebenszyklus.","breadcrumb":{"@id":"https:\/\/chat-board.dk\/de\/nachhaltigkeit\/#breadcrumb"},"inLanguage":"de-DE","potentialAction":[{"@type":"ReadAction","target":["https:\/\/chat-board.dk\/de\/nachhaltigkeit\/"]}]},{"@type":"ImageObject","inLanguage":"de-DE","@id":"https:\/\/chat-board.dk\/de\/nachhaltigkeit\/#primaryimage","url":"https:\/\/chat-board.dk\/wp-content\/uploads\/2026\/03\/26_11_02-scaled.jpg","contentUrl":"https:\/\/chat-board.dk\/wp-content\/uploads\/2026\/03\/26_11_02-scaled.jpg"},{"@type":"BreadcrumbList","@id":"https:\/\/chat-board.dk\/de\/nachhaltigkeit\/#breadcrumb","itemListElement":[{"@type":"ListItem","position":1,"name":"Home","item":"https:\/\/chat-board.dk\/de\/"},{"@type":"ListItem","position":2,"name":"Nachhaltigkeit"}]},{"@type":"WebSite","@id":"https:\/\/chat-board.dk\/de\/#website","url":"https:\/\/chat-board.dk\/de\/","name":"CHAT BOARD","description":"","potentialAction":[{"@type":"SearchAction","target":{"@type":"EntryPoint","urlTemplate":"https:\/\/chat-board.dk\/de\/?s={search_term_string}"},"query-input":{"@type":"PropertyValueSpecification","valueRequired":true,"valueName":"search_term_string"}}],"inLanguage":"de-DE"}]}},"_links":{"self":[{"href":"https:\/\/chat-board.dk\/de\/wp-json\/wp\/v2\/pages\/4840","targetHints":{"allow":["GET"]}}],"collection":[{"href":"https:\/\/chat-board.dk\/de\/wp-json\/wp\/v2\/pages"}],"about":[{"href":"https:\/\/chat-board.dk\/de\/wp-json\/wp\/v2\/types\/page"}],"author":[{"embeddable":true,"href":"https:\/\/chat-board.dk\/de\/wp-json\/wp\/v2\/users\/3"}],"replies":[{"embeddable":true,"href":"https:\/\/chat-board.dk\/de\/wp-json\/wp\/v2\/comments?post=4840"}],"version-history":[{"count":9,"href":"https:\/\/chat-board.dk\/de\/wp-json\/wp\/v2\/pages\/4840\/revisions"}],"predecessor-version":[{"id":11647,"href":"https:\/\/chat-board.dk\/de\/wp-json\/wp\/v2\/pages\/4840\/revisions\/11647"}],"wp:attachment":[{"href":"https:\/\/chat-board.dk\/de\/wp-json\/wp\/v2\/media?parent=4840"}],"curies":[{"name":"wp","href":"https:\/\/api.w.org\/{rel}","templated":true}]}}