{"id":4838,"date":"2021-04-22T10:12:51","date_gmt":"2021-04-22T08:12:51","guid":{"rendered":"http:\/\/clients.rubystudio.dk\/chatboard\/was-wir-tun\/"},"modified":"2024-06-26T09:03:16","modified_gmt":"2024-06-26T07:03:16","slug":"was-wir-tun","status":"publish","type":"page","link":"https:\/\/chat-board.dk\/de\/was-wir-tun\/","title":{"rendered":"\u00dcber uns"},"content":{"rendered":"<h4><strong><i>Unsere Geschichte<\/i><\/strong><\/h4>\n<p>Das Original und die erste ihrer Art, erblickte die magnetische Glastafel CHAT BOARD<sup>\u00ae<\/sup>, im Jahr 2003 als gemeinsame Erfindung des Glasspezialisten Hans Henning Jensen und seiner Hotelierstochter Josefine Honor\u00e9 das Licht der Welt.<\/p>\n<p>Das verbl\u00fcffend einfache Produkt entstand aus dem Wunsch heraus, die herk\u00f6mmliche Tafel auf ein h\u00f6heres \u00e4sthetisches Niveau zu heben und die visuelle Kommunikation zu f\u00f6rdern und zu st\u00e4rken. Die Tafel setzte nicht nur einen neuen Industriestandard als erste schwebende, magnetische Glastafel ohne sichtbare Beschl\u00e4ge, sondern f\u00f6rderte auch die Verwendung von farbigen Glasoberfl\u00e4chen in der Inneneinrichtung.<\/p>\n<p>Seitdem sind sowohl das Unternehmen als auch die Kollektion deutlich gewachsen und vielf\u00e4ltiger geworden. Das Portfolio umfasst heute eine breite und st\u00e4ndig wachsende Palette von einander erg\u00e4nzenden Produkten, die bei Kunden auf der ganzen Welt beliebt sind.<\/p>\n<p>CHAT BOARD bleibt in Familienhand und setzt mit Stolz die Reise fort, die vor zwei Jahrzehnten begonnen hat.<\/p>\n<p>&nbsp;<\/p>\n<h4><em><strong>Wir setzen unsere Ambitionen um: was wir tun<\/strong><\/em><\/h4>\n<p>Tief verwurzelt in der skandinavischen Designtradition, verk\u00f6rpert ein CHAT BOARD-Produkt in Design, Material und Handwerkskunst ein kompromissloses Bekenntnis zu Qualit\u00e4t.<\/p>\n<p>Wir arbeiten eng mit f\u00fchrenden Designern zusammen, um sch\u00f6ne, funktionale und innovative Designs zu entwickeln, die den kreativen Dialog zwischen Menschen sowohl im beruflichen als auch im h\u00e4uslichen Umfeld f\u00f6rdern und unterst\u00fctzen.<\/p>\n<p>Jedes St\u00fcck der Kollektion wird in unserer Fabrik in der N\u00e4he von Kopenhagen handgefertigt und qualit\u00e4tskontrolliert, und die Rohmaterialien beziehen wir von einigen wenigen handverlesenen Lieferanten vor Ort und in der EU. Dies erm\u00f6glicht uns nicht nur die vollst\u00e4ndige Kontrolle \u00fcber unsere Lieferkette, sondern tr\u00e4gt auch dazu bei, die konkurrenzlose und gleichbleibende Qualit\u00e4t unserer Produkte zu gew\u00e4hrleisten, w\u00e4hrend wir gleichzeitig die Vorlaufzeiten selbst bei kundenspezifischen L\u00f6sungen auf einem \u00e4u\u00dferst wettbewerbsf\u00e4higen Niveau halten k\u00f6nnen.<\/p>\n<p>&nbsp;<\/p>\n<div style=\"width: 1920px;\" class=\"wp-video\"><!--[if lt IE 9]><script>document.createElement('video');<\/script><![endif]-->\n<video class=\"wp-video-shortcode\" id=\"video-4838-1\" width=\"1920\" height=\"1080\" autoplay preload=\"metadata\" controls=\"controls\"><source type=\"video\/mp4\" src=\"https:\/\/chat-board.dk\/wp-content\/uploads\/2024\/06\/Chat-Board.mp4?_=1\" \/><a href=\"https:\/\/chat-board.dk\/wp-content\/uploads\/2024\/06\/Chat-Board.mp4\">https:\/\/chat-board.dk\/wp-content\/uploads\/2024\/06\/Chat-Board.mp4<\/a><\/video><\/div>\n<p>&nbsp;<\/p>\n","protected":false},"excerpt":{"rendered":"<p>Unsere Geschichte Das Original und die erste ihrer Art, erblickte die magnetische Glastafel CHAT BOARD\u00ae, im Jahr 2003 als gemeinsame Erfindung des Glasspezialisten Hans Henning Jensen und seiner Hotelierstochter Josefine Honor\u00e9 das Licht der Welt. Das verbl\u00fcffend einfache Produkt entstand aus dem Wunsch heraus, die herk\u00f6mmliche Tafel auf ein h\u00f6heres \u00e4sthetisches Niveau zu heben und [&hellip;]<\/p>\n","protected":false},"author":2,"featured_media":0,"parent":0,"menu_order":10,"comment_status":"closed","ping_status":"closed","template":"","meta":{"_acf_changed":false,"footnotes":""},"class_list":["post-4838","page","type-page","status-publish","hentry"],"acf":[],"yoast_head":"<!-- This site is optimized with the Yoast SEO plugin v25.3.1 - https:\/\/yoast.com\/wordpress\/plugins\/seo\/ -->\n<title>\u00dcber uns - CHAT BOARD<\/title>\n<meta name=\"robots\" content=\"index, follow, max-snippet:-1, max-image-preview:large, max-video-preview:-1\" \/>\n<link rel=\"canonical\" href=\"https:\/\/chat-board.dk\/de\/was-wir-tun\/\" \/>\n<meta property=\"og:locale\" content=\"de_DE\" \/>\n<meta property=\"og:type\" content=\"article\" \/>\n<meta property=\"og:title\" content=\"\u00dcber uns - CHAT BOARD\" \/>\n<meta property=\"og:description\" content=\"Unsere Geschichte Das Original und die erste ihrer Art, erblickte die magnetische Glastafel CHAT BOARD\u00ae, im Jahr 2003 als gemeinsame Erfindung des Glasspezialisten Hans Henning Jensen und seiner Hotelierstochter Josefine Honor\u00e9 das Licht der Welt. Das verbl\u00fcffend einfache Produkt entstand aus dem Wunsch heraus, die herk\u00f6mmliche Tafel auf ein h\u00f6heres \u00e4sthetisches Niveau zu heben und [&hellip;]\" \/>\n<meta property=\"og:url\" content=\"https:\/\/chat-board.dk\/de\/was-wir-tun\/\" \/>\n<meta property=\"og:site_name\" content=\"CHAT BOARD\" \/>\n<meta property=\"article:modified_time\" content=\"2024-06-26T07:03:16+00:00\" \/>\n<meta name=\"twitter:card\" content=\"summary_large_image\" \/>\n<meta name=\"twitter:label1\" content=\"Est. reading time\" \/>\n\t<meta name=\"twitter:data1\" content=\"2 minutes\" \/>\n<script type=\"application\/ld+json\" class=\"yoast-schema-graph\">{\"@context\":\"https:\/\/schema.org\",\"@graph\":[{\"@type\":\"WebPage\",\"@id\":\"https:\/\/chat-board.dk\/de\/was-wir-tun\/\",\"url\":\"https:\/\/chat-board.dk\/de\/was-wir-tun\/\",\"name\":\"\u00dcber uns - CHAT BOARD\",\"isPartOf\":{\"@id\":\"https:\/\/chat-board.dk\/de\/#website\"},\"datePublished\":\"2021-04-22T08:12:51+00:00\",\"dateModified\":\"2024-06-26T07:03:16+00:00\",\"breadcrumb\":{\"@id\":\"https:\/\/chat-board.dk\/de\/was-wir-tun\/#breadcrumb\"},\"inLanguage\":\"de-DE\",\"potentialAction\":[{\"@type\":\"ReadAction\",\"target\":[\"https:\/\/chat-board.dk\/de\/was-wir-tun\/\"]}]},{\"@type\":\"BreadcrumbList\",\"@id\":\"https:\/\/chat-board.dk\/de\/was-wir-tun\/#breadcrumb\",\"itemListElement\":[{\"@type\":\"ListItem\",\"position\":1,\"name\":\"Home\",\"item\":\"https:\/\/chat-board.dk\/de\/\"},{\"@type\":\"ListItem\",\"position\":2,\"name\":\"\u00dcber uns\"}]},{\"@type\":\"WebSite\",\"@id\":\"https:\/\/chat-board.dk\/de\/#website\",\"url\":\"https:\/\/chat-board.dk\/de\/\",\"name\":\"CHAT BOARD\",\"description\":\"\",\"potentialAction\":[{\"@type\":\"SearchAction\",\"target\":{\"@type\":\"EntryPoint\",\"urlTemplate\":\"https:\/\/chat-board.dk\/de\/?s={search_term_string}\"},\"query-input\":{\"@type\":\"PropertyValueSpecification\",\"valueRequired\":true,\"valueName\":\"search_term_string\"}}],\"inLanguage\":\"de-DE\"}]}<\/script>\n<!-- \/ Yoast SEO plugin. -->","yoast_head_json":{"title":"\u00dcber uns - CHAT BOARD","robots":{"index":"index","follow":"follow","max-snippet":"max-snippet:-1","max-image-preview":"max-image-preview:large","max-video-preview":"max-video-preview:-1"},"canonical":"https:\/\/chat-board.dk\/de\/was-wir-tun\/","og_locale":"de_DE","og_type":"article","og_title":"\u00dcber uns - CHAT BOARD","og_description":"Unsere Geschichte Das Original und die erste ihrer Art, erblickte die magnetische Glastafel CHAT BOARD\u00ae, im Jahr 2003 als gemeinsame Erfindung des Glasspezialisten Hans Henning Jensen und seiner Hotelierstochter Josefine Honor\u00e9 das Licht der Welt. Das verbl\u00fcffend einfache Produkt entstand aus dem Wunsch heraus, die herk\u00f6mmliche Tafel auf ein h\u00f6heres \u00e4sthetisches Niveau zu heben und [&hellip;]","og_url":"https:\/\/chat-board.dk\/de\/was-wir-tun\/","og_site_name":"CHAT BOARD","article_modified_time":"2024-06-26T07:03:16+00:00","twitter_card":"summary_large_image","twitter_misc":{"Est. reading time":"2 minutes"},"schema":{"@context":"https:\/\/schema.org","@graph":[{"@type":"WebPage","@id":"https:\/\/chat-board.dk\/de\/was-wir-tun\/","url":"https:\/\/chat-board.dk\/de\/was-wir-tun\/","name":"\u00dcber uns - CHAT BOARD","isPartOf":{"@id":"https:\/\/chat-board.dk\/de\/#website"},"datePublished":"2021-04-22T08:12:51+00:00","dateModified":"2024-06-26T07:03:16+00:00","breadcrumb":{"@id":"https:\/\/chat-board.dk\/de\/was-wir-tun\/#breadcrumb"},"inLanguage":"de-DE","potentialAction":[{"@type":"ReadAction","target":["https:\/\/chat-board.dk\/de\/was-wir-tun\/"]}]},{"@type":"BreadcrumbList","@id":"https:\/\/chat-board.dk\/de\/was-wir-tun\/#breadcrumb","itemListElement":[{"@type":"ListItem","position":1,"name":"Home","item":"https:\/\/chat-board.dk\/de\/"},{"@type":"ListItem","position":2,"name":"\u00dcber uns"}]},{"@type":"WebSite","@id":"https:\/\/chat-board.dk\/de\/#website","url":"https:\/\/chat-board.dk\/de\/","name":"CHAT BOARD","description":"","potentialAction":[{"@type":"SearchAction","target":{"@type":"EntryPoint","urlTemplate":"https:\/\/chat-board.dk\/de\/?s={search_term_string}"},"query-input":{"@type":"PropertyValueSpecification","valueRequired":true,"valueName":"search_term_string"}}],"inLanguage":"de-DE"}]}},"_links":{"self":[{"href":"https:\/\/chat-board.dk\/de\/wp-json\/wp\/v2\/pages\/4838","targetHints":{"allow":["GET"]}}],"collection":[{"href":"https:\/\/chat-board.dk\/de\/wp-json\/wp\/v2\/pages"}],"about":[{"href":"https:\/\/chat-board.dk\/de\/wp-json\/wp\/v2\/types\/page"}],"author":[{"embeddable":true,"href":"https:\/\/chat-board.dk\/de\/wp-json\/wp\/v2\/users\/2"}],"replies":[{"embeddable":true,"href":"https:\/\/chat-board.dk\/de\/wp-json\/wp\/v2\/comments?post=4838"}],"version-history":[{"count":4,"href":"https:\/\/chat-board.dk\/de\/wp-json\/wp\/v2\/pages\/4838\/revisions"}],"predecessor-version":[{"id":9629,"href":"https:\/\/chat-board.dk\/de\/wp-json\/wp\/v2\/pages\/4838\/revisions\/9629"}],"wp:attachment":[{"href":"https:\/\/chat-board.dk\/de\/wp-json\/wp\/v2\/media?parent=4838"}],"curies":[{"name":"wp","href":"https:\/\/api.w.org\/{rel}","templated":true}]}}