{"id":1138,"date":"2020-12-07T16:27:48","date_gmt":"2020-12-07T14:27:48","guid":{"rendered":"http:\/\/clients.rubystudio.dk\/chatboard\/?page_id=1138"},"modified":"2026-03-27T13:53:20","modified_gmt":"2026-03-27T11:53:20","slug":"kontakt","status":"publish","type":"page","link":"https:\/\/chat-board.dk\/de\/kontakt\/","title":{"rendered":"Kontakt"},"content":{"rendered":"<p style=\"text-align: center;\"><strong>Hauptsitz<\/strong><\/p>\n<p style=\"text-align: center;\">CHAT BOARD A\/S<br \/>\nTempovej 10 C<br \/>\n2750 Ballerup<br \/>\nD\u00e4nemark<\/p>\n<p class=\"p1\" style=\"text-align: center;\">Tel. +45 4484 5144<br \/>\n<a href=\"mailto:info@chat-board.dk\">info@chat-board.dk<\/a><\/p>\n<p class=\"p1\" style=\"text-align: center;\">St.-Nr.: DK15806230<\/p>\n<p>&nbsp;<\/p>\n<h1 style=\"text-align: center;\">Showrooms<\/h1>\n<p style=\"text-align: center;\"><strong>Design Post K\u00f6ln<\/strong><\/p>\n<p class=\"p1\" style=\"text-align: center;\">Deutz-M\u00fclheimer-Str. 22a<br \/>\nD-50679 K\u00f6ln<\/p>\n<p class=\"p1\" style=\"text-align: center;\">Mo.-Di. <em>nach Vereinbarung<\/em><br \/>\nMi.-Fr. 10.00-18.00<br \/>\nSa. 10.00-16.00<\/p>\n<p>&nbsp;<\/p>\n<p style=\"text-align: center;\"><strong>Showroom M\u00fcnchen<\/strong><\/p>\n<p class=\"p1\" style=\"text-align: center;\">Marsstra\u00dfe 74<br \/>\nD-80335 M\u00fcnchen<\/p>\n<p class=\"p1\" style=\"text-align: center;\">Mo.-Do. 9.00-18.00<br \/>\nFr. 9.00-14.00<\/p>\n<p>&nbsp;<\/p>\n<p>&nbsp;<\/p>\n<h2 style=\"text-align: center;\">VERKAUFSTEAM<\/h2>\n","protected":false},"excerpt":{"rendered":"<p>Hauptsitz CHAT BOARD A\/S Tempovej 10 C 2750 Ballerup D\u00e4nemark Tel. +45 4484 5144 info@chat-board.dk St.-Nr.: DK15806230 &nbsp; Showrooms Design Post K\u00f6ln Deutz-M\u00fclheimer-Str. 22a D-50679 K\u00f6ln Mo.-Di. nach Vereinbarung Mi.-Fr. 10.00-18.00 Sa. 10.00-16.00 &nbsp; Showroom M\u00fcnchen Marsstra\u00dfe 74 D-80335 M\u00fcnchen Mo.-Do. 9.00-18.00 Fr. 9.00-14.00 &nbsp; &nbsp; VERKAUFSTEAM<\/p>\n","protected":false},"author":3,"featured_media":0,"parent":0,"menu_order":30,"comment_status":"closed","ping_status":"closed","template":"templates\/page-contact.php","meta":{"_acf_changed":false,"footnotes":""},"class_list":["post-1138","page","type-page","status-publish","hentry"],"acf":[],"yoast_head":"<!-- This site is optimized with the Yoast SEO plugin v25.3.1 - https:\/\/yoast.com\/wordpress\/plugins\/seo\/ -->\n<title>Kontakt - CHAT BOARD<\/title>\n<meta name=\"robots\" content=\"index, follow, max-snippet:-1, max-image-preview:large, max-video-preview:-1\" \/>\n<link rel=\"canonical\" href=\"https:\/\/chat-board.dk\/de\/kontakt\/\" \/>\n<meta property=\"og:locale\" content=\"de_DE\" \/>\n<meta property=\"og:type\" content=\"article\" \/>\n<meta property=\"og:title\" content=\"Kontakt - CHAT BOARD\" \/>\n<meta property=\"og:description\" content=\"Hauptsitz CHAT BOARD A\/S Tempovej 10 C 2750 Ballerup D\u00e4nemark Tel. +45 4484 5144 info@chat-board.dk St.-Nr.: DK15806230 &nbsp; Showrooms Design Post K\u00f6ln Deutz-M\u00fclheimer-Str. 22a D-50679 K\u00f6ln Mo.-Di. nach Vereinbarung Mi.-Fr. 10.00-18.00 Sa. 10.00-16.00 &nbsp; Showroom M\u00fcnchen Marsstra\u00dfe 74 D-80335 M\u00fcnchen Mo.-Do. 9.00-18.00 Fr. 9.00-14.00 &nbsp; &nbsp; VERKAUFSTEAM\" \/>\n<meta property=\"og:url\" content=\"https:\/\/chat-board.dk\/de\/kontakt\/\" \/>\n<meta property=\"og:site_name\" content=\"CHAT BOARD\" \/>\n<meta property=\"article:modified_time\" content=\"2026-03-27T11:53:20+00:00\" \/>\n<meta name=\"twitter:card\" content=\"summary_large_image\" \/>\n<meta name=\"twitter:label1\" content=\"Est. reading time\" \/>\n\t<meta name=\"twitter:data1\" content=\"1 minute\" \/>\n<script type=\"application\/ld+json\" class=\"yoast-schema-graph\">{\"@context\":\"https:\/\/schema.org\",\"@graph\":[{\"@type\":\"WebPage\",\"@id\":\"https:\/\/chat-board.dk\/de\/kontakt\/\",\"url\":\"https:\/\/chat-board.dk\/de\/kontakt\/\",\"name\":\"Kontakt - CHAT BOARD\",\"isPartOf\":{\"@id\":\"https:\/\/chat-board.dk\/de\/#website\"},\"datePublished\":\"2020-12-07T14:27:48+00:00\",\"dateModified\":\"2026-03-27T11:53:20+00:00\",\"breadcrumb\":{\"@id\":\"https:\/\/chat-board.dk\/de\/kontakt\/#breadcrumb\"},\"inLanguage\":\"de-DE\",\"potentialAction\":[{\"@type\":\"ReadAction\",\"target\":[\"https:\/\/chat-board.dk\/de\/kontakt\/\"]}]},{\"@type\":\"BreadcrumbList\",\"@id\":\"https:\/\/chat-board.dk\/de\/kontakt\/#breadcrumb\",\"itemListElement\":[{\"@type\":\"ListItem\",\"position\":1,\"name\":\"Home\",\"item\":\"https:\/\/chat-board.dk\/de\/\"},{\"@type\":\"ListItem\",\"position\":2,\"name\":\"Kontakt\"}]},{\"@type\":\"WebSite\",\"@id\":\"https:\/\/chat-board.dk\/de\/#website\",\"url\":\"https:\/\/chat-board.dk\/de\/\",\"name\":\"CHAT BOARD\",\"description\":\"\",\"potentialAction\":[{\"@type\":\"SearchAction\",\"target\":{\"@type\":\"EntryPoint\",\"urlTemplate\":\"https:\/\/chat-board.dk\/de\/?s={search_term_string}\"},\"query-input\":{\"@type\":\"PropertyValueSpecification\",\"valueRequired\":true,\"valueName\":\"search_term_string\"}}],\"inLanguage\":\"de-DE\"}]}<\/script>\n<!-- \/ Yoast SEO plugin. -->","yoast_head_json":{"title":"Kontakt - CHAT BOARD","robots":{"index":"index","follow":"follow","max-snippet":"max-snippet:-1","max-image-preview":"max-image-preview:large","max-video-preview":"max-video-preview:-1"},"canonical":"https:\/\/chat-board.dk\/de\/kontakt\/","og_locale":"de_DE","og_type":"article","og_title":"Kontakt - CHAT BOARD","og_description":"Hauptsitz CHAT BOARD A\/S Tempovej 10 C 2750 Ballerup D\u00e4nemark Tel. +45 4484 5144 info@chat-board.dk St.-Nr.: DK15806230 &nbsp; Showrooms Design Post K\u00f6ln Deutz-M\u00fclheimer-Str. 22a D-50679 K\u00f6ln Mo.-Di. nach Vereinbarung Mi.-Fr. 10.00-18.00 Sa. 10.00-16.00 &nbsp; Showroom M\u00fcnchen Marsstra\u00dfe 74 D-80335 M\u00fcnchen Mo.-Do. 9.00-18.00 Fr. 9.00-14.00 &nbsp; &nbsp; VERKAUFSTEAM","og_url":"https:\/\/chat-board.dk\/de\/kontakt\/","og_site_name":"CHAT BOARD","article_modified_time":"2026-03-27T11:53:20+00:00","twitter_card":"summary_large_image","twitter_misc":{"Est. reading time":"1 minute"},"schema":{"@context":"https:\/\/schema.org","@graph":[{"@type":"WebPage","@id":"https:\/\/chat-board.dk\/de\/kontakt\/","url":"https:\/\/chat-board.dk\/de\/kontakt\/","name":"Kontakt - CHAT BOARD","isPartOf":{"@id":"https:\/\/chat-board.dk\/de\/#website"},"datePublished":"2020-12-07T14:27:48+00:00","dateModified":"2026-03-27T11:53:20+00:00","breadcrumb":{"@id":"https:\/\/chat-board.dk\/de\/kontakt\/#breadcrumb"},"inLanguage":"de-DE","potentialAction":[{"@type":"ReadAction","target":["https:\/\/chat-board.dk\/de\/kontakt\/"]}]},{"@type":"BreadcrumbList","@id":"https:\/\/chat-board.dk\/de\/kontakt\/#breadcrumb","itemListElement":[{"@type":"ListItem","position":1,"name":"Home","item":"https:\/\/chat-board.dk\/de\/"},{"@type":"ListItem","position":2,"name":"Kontakt"}]},{"@type":"WebSite","@id":"https:\/\/chat-board.dk\/de\/#website","url":"https:\/\/chat-board.dk\/de\/","name":"CHAT BOARD","description":"","potentialAction":[{"@type":"SearchAction","target":{"@type":"EntryPoint","urlTemplate":"https:\/\/chat-board.dk\/de\/?s={search_term_string}"},"query-input":{"@type":"PropertyValueSpecification","valueRequired":true,"valueName":"search_term_string"}}],"inLanguage":"de-DE"}]}},"_links":{"self":[{"href":"https:\/\/chat-board.dk\/de\/wp-json\/wp\/v2\/pages\/1138","targetHints":{"allow":["GET"]}}],"collection":[{"href":"https:\/\/chat-board.dk\/de\/wp-json\/wp\/v2\/pages"}],"about":[{"href":"https:\/\/chat-board.dk\/de\/wp-json\/wp\/v2\/types\/page"}],"author":[{"embeddable":true,"href":"https:\/\/chat-board.dk\/de\/wp-json\/wp\/v2\/users\/3"}],"replies":[{"embeddable":true,"href":"https:\/\/chat-board.dk\/de\/wp-json\/wp\/v2\/comments?post=1138"}],"version-history":[{"count":30,"href":"https:\/\/chat-board.dk\/de\/wp-json\/wp\/v2\/pages\/1138\/revisions"}],"predecessor-version":[{"id":11584,"href":"https:\/\/chat-board.dk\/de\/wp-json\/wp\/v2\/pages\/1138\/revisions\/11584"}],"wp:attachment":[{"href":"https:\/\/chat-board.dk\/de\/wp-json\/wp\/v2\/media?parent=1138"}],"curies":[{"name":"wp","href":"https:\/\/api.w.org\/{rel}","templated":true}]}}