{"id":10511,"date":"2025-01-30T11:58:25","date_gmt":"2025-01-30T09:58:25","guid":{"rendered":"https:\/\/chat-board.dk\/warum-chat-board-waehlen\/"},"modified":"2025-01-30T11:59:14","modified_gmt":"2025-01-30T09:59:14","slug":"warum-chat-board-waehlen","status":"publish","type":"page","link":"https:\/\/chat-board.dk\/de\/warum-chat-board-waehlen\/","title":{"rendered":"Warum CHAT BOARD w\u00e4hlen?"},"content":{"rendered":"<h4 style=\"text-align: center;\">USPs<\/h4>\n<p>&nbsp;<\/p>\n<h4><\/h4>\n<h4><em><strong><img decoding=\"async\" class=\"alignnone wp-image-10368\" src=\"https:\/\/chat-board.dk\/wp-content\/uploads\/2025\/01\/CHAT-BOARD-USP-1-1-300x300.png\" alt=\"At CHAT BOARD we can tailor most of our products to your specifications and in accordance with your project needs\" width=\"250\" height=\"250\" srcset=\"https:\/\/chat-board.dk\/wp-content\/uploads\/2025\/01\/CHAT-BOARD-USP-1-1-300x300.png 300w, https:\/\/chat-board.dk\/wp-content\/uploads\/2025\/01\/CHAT-BOARD-USP-1-1-1024x1024.png 1024w, https:\/\/chat-board.dk\/wp-content\/uploads\/2025\/01\/CHAT-BOARD-USP-1-1-150x150.png 150w, https:\/\/chat-board.dk\/wp-content\/uploads\/2025\/01\/CHAT-BOARD-USP-1-1-768x768.png 768w, https:\/\/chat-board.dk\/wp-content\/uploads\/2025\/01\/CHAT-BOARD-USP-1-1-1536x1536.png 1536w, https:\/\/chat-board.dk\/wp-content\/uploads\/2025\/01\/CHAT-BOARD-USP-1-1-2048x2048.png 2048w, https:\/\/chat-board.dk\/wp-content\/uploads\/2025\/01\/CHAT-BOARD-USP-1-1-680x680.png 680w, https:\/\/chat-board.dk\/wp-content\/uploads\/2025\/01\/CHAT-BOARD-USP-1-1-600x600.png 600w, https:\/\/chat-board.dk\/wp-content\/uploads\/2025\/01\/CHAT-BOARD-USP-1-1-100x100.png 100w\" sizes=\"(max-width: 250px) 100vw, 250px\" \/><\/strong><\/em><\/h4>\n<h4><\/h4>\n<h4><strong>Sie entwerfen es, wir machen es<\/strong><\/h4>\n<p>Die meisten CHAT BOARD<sup>\u00ae<\/sup>-Produkte k\u00f6nnen <strong>nach Ihren Vorgaben gefertigt<\/strong> und an die Anforderungen jedes einzelnen Projekts angepasst werden. So k\u00f6nnen beispielsweise wandmontierte Tafeln in <strong>Sondergr\u00f6\u00dfen<\/strong> gefertigt werden, w\u00e4hrend das Glas in <strong>benutzerdefinierten Farben<\/strong> (aus den NCS- und RAL-Standardpaletten) beschichtet oder mit Bildern, Logos oder Grafikdesigns Ihrer Wahl <strong>bedruckt <\/strong>werden kann. Rahmen k\u00f6nnen individuell angepasst werden und Stoffe k\u00f6nnen bei Bedarf oft in alternative Farben und Varianten ge\u00e4ndert werden.<\/p>\n<p>Selbst freistehende Einheiten (z. B. Dynamic) k\u00f6nnen bei Bedarf ab gr\u00f6\u00dferen St\u00fcckzahlen an die Bed\u00fcrfnisse und W\u00fcnsche des Kunden angepasst werden.<\/p>\n<p>&nbsp;<\/p>\n<h4><em><strong><img decoding=\"async\" class=\"alignnone wp-image-10348\" src=\"https:\/\/chat-board.dk\/wp-content\/uploads\/2025\/01\/CHAT-BOARD-USP-2-300x300.png\" alt=\"CHAT BOARD products are hand finished and quality controlled in Denmark\" width=\"250\" height=\"250\" srcset=\"https:\/\/chat-board.dk\/wp-content\/uploads\/2025\/01\/CHAT-BOARD-USP-2-300x300.png 300w, https:\/\/chat-board.dk\/wp-content\/uploads\/2025\/01\/CHAT-BOARD-USP-2-1024x1024.png 1024w, https:\/\/chat-board.dk\/wp-content\/uploads\/2025\/01\/CHAT-BOARD-USP-2-150x150.png 150w, https:\/\/chat-board.dk\/wp-content\/uploads\/2025\/01\/CHAT-BOARD-USP-2-768x768.png 768w, https:\/\/chat-board.dk\/wp-content\/uploads\/2025\/01\/CHAT-BOARD-USP-2-1536x1536.png 1536w, https:\/\/chat-board.dk\/wp-content\/uploads\/2025\/01\/CHAT-BOARD-USP-2-2048x2048.png 2048w, https:\/\/chat-board.dk\/wp-content\/uploads\/2025\/01\/CHAT-BOARD-USP-2-680x680.png 680w, https:\/\/chat-board.dk\/wp-content\/uploads\/2025\/01\/CHAT-BOARD-USP-2-600x600.png 600w, https:\/\/chat-board.dk\/wp-content\/uploads\/2025\/01\/CHAT-BOARD-USP-2-100x100.png 100w\" sizes=\"(max-width: 250px) 100vw, 250px\" \/><\/strong><\/em><\/h4>\n<h4 style=\"text-align: left;\"><\/h4>\n<h4 style=\"text-align: left;\"><\/h4>\n<h4 style=\"text-align: left;\"><strong>Von Menschen f\u00fcr Menschen gemacht<\/strong><\/h4>\n<p style=\"text-align: left;\">CHAT BOARD<sup>\u00ae<\/sup>-Produkte werden auf Bestellung gefertigt und <strong>in D\u00e4nemark montiert, von Hand fertiggestellt und einer Qualit\u00e4tskontrolle unterzogen<\/strong>. In unseren Produktionsst\u00e4tten au\u00dferhalb von Kopenhagen wird jede Komponente sorgf\u00e4ltig gepr\u00fcft und nach Kundenspezifikation fertiggestellt, bevor sie Teil eines unserer charakteristischen Designs wird.<\/p>\n<p style=\"text-align: left;\">Ein engagiertes Team von Spezialisten mit erfahrenen H\u00e4nden und scharfem Blick stellt sicher, dass jedes St\u00fcck den hohen Qualit\u00e4tsstandards entspricht, f\u00fcr die der Name CHAT BOARD<sup>\u00ae<\/sup> bekannt ist.<\/p>\n<p>&nbsp;<\/p>\n<h4><em><strong><img decoding=\"async\" class=\"alignnone wp-image-10372\" src=\"https:\/\/chat-board.dk\/wp-content\/uploads\/2025\/01\/CHAT-BOARD-USP-4-2-300x300.png\" alt=\"CHAT BOARD glass is finished with C edges and radius corners\" width=\"250\" height=\"250\" srcset=\"https:\/\/chat-board.dk\/wp-content\/uploads\/2025\/01\/CHAT-BOARD-USP-4-2-300x300.png 300w, https:\/\/chat-board.dk\/wp-content\/uploads\/2025\/01\/CHAT-BOARD-USP-4-2-1024x1024.png 1024w, https:\/\/chat-board.dk\/wp-content\/uploads\/2025\/01\/CHAT-BOARD-USP-4-2-150x150.png 150w, https:\/\/chat-board.dk\/wp-content\/uploads\/2025\/01\/CHAT-BOARD-USP-4-2-768x768.png 768w, https:\/\/chat-board.dk\/wp-content\/uploads\/2025\/01\/CHAT-BOARD-USP-4-2-1536x1536.png 1536w, https:\/\/chat-board.dk\/wp-content\/uploads\/2025\/01\/CHAT-BOARD-USP-4-2-2048x2048.png 2048w, https:\/\/chat-board.dk\/wp-content\/uploads\/2025\/01\/CHAT-BOARD-USP-4-2-680x680.png 680w, https:\/\/chat-board.dk\/wp-content\/uploads\/2025\/01\/CHAT-BOARD-USP-4-2-600x600.png 600w, https:\/\/chat-board.dk\/wp-content\/uploads\/2025\/01\/CHAT-BOARD-USP-4-2-100x100.png 100w\" sizes=\"(max-width: 250px) 100vw, 250px\" \/><\/strong><\/em><\/h4>\n<h4 style=\"text-align: left;\"><\/h4>\n<h4 style=\"text-align: left;\"><strong>Ein perfektes Finish<\/strong><\/h4>\n<p>Alle CHAT BOARD<sup>\u00ae<\/sup>-Gl\u00e4ser (au\u00dfer Elements) sind mit <strong>glatten, sanft abgerundeten C-Kanten und Ecken mit 4 mm Radius<\/strong> versehen. Dies verleiht unserem Produkt sein elegantes und unverwechselbares Finish und macht das Glas gleichzeitig <strong>weniger anf\u00e4llig<\/strong> f\u00fcr m\u00f6gliche Sch\u00e4den durch versehentliche St\u00f6\u00dfe auf die Kanten.<\/p>\n<p>Das ebenso elegante, etwas minimalistischere Elements-Glas ist mit polierten V-Kanten und 90\u00b0-Ecken versehen, wodurch sich die Tafeln ideal f\u00fcr die dicht beieinander liegende Installation mehrerer Tafeln zur Abdeckung gro\u00dfer Fl\u00e4chen eignen.<\/p>\n<p>&nbsp;<\/p>\n<h4><em><strong><img decoding=\"async\" class=\"alignnone wp-image-10352\" src=\"https:\/\/chat-board.dk\/wp-content\/uploads\/2025\/01\/CHAT-BOARD-USP-3-300x300.png\" alt=\"CHAT BOARD boards are easy and quick to install\" width=\"250\" height=\"250\" srcset=\"https:\/\/chat-board.dk\/wp-content\/uploads\/2025\/01\/CHAT-BOARD-USP-3-300x300.png 300w, https:\/\/chat-board.dk\/wp-content\/uploads\/2025\/01\/CHAT-BOARD-USP-3-1024x1024.png 1024w, https:\/\/chat-board.dk\/wp-content\/uploads\/2025\/01\/CHAT-BOARD-USP-3-150x150.png 150w, https:\/\/chat-board.dk\/wp-content\/uploads\/2025\/01\/CHAT-BOARD-USP-3-768x768.png 768w, https:\/\/chat-board.dk\/wp-content\/uploads\/2025\/01\/CHAT-BOARD-USP-3-1536x1536.png 1536w, https:\/\/chat-board.dk\/wp-content\/uploads\/2025\/01\/CHAT-BOARD-USP-3-2048x2048.png 2048w, https:\/\/chat-board.dk\/wp-content\/uploads\/2025\/01\/CHAT-BOARD-USP-3-680x680.png 680w, https:\/\/chat-board.dk\/wp-content\/uploads\/2025\/01\/CHAT-BOARD-USP-3-600x600.png 600w, https:\/\/chat-board.dk\/wp-content\/uploads\/2025\/01\/CHAT-BOARD-USP-3-100x100.png 100w\" sizes=\"(max-width: 250px) 100vw, 250px\" \/><\/strong><\/em><\/h4>\n<h4><\/h4>\n<h4><\/h4>\n<h4><strong>M\u00fchelose Installation<\/strong><\/h4>\n<p>Unser Einzelmontageschienensystem f\u00fcr wandmontierte Tafeln gew\u00e4hrleistet <strong>eine sichere, schnelle und einfache Installation<\/strong>. Dies spart wertvolle Zeit und Arbeitskraft und minimiert gleichzeitig das Risiko von Fehlern und Sch\u00e4den durch \u00fcberm\u00e4\u00dfige Handhabung.<\/p>\n<p>Freistehende Tafeln werden entweder vollst\u00e4ndig oder teilweise montiert geliefert und <strong>erfordern zur Fertigstellung nur grundlegende F\u00e4higkeiten und Werkzeuge<\/strong>.<\/p>\n<p>&nbsp;<\/p>\n<h4><em><strong><img decoding=\"async\" class=\"alignnone wp-image-10356\" src=\"https:\/\/chat-board.dk\/wp-content\/uploads\/2025\/01\/CHAT-BOARD-USP-4-1-300x300.png\" alt=\"CHAT BOARD boards can all be mounted both horizontally and vertically\" width=\"250\" height=\"250\" srcset=\"https:\/\/chat-board.dk\/wp-content\/uploads\/2025\/01\/CHAT-BOARD-USP-4-1-300x300.png 300w, https:\/\/chat-board.dk\/wp-content\/uploads\/2025\/01\/CHAT-BOARD-USP-4-1-1024x1024.png 1024w, https:\/\/chat-board.dk\/wp-content\/uploads\/2025\/01\/CHAT-BOARD-USP-4-1-150x150.png 150w, https:\/\/chat-board.dk\/wp-content\/uploads\/2025\/01\/CHAT-BOARD-USP-4-1-768x768.png 768w, https:\/\/chat-board.dk\/wp-content\/uploads\/2025\/01\/CHAT-BOARD-USP-4-1-1536x1536.png 1536w, https:\/\/chat-board.dk\/wp-content\/uploads\/2025\/01\/CHAT-BOARD-USP-4-1-2048x2048.png 2048w, https:\/\/chat-board.dk\/wp-content\/uploads\/2025\/01\/CHAT-BOARD-USP-4-1-680x680.png 680w, https:\/\/chat-board.dk\/wp-content\/uploads\/2025\/01\/CHAT-BOARD-USP-4-1-600x600.png 600w, https:\/\/chat-board.dk\/wp-content\/uploads\/2025\/01\/CHAT-BOARD-USP-4-1-100x100.png 100w\" sizes=\"(max-width: 250px) 100vw, 250px\" \/><\/strong><\/em><\/h4>\n<h4 style=\"text-align: left;\"><\/h4>\n<h4><\/h4>\n<h4 style=\"text-align: left;\"><strong>Mehr als eine Richtung<\/strong><\/h4>\n<p style=\"text-align: left;\">Unsere wandmontierten Tafeln haben Stahlrahmen mit gebogenen Kanten an allen vier Seiten. Diese Konstruktion stellt sicher, dass sie alle <strong>sowohl horizontal als auch vertikal montiert<\/strong> werden k\u00f6nnen \u2013 und l<strong>eicht von einer Richtung in die andere ge\u00e4ndert<\/strong> werden k\u00f6nnen.<\/p>\n<p style=\"text-align: left;\">Um von der horizontalen zur vertikalen Ausrichtung zu wechseln, m\u00fcssen Sie lediglich die Montageschiene k\u00fcrzen, wonach die Tafel nach Wunsch neu installiert werden kann. In F\u00e4llen, in denen die Ausrichtung von der vertikalen zur horizontalen Position ge\u00e4ndert werden soll, kann die daf\u00fcr ben\u00f6tigte l\u00e4ngere Montageschiene separat \u00fcber jeden CHAT BOARD<sup>\u00ae<\/sup>-H\u00e4ndler bestellt werden.<\/p>\n<p>&nbsp;<\/p>\n<h4><em><strong><img decoding=\"async\" class=\"alignnone wp-image-10360\" src=\"https:\/\/chat-board.dk\/wp-content\/uploads\/2025\/01\/CHAT-BOARD-USP-5-300x300.png\" alt=\"CHAT BOARD glass is of the highest quality, which makes it easy to clean after each use\" width=\"250\" height=\"250\" srcset=\"https:\/\/chat-board.dk\/wp-content\/uploads\/2025\/01\/CHAT-BOARD-USP-5-300x300.png 300w, https:\/\/chat-board.dk\/wp-content\/uploads\/2025\/01\/CHAT-BOARD-USP-5-1024x1024.png 1024w, https:\/\/chat-board.dk\/wp-content\/uploads\/2025\/01\/CHAT-BOARD-USP-5-150x150.png 150w, https:\/\/chat-board.dk\/wp-content\/uploads\/2025\/01\/CHAT-BOARD-USP-5-768x768.png 768w, https:\/\/chat-board.dk\/wp-content\/uploads\/2025\/01\/CHAT-BOARD-USP-5-1536x1536.png 1536w, https:\/\/chat-board.dk\/wp-content\/uploads\/2025\/01\/CHAT-BOARD-USP-5-2048x2048.png 2048w, https:\/\/chat-board.dk\/wp-content\/uploads\/2025\/01\/CHAT-BOARD-USP-5-680x680.png 680w, https:\/\/chat-board.dk\/wp-content\/uploads\/2025\/01\/CHAT-BOARD-USP-5-600x600.png 600w, https:\/\/chat-board.dk\/wp-content\/uploads\/2025\/01\/CHAT-BOARD-USP-5-100x100.png 100w\" sizes=\"(max-width: 250px) 100vw, 250px\" \/><\/strong><\/em><\/h4>\n<h4 style=\"text-align: left;\"><\/h4>\n<h4 style=\"text-align: left;\"><strong>Beschreiben und abwischen<\/strong><\/h4>\n<p style=\"text-align: left;\">CHAT BOARD<sup>\u00ae<\/sup>-Glas ist <strong>in puncto Qualit\u00e4t und Reinigungsf\u00e4higkeit un\u00fcbertroffen<\/strong> und selbst bei versehentlicher Verwendung von Permanentmarkern kann das Glas mit einfachem Reinigungsalkohol problemlos wieder in seinen makellosen Glanz zur\u00fcckversetzt werden.<\/p>\n<p>&nbsp;<\/p>\n<h4><em><strong><img decoding=\"async\" class=\"alignnone wp-image-10364\" src=\"https:\/\/chat-board.dk\/wp-content\/uploads\/2025\/01\/CHAT-BOARD-USP-6-300x300.png\" alt=\"CHAT BOARD products will keep looking fresh with the passing of time\" width=\"250\" height=\"250\" srcset=\"https:\/\/chat-board.dk\/wp-content\/uploads\/2025\/01\/CHAT-BOARD-USP-6-300x300.png 300w, https:\/\/chat-board.dk\/wp-content\/uploads\/2025\/01\/CHAT-BOARD-USP-6-1024x1024.png 1024w, https:\/\/chat-board.dk\/wp-content\/uploads\/2025\/01\/CHAT-BOARD-USP-6-150x150.png 150w, https:\/\/chat-board.dk\/wp-content\/uploads\/2025\/01\/CHAT-BOARD-USP-6-768x768.png 768w, https:\/\/chat-board.dk\/wp-content\/uploads\/2025\/01\/CHAT-BOARD-USP-6-1536x1536.png 1536w, https:\/\/chat-board.dk\/wp-content\/uploads\/2025\/01\/CHAT-BOARD-USP-6-2048x2048.png 2048w, https:\/\/chat-board.dk\/wp-content\/uploads\/2025\/01\/CHAT-BOARD-USP-6-680x680.png 680w, https:\/\/chat-board.dk\/wp-content\/uploads\/2025\/01\/CHAT-BOARD-USP-6-600x600.png 600w, https:\/\/chat-board.dk\/wp-content\/uploads\/2025\/01\/CHAT-BOARD-USP-6-100x100.png 100w\" sizes=\"(max-width: 250px) 100vw, 250px\" \/><\/strong><\/em><\/h4>\n<h4 style=\"text-align: left;\"><\/h4>\n<h4 style=\"text-align: left;\"><em><strong>So frisch und so sauber<\/strong><\/em><\/h4>\n<p>Ein CHAT BOARD<sup>\u00ae<\/sup>-Produkt ist auf Langlebigkeit ausgelegt und hat bei minimaler Pflege eine <strong>praktisch unbegrenzte Lebensdauer<\/strong> und wird nach sehr vielen Jahren noch gut aussehen.<br \/>\nIm Gegensatz zu den meisten Keramiktafeln und minderwertigen Alternativen verliert es nie seinen Glanz oder wird durch unansehnliche Spuren unausl\u00f6schlicher Tintenr\u00fcckst\u00e4nde verunstaltet, die das Benutzererlebnis beeintr\u00e4chtigen.<\/p>\n<p style=\"text-align: left;\">CHAT BOARD<sup>\u00ae<\/sup>-Produkte sind auf Langlebigkeit ausgelegt und daher <strong>eine nachhaltige Investition in die Zukunft<\/strong>.<\/p>\n<h4><\/h4>\n<p>&nbsp;<\/p>\n<p>&nbsp;<\/p>\n<p>&nbsp;<\/p>\n<p>&nbsp;<\/p>\n<p>&nbsp;<\/p>\n<p>&nbsp;<\/p>\n<p style=\"text-align: right;\">\n","protected":false},"excerpt":{"rendered":"<p>USPs &nbsp; Sie entwerfen es, wir machen es Die meisten CHAT BOARD\u00ae-Produkte k\u00f6nnen nach Ihren Vorgaben gefertigt und an die Anforderungen jedes einzelnen Projekts angepasst werden. So k\u00f6nnen beispielsweise wandmontierte Tafeln in Sondergr\u00f6\u00dfen gefertigt werden, w\u00e4hrend das Glas in benutzerdefinierten Farben (aus den NCS- und RAL-Standardpaletten) beschichtet oder mit Bildern, Logos oder Grafikdesigns Ihrer Wahl [&hellip;]<\/p>\n","protected":false},"author":2,"featured_media":0,"parent":0,"menu_order":4,"comment_status":"closed","ping_status":"closed","template":"","meta":{"_acf_changed":false,"footnotes":""},"class_list":["post-10511","page","type-page","status-publish","hentry"],"acf":[],"yoast_head":"<!-- This site is optimized with the Yoast SEO plugin v25.3.1 - https:\/\/yoast.com\/wordpress\/plugins\/seo\/ -->\n<title>Warum CHAT BOARD w\u00e4hlen? - CHAT BOARD<\/title>\n<meta name=\"robots\" content=\"index, follow, max-snippet:-1, max-image-preview:large, max-video-preview:-1\" \/>\n<link rel=\"canonical\" href=\"https:\/\/chat-board.dk\/de\/warum-chat-board-waehlen\/\" \/>\n<meta property=\"og:locale\" content=\"de_DE\" \/>\n<meta property=\"og:type\" content=\"article\" \/>\n<meta property=\"og:title\" content=\"Warum CHAT BOARD w\u00e4hlen? - CHAT BOARD\" \/>\n<meta property=\"og:description\" content=\"USPs &nbsp; Sie entwerfen es, wir machen es Die meisten CHAT BOARD\u00ae-Produkte k\u00f6nnen nach Ihren Vorgaben gefertigt und an die Anforderungen jedes einzelnen Projekts angepasst werden. So k\u00f6nnen beispielsweise wandmontierte Tafeln in Sondergr\u00f6\u00dfen gefertigt werden, w\u00e4hrend das Glas in benutzerdefinierten Farben (aus den NCS- und RAL-Standardpaletten) beschichtet oder mit Bildern, Logos oder Grafikdesigns Ihrer Wahl [&hellip;]\" \/>\n<meta property=\"og:url\" content=\"https:\/\/chat-board.dk\/de\/warum-chat-board-waehlen\/\" \/>\n<meta property=\"og:site_name\" content=\"CHAT BOARD\" \/>\n<meta property=\"article:modified_time\" content=\"2025-01-30T09:59:14+00:00\" \/>\n<meta property=\"og:image\" content=\"https:\/\/chat-board.dk\/wp-content\/uploads\/2025\/01\/CHAT-BOARD-USP-1-1-300x300.png\" \/>\n<meta name=\"twitter:card\" content=\"summary_large_image\" \/>\n<meta name=\"twitter:label1\" content=\"Est. reading time\" \/>\n\t<meta name=\"twitter:data1\" content=\"4 minutes\" \/>\n<script type=\"application\/ld+json\" class=\"yoast-schema-graph\">{\"@context\":\"https:\/\/schema.org\",\"@graph\":[{\"@type\":\"WebPage\",\"@id\":\"https:\/\/chat-board.dk\/de\/warum-chat-board-waehlen\/\",\"url\":\"https:\/\/chat-board.dk\/de\/warum-chat-board-waehlen\/\",\"name\":\"Warum CHAT BOARD w\u00e4hlen? - CHAT BOARD\",\"isPartOf\":{\"@id\":\"https:\/\/chat-board.dk\/de\/#website\"},\"primaryImageOfPage\":{\"@id\":\"https:\/\/chat-board.dk\/de\/warum-chat-board-waehlen\/#primaryimage\"},\"image\":{\"@id\":\"https:\/\/chat-board.dk\/de\/warum-chat-board-waehlen\/#primaryimage\"},\"thumbnailUrl\":\"https:\/\/chat-board.dk\/wp-content\/uploads\/2025\/01\/CHAT-BOARD-USP-1-1-300x300.png\",\"datePublished\":\"2025-01-30T09:58:25+00:00\",\"dateModified\":\"2025-01-30T09:59:14+00:00\",\"breadcrumb\":{\"@id\":\"https:\/\/chat-board.dk\/de\/warum-chat-board-waehlen\/#breadcrumb\"},\"inLanguage\":\"de-DE\",\"potentialAction\":[{\"@type\":\"ReadAction\",\"target\":[\"https:\/\/chat-board.dk\/de\/warum-chat-board-waehlen\/\"]}]},{\"@type\":\"ImageObject\",\"inLanguage\":\"de-DE\",\"@id\":\"https:\/\/chat-board.dk\/de\/warum-chat-board-waehlen\/#primaryimage\",\"url\":\"https:\/\/chat-board.dk\/wp-content\/uploads\/2025\/01\/CHAT-BOARD-USP-1-1-300x300.png\",\"contentUrl\":\"https:\/\/chat-board.dk\/wp-content\/uploads\/2025\/01\/CHAT-BOARD-USP-1-1-300x300.png\"},{\"@type\":\"BreadcrumbList\",\"@id\":\"https:\/\/chat-board.dk\/de\/warum-chat-board-waehlen\/#breadcrumb\",\"itemListElement\":[{\"@type\":\"ListItem\",\"position\":1,\"name\":\"Home\",\"item\":\"https:\/\/chat-board.dk\/de\/\"},{\"@type\":\"ListItem\",\"position\":2,\"name\":\"Warum CHAT BOARD w\u00e4hlen?\"}]},{\"@type\":\"WebSite\",\"@id\":\"https:\/\/chat-board.dk\/de\/#website\",\"url\":\"https:\/\/chat-board.dk\/de\/\",\"name\":\"CHAT BOARD\",\"description\":\"\",\"potentialAction\":[{\"@type\":\"SearchAction\",\"target\":{\"@type\":\"EntryPoint\",\"urlTemplate\":\"https:\/\/chat-board.dk\/de\/?s={search_term_string}\"},\"query-input\":{\"@type\":\"PropertyValueSpecification\",\"valueRequired\":true,\"valueName\":\"search_term_string\"}}],\"inLanguage\":\"de-DE\"}]}<\/script>\n<!-- \/ Yoast SEO plugin. -->","yoast_head_json":{"title":"Warum CHAT BOARD w\u00e4hlen? - CHAT BOARD","robots":{"index":"index","follow":"follow","max-snippet":"max-snippet:-1","max-image-preview":"max-image-preview:large","max-video-preview":"max-video-preview:-1"},"canonical":"https:\/\/chat-board.dk\/de\/warum-chat-board-waehlen\/","og_locale":"de_DE","og_type":"article","og_title":"Warum CHAT BOARD w\u00e4hlen? - CHAT BOARD","og_description":"USPs &nbsp; Sie entwerfen es, wir machen es Die meisten CHAT BOARD\u00ae-Produkte k\u00f6nnen nach Ihren Vorgaben gefertigt und an die Anforderungen jedes einzelnen Projekts angepasst werden. So k\u00f6nnen beispielsweise wandmontierte Tafeln in Sondergr\u00f6\u00dfen gefertigt werden, w\u00e4hrend das Glas in benutzerdefinierten Farben (aus den NCS- und RAL-Standardpaletten) beschichtet oder mit Bildern, Logos oder Grafikdesigns Ihrer Wahl [&hellip;]","og_url":"https:\/\/chat-board.dk\/de\/warum-chat-board-waehlen\/","og_site_name":"CHAT BOARD","article_modified_time":"2025-01-30T09:59:14+00:00","og_image":[{"url":"https:\/\/chat-board.dk\/wp-content\/uploads\/2025\/01\/CHAT-BOARD-USP-1-1-300x300.png","type":"","width":"","height":""}],"twitter_card":"summary_large_image","twitter_misc":{"Est. reading time":"4 minutes"},"schema":{"@context":"https:\/\/schema.org","@graph":[{"@type":"WebPage","@id":"https:\/\/chat-board.dk\/de\/warum-chat-board-waehlen\/","url":"https:\/\/chat-board.dk\/de\/warum-chat-board-waehlen\/","name":"Warum CHAT BOARD w\u00e4hlen? - CHAT BOARD","isPartOf":{"@id":"https:\/\/chat-board.dk\/de\/#website"},"primaryImageOfPage":{"@id":"https:\/\/chat-board.dk\/de\/warum-chat-board-waehlen\/#primaryimage"},"image":{"@id":"https:\/\/chat-board.dk\/de\/warum-chat-board-waehlen\/#primaryimage"},"thumbnailUrl":"https:\/\/chat-board.dk\/wp-content\/uploads\/2025\/01\/CHAT-BOARD-USP-1-1-300x300.png","datePublished":"2025-01-30T09:58:25+00:00","dateModified":"2025-01-30T09:59:14+00:00","breadcrumb":{"@id":"https:\/\/chat-board.dk\/de\/warum-chat-board-waehlen\/#breadcrumb"},"inLanguage":"de-DE","potentialAction":[{"@type":"ReadAction","target":["https:\/\/chat-board.dk\/de\/warum-chat-board-waehlen\/"]}]},{"@type":"ImageObject","inLanguage":"de-DE","@id":"https:\/\/chat-board.dk\/de\/warum-chat-board-waehlen\/#primaryimage","url":"https:\/\/chat-board.dk\/wp-content\/uploads\/2025\/01\/CHAT-BOARD-USP-1-1-300x300.png","contentUrl":"https:\/\/chat-board.dk\/wp-content\/uploads\/2025\/01\/CHAT-BOARD-USP-1-1-300x300.png"},{"@type":"BreadcrumbList","@id":"https:\/\/chat-board.dk\/de\/warum-chat-board-waehlen\/#breadcrumb","itemListElement":[{"@type":"ListItem","position":1,"name":"Home","item":"https:\/\/chat-board.dk\/de\/"},{"@type":"ListItem","position":2,"name":"Warum CHAT BOARD w\u00e4hlen?"}]},{"@type":"WebSite","@id":"https:\/\/chat-board.dk\/de\/#website","url":"https:\/\/chat-board.dk\/de\/","name":"CHAT BOARD","description":"","potentialAction":[{"@type":"SearchAction","target":{"@type":"EntryPoint","urlTemplate":"https:\/\/chat-board.dk\/de\/?s={search_term_string}"},"query-input":{"@type":"PropertyValueSpecification","valueRequired":true,"valueName":"search_term_string"}}],"inLanguage":"de-DE"}]}},"_links":{"self":[{"href":"https:\/\/chat-board.dk\/de\/wp-json\/wp\/v2\/pages\/10511","targetHints":{"allow":["GET"]}}],"collection":[{"href":"https:\/\/chat-board.dk\/de\/wp-json\/wp\/v2\/pages"}],"about":[{"href":"https:\/\/chat-board.dk\/de\/wp-json\/wp\/v2\/types\/page"}],"author":[{"embeddable":true,"href":"https:\/\/chat-board.dk\/de\/wp-json\/wp\/v2\/users\/2"}],"replies":[{"embeddable":true,"href":"https:\/\/chat-board.dk\/de\/wp-json\/wp\/v2\/comments?post=10511"}],"version-history":[{"count":2,"href":"https:\/\/chat-board.dk\/de\/wp-json\/wp\/v2\/pages\/10511\/revisions"}],"predecessor-version":[{"id":10513,"href":"https:\/\/chat-board.dk\/de\/wp-json\/wp\/v2\/pages\/10511\/revisions\/10513"}],"wp:attachment":[{"href":"https:\/\/chat-board.dk\/de\/wp-json\/wp\/v2\/media?parent=10511"}],"curies":[{"name":"wp","href":"https:\/\/api.w.org\/{rel}","templated":true}]}}