{"id":8832,"date":"2023-03-30T12:55:06","date_gmt":"2023-03-30T10:56:56","guid":{"rendered":"https:\/\/chat-board.dk\/?post_type=product&#038;p=8832"},"modified":"2026-03-23T10:43:34","modified_gmt":"2026-03-23T08:43:34","slug":"orbit","status":"publish","type":"product","link":"https:\/\/chat-board.dk\/da\/orbit\/","title":{"rendered":"ORBIT"},"content":{"rendered":"<h3 style=\"text-align: left;\" data-start=\"399\" data-end=\"447\">Rund magnetisk glastavle<\/h3>\n<p style=\"text-align: left;\" data-start=\"449\" data-end=\"724\">Orbit whiteboard er en legende og markant fortolkning af den <a href=\"https:\/\/chat-board.dk\/da\/produkter\/\">magnetiske glastavle.<\/a> Den ikoniske cirkul\u00e6re form giver et st\u00e6rkt visuelt udtryk, samtidig med at tavlen fungerer som en fuldt ud professionel whiteboard tavle til daglig brug.<\/p>\n<p style=\"text-align: left;\" data-start=\"726\" data-end=\"1043\">Orbit kombinere \u00e6stetik og funktionalitet og kan anvendes i b\u00e5de kontorer, m\u00f8delokaler og kreative rum. Tavlen fungerer med whiteboard tusser, whiteboard magneter og vores <a href=\"https:\/\/chat-board.dk\/da\/dock\/\">Dock<\/a> hvilket g\u00f8r den velegnet til visuel planl\u00e6gning, brainstorming og samarbejde.<\/p>\n<h3 style=\"text-align: left;\" data-start=\"1050\" data-end=\"1096\"><\/h3>\n<h3 style=\"text-align: left;\" data-start=\"1050\" data-end=\"1096\">Whiteboard tavle til moderne arbejdspladser<\/h3>\n<p style=\"text-align: left;\" data-start=\"1098\" data-end=\"1400\">CHAT BOARD har designet Orbit til moderne arbejdspladser, hvor fleksibilitet og visuel kommunikation er vigtige. Det runde format g\u00f8r Orbit velegnet b\u00e5de som lille whiteboard eller som del af en st\u00f8rre v\u00e6gkomposition med flere whiteboard tavler.<\/p>\n<p style=\"text-align: left;\" data-start=\"1402\" data-end=\"1657\">Whiteboardet kan anvendes alene som et markant designelement eller kombineres med andre magnetiske whiteboards for at skabe dynamiske arbejdszoner. Orbit underst\u00f8tter dagligt samarbejde og fungerer optimalt sammen med relevant <a href=\"https:\/\/chat-board.dk\/da\/produkter\/\">whiteboard tilbeh\u00f8r.<\/a><\/p>\n<h3 style=\"text-align: left;\" data-start=\"1664\" data-end=\"1713\"><\/h3>\n<h3 style=\"text-align: left;\" data-start=\"1664\" data-end=\"1713\">Magnetisk whiteboard i glas med h\u00f8j holdbarhed<\/h3>\n<p style=\"text-align: left;\" data-start=\"1715\" data-end=\"1982\">Orbit er fremstillet i h\u00e6rdet sikkerhedsglas med en solid st\u00e5lbagplade. Det giver h\u00f8j stabilitet og lang levetid \u2013 uanset om der er tale om et stort whiteboard til f\u00e6lles rum eller et mindre whiteboard til individuelle arbejdszoner.<\/p>\n<p style=\"text-align: left;\" data-start=\"1984\" data-end=\"2202\">Den glatte glasoverflade er nem at reng\u00f8re og modst\u00e5r pletter og skygger fra whiteboard tusser. Samtidig sikrer den magnetiske funktion, at dokumenter, noter og materialer let kan fastg\u00f8res med whiteboard magneter.<\/p>\n<h2 style=\"text-align: left;\" data-start=\"2209\" data-end=\"2264\"><\/h2>\n<h3 style=\"text-align: left;\" data-start=\"2209\" data-end=\"2264\">Farver, st\u00f8rrelser og fleksible whiteboard-l\u00f8sninger<\/h3>\n<p style=\"text-align: left;\" data-start=\"2266\" data-end=\"2507\">CHAT BOARD\u00ae Orbit f\u00e5s i syv standardfarver og tre st\u00f8rrelser. Det g\u00f8r det muligt at v\u00e6lge den l\u00f8sning, der passer bedst \u2013 uanset om behovet er et lille whiteboard, et markant statement-piece eller et stort whiteboard til f\u00e6lles brug.<\/p>\n<p style=\"text-align: left;\" data-start=\"2509\" data-end=\"2558\">Til specialprojekter tilbyder CHAT BOARD desuden:<\/p>\n<ul style=\"text-align: left;\" data-start=\"2559\" data-end=\"2630\">\n<li data-start=\"2559\" data-end=\"2591\">\n<p data-start=\"2561\" data-end=\"2591\">Custom farver i NCS og RAL<\/p>\n<\/li>\n<li data-start=\"2592\" data-end=\"2602\">\n<p data-start=\"2594\" data-end=\"2602\">Mat glas<\/p>\n<\/li>\n<li data-start=\"2603\" data-end=\"2617\">\n<p data-start=\"2605\" data-end=\"2617\">Printet glas<\/p>\n<\/li>\n<li data-start=\"2618\" data-end=\"2630\">\n<p data-start=\"2620\" data-end=\"2630\">Specialm\u00e5l<\/p>\n<\/li>\n<\/ul>\n<p style=\"text-align: left;\" data-start=\"2632\" data-end=\"2809\">Orbit kan kombineres med andre whiteboard tavler, herunder l\u00f8sninger som whiteboard tavle p\u00e5 hjul eller whiteboard p\u00e5 hjul, hvis der \u00f8nskes mobilitet i indretningen.<\/p>\n<h3 style=\"text-align: left;\" data-start=\"2816\" data-end=\"2859\"><\/h3>\n<h3 style=\"text-align: left;\" data-start=\"2816\" data-end=\"2859\">B\u00e6redygtigt whiteboard med dokumentation<\/h3>\n<p style=\"text-align: left;\" data-start=\"2861\" data-end=\"3033\">CHAT BOARD\u00ae Orbit er <strong data-start=\"2882\" data-end=\"2930\"><a href=\"https:\/\/c2ccertified.org\/certified-products\/chat-board-classic-elements-orbit\">Cradle to Cradle Certified\u2122<\/a><\/strong> p\u00e5 Bronze-niveau. Produktet opn\u00e5r samtidig Platinum i Water Stewardship og Gold i Renewable Energy &amp; Carbon Management.<\/p>\n<p style=\"text-align: left;\" data-start=\"3035\" data-end=\"3256\">Det g\u00f8r Orbit til et ansvarligt valg for virksomheder og arkitekter, der \u00f8nsker et design whiteboard, hvor b\u00e6redygtighed, funktion og \u00e6stetik g\u00e5r h\u00e5nd i h\u00e5nd \u2013 ogs\u00e5 n\u00e5r det g\u00e6lder tilbeh\u00f8r, materialer og lang levetid.<\/p>\n","protected":false},"excerpt":{"rendered":"<p>CHAT BOARD\u00ae Orbit er en legende og mindre formel fortolkning af den magnetiske glastavle, hvor cirkul\u00e6r form, funktionalitet og design m\u00f8des i et whiteboard til moderne kontorer og kreative rum.<\/p>\n","protected":false},"featured_media":8497,"comment_status":"open","ping_status":"closed","template":"","meta":{"_acf_changed":false},"product_brand":[],"product_cat":[92],"product_tag":[526],"class_list":{"0":"post-8832","1":"product","2":"type-product","3":"status-publish","4":"has-post-thumbnail","6":"product_cat-vaeg","7":"product_tag-whiteboard-da","9":"first","10":"instock","11":"shipping-taxable","12":"product-type-simple"},"acf":[],"yoast_head":"<!-- This site is optimized with the Yoast SEO plugin v25.3.1 - https:\/\/yoast.com\/wordpress\/plugins\/seo\/ -->\n<title>ORBIT - CHAT BOARD<\/title>\n<meta name=\"description\" content=\"Rund magnetisk glastavle og design whiteboard i glas til kontor og m\u00f8delokale. CHAT BOARD\u00ae Orbit kombinerer kreativ form, funktionalitet og b\u00e6redygtighed.\" \/>\n<meta name=\"robots\" content=\"index, follow, max-snippet:-1, max-image-preview:large, max-video-preview:-1\" \/>\n<link rel=\"canonical\" href=\"https:\/\/chat-board.dk\/da\/orbit\/\" \/>\n<meta property=\"og:locale\" content=\"da_DK\" \/>\n<meta property=\"og:type\" content=\"article\" \/>\n<meta property=\"og:title\" content=\"ORBIT - CHAT BOARD\" \/>\n<meta property=\"og:description\" content=\"Rund magnetisk glastavle og design whiteboard i glas til kontor og m\u00f8delokale. CHAT BOARD\u00ae Orbit kombinerer kreativ form, funktionalitet og b\u00e6redygtighed.\" \/>\n<meta property=\"og:url\" content=\"https:\/\/chat-board.dk\/da\/orbit\/\" \/>\n<meta property=\"og:site_name\" content=\"CHAT BOARD\" \/>\n<meta property=\"article:modified_time\" content=\"2026-03-23T08:43:34+00:00\" \/>\n<meta property=\"og:image\" content=\"https:\/\/chat-board.dk\/wp-content\/uploads\/2023\/02\/CHAT-BOARD-Orbit-Pure-White-Stone-Ink-interior-2023-portrait.jpg\" \/>\n\t<meta property=\"og:image:width\" content=\"1563\" \/>\n\t<meta property=\"og:image:height\" content=\"2188\" \/>\n\t<meta property=\"og:image:type\" content=\"image\/jpeg\" \/>\n<meta name=\"twitter:card\" content=\"summary_large_image\" \/>\n<meta name=\"twitter:label1\" content=\"Est. reading time\" \/>\n\t<meta name=\"twitter:data1\" content=\"2 minutes\" \/>\n<script type=\"application\/ld+json\" class=\"yoast-schema-graph\">{\"@context\":\"https:\/\/schema.org\",\"@graph\":[{\"@type\":\"WebPage\",\"@id\":\"https:\/\/chat-board.dk\/da\/orbit\/\",\"url\":\"https:\/\/chat-board.dk\/da\/orbit\/\",\"name\":\"ORBIT - CHAT BOARD\",\"isPartOf\":{\"@id\":\"https:\/\/chat-board.dk\/da\/#website\"},\"primaryImageOfPage\":{\"@id\":\"https:\/\/chat-board.dk\/da\/orbit\/#primaryimage\"},\"image\":{\"@id\":\"https:\/\/chat-board.dk\/da\/orbit\/#primaryimage\"},\"thumbnailUrl\":\"https:\/\/chat-board.dk\/wp-content\/uploads\/2023\/02\/CHAT-BOARD-Orbit-Pure-White-Stone-Ink-interior-2023-portrait.jpg\",\"datePublished\":\"2023-03-30T10:56:56+00:00\",\"dateModified\":\"2026-03-23T08:43:34+00:00\",\"description\":\"Rund magnetisk glastavle og design whiteboard i glas til kontor og m\u00f8delokale. CHAT BOARD\u00ae Orbit kombinerer kreativ form, funktionalitet og b\u00e6redygtighed.\",\"breadcrumb\":{\"@id\":\"https:\/\/chat-board.dk\/da\/orbit\/#breadcrumb\"},\"inLanguage\":\"da-DK\",\"potentialAction\":[{\"@type\":\"ReadAction\",\"target\":[\"https:\/\/chat-board.dk\/da\/orbit\/\"]}]},{\"@type\":\"ImageObject\",\"inLanguage\":\"da-DK\",\"@id\":\"https:\/\/chat-board.dk\/da\/orbit\/#primaryimage\",\"url\":\"https:\/\/chat-board.dk\/wp-content\/uploads\/2023\/02\/CHAT-BOARD-Orbit-Pure-White-Stone-Ink-interior-2023-portrait.jpg\",\"contentUrl\":\"https:\/\/chat-board.dk\/wp-content\/uploads\/2023\/02\/CHAT-BOARD-Orbit-Pure-White-Stone-Ink-interior-2023-portrait.jpg\",\"width\":1563,\"height\":2188,\"caption\":\"Whiteboard\"},{\"@type\":\"BreadcrumbList\",\"@id\":\"https:\/\/chat-board.dk\/da\/orbit\/#breadcrumb\",\"itemListElement\":[{\"@type\":\"ListItem\",\"position\":1,\"name\":\"Home\",\"item\":\"https:\/\/chat-board.dk\/da\/\"},{\"@type\":\"ListItem\",\"position\":2,\"name\":\"Produkter\",\"item\":\"https:\/\/chat-board.dk\/da\/produkter\/\"},{\"@type\":\"ListItem\",\"position\":3,\"name\":\"ORBIT\"}]},{\"@type\":\"WebSite\",\"@id\":\"https:\/\/chat-board.dk\/da\/#website\",\"url\":\"https:\/\/chat-board.dk\/da\/\",\"name\":\"CHAT BOARD\",\"description\":\"\",\"potentialAction\":[{\"@type\":\"SearchAction\",\"target\":{\"@type\":\"EntryPoint\",\"urlTemplate\":\"https:\/\/chat-board.dk\/da\/?s={search_term_string}\"},\"query-input\":{\"@type\":\"PropertyValueSpecification\",\"valueRequired\":true,\"valueName\":\"search_term_string\"}}],\"inLanguage\":\"da-DK\"}]}<\/script>\n<!-- \/ Yoast SEO plugin. -->","yoast_head_json":{"title":"ORBIT - CHAT BOARD","description":"Rund magnetisk glastavle og design whiteboard i glas til kontor og m\u00f8delokale. CHAT BOARD\u00ae Orbit kombinerer kreativ form, funktionalitet og b\u00e6redygtighed.","robots":{"index":"index","follow":"follow","max-snippet":"max-snippet:-1","max-image-preview":"max-image-preview:large","max-video-preview":"max-video-preview:-1"},"canonical":"https:\/\/chat-board.dk\/da\/orbit\/","og_locale":"da_DK","og_type":"article","og_title":"ORBIT - CHAT BOARD","og_description":"Rund magnetisk glastavle og design whiteboard i glas til kontor og m\u00f8delokale. CHAT BOARD\u00ae Orbit kombinerer kreativ form, funktionalitet og b\u00e6redygtighed.","og_url":"https:\/\/chat-board.dk\/da\/orbit\/","og_site_name":"CHAT BOARD","article_modified_time":"2026-03-23T08:43:34+00:00","og_image":[{"width":1563,"height":2188,"url":"https:\/\/chat-board.dk\/wp-content\/uploads\/2023\/02\/CHAT-BOARD-Orbit-Pure-White-Stone-Ink-interior-2023-portrait.jpg","type":"image\/jpeg"}],"twitter_card":"summary_large_image","twitter_misc":{"Est. reading time":"2 minutes"},"schema":{"@context":"https:\/\/schema.org","@graph":[{"@type":"WebPage","@id":"https:\/\/chat-board.dk\/da\/orbit\/","url":"https:\/\/chat-board.dk\/da\/orbit\/","name":"ORBIT - CHAT BOARD","isPartOf":{"@id":"https:\/\/chat-board.dk\/da\/#website"},"primaryImageOfPage":{"@id":"https:\/\/chat-board.dk\/da\/orbit\/#primaryimage"},"image":{"@id":"https:\/\/chat-board.dk\/da\/orbit\/#primaryimage"},"thumbnailUrl":"https:\/\/chat-board.dk\/wp-content\/uploads\/2023\/02\/CHAT-BOARD-Orbit-Pure-White-Stone-Ink-interior-2023-portrait.jpg","datePublished":"2023-03-30T10:56:56+00:00","dateModified":"2026-03-23T08:43:34+00:00","description":"Rund magnetisk glastavle og design whiteboard i glas til kontor og m\u00f8delokale. CHAT BOARD\u00ae Orbit kombinerer kreativ form, funktionalitet og b\u00e6redygtighed.","breadcrumb":{"@id":"https:\/\/chat-board.dk\/da\/orbit\/#breadcrumb"},"inLanguage":"da-DK","potentialAction":[{"@type":"ReadAction","target":["https:\/\/chat-board.dk\/da\/orbit\/"]}]},{"@type":"ImageObject","inLanguage":"da-DK","@id":"https:\/\/chat-board.dk\/da\/orbit\/#primaryimage","url":"https:\/\/chat-board.dk\/wp-content\/uploads\/2023\/02\/CHAT-BOARD-Orbit-Pure-White-Stone-Ink-interior-2023-portrait.jpg","contentUrl":"https:\/\/chat-board.dk\/wp-content\/uploads\/2023\/02\/CHAT-BOARD-Orbit-Pure-White-Stone-Ink-interior-2023-portrait.jpg","width":1563,"height":2188,"caption":"Whiteboard"},{"@type":"BreadcrumbList","@id":"https:\/\/chat-board.dk\/da\/orbit\/#breadcrumb","itemListElement":[{"@type":"ListItem","position":1,"name":"Home","item":"https:\/\/chat-board.dk\/da\/"},{"@type":"ListItem","position":2,"name":"Produkter","item":"https:\/\/chat-board.dk\/da\/produkter\/"},{"@type":"ListItem","position":3,"name":"ORBIT"}]},{"@type":"WebSite","@id":"https:\/\/chat-board.dk\/da\/#website","url":"https:\/\/chat-board.dk\/da\/","name":"CHAT BOARD","description":"","potentialAction":[{"@type":"SearchAction","target":{"@type":"EntryPoint","urlTemplate":"https:\/\/chat-board.dk\/da\/?s={search_term_string}"},"query-input":{"@type":"PropertyValueSpecification","valueRequired":true,"valueName":"search_term_string"}}],"inLanguage":"da-DK"}]}},"_links":{"self":[{"href":"https:\/\/chat-board.dk\/da\/wp-json\/wp\/v2\/product\/8832","targetHints":{"allow":["GET"]}}],"collection":[{"href":"https:\/\/chat-board.dk\/da\/wp-json\/wp\/v2\/product"}],"about":[{"href":"https:\/\/chat-board.dk\/da\/wp-json\/wp\/v2\/types\/product"}],"replies":[{"embeddable":true,"href":"https:\/\/chat-board.dk\/da\/wp-json\/wp\/v2\/comments?post=8832"}],"wp:featuredmedia":[{"embeddable":true,"href":"https:\/\/chat-board.dk\/da\/wp-json\/wp\/v2\/media\/8497"}],"wp:attachment":[{"href":"https:\/\/chat-board.dk\/da\/wp-json\/wp\/v2\/media?parent=8832"}],"wp:term":[{"taxonomy":"product_brand","embeddable":true,"href":"https:\/\/chat-board.dk\/da\/wp-json\/wp\/v2\/product_brand?post=8832"},{"taxonomy":"product_cat","embeddable":true,"href":"https:\/\/chat-board.dk\/da\/wp-json\/wp\/v2\/product_cat?post=8832"},{"taxonomy":"product_tag","embeddable":true,"href":"https:\/\/chat-board.dk\/da\/wp-json\/wp\/v2\/product_tag?post=8832"}],"curies":[{"name":"wp","href":"https:\/\/api.w.org\/{rel}","templated":true}]}}