{"id":7596,"date":"2022-06-10T13:47:20","date_gmt":"2022-06-13T11:40:33","guid":{"rendered":"https:\/\/chat-board.dk\/?post_type=product&#038;p=7596"},"modified":"2026-03-20T12:29:50","modified_gmt":"2026-03-20T10:29:50","slug":"dynamic","status":"publish","type":"product","link":"https:\/\/chat-board.dk\/da\/dynamic\/","title":{"rendered":"DYNAMIC"},"content":{"rendered":"<p>I <strong>CHAT BOARD\u00ae Dynamic,<\/strong> designet af <a href=\"https:\/\/www.botium.dk\/designer\/claus-jakobsen\/\">Claus Brandt-Jakobsen<\/a>, smelter det uundv\u00e6rlige <a href=\"https:\/\/chat-board.dk\/products\/\">kontortilbeh\u00f8r<\/a> sammen med fuldgyldig m\u00f8blering i et n\u00f8je komponeret system, der er udviklet til at skabe fleksible, frit bev\u00e6gelige og multifunktionelle dimensioner til kontormilj\u00f8er, uddannelsesinstitutioner og kreative rum.<\/p>\n","protected":false},"excerpt":{"rendered":"<p>I <strong>CHAT BOARD\u00ae Dynamic,<\/strong> designet af Claus Brandt-Jakobsen, smelter det uundv\u00e6rlige kontortilbeh\u00f8r sammen med fuldgyldig m\u00f8blering i et n\u00f8je komponeret system, der er udviklet til at skabe fleksible, frit bev\u00e6gelige og multifunktionelle dimensioner til kontormilj\u00f8er, uddannelsesinstitutioner og kreative rum.<\/p>\n","protected":false},"featured_media":7606,"comment_status":"open","ping_status":"closed","template":"woocommerce\/single-product-dynamic-collection.php","meta":{"_acf_changed":false},"product_brand":[],"product_cat":[100],"product_tag":[],"class_list":{"0":"post-7596","1":"product","2":"type-product","3":"status-publish","4":"has-post-thumbnail","6":"product_cat-fritstaende","7":"designer-claus-jakobsen-da","9":"first","10":"instock","11":"shipping-taxable","12":"product-type-simple"},"acf":[],"yoast_head":"<!-- This site is optimized with the Yoast SEO plugin v25.3.1 - https:\/\/yoast.com\/wordpress\/plugins\/seo\/ -->\n<title>DYNAMIC - CHAT BOARD<\/title>\n<meta name=\"description\" content=\"CHAT BOARD\u00ae Dynamic forener whiteboard og m\u00f8bel i \u00e9t fleksibelt system. Designet af Claus Brandt-Jakobsen til professionelle, kreative og l\u00e6ringsmilj\u00f8er.\" \/>\n<meta name=\"robots\" content=\"index, follow, max-snippet:-1, max-image-preview:large, max-video-preview:-1\" \/>\n<link rel=\"canonical\" href=\"https:\/\/chat-board.dk\/da\/dynamic\/\" \/>\n<meta property=\"og:locale\" content=\"da_DK\" \/>\n<meta property=\"og:type\" content=\"article\" \/>\n<meta property=\"og:title\" content=\"DYNAMIC - CHAT BOARD\" \/>\n<meta property=\"og:description\" content=\"CHAT BOARD\u00ae Dynamic forener whiteboard og m\u00f8bel i \u00e9t fleksibelt system. Designet af Claus Brandt-Jakobsen til professionelle, kreative og l\u00e6ringsmilj\u00f8er.\" \/>\n<meta property=\"og:url\" content=\"https:\/\/chat-board.dk\/da\/dynamic\/\" \/>\n<meta property=\"og:site_name\" content=\"CHAT BOARD\" \/>\n<meta property=\"article:modified_time\" content=\"2026-03-20T10:29:50+00:00\" \/>\n<meta property=\"og:image\" content=\"https:\/\/chat-board.dk\/wp-content\/uploads\/2022\/06\/CHAT-BOARD-Dynamic-Wood-Acoustic-Oak-Black-closeup-e1655194602575.jpg\" \/>\n\t<meta property=\"og:image:width\" content=\"1039\" \/>\n\t<meta property=\"og:image:height\" content=\"1559\" \/>\n\t<meta property=\"og:image:type\" content=\"image\/jpeg\" \/>\n<meta name=\"twitter:card\" content=\"summary_large_image\" \/>\n<meta name=\"twitter:label1\" content=\"Est. reading time\" \/>\n\t<meta name=\"twitter:data1\" content=\"1 minute\" \/>\n<script type=\"application\/ld+json\" class=\"yoast-schema-graph\">{\"@context\":\"https:\/\/schema.org\",\"@graph\":[{\"@type\":\"WebPage\",\"@id\":\"https:\/\/chat-board.dk\/da\/dynamic\/\",\"url\":\"https:\/\/chat-board.dk\/da\/dynamic\/\",\"name\":\"DYNAMIC - CHAT BOARD\",\"isPartOf\":{\"@id\":\"https:\/\/chat-board.dk\/da\/#website\"},\"primaryImageOfPage\":{\"@id\":\"https:\/\/chat-board.dk\/da\/dynamic\/#primaryimage\"},\"image\":{\"@id\":\"https:\/\/chat-board.dk\/da\/dynamic\/#primaryimage\"},\"thumbnailUrl\":\"https:\/\/chat-board.dk\/wp-content\/uploads\/2022\/06\/CHAT-BOARD-Dynamic-Wood-Acoustic-Oak-Black-closeup-e1655194602575.jpg\",\"datePublished\":\"2022-06-13T11:40:33+00:00\",\"dateModified\":\"2026-03-20T10:29:50+00:00\",\"description\":\"CHAT BOARD\u00ae Dynamic forener whiteboard og m\u00f8bel i \u00e9t fleksibelt system. Designet af Claus Brandt-Jakobsen til professionelle, kreative og l\u00e6ringsmilj\u00f8er.\",\"breadcrumb\":{\"@id\":\"https:\/\/chat-board.dk\/da\/dynamic\/#breadcrumb\"},\"inLanguage\":\"da-DK\",\"potentialAction\":[{\"@type\":\"ReadAction\",\"target\":[\"https:\/\/chat-board.dk\/da\/dynamic\/\"]}]},{\"@type\":\"ImageObject\",\"inLanguage\":\"da-DK\",\"@id\":\"https:\/\/chat-board.dk\/da\/dynamic\/#primaryimage\",\"url\":\"https:\/\/chat-board.dk\/wp-content\/uploads\/2022\/06\/CHAT-BOARD-Dynamic-Wood-Acoustic-Oak-Black-closeup-e1655194602575.jpg\",\"contentUrl\":\"https:\/\/chat-board.dk\/wp-content\/uploads\/2022\/06\/CHAT-BOARD-Dynamic-Wood-Acoustic-Oak-Black-closeup-e1655194602575.jpg\",\"width\":1039,\"height\":1559,\"caption\":\"CHAT BOARD Dynamic Wood Acoustic Full Coverage and Shelf, oak frame and Black glass\"},{\"@type\":\"BreadcrumbList\",\"@id\":\"https:\/\/chat-board.dk\/da\/dynamic\/#breadcrumb\",\"itemListElement\":[{\"@type\":\"ListItem\",\"position\":1,\"name\":\"Home\",\"item\":\"https:\/\/chat-board.dk\/da\/\"},{\"@type\":\"ListItem\",\"position\":2,\"name\":\"Produkter\",\"item\":\"https:\/\/chat-board.dk\/da\/produkter\/\"},{\"@type\":\"ListItem\",\"position\":3,\"name\":\"DYNAMIC\"}]},{\"@type\":\"WebSite\",\"@id\":\"https:\/\/chat-board.dk\/da\/#website\",\"url\":\"https:\/\/chat-board.dk\/da\/\",\"name\":\"CHAT BOARD\",\"description\":\"\",\"potentialAction\":[{\"@type\":\"SearchAction\",\"target\":{\"@type\":\"EntryPoint\",\"urlTemplate\":\"https:\/\/chat-board.dk\/da\/?s={search_term_string}\"},\"query-input\":{\"@type\":\"PropertyValueSpecification\",\"valueRequired\":true,\"valueName\":\"search_term_string\"}}],\"inLanguage\":\"da-DK\"}]}<\/script>\n<!-- \/ Yoast SEO plugin. -->","yoast_head_json":{"title":"DYNAMIC - CHAT BOARD","description":"CHAT BOARD\u00ae Dynamic forener whiteboard og m\u00f8bel i \u00e9t fleksibelt system. Designet af Claus Brandt-Jakobsen til professionelle, kreative og l\u00e6ringsmilj\u00f8er.","robots":{"index":"index","follow":"follow","max-snippet":"max-snippet:-1","max-image-preview":"max-image-preview:large","max-video-preview":"max-video-preview:-1"},"canonical":"https:\/\/chat-board.dk\/da\/dynamic\/","og_locale":"da_DK","og_type":"article","og_title":"DYNAMIC - CHAT BOARD","og_description":"CHAT BOARD\u00ae Dynamic forener whiteboard og m\u00f8bel i \u00e9t fleksibelt system. Designet af Claus Brandt-Jakobsen til professionelle, kreative og l\u00e6ringsmilj\u00f8er.","og_url":"https:\/\/chat-board.dk\/da\/dynamic\/","og_site_name":"CHAT BOARD","article_modified_time":"2026-03-20T10:29:50+00:00","og_image":[{"width":1039,"height":1559,"url":"https:\/\/chat-board.dk\/wp-content\/uploads\/2022\/06\/CHAT-BOARD-Dynamic-Wood-Acoustic-Oak-Black-closeup-e1655194602575.jpg","type":"image\/jpeg"}],"twitter_card":"summary_large_image","twitter_misc":{"Est. reading time":"1 minute"},"schema":{"@context":"https:\/\/schema.org","@graph":[{"@type":"WebPage","@id":"https:\/\/chat-board.dk\/da\/dynamic\/","url":"https:\/\/chat-board.dk\/da\/dynamic\/","name":"DYNAMIC - CHAT BOARD","isPartOf":{"@id":"https:\/\/chat-board.dk\/da\/#website"},"primaryImageOfPage":{"@id":"https:\/\/chat-board.dk\/da\/dynamic\/#primaryimage"},"image":{"@id":"https:\/\/chat-board.dk\/da\/dynamic\/#primaryimage"},"thumbnailUrl":"https:\/\/chat-board.dk\/wp-content\/uploads\/2022\/06\/CHAT-BOARD-Dynamic-Wood-Acoustic-Oak-Black-closeup-e1655194602575.jpg","datePublished":"2022-06-13T11:40:33+00:00","dateModified":"2026-03-20T10:29:50+00:00","description":"CHAT BOARD\u00ae Dynamic forener whiteboard og m\u00f8bel i \u00e9t fleksibelt system. Designet af Claus Brandt-Jakobsen til professionelle, kreative og l\u00e6ringsmilj\u00f8er.","breadcrumb":{"@id":"https:\/\/chat-board.dk\/da\/dynamic\/#breadcrumb"},"inLanguage":"da-DK","potentialAction":[{"@type":"ReadAction","target":["https:\/\/chat-board.dk\/da\/dynamic\/"]}]},{"@type":"ImageObject","inLanguage":"da-DK","@id":"https:\/\/chat-board.dk\/da\/dynamic\/#primaryimage","url":"https:\/\/chat-board.dk\/wp-content\/uploads\/2022\/06\/CHAT-BOARD-Dynamic-Wood-Acoustic-Oak-Black-closeup-e1655194602575.jpg","contentUrl":"https:\/\/chat-board.dk\/wp-content\/uploads\/2022\/06\/CHAT-BOARD-Dynamic-Wood-Acoustic-Oak-Black-closeup-e1655194602575.jpg","width":1039,"height":1559,"caption":"CHAT BOARD Dynamic Wood Acoustic Full Coverage and Shelf, oak frame and Black glass"},{"@type":"BreadcrumbList","@id":"https:\/\/chat-board.dk\/da\/dynamic\/#breadcrumb","itemListElement":[{"@type":"ListItem","position":1,"name":"Home","item":"https:\/\/chat-board.dk\/da\/"},{"@type":"ListItem","position":2,"name":"Produkter","item":"https:\/\/chat-board.dk\/da\/produkter\/"},{"@type":"ListItem","position":3,"name":"DYNAMIC"}]},{"@type":"WebSite","@id":"https:\/\/chat-board.dk\/da\/#website","url":"https:\/\/chat-board.dk\/da\/","name":"CHAT BOARD","description":"","potentialAction":[{"@type":"SearchAction","target":{"@type":"EntryPoint","urlTemplate":"https:\/\/chat-board.dk\/da\/?s={search_term_string}"},"query-input":{"@type":"PropertyValueSpecification","valueRequired":true,"valueName":"search_term_string"}}],"inLanguage":"da-DK"}]}},"_links":{"self":[{"href":"https:\/\/chat-board.dk\/da\/wp-json\/wp\/v2\/product\/7596","targetHints":{"allow":["GET"]}}],"collection":[{"href":"https:\/\/chat-board.dk\/da\/wp-json\/wp\/v2\/product"}],"about":[{"href":"https:\/\/chat-board.dk\/da\/wp-json\/wp\/v2\/types\/product"}],"replies":[{"embeddable":true,"href":"https:\/\/chat-board.dk\/da\/wp-json\/wp\/v2\/comments?post=7596"}],"wp:featuredmedia":[{"embeddable":true,"href":"https:\/\/chat-board.dk\/da\/wp-json\/wp\/v2\/media\/7606"}],"wp:attachment":[{"href":"https:\/\/chat-board.dk\/da\/wp-json\/wp\/v2\/media?parent=7596"}],"wp:term":[{"taxonomy":"product_brand","embeddable":true,"href":"https:\/\/chat-board.dk\/da\/wp-json\/wp\/v2\/product_brand?post=7596"},{"taxonomy":"product_cat","embeddable":true,"href":"https:\/\/chat-board.dk\/da\/wp-json\/wp\/v2\/product_cat?post=7596"},{"taxonomy":"product_tag","embeddable":true,"href":"https:\/\/chat-board.dk\/da\/wp-json\/wp\/v2\/product_tag?post=7596"}],"curies":[{"name":"wp","href":"https:\/\/api.w.org\/{rel}","templated":true}]}}