{"id":4786,"date":"2021-04-16T10:55:57","date_gmt":"2021-04-16T08:55:58","guid":{"rendered":"http:\/\/clients.rubystudio.dk\/chatboard\/?post_type=product&#038;p=4786"},"modified":"2026-03-20T12:33:26","modified_gmt":"2026-03-20T10:33:26","slug":"squad-solid-da","status":"publish","type":"product","link":"https:\/\/chat-board.dk\/da\/squad-solid-da\/","title":{"rendered":"SQUAD Solid"},"content":{"rendered":"<h3 style=\"text-align: left;\" data-start=\"125\" data-end=\"151\">Fritst\u00e5ende Glastavle<\/h3>\n<p style=\"text-align: left;\" data-start=\"153\" data-end=\"422\">CHAT BOARD\u00ae SQUAD Solid videreudvikler den originale SQUAD-kollektion til en ren og tilg\u00e6ngelig fritst\u00e5ende <a href=\"https:\/\/chat-board.dk\/da\/produkter\/\">glastavle<\/a>. Designet fjerner overfl\u00f8dige elementer og fokuserer p\u00e5 det v\u00e6sentlige: en klar og funktionel skriveflade til kreativ udfoldelse og samarbejde.<\/p>\n<p style=\"text-align: left;\" data-start=\"424\" data-end=\"504\">Resultatet er en minimalistisk kollektion med fokus p\u00e5 ydeevne og fleksibilitet.<\/p>\n<h2 style=\"text-align: left;\" data-start=\"511\" data-end=\"568\"><\/h2>\n<h3 style=\"text-align: left;\" data-start=\"511\" data-end=\"568\">En minimalistisk fortolkning af det originale design<\/h3>\n<p style=\"text-align: left;\" data-start=\"570\" data-end=\"850\">SQUAD Solid f\u00f8lger de oprindelige SQUAD-proportioner 1:1, men introducerer skarpere silhuetter og et st\u00e6rkere minimalistisk udtryk. De to komplement\u00e6re enheder fungerer som fleksible, flytbare whiteboards, der g\u00f8r det muligt at definere, forbinde eller opdele rum efter behov.<\/p>\n<p style=\"text-align: left;\" data-start=\"852\" data-end=\"959\">Hver fritst\u00e5ende glastavle underst\u00f8tter dynamiske arbejdspladser, kreative milj\u00f8er og undervisningsrum.<\/p>\n<h3 style=\"text-align: left;\" data-start=\"966\" data-end=\"1006\"><\/h3>\n<h3 style=\"text-align: left;\" data-start=\"966\" data-end=\"1006\">Designet til praktisk fleksibilitet<\/h3>\n<p style=\"text-align: left;\" data-start=\"1008\" data-end=\"1160\">Enhederne leveres flat packed og samles nemt p\u00e5 stedet. Det reducerer transportomkostninger og milj\u00f8p\u00e5virkning uden at g\u00e5 p\u00e5 kompromis med stabiliteten.<\/p>\n<p style=\"text-align: left;\" data-start=\"1162\" data-end=\"1357\">Valgfrie bremsehjul \u00f8ger mobiliteten, og modellen Solid Teacher kan udstyres med en ekstra magnetisk glastavle eller en BuzziFelt opslagstavle fremstillet af 100 % genanvendt PET p\u00e5 bagsiden.<\/p>\n<h2 style=\"text-align: left;\" data-start=\"1364\" data-end=\"1390\"><\/h2>\n<h3 style=\"text-align: left;\" data-start=\"1364\" data-end=\"1390\">Tilpasningsmuligheder<\/h3>\n<p style=\"text-align: left;\" data-start=\"1392\" data-end=\"1571\">SQUAD Solid tilbyder fuld tilpasning. V\u00e6lg mellem mat glas, printede glaspaneler eller enhver standard <a href=\"https:\/\/ncscolour.com\/en-eu\">NCS<\/a>&#8211; eller RAL-farve. Alternative BuzziFelt-farver f\u00e5s ved st\u00f8rre projekter.<\/p>\n<p style=\"text-align: left;\" data-start=\"1573\" data-end=\"1659\">En str\u00f8mlinet fritst\u00e5ende glastavle, designet til fleksible og moderne arbejdsrum.<\/p>\n","protected":false},"excerpt":{"rendered":"<p>To str\u00f8mlinede enheder forenes i CHAT BOARD\u00ae SQUAD Solid kollektionen af fleksible l\u00f8sninger, der alle er skabt til at forene og adskille efter behov.<\/p>\n","protected":false},"featured_media":6012,"comment_status":"open","ping_status":"closed","template":"","meta":{"_acf_changed":false},"product_brand":[],"product_cat":[100],"product_tag":[],"class_list":{"0":"post-4786","1":"product","2":"type-product","3":"status-publish","4":"has-post-thumbnail","6":"product_cat-fritstaende","7":"designer-rumrum-da","9":"first","10":"instock","11":"shipping-taxable","12":"product-type-simple"},"acf":[],"yoast_head":"<!-- This site is optimized with the Yoast SEO plugin v25.3.1 - https:\/\/yoast.com\/wordpress\/plugins\/seo\/ -->\n<title>SQUAD Solid - CHAT BOARD<\/title>\n<meta name=\"description\" content=\"Fritst\u00e5ende glastavle fra CHAT BOARD\u00ae. Minimalistisk magnetisk whiteboard i fleksibelt design til moderne og dynamiske arbejdsrum.\" \/>\n<meta name=\"robots\" content=\"index, follow, max-snippet:-1, max-image-preview:large, max-video-preview:-1\" \/>\n<link rel=\"canonical\" href=\"https:\/\/chat-board.dk\/da\/squad-solid-da\/\" \/>\n<meta property=\"og:locale\" content=\"da_DK\" \/>\n<meta property=\"og:type\" content=\"article\" \/>\n<meta property=\"og:title\" content=\"SQUAD Solid - CHAT BOARD\" \/>\n<meta property=\"og:description\" content=\"Fritst\u00e5ende glastavle fra CHAT BOARD\u00ae. Minimalistisk magnetisk whiteboard i fleksibelt design til moderne og dynamiske arbejdsrum.\" \/>\n<meta property=\"og:url\" content=\"https:\/\/chat-board.dk\/da\/squad-solid-da\/\" \/>\n<meta property=\"og:site_name\" content=\"CHAT BOARD\" \/>\n<meta property=\"article:modified_time\" content=\"2026-03-20T10:33:26+00:00\" \/>\n<meta property=\"og:image\" content=\"https:\/\/chat-board.dk\/wp-content\/uploads\/2021\/04\/CHAT-BOARD-SQUAD-Solid-Teacher-Petal-conference-gallery-scaled.jpg\" \/>\n\t<meta property=\"og:image:width\" content=\"1707\" \/>\n\t<meta property=\"og:image:height\" content=\"2560\" \/>\n\t<meta property=\"og:image:type\" content=\"image\/jpeg\" \/>\n<meta name=\"twitter:card\" content=\"summary_large_image\" \/>\n<meta name=\"twitter:label1\" content=\"Est. reading time\" \/>\n\t<meta name=\"twitter:data1\" content=\"2 minutes\" \/>\n<script type=\"application\/ld+json\" class=\"yoast-schema-graph\">{\"@context\":\"https:\/\/schema.org\",\"@graph\":[{\"@type\":\"WebPage\",\"@id\":\"https:\/\/chat-board.dk\/da\/squad-solid-da\/\",\"url\":\"https:\/\/chat-board.dk\/da\/squad-solid-da\/\",\"name\":\"SQUAD Solid - CHAT BOARD\",\"isPartOf\":{\"@id\":\"https:\/\/chat-board.dk\/da\/#website\"},\"primaryImageOfPage\":{\"@id\":\"https:\/\/chat-board.dk\/da\/squad-solid-da\/#primaryimage\"},\"image\":{\"@id\":\"https:\/\/chat-board.dk\/da\/squad-solid-da\/#primaryimage\"},\"thumbnailUrl\":\"https:\/\/chat-board.dk\/wp-content\/uploads\/2021\/04\/CHAT-BOARD-SQUAD-Solid-Teacher-Petal-conference-gallery-scaled.jpg\",\"datePublished\":\"2021-04-16T08:55:58+00:00\",\"dateModified\":\"2026-03-20T10:33:26+00:00\",\"description\":\"Fritst\u00e5ende glastavle fra CHAT BOARD\u00ae. Minimalistisk magnetisk whiteboard i fleksibelt design til moderne og dynamiske arbejdsrum.\",\"breadcrumb\":{\"@id\":\"https:\/\/chat-board.dk\/da\/squad-solid-da\/#breadcrumb\"},\"inLanguage\":\"da-DK\",\"potentialAction\":[{\"@type\":\"ReadAction\",\"target\":[\"https:\/\/chat-board.dk\/da\/squad-solid-da\/\"]}]},{\"@type\":\"ImageObject\",\"inLanguage\":\"da-DK\",\"@id\":\"https:\/\/chat-board.dk\/da\/squad-solid-da\/#primaryimage\",\"url\":\"https:\/\/chat-board.dk\/wp-content\/uploads\/2021\/04\/CHAT-BOARD-SQUAD-Solid-Teacher-Petal-conference-gallery-scaled.jpg\",\"contentUrl\":\"https:\/\/chat-board.dk\/wp-content\/uploads\/2021\/04\/CHAT-BOARD-SQUAD-Solid-Teacher-Petal-conference-gallery-scaled.jpg\",\"width\":1707,\"height\":2560,\"caption\":\"CHAT BOARD SQUAD Solid Teacher in white and Petal\"},{\"@type\":\"BreadcrumbList\",\"@id\":\"https:\/\/chat-board.dk\/da\/squad-solid-da\/#breadcrumb\",\"itemListElement\":[{\"@type\":\"ListItem\",\"position\":1,\"name\":\"Home\",\"item\":\"https:\/\/chat-board.dk\/da\/\"},{\"@type\":\"ListItem\",\"position\":2,\"name\":\"Produkter\",\"item\":\"https:\/\/chat-board.dk\/da\/produkter\/\"},{\"@type\":\"ListItem\",\"position\":3,\"name\":\"SQUAD Solid\"}]},{\"@type\":\"WebSite\",\"@id\":\"https:\/\/chat-board.dk\/da\/#website\",\"url\":\"https:\/\/chat-board.dk\/da\/\",\"name\":\"CHAT BOARD\",\"description\":\"\",\"potentialAction\":[{\"@type\":\"SearchAction\",\"target\":{\"@type\":\"EntryPoint\",\"urlTemplate\":\"https:\/\/chat-board.dk\/da\/?s={search_term_string}\"},\"query-input\":{\"@type\":\"PropertyValueSpecification\",\"valueRequired\":true,\"valueName\":\"search_term_string\"}}],\"inLanguage\":\"da-DK\"}]}<\/script>\n<!-- \/ Yoast SEO plugin. -->","yoast_head_json":{"title":"SQUAD Solid - CHAT BOARD","description":"Fritst\u00e5ende glastavle fra CHAT BOARD\u00ae. Minimalistisk magnetisk whiteboard i fleksibelt design til moderne og dynamiske arbejdsrum.","robots":{"index":"index","follow":"follow","max-snippet":"max-snippet:-1","max-image-preview":"max-image-preview:large","max-video-preview":"max-video-preview:-1"},"canonical":"https:\/\/chat-board.dk\/da\/squad-solid-da\/","og_locale":"da_DK","og_type":"article","og_title":"SQUAD Solid - CHAT BOARD","og_description":"Fritst\u00e5ende glastavle fra CHAT BOARD\u00ae. Minimalistisk magnetisk whiteboard i fleksibelt design til moderne og dynamiske arbejdsrum.","og_url":"https:\/\/chat-board.dk\/da\/squad-solid-da\/","og_site_name":"CHAT BOARD","article_modified_time":"2026-03-20T10:33:26+00:00","og_image":[{"width":1707,"height":2560,"url":"https:\/\/chat-board.dk\/wp-content\/uploads\/2021\/04\/CHAT-BOARD-SQUAD-Solid-Teacher-Petal-conference-gallery-scaled.jpg","type":"image\/jpeg"}],"twitter_card":"summary_large_image","twitter_misc":{"Est. reading time":"2 minutes"},"schema":{"@context":"https:\/\/schema.org","@graph":[{"@type":"WebPage","@id":"https:\/\/chat-board.dk\/da\/squad-solid-da\/","url":"https:\/\/chat-board.dk\/da\/squad-solid-da\/","name":"SQUAD Solid - CHAT BOARD","isPartOf":{"@id":"https:\/\/chat-board.dk\/da\/#website"},"primaryImageOfPage":{"@id":"https:\/\/chat-board.dk\/da\/squad-solid-da\/#primaryimage"},"image":{"@id":"https:\/\/chat-board.dk\/da\/squad-solid-da\/#primaryimage"},"thumbnailUrl":"https:\/\/chat-board.dk\/wp-content\/uploads\/2021\/04\/CHAT-BOARD-SQUAD-Solid-Teacher-Petal-conference-gallery-scaled.jpg","datePublished":"2021-04-16T08:55:58+00:00","dateModified":"2026-03-20T10:33:26+00:00","description":"Fritst\u00e5ende glastavle fra CHAT BOARD\u00ae. Minimalistisk magnetisk whiteboard i fleksibelt design til moderne og dynamiske arbejdsrum.","breadcrumb":{"@id":"https:\/\/chat-board.dk\/da\/squad-solid-da\/#breadcrumb"},"inLanguage":"da-DK","potentialAction":[{"@type":"ReadAction","target":["https:\/\/chat-board.dk\/da\/squad-solid-da\/"]}]},{"@type":"ImageObject","inLanguage":"da-DK","@id":"https:\/\/chat-board.dk\/da\/squad-solid-da\/#primaryimage","url":"https:\/\/chat-board.dk\/wp-content\/uploads\/2021\/04\/CHAT-BOARD-SQUAD-Solid-Teacher-Petal-conference-gallery-scaled.jpg","contentUrl":"https:\/\/chat-board.dk\/wp-content\/uploads\/2021\/04\/CHAT-BOARD-SQUAD-Solid-Teacher-Petal-conference-gallery-scaled.jpg","width":1707,"height":2560,"caption":"CHAT BOARD SQUAD Solid Teacher in white and Petal"},{"@type":"BreadcrumbList","@id":"https:\/\/chat-board.dk\/da\/squad-solid-da\/#breadcrumb","itemListElement":[{"@type":"ListItem","position":1,"name":"Home","item":"https:\/\/chat-board.dk\/da\/"},{"@type":"ListItem","position":2,"name":"Produkter","item":"https:\/\/chat-board.dk\/da\/produkter\/"},{"@type":"ListItem","position":3,"name":"SQUAD Solid"}]},{"@type":"WebSite","@id":"https:\/\/chat-board.dk\/da\/#website","url":"https:\/\/chat-board.dk\/da\/","name":"CHAT BOARD","description":"","potentialAction":[{"@type":"SearchAction","target":{"@type":"EntryPoint","urlTemplate":"https:\/\/chat-board.dk\/da\/?s={search_term_string}"},"query-input":{"@type":"PropertyValueSpecification","valueRequired":true,"valueName":"search_term_string"}}],"inLanguage":"da-DK"}]}},"_links":{"self":[{"href":"https:\/\/chat-board.dk\/da\/wp-json\/wp\/v2\/product\/4786","targetHints":{"allow":["GET"]}}],"collection":[{"href":"https:\/\/chat-board.dk\/da\/wp-json\/wp\/v2\/product"}],"about":[{"href":"https:\/\/chat-board.dk\/da\/wp-json\/wp\/v2\/types\/product"}],"replies":[{"embeddable":true,"href":"https:\/\/chat-board.dk\/da\/wp-json\/wp\/v2\/comments?post=4786"}],"wp:featuredmedia":[{"embeddable":true,"href":"https:\/\/chat-board.dk\/da\/wp-json\/wp\/v2\/media\/6012"}],"wp:attachment":[{"href":"https:\/\/chat-board.dk\/da\/wp-json\/wp\/v2\/media?parent=4786"}],"wp:term":[{"taxonomy":"product_brand","embeddable":true,"href":"https:\/\/chat-board.dk\/da\/wp-json\/wp\/v2\/product_brand?post=4786"},{"taxonomy":"product_cat","embeddable":true,"href":"https:\/\/chat-board.dk\/da\/wp-json\/wp\/v2\/product_cat?post=4786"},{"taxonomy":"product_tag","embeddable":true,"href":"https:\/\/chat-board.dk\/da\/wp-json\/wp\/v2\/product_tag?post=4786"}],"curies":[{"name":"wp","href":"https:\/\/api.w.org\/{rel}","templated":true}]}}