{"id":2901,"date":"2021-02-15T12:04:10","date_gmt":"2021-02-15T10:04:11","guid":{"rendered":"http:\/\/clients.rubystudio.dk\/chatboard\/?post_type=product&#038;p=2901"},"modified":"2026-03-20T12:36:05","modified_gmt":"2026-03-20T10:36:05","slug":"move-acoustic","status":"publish","type":"product","link":"https:\/\/chat-board.dk\/da\/move-acoustic\/","title":{"rendered":"MOVE ACOUSTIC"},"content":{"rendered":"<h3 data-start=\"129\" data-end=\"163\">Skriv, opdel og absorber lyd<\/h3>\n<p data-start=\"165\" data-end=\"380\">CHAT BOARD\u00ae Move Acoustic er et akustisk whiteboard, der kombinerer en magnetisk, skrivbar glastavle med et klasse A akustikpanel i en mobil rumdeler. Sammen skaber de fleksible og kreative rum i rummet.<\/p>\n<p data-start=\"382\" data-end=\"453\">Det akustiske <a href=\"https:\/\/chat-board.dk\/products\/\">whiteboard<\/a> forener funktion og design uden kompromis.<\/p>\n<h3 data-start=\"460\" data-end=\"501\"><\/h3>\n<h3 data-start=\"460\" data-end=\"501\">Designet til moderne arbejdspladser<\/h3>\n<p data-start=\"503\" data-end=\"716\">Den skrivbare glasoverflade underst\u00f8tter fri brainstorming og f\u00e6lles id\u00e9udvikling. Derfor fungerer det akustiske whiteboard som et naturligt samlingspunkt i m\u00f8delokaler, \u00e5bne kontormilj\u00f8er og undervisningsrum.<\/p>\n<p data-start=\"718\" data-end=\"868\">Samtidig reducerer det integrerede akustikpanel st\u00f8j og forbedrer lydbalancen. Resultatet er klare samtaler og bedre fokus \u2013 ogs\u00e5 i travle omgivelser.<\/p>\n<h3 data-start=\"875\" data-end=\"911\"><\/h3>\n<h3 data-start=\"875\" data-end=\"911\">Fleksibelt og nemt at opbevare<\/h3>\n<p data-start=\"913\" data-end=\"1082\">Move Acoustic giver 360\u00b0 fleksibilitet og f\u00e5s i flere varianter. Det g\u00f8r det nemt at tilpasse det akustiske whiteboard til forskellige arbejdssituationer og rum.<\/p>\n<p data-start=\"1084\" data-end=\"1204\">Den gennemt\u00e6nkte, stabelbare krydsfod g\u00f8r det desuden let at opbevare flere enheder, selv hvor pladsen er begr\u00e6nset.<\/p>\n<h3 data-start=\"1211\" data-end=\"1248\"><\/h3>\n<h3 data-start=\"1211\" data-end=\"1248\">Eksklusive materialer og finish<\/h3>\n<p data-start=\"1250\" data-end=\"1483\">Akustikpanelet er bekl\u00e6dt med <a href=\"https:\/\/www.kvadrat.dk\/en\/products\/panel-fabrics\/1346-remix-screen?srsltid=AfmBOoo9DqwVdbkVGE6UuMka9Isnvp0ofqWra3PhpSDIZxZ7_CaPFAmM\">Remix Screen<\/a> eller Relate Screen stof fra Kvadrat, mens glasoverfladen leverer den velkendte CHAT BOARD\u00ae skriveoplevelse. Materialerne sikrer b\u00e5de holdbarhed, komfort og et raffineret <a href=\"https:\/\/arde.dk\/\">visuelt udtryk.<\/a><\/p>\n<p data-start=\"1485\" data-end=\"1552\">Et mobilt akustisk whiteboard, der kombinerer stil og funktion.<\/p>\n","protected":false},"excerpt":{"rendered":"<p>CHAT BOARD<sup>\u00ae<\/sup> kombinerer p\u00e5 elegant vis den magnetiske skrivetavle i glas med et klasse-A kategoriseret akustikpanel i to perfekt proportionerede mobile rumdelere, specielt udformet til at skabe multifunktionelle og kreative rum i rummet.<\/p>\n","protected":false},"featured_media":7799,"comment_status":"open","ping_status":"closed","template":"","meta":{"_acf_changed":false},"product_brand":[],"product_cat":[100],"product_tag":[],"class_list":{"0":"post-2901","1":"product","2":"type-product","3":"status-publish","4":"has-post-thumbnail","6":"product_cat-fritstaende","7":"designer-arde-design-studio-da","9":"first","10":"instock","11":"shipping-taxable","12":"product-type-simple"},"acf":[],"yoast_head":"<!-- This site is optimized with the Yoast SEO plugin v25.3.1 - https:\/\/yoast.com\/wordpress\/plugins\/seo\/ -->\n<title>MOVE ACOUSTIC - CHAT BOARD<\/title>\n<meta name=\"description\" content=\"Akustisk whiteboard fra CHAT BOARD\u00ae. Mobil rumdeler med skrivbar glastavle og klasse A akustik til moderne arbejdspladser.\" \/>\n<meta name=\"robots\" content=\"index, follow, max-snippet:-1, max-image-preview:large, max-video-preview:-1\" \/>\n<link rel=\"canonical\" href=\"https:\/\/chat-board.dk\/da\/move-acoustic\/\" \/>\n<meta property=\"og:locale\" content=\"da_DK\" \/>\n<meta property=\"og:type\" content=\"article\" \/>\n<meta property=\"og:title\" content=\"MOVE ACOUSTIC - CHAT BOARD\" \/>\n<meta property=\"og:description\" content=\"Akustisk whiteboard fra CHAT BOARD\u00ae. Mobil rumdeler med skrivbar glastavle og klasse A akustik til moderne arbejdspladser.\" \/>\n<meta property=\"og:url\" content=\"https:\/\/chat-board.dk\/da\/move-acoustic\/\" \/>\n<meta property=\"og:site_name\" content=\"CHAT BOARD\" \/>\n<meta property=\"article:modified_time\" content=\"2026-03-20T10:36:05+00:00\" \/>\n<meta property=\"og:image\" content=\"https:\/\/chat-board.dk\/wp-content\/uploads\/2021\/02\/CHAT-BOARD-Move-Acoustic-acoustic-room-dividers-open-office-gallery.jpg\" \/>\n\t<meta property=\"og:image:width\" content=\"1589\" \/>\n\t<meta property=\"og:image:height\" content=\"2384\" \/>\n\t<meta property=\"og:image:type\" content=\"image\/jpeg\" \/>\n<meta name=\"twitter:card\" content=\"summary_large_image\" \/>\n<meta name=\"twitter:label1\" content=\"Est. reading time\" \/>\n\t<meta name=\"twitter:data1\" content=\"2 minutes\" \/>\n<script type=\"application\/ld+json\" class=\"yoast-schema-graph\">{\"@context\":\"https:\/\/schema.org\",\"@graph\":[{\"@type\":\"WebPage\",\"@id\":\"https:\/\/chat-board.dk\/da\/move-acoustic\/\",\"url\":\"https:\/\/chat-board.dk\/da\/move-acoustic\/\",\"name\":\"MOVE ACOUSTIC - CHAT BOARD\",\"isPartOf\":{\"@id\":\"https:\/\/chat-board.dk\/da\/#website\"},\"primaryImageOfPage\":{\"@id\":\"https:\/\/chat-board.dk\/da\/move-acoustic\/#primaryimage\"},\"image\":{\"@id\":\"https:\/\/chat-board.dk\/da\/move-acoustic\/#primaryimage\"},\"thumbnailUrl\":\"https:\/\/chat-board.dk\/wp-content\/uploads\/2021\/02\/CHAT-BOARD-Move-Acoustic-acoustic-room-dividers-open-office-gallery.jpg\",\"datePublished\":\"2021-02-15T10:04:11+00:00\",\"dateModified\":\"2026-03-20T10:36:05+00:00\",\"description\":\"Akustisk whiteboard fra CHAT BOARD\u00ae. Mobil rumdeler med skrivbar glastavle og klasse A akustik til moderne arbejdspladser.\",\"breadcrumb\":{\"@id\":\"https:\/\/chat-board.dk\/da\/move-acoustic\/#breadcrumb\"},\"inLanguage\":\"da-DK\",\"potentialAction\":[{\"@type\":\"ReadAction\",\"target\":[\"https:\/\/chat-board.dk\/da\/move-acoustic\/\"]}]},{\"@type\":\"ImageObject\",\"inLanguage\":\"da-DK\",\"@id\":\"https:\/\/chat-board.dk\/da\/move-acoustic\/#primaryimage\",\"url\":\"https:\/\/chat-board.dk\/wp-content\/uploads\/2021\/02\/CHAT-BOARD-Move-Acoustic-acoustic-room-dividers-open-office-gallery.jpg\",\"contentUrl\":\"https:\/\/chat-board.dk\/wp-content\/uploads\/2021\/02\/CHAT-BOARD-Move-Acoustic-acoustic-room-dividers-open-office-gallery.jpg\",\"width\":1589,\"height\":2384,\"caption\":\"CHAT BOARD Move Acoustic ambient space\"},{\"@type\":\"BreadcrumbList\",\"@id\":\"https:\/\/chat-board.dk\/da\/move-acoustic\/#breadcrumb\",\"itemListElement\":[{\"@type\":\"ListItem\",\"position\":1,\"name\":\"Home\",\"item\":\"https:\/\/chat-board.dk\/da\/\"},{\"@type\":\"ListItem\",\"position\":2,\"name\":\"Produkter\",\"item\":\"https:\/\/chat-board.dk\/da\/produkter\/\"},{\"@type\":\"ListItem\",\"position\":3,\"name\":\"MOVE ACOUSTIC\"}]},{\"@type\":\"WebSite\",\"@id\":\"https:\/\/chat-board.dk\/da\/#website\",\"url\":\"https:\/\/chat-board.dk\/da\/\",\"name\":\"CHAT BOARD\",\"description\":\"\",\"potentialAction\":[{\"@type\":\"SearchAction\",\"target\":{\"@type\":\"EntryPoint\",\"urlTemplate\":\"https:\/\/chat-board.dk\/da\/?s={search_term_string}\"},\"query-input\":{\"@type\":\"PropertyValueSpecification\",\"valueRequired\":true,\"valueName\":\"search_term_string\"}}],\"inLanguage\":\"da-DK\"}]}<\/script>\n<!-- \/ Yoast SEO plugin. -->","yoast_head_json":{"title":"MOVE ACOUSTIC - CHAT BOARD","description":"Akustisk whiteboard fra CHAT BOARD\u00ae. Mobil rumdeler med skrivbar glastavle og klasse A akustik til moderne arbejdspladser.","robots":{"index":"index","follow":"follow","max-snippet":"max-snippet:-1","max-image-preview":"max-image-preview:large","max-video-preview":"max-video-preview:-1"},"canonical":"https:\/\/chat-board.dk\/da\/move-acoustic\/","og_locale":"da_DK","og_type":"article","og_title":"MOVE ACOUSTIC - CHAT BOARD","og_description":"Akustisk whiteboard fra CHAT BOARD\u00ae. Mobil rumdeler med skrivbar glastavle og klasse A akustik til moderne arbejdspladser.","og_url":"https:\/\/chat-board.dk\/da\/move-acoustic\/","og_site_name":"CHAT BOARD","article_modified_time":"2026-03-20T10:36:05+00:00","og_image":[{"width":1589,"height":2384,"url":"https:\/\/chat-board.dk\/wp-content\/uploads\/2021\/02\/CHAT-BOARD-Move-Acoustic-acoustic-room-dividers-open-office-gallery.jpg","type":"image\/jpeg"}],"twitter_card":"summary_large_image","twitter_misc":{"Est. reading time":"2 minutes"},"schema":{"@context":"https:\/\/schema.org","@graph":[{"@type":"WebPage","@id":"https:\/\/chat-board.dk\/da\/move-acoustic\/","url":"https:\/\/chat-board.dk\/da\/move-acoustic\/","name":"MOVE ACOUSTIC - CHAT BOARD","isPartOf":{"@id":"https:\/\/chat-board.dk\/da\/#website"},"primaryImageOfPage":{"@id":"https:\/\/chat-board.dk\/da\/move-acoustic\/#primaryimage"},"image":{"@id":"https:\/\/chat-board.dk\/da\/move-acoustic\/#primaryimage"},"thumbnailUrl":"https:\/\/chat-board.dk\/wp-content\/uploads\/2021\/02\/CHAT-BOARD-Move-Acoustic-acoustic-room-dividers-open-office-gallery.jpg","datePublished":"2021-02-15T10:04:11+00:00","dateModified":"2026-03-20T10:36:05+00:00","description":"Akustisk whiteboard fra CHAT BOARD\u00ae. Mobil rumdeler med skrivbar glastavle og klasse A akustik til moderne arbejdspladser.","breadcrumb":{"@id":"https:\/\/chat-board.dk\/da\/move-acoustic\/#breadcrumb"},"inLanguage":"da-DK","potentialAction":[{"@type":"ReadAction","target":["https:\/\/chat-board.dk\/da\/move-acoustic\/"]}]},{"@type":"ImageObject","inLanguage":"da-DK","@id":"https:\/\/chat-board.dk\/da\/move-acoustic\/#primaryimage","url":"https:\/\/chat-board.dk\/wp-content\/uploads\/2021\/02\/CHAT-BOARD-Move-Acoustic-acoustic-room-dividers-open-office-gallery.jpg","contentUrl":"https:\/\/chat-board.dk\/wp-content\/uploads\/2021\/02\/CHAT-BOARD-Move-Acoustic-acoustic-room-dividers-open-office-gallery.jpg","width":1589,"height":2384,"caption":"CHAT BOARD Move Acoustic ambient space"},{"@type":"BreadcrumbList","@id":"https:\/\/chat-board.dk\/da\/move-acoustic\/#breadcrumb","itemListElement":[{"@type":"ListItem","position":1,"name":"Home","item":"https:\/\/chat-board.dk\/da\/"},{"@type":"ListItem","position":2,"name":"Produkter","item":"https:\/\/chat-board.dk\/da\/produkter\/"},{"@type":"ListItem","position":3,"name":"MOVE ACOUSTIC"}]},{"@type":"WebSite","@id":"https:\/\/chat-board.dk\/da\/#website","url":"https:\/\/chat-board.dk\/da\/","name":"CHAT BOARD","description":"","potentialAction":[{"@type":"SearchAction","target":{"@type":"EntryPoint","urlTemplate":"https:\/\/chat-board.dk\/da\/?s={search_term_string}"},"query-input":{"@type":"PropertyValueSpecification","valueRequired":true,"valueName":"search_term_string"}}],"inLanguage":"da-DK"}]}},"_links":{"self":[{"href":"https:\/\/chat-board.dk\/da\/wp-json\/wp\/v2\/product\/2901","targetHints":{"allow":["GET"]}}],"collection":[{"href":"https:\/\/chat-board.dk\/da\/wp-json\/wp\/v2\/product"}],"about":[{"href":"https:\/\/chat-board.dk\/da\/wp-json\/wp\/v2\/types\/product"}],"replies":[{"embeddable":true,"href":"https:\/\/chat-board.dk\/da\/wp-json\/wp\/v2\/comments?post=2901"}],"wp:featuredmedia":[{"embeddable":true,"href":"https:\/\/chat-board.dk\/da\/wp-json\/wp\/v2\/media\/7799"}],"wp:attachment":[{"href":"https:\/\/chat-board.dk\/da\/wp-json\/wp\/v2\/media?parent=2901"}],"wp:term":[{"taxonomy":"product_brand","embeddable":true,"href":"https:\/\/chat-board.dk\/da\/wp-json\/wp\/v2\/product_brand?post=2901"},{"taxonomy":"product_cat","embeddable":true,"href":"https:\/\/chat-board.dk\/da\/wp-json\/wp\/v2\/product_cat?post=2901"},{"taxonomy":"product_tag","embeddable":true,"href":"https:\/\/chat-board.dk\/da\/wp-json\/wp\/v2\/product_tag?post=2901"}],"curies":[{"name":"wp","href":"https:\/\/api.w.org\/{rel}","templated":true}]}}